{"id":5086,"date":"2025-12-06T11:19:39","date_gmt":"2025-12-06T03:19:39","guid":{"rendered":"https:\/\/www.purecook.com\/?post_type=product&#038;p=5086"},"modified":"2025-12-06T17:02:38","modified_gmt":"2025-12-06T09:02:38","slug":"wholesale-stainless-steel-deep-frying-pot","status":"publish","type":"product","link":"https:\/\/www.purecook.com\/fr\/product\/wholesale-stainless-steel-deep-frying-pot\/","title":{"rendered":"Grossiste Pot de friture en acier inoxydable - Cuisson et friture"},"content":{"rendered":"<div class=\"wp-block-columns is-layout-flex wp-container-core-columns-is-layout-9d6595d7 wp-block-columns-is-layout-flex\">\n<div class=\"wp-block-column is-layout-flow wp-block-column-is-layout-flow\">\n<h3 class=\"wp-block-heading\">Param\u00e8tres de la marmite \u00e0 frire en acier inoxydable<\/h3>\n\n\n\n<p><strong>Mat\u00e9riau :<\/strong> Acier inoxydable<br><strong>\u00c9paisseur normale :<\/strong> 0,65 mm<br><strong>\u00c9paisseur du couvercle : <\/strong>0,5 mm<br><strong>Capacit\u00e9 :<\/strong> 4.3L <br><strong>Taille :<\/strong> 16\u00d722cm<br><strong>Logo :<\/strong> S\u00e9rigraphie\/Gravure au laser\/Tampon en relief<br><strong>Poign\u00e9e et bouton du couvercle : <\/strong>Acier inoxydable<\/p>\n<\/div>\n\n\n\n<div class=\"wp-block-column is-layout-flow wp-block-column-is-layout-flow\">\n<h3 class=\"wp-block-heading\">Options d'ustensiles de cuisine personnalis\u00e9s<\/h3>\n\n\n\n<p><strong>Mat\u00e9riau : <\/strong>SUS#201\/304<br><strong>Logo :<\/strong> Personnalisable avec le logo de votre marque<br><strong>Emballage :<\/strong>&nbsp;Bo\u00eete de couleur\/Carton, etc.<br><strong>Une poign\u00e9e adapt\u00e9e \u00e0 votre style<\/strong><\/p>\n<\/div>\n<\/div>\n\n\n\n<div class=\"wp-block-columns is-layout-flex wp-container-core-columns-is-layout-9d6595d7 wp-block-columns-is-layout-flex\">\n<div class=\"wp-block-column is-layout-flow wp-block-column-is-layout-flow\">\n<figure class=\"wp-block-image size-full\"><img decoding=\"async\" width=\"800\" height=\"800\" src=\"https:\/\/www.purecook.com\/wp-content\/uploads\/2025\/12\/wholesale-stainless-steel-deep-frying-pot-3.webp\" alt=\"gros pot de friture en acier inoxydable (3)\" class=\"wp-image-5089\" srcset=\"https:\/\/www.purecook.com\/wp-content\/uploads\/2025\/12\/wholesale-stainless-steel-deep-frying-pot-3.webp 800w, https:\/\/www.purecook.com\/wp-content\/uploads\/2025\/12\/wholesale-stainless-steel-deep-frying-pot-3-300x300.webp 300w, https:\/\/www.purecook.com\/wp-content\/uploads\/2025\/12\/wholesale-stainless-steel-deep-frying-pot-3-150x150.webp 150w, https:\/\/www.purecook.com\/wp-content\/uploads\/2025\/12\/wholesale-stainless-steel-deep-frying-pot-3-768x768.webp 768w, https:\/\/www.purecook.com\/wp-content\/uploads\/2025\/12\/wholesale-stainless-steel-deep-frying-pot-3-12x12.webp 12w, https:\/\/www.purecook.com\/wp-content\/uploads\/2025\/12\/wholesale-stainless-steel-deep-frying-pot-3-600x600.webp 600w, https:\/\/www.purecook.com\/wp-content\/uploads\/2025\/12\/wholesale-stainless-steel-deep-frying-pot-3-100x100.webp 100w\" sizes=\"(max-width: 800px) 100vw, 800px\" \/><\/figure>\n<\/div>\n\n\n\n<div class=\"wp-block-column is-layout-flow wp-block-column-is-layout-flow\">\n<figure class=\"wp-block-image size-full\"><img decoding=\"async\" width=\"800\" height=\"800\" src=\"https:\/\/www.purecook.com\/wp-content\/uploads\/2025\/12\/wholesale-stainless-steel-deep-frying-pot-4.webp\" alt=\"gros pot de friture en acier inoxydable (4)\" class=\"wp-image-5090\" srcset=\"https:\/\/www.purecook.com\/wp-content\/uploads\/2025\/12\/wholesale-stainless-steel-deep-frying-pot-4.webp 800w, https:\/\/www.purecook.com\/wp-content\/uploads\/2025\/12\/wholesale-stainless-steel-deep-frying-pot-4-300x300.webp 300w, https:\/\/www.purecook.com\/wp-content\/uploads\/2025\/12\/wholesale-stainless-steel-deep-frying-pot-4-150x150.webp 150w, https:\/\/www.purecook.com\/wp-content\/uploads\/2025\/12\/wholesale-stainless-steel-deep-frying-pot-4-768x768.webp 768w, https:\/\/www.purecook.com\/wp-content\/uploads\/2025\/12\/wholesale-stainless-steel-deep-frying-pot-4-12x12.webp 12w, https:\/\/www.purecook.com\/wp-content\/uploads\/2025\/12\/wholesale-stainless-steel-deep-frying-pot-4-600x600.webp 600w, https:\/\/www.purecook.com\/wp-content\/uploads\/2025\/12\/wholesale-stainless-steel-deep-frying-pot-4-100x100.webp 100w\" sizes=\"(max-width: 800px) 100vw, 800px\" \/><\/figure>\n<\/div>\n<\/div>\n\n\n\n<div class=\"wp-block-columns is-layout-flex wp-container-core-columns-is-layout-9d6595d7 wp-block-columns-is-layout-flex\">\n<div class=\"wp-block-column is-layout-flow wp-block-column-is-layout-flow\"><\/div>\n\n\n\n<div class=\"wp-block-column is-layout-flow wp-block-column-is-layout-flow\"><\/div>\n<\/div>","protected":false},"excerpt":{"rendered":"<p>Po\u00eale \u00e0 frire en gros en acier inoxydable avec un panier durable et perfor\u00e9 pour faciliter l'\u00e9coulement de l'huile. Ce produit polyvalent peut \u00eatre utilis\u00e9 pour la friture ou comme marmite \u00e0 soupe. Sa conception conviviale permet aux utilisateurs domestiques ordinaires de frire et de cuisiner comme des professionnels.<\/p>\n<p>Purecook est un leader <a href=\"https:\/\/www.purecook.com\/fr\/categorie-produit\/cookware\/\" target=\"_blank\" rel=\"noopener\"><strong>fabricant d'ustensiles de cuisine en Chine<\/strong><\/a>, Nous offrons une gamme vari\u00e9e de produits de cuisine en gros. N'h\u00e9sitez pas \u00e0 nous contacter pour obtenir un catalogue et un devis.<\/p>\n<h2>Caract\u00e9ristiques de la marmite \u00e0 frire en acier inoxydable<\/h2>\n<p><strong>Polyvalence :<\/strong><\/p>\n<ul>\n<li>\n<p>Friteuse d\u00e9di\u00e9e : Avec le panier, il se transforme en marmite d\u00e9di\u00e9e \u00e0 la friture de poulet, de beignets, de rondelles d'oignon, etc., ce qui permet de sortir facilement les aliments de l'huile chaude.<\/p>\n<\/li>\n<li>\n<p>Une seule casserole, plusieurs fonctions : Elle peut \u00e9galement \u00eatre utilis\u00e9e comme marmite standard pour cuisiner de grandes quantit\u00e9s de soupe, de rago\u00fbts, de p\u00e2tes ou de ma\u00efs en \u00e9pi.<\/p>\n<\/li>\n<\/ul>\n<p><strong>Construction durable :<\/strong> La construction en acier inoxydable offre une excellente r\u00e9tention et conductivit\u00e9 de la chaleur, ce qui est essentiel pour maintenir une temp\u00e9rature stable de l'huile pendant la friture.<\/p>\n<p><strong>Fonctionnement s\u00fbr :<\/strong> La marmite et le panier sont dot\u00e9s de solides poign\u00e9es lat\u00e9rales rivet\u00e9es qui permettent de les soulever et de les d\u00e9placer confortablement et en toute s\u00e9curit\u00e9, m\u00eame lorsqu'ils sont pleins.<\/p>\n<p><strong>Drainage efficace de l'huile :<\/strong> Le panier perfor\u00e9 en acier inoxydable se soul\u00e8ve en douceur et \u00e9vacue rapidement l'exc\u00e8s d'huile, ce qui permet aux aliments frits de rester croustillants et moins gras.<\/p>\n<p><strong>Convient \u00e0 un usage domestique et commercial :<\/strong> Parfait pour frire le poulet, le poisson, les frites, les tempuras et bien plus encore. Convient aux restaurants, aux stands de nourriture et aux cuisines domestiques.<\/p>","protected":false},"featured_media":5091,"comment_status":"closed","ping_status":"closed","template":"","meta":{"_acf_changed":false},"product_brand":[],"product_cat":[24,72],"product_tag":[98],"class_list":{"0":"post-5086","1":"product","2":"type-product","3":"status-publish","4":"has-post-thumbnail","6":"product_cat-cookware","7":"product_cat-fryer-pots","8":"product_tag-wholesale-home-cookware","10":"first","11":"instock","12":"shipping-taxable","13":"product-type-simple"},"acf":[],"_links":{"self":[{"href":"https:\/\/www.purecook.com\/fr\/wp-json\/wp\/v2\/product\/5086","targetHints":{"allow":["GET"]}}],"collection":[{"href":"https:\/\/www.purecook.com\/fr\/wp-json\/wp\/v2\/product"}],"about":[{"href":"https:\/\/www.purecook.com\/fr\/wp-json\/wp\/v2\/types\/product"}],"replies":[{"embeddable":true,"href":"https:\/\/www.purecook.com\/fr\/wp-json\/wp\/v2\/comments?post=5086"}],"wp:featuredmedia":[{"embeddable":true,"href":"https:\/\/www.purecook.com\/fr\/wp-json\/wp\/v2\/media\/5091"}],"wp:attachment":[{"href":"https:\/\/www.purecook.com\/fr\/wp-json\/wp\/v2\/media?parent=5086"}],"wp:term":[{"taxonomy":"product_brand","embeddable":true,"href":"https:\/\/www.purecook.com\/fr\/wp-json\/wp\/v2\/product_brand?post=5086"},{"taxonomy":"product_cat","embeddable":true,"href":"https:\/\/www.purecook.com\/fr\/wp-json\/wp\/v2\/product_cat?post=5086"},{"taxonomy":"product_tag","embeddable":true,"href":"https:\/\/www.purecook.com\/fr\/wp-json\/wp\/v2\/product_tag?post=5086"}],"curies":[{"name":"wp","href":"https:\/\/api.w.org\/{rel}","templated":true}]}}