{"id":5114,"date":"2025-12-06T15:57:46","date_gmt":"2025-12-06T07:57:46","guid":{"rendered":"https:\/\/www.purecook.com\/?post_type=product&#038;p=5114"},"modified":"2025-12-06T16:26:10","modified_gmt":"2025-12-06T08:26:10","slug":"wholesale-stainless-steel-food-container","status":"publish","type":"product","link":"https:\/\/www.purecook.com\/fr\/product\/wholesale-stainless-steel-food-container\/","title":{"rendered":"R\u00e9cipient en acier inoxydable avec poign\u00e9e pour le stockage des aliments - adapt\u00e9 au four \u00e0 micro-ondes"},"content":{"rendered":"<div class=\"wp-block-columns is-layout-flex wp-container-core-columns-is-layout-9d6595d7 wp-block-columns-is-layout-flex\">\n<div class=\"wp-block-column is-layout-flow wp-block-column-is-layout-flow\">\n<h3 class=\"wp-block-heading\">Param\u00e8tres du r\u00e9cipient de stockage alimentaire en acier inoxydable<\/h3>\n\n\n\n<p><strong>Mat\u00e9riau :<\/strong> Acier inoxydable<br><strong>\u00c9paisseur normale :<\/strong> 0,5 mm<br><strong>Capacit\u00e9 :<\/strong> 1.2\/1.6\/1.7\/2.1\/2.3\/3.2\/3.9L<br><strong>Poids :<\/strong> Moins de 1 kg<br><strong>Logo : <\/strong>S\u00e9rigraphie\/gravure laser<\/p>\n<\/div>\n\n\n\n<div class=\"wp-block-column is-layout-flow wp-block-column-is-layout-flow\">\n<h3 class=\"wp-block-heading\">Options de conteneurs alimentaires personnalis\u00e9s<\/h3>\n\n\n\n<p><strong>Logo :<\/strong> Personnalisable avec le logo de votre marque<br><strong>Emballage :<\/strong>\u00a0Bo\u00eete de couleur\/Carton, etc.<\/p>\n<\/div>\n<\/div>\n\n\n\n<div class=\"wp-block-columns is-layout-flex wp-container-core-columns-is-layout-9d6595d7 wp-block-columns-is-layout-flex\">\n<div class=\"wp-block-column is-layout-flow wp-block-column-is-layout-flow\">\n<figure class=\"wp-block-image size-full\"><img decoding=\"async\" width=\"800\" height=\"800\" src=\"https:\/\/www.purecook.com\/wp-content\/uploads\/2025\/12\/wholesale-stainless-steel-food-containers-2.webp\" alt=\"r\u00e9cipients alimentaires en acier inoxydable en gros (2)\" class=\"wp-image-5116\" srcset=\"https:\/\/www.purecook.com\/wp-content\/uploads\/2025\/12\/wholesale-stainless-steel-food-containers-2.webp 800w, https:\/\/www.purecook.com\/wp-content\/uploads\/2025\/12\/wholesale-stainless-steel-food-containers-2-300x300.webp 300w, https:\/\/www.purecook.com\/wp-content\/uploads\/2025\/12\/wholesale-stainless-steel-food-containers-2-150x150.webp 150w, https:\/\/www.purecook.com\/wp-content\/uploads\/2025\/12\/wholesale-stainless-steel-food-containers-2-768x768.webp 768w, https:\/\/www.purecook.com\/wp-content\/uploads\/2025\/12\/wholesale-stainless-steel-food-containers-2-12x12.webp 12w, https:\/\/www.purecook.com\/wp-content\/uploads\/2025\/12\/wholesale-stainless-steel-food-containers-2-600x600.webp 600w, https:\/\/www.purecook.com\/wp-content\/uploads\/2025\/12\/wholesale-stainless-steel-food-containers-2-100x100.webp 100w\" sizes=\"(max-width: 800px) 100vw, 800px\" \/><\/figure>\n<\/div>\n\n\n\n<div class=\"wp-block-column is-layout-flow wp-block-column-is-layout-flow\">\n<figure class=\"wp-block-image size-full\"><img decoding=\"async\" width=\"800\" height=\"800\" src=\"https:\/\/www.purecook.com\/wp-content\/uploads\/2025\/12\/wholesale-stainless-steel-food-containers-5.webp\" alt=\"R\u00e9cipients alimentaires en acier inoxydable en gros (5)\" class=\"wp-image-5119\" srcset=\"https:\/\/www.purecook.com\/wp-content\/uploads\/2025\/12\/wholesale-stainless-steel-food-containers-5.webp 800w, https:\/\/www.purecook.com\/wp-content\/uploads\/2025\/12\/wholesale-stainless-steel-food-containers-5-300x300.webp 300w, https:\/\/www.purecook.com\/wp-content\/uploads\/2025\/12\/wholesale-stainless-steel-food-containers-5-150x150.webp 150w, https:\/\/www.purecook.com\/wp-content\/uploads\/2025\/12\/wholesale-stainless-steel-food-containers-5-768x768.webp 768w, https:\/\/www.purecook.com\/wp-content\/uploads\/2025\/12\/wholesale-stainless-steel-food-containers-5-12x12.webp 12w, https:\/\/www.purecook.com\/wp-content\/uploads\/2025\/12\/wholesale-stainless-steel-food-containers-5-600x600.webp 600w, https:\/\/www.purecook.com\/wp-content\/uploads\/2025\/12\/wholesale-stainless-steel-food-containers-5-100x100.webp 100w\" sizes=\"(max-width: 800px) 100vw, 800px\" \/><\/figure>\n<\/div>\n<\/div>\n\n\n\n<div class=\"wp-block-columns is-layout-flex wp-container-core-columns-is-layout-9d6595d7 wp-block-columns-is-layout-flex\">\n<div class=\"wp-block-column is-layout-flow wp-block-column-is-layout-flow\"><\/div>\n\n\n\n<div class=\"wp-block-column is-layout-flow wp-block-column-is-layout-flow\"><\/div>\n<\/div>","protected":false},"excerpt":{"rendered":"<p>Bienvenue sur le site d'achat en gros de r\u00e9cipients de stockage alimentaire. Passe au four \u00e0 micro-ondes. Ce r\u00e9cipient de stockage alimentaire en acier inoxydable avec poign\u00e9e pr\u00e9sente une solidit\u00e9, une r\u00e9sistance \u00e0 la corrosion et une durabilit\u00e9 sup\u00e9rieures. Disponible en plusieurs tailles pour maximiser l'efficacit\u00e9 du stockage dans votre r\u00e9frig\u00e9rateur et votre cuisine.<\/p>\n<p>Purecook est un professionnel<a href=\"https:\/\/www.purecook.com\/fr\/categorie-produit\/dinnerware\/food-storage\/\" target=\"_blank\" rel=\"noopener\"><strong> Fabricant de r\u00e9cipients alimentaires en acier inoxydable<\/strong><\/a>, Nous offrons une vari\u00e9t\u00e9 de tailles et de styles. Contactez-nous pour obtenir un catalogue et un devis.<\/p>\n<h2>Caract\u00e9ristiques des r\u00e9cipients de conservation en acier inoxydable<\/h2>\n<p><strong>Acier inoxydable 304 de qualit\u00e9 alimentaire :<\/strong> Les r\u00e9cipients de stockage alimentaire en gros sont fabriqu\u00e9s en acier inoxydable SUS304 de haute qualit\u00e9, qui est s\u00fbr, non toxique, r\u00e9sistant \u00e0 la corrosion, assure une durabilit\u00e9 \u00e0 long terme et n'a pas d'odeur m\u00e9tallique.<\/p>\n<p><strong>Peut \u00eatre utilis\u00e9 au micro-ondes (couvercle enlev\u00e9) :<\/strong> Passe au micro-ondes apr\u00e8s avoir retir\u00e9 le couvercle.<\/p>\n<p><strong>Construction solide et durable :<\/strong> Construit avec des parois en acier inoxydable \u00e9pais, il r\u00e9siste \u00e0 la d\u00e9formation et aux bosses, ce qui le rend id\u00e9al pour une utilisation quotidienne \u00e0 la maison et dans les commerces.<\/p>\n<p><strong>Options de capacit\u00e9s multiples :<\/strong> Nos conteneurs de stockage alimentaire en gros sont disponibles dans une vari\u00e9t\u00e9 de tailles pour r\u00e9pondre aux diff\u00e9rents besoins de stockage des aliments, des repas pr\u00e9par\u00e9s et des restes aux ingr\u00e9dients en vrac dans les restaurants et les services de restauration.<\/p>\n<p><strong>Facile \u00e0 nettoyer et \u00e0 entretenir :<\/strong> La surface lisse de l'acier inoxydable emp\u00eache les aliments de coller et permet un nettoyage rapide et facile \u00e0 la main ou au lave-vaisselle.<\/p>","protected":false},"featured_media":5115,"comment_status":"closed","ping_status":"closed","template":"","meta":{"_acf_changed":false},"product_brand":[],"product_cat":[51,25],"product_tag":[],"class_list":{"0":"post-5114","1":"product","2":"type-product","3":"status-publish","4":"has-post-thumbnail","6":"product_cat-dinnerware","7":"product_cat-food-storage","9":"first","10":"instock","11":"shipping-taxable","12":"product-type-simple"},"acf":[],"_links":{"self":[{"href":"https:\/\/www.purecook.com\/fr\/wp-json\/wp\/v2\/product\/5114","targetHints":{"allow":["GET"]}}],"collection":[{"href":"https:\/\/www.purecook.com\/fr\/wp-json\/wp\/v2\/product"}],"about":[{"href":"https:\/\/www.purecook.com\/fr\/wp-json\/wp\/v2\/types\/product"}],"replies":[{"embeddable":true,"href":"https:\/\/www.purecook.com\/fr\/wp-json\/wp\/v2\/comments?post=5114"}],"wp:featuredmedia":[{"embeddable":true,"href":"https:\/\/www.purecook.com\/fr\/wp-json\/wp\/v2\/media\/5115"}],"wp:attachment":[{"href":"https:\/\/www.purecook.com\/fr\/wp-json\/wp\/v2\/media?parent=5114"}],"wp:term":[{"taxonomy":"product_brand","embeddable":true,"href":"https:\/\/www.purecook.com\/fr\/wp-json\/wp\/v2\/product_brand?post=5114"},{"taxonomy":"product_cat","embeddable":true,"href":"https:\/\/www.purecook.com\/fr\/wp-json\/wp\/v2\/product_cat?post=5114"},{"taxonomy":"product_tag","embeddable":true,"href":"https:\/\/www.purecook.com\/fr\/wp-json\/wp\/v2\/product_tag?post=5114"}],"curies":[{"name":"wp","href":"https:\/\/api.w.org\/{rel}","templated":true}]}}