{"id":5122,"date":"2025-12-06T16:36:29","date_gmt":"2025-12-06T08:36:29","guid":{"rendered":"https:\/\/www.purecook.com\/?post_type=product&#038;p=5122"},"modified":"2025-12-06T16:57:24","modified_gmt":"2025-12-06T08:57:24","slug":"wholesale-stainless-steel-bowl-with-oil-draining-rack","status":"publish","type":"product","link":"https:\/\/www.purecook.com\/fr\/product\/wholesale-stainless-steel-bowl-with-oil-draining-rack\/","title":{"rendered":"Grossiste Bol en acier inoxydable avec grille d'\u00e9vacuation de l'huile"},"content":{"rendered":"<div class=\"wp-block-columns is-layout-flex wp-container-core-columns-is-layout-9d6595d7 wp-block-columns-is-layout-flex\">\n<div class=\"wp-block-column is-layout-flow wp-block-column-is-layout-flow\">\n<h3 class=\"wp-block-heading\">Param\u00e8tres du bol en acier inoxydable<\/h3>\n\n\n\n<p><strong>Mat\u00e9riau :<\/strong> Acier inoxydable<br><strong>\u00c9paisseur normale :<\/strong> 0,5 mm<br><strong>Logo : <\/strong>S\u00e9rigraphie\/gravure laser<br><strong>Taille : <\/strong>22, 24cm<\/p>\n<\/div>\n\n\n\n<div class=\"wp-block-column is-layout-flow wp-block-column-is-layout-flow\">\n<h3 class=\"wp-block-heading\">Options d'ustensiles de cuisine personnalis\u00e9s<\/h3>\n\n\n\n<p><strong>Logo :<\/strong> Personnalisable avec le logo de votre marque<br><strong>Emballage :<\/strong>\u00a0Bo\u00eete de couleur\/Carton, etc.<\/p>\n<\/div>\n<\/div>\n\n\n\n<div class=\"wp-block-columns is-layout-flex wp-container-core-columns-is-layout-9d6595d7 wp-block-columns-is-layout-flex\">\n<div class=\"wp-block-column is-layout-flow wp-block-column-is-layout-flow\">\n<figure class=\"wp-block-image size-full\"><img decoding=\"async\" width=\"800\" height=\"800\" src=\"https:\/\/www.purecook.com\/wp-content\/uploads\/2025\/12\/stainless-steel-bowl-with-oil-draining-rack-1.webp\" alt=\"bol en acier inoxydable avec grille d&#039;\u00e9vacuation de l&#039;huile (1)\" class=\"wp-image-5123\" srcset=\"https:\/\/www.purecook.com\/wp-content\/uploads\/2025\/12\/stainless-steel-bowl-with-oil-draining-rack-1.webp 800w, https:\/\/www.purecook.com\/wp-content\/uploads\/2025\/12\/stainless-steel-bowl-with-oil-draining-rack-1-300x300.webp 300w, https:\/\/www.purecook.com\/wp-content\/uploads\/2025\/12\/stainless-steel-bowl-with-oil-draining-rack-1-150x150.webp 150w, https:\/\/www.purecook.com\/wp-content\/uploads\/2025\/12\/stainless-steel-bowl-with-oil-draining-rack-1-768x768.webp 768w, https:\/\/www.purecook.com\/wp-content\/uploads\/2025\/12\/stainless-steel-bowl-with-oil-draining-rack-1-12x12.webp 12w, https:\/\/www.purecook.com\/wp-content\/uploads\/2025\/12\/stainless-steel-bowl-with-oil-draining-rack-1-600x600.webp 600w, https:\/\/www.purecook.com\/wp-content\/uploads\/2025\/12\/stainless-steel-bowl-with-oil-draining-rack-1-100x100.webp 100w\" sizes=\"(max-width: 800px) 100vw, 800px\" \/><\/figure>\n<\/div>\n\n\n\n<div class=\"wp-block-column is-layout-flow wp-block-column-is-layout-flow\">\n<figure class=\"wp-block-image size-full\"><img decoding=\"async\" width=\"800\" height=\"800\" src=\"https:\/\/www.purecook.com\/wp-content\/uploads\/2025\/12\/stainless-steel-bowl-with-oil-draining-rack-6.webp\" alt=\"bol en acier inoxydable avec grille d&#039;\u00e9vacuation de l&#039;huile (6)\" class=\"wp-image-5128\" srcset=\"https:\/\/www.purecook.com\/wp-content\/uploads\/2025\/12\/stainless-steel-bowl-with-oil-draining-rack-6.webp 800w, https:\/\/www.purecook.com\/wp-content\/uploads\/2025\/12\/stainless-steel-bowl-with-oil-draining-rack-6-300x300.webp 300w, https:\/\/www.purecook.com\/wp-content\/uploads\/2025\/12\/stainless-steel-bowl-with-oil-draining-rack-6-150x150.webp 150w, https:\/\/www.purecook.com\/wp-content\/uploads\/2025\/12\/stainless-steel-bowl-with-oil-draining-rack-6-768x768.webp 768w, https:\/\/www.purecook.com\/wp-content\/uploads\/2025\/12\/stainless-steel-bowl-with-oil-draining-rack-6-12x12.webp 12w, https:\/\/www.purecook.com\/wp-content\/uploads\/2025\/12\/stainless-steel-bowl-with-oil-draining-rack-6-600x600.webp 600w, https:\/\/www.purecook.com\/wp-content\/uploads\/2025\/12\/stainless-steel-bowl-with-oil-draining-rack-6-100x100.webp 100w\" sizes=\"(max-width: 800px) 100vw, 800px\" \/><\/figure>\n<\/div>\n<\/div>\n\n\n\n<div class=\"wp-block-columns is-layout-flex wp-container-core-columns-is-layout-9d6595d7 wp-block-columns-is-layout-flex\">\n<div class=\"wp-block-column is-layout-flow wp-block-column-is-layout-flow\"><\/div>\n\n\n\n<div class=\"wp-block-column is-layout-flow wp-block-column-is-layout-flow\"><\/div>\n<\/div>","protected":false},"excerpt":{"rendered":"<p data-pm-slice=\"0 0 []\">Bienvenue \u00e0 l'achat en vrac de bols en acier inoxydable avec grille d'\u00e9gouttage d'huile. Cet ensemble polyvalent est con\u00e7u pour m\u00e9langer, laver, \u00e9goutter et cuisiner, ce qui le rend parfait pour tout, de la pr\u00e9paration des aliments au service. Il facilite les t\u00e2ches de cuisine et les rend plus efficaces.<\/p>\n<p>Nous sommes un professionnel <a href=\"https:\/\/www.purecook.com\/fr\/categorie-produit\/kitchen-utensils\/\" target=\"_blank\" rel=\"noopener\"><strong>fabricant d'ustensiles de cuisine<\/strong><\/a>, Nous offrons des services fiables de vente en gros et de soutien aux fabricants d'\u00e9quipements d'origine. N'h\u00e9sitez pas \u00e0 nous contacter pour obtenir de plus amples informations et des devis.<\/p>\n<h2>Caract\u00e9ristiques de l'ensemble de bols en acier inoxydable<\/h2>\n<p><strong>Service et pr\u00e9paration :<\/strong> Les assiettes solides sont parfaites pour servir des aliments ordinaires, des snacks et des ap\u00e9ritifs, tandis que les bols peuvent \u00eatre utilis\u00e9s pour remuer, conserver ou cuisiner.<\/p>\n<p><strong>Des aliments plus croustillants :<\/strong> La plaque perfor\u00e9e permet \u00e0 l'exc\u00e8s d'huile ou de graisse de s'\u00e9couler des aliments frits, ce qui leur permet de rester croustillants et moins gras.<\/p>\n<p><strong>Durable :<\/strong> Fabriqu\u00e9 en acier inoxydable de qualit\u00e9 alimentaire, il est r\u00e9sistant \u00e0 la rouille et extr\u00eamement durable. De qualit\u00e9 professionnelle, il ne se d\u00e9forme pas facilement, ne se tache pas et ne d\u00e9gage pas d'odeurs.<\/p>\n<p><strong>Multifonctionnel :<\/strong> Cet ensemble de bols en acier inoxydable peut \u00eatre utilis\u00e9 pour remuer, laver et \u00e9goutter ; tous les composants s'empilent parfaitement pour un rangement facile.<\/p>","protected":false},"featured_media":5123,"comment_status":"closed","ping_status":"closed","template":"","meta":{"_acf_changed":false},"product_brand":[],"product_cat":[52,90],"product_tag":[],"class_list":{"0":"post-5122","1":"product","2":"type-product","3":"status-publish","4":"has-post-thumbnail","6":"product_cat-kitchen-utensils","7":"product_cat-mixing-bowl","9":"first","10":"instock","11":"shipping-taxable","12":"product-type-simple"},"acf":[],"_links":{"self":[{"href":"https:\/\/www.purecook.com\/fr\/wp-json\/wp\/v2\/product\/5122","targetHints":{"allow":["GET"]}}],"collection":[{"href":"https:\/\/www.purecook.com\/fr\/wp-json\/wp\/v2\/product"}],"about":[{"href":"https:\/\/www.purecook.com\/fr\/wp-json\/wp\/v2\/types\/product"}],"replies":[{"embeddable":true,"href":"https:\/\/www.purecook.com\/fr\/wp-json\/wp\/v2\/comments?post=5122"}],"wp:featuredmedia":[{"embeddable":true,"href":"https:\/\/www.purecook.com\/fr\/wp-json\/wp\/v2\/media\/5123"}],"wp:attachment":[{"href":"https:\/\/www.purecook.com\/fr\/wp-json\/wp\/v2\/media?parent=5122"}],"wp:term":[{"taxonomy":"product_brand","embeddable":true,"href":"https:\/\/www.purecook.com\/fr\/wp-json\/wp\/v2\/product_brand?post=5122"},{"taxonomy":"product_cat","embeddable":true,"href":"https:\/\/www.purecook.com\/fr\/wp-json\/wp\/v2\/product_cat?post=5122"},{"taxonomy":"product_tag","embeddable":true,"href":"https:\/\/www.purecook.com\/fr\/wp-json\/wp\/v2\/product_tag?post=5122"}],"curies":[{"name":"wp","href":"https:\/\/api.w.org\/{rel}","templated":true}]}}