{"id":5131,"date":"2025-12-08T16:43:40","date_gmt":"2025-12-08T08:43:40","guid":{"rendered":"https:\/\/www.purecook.com\/?post_type=product&#038;p=5131"},"modified":"2025-12-08T18:01:55","modified_gmt":"2025-12-08T10:01:55","slug":"bulk-stainless-steel-deep-frying-pot-with-strainer-basket","status":"publish","type":"product","link":"https:\/\/www.purecook.com\/fr\/product\/bulk-stainless-steel-deep-frying-pot-with-strainer-basket\/","title":{"rendered":"Ensemble de marmites \u00e0 frire et de marmites \u00e0 p\u00e2tes en acier inoxydable - double usage avec panier \u00e0 tamis"},"content":{"rendered":"<div class=\"wp-block-columns is-layout-flex wp-container-core-columns-is-layout-9d6595d7 wp-block-columns-is-layout-flex\">\n<div class=\"wp-block-column is-layout-flow wp-block-column-is-layout-flow\">\n<h3 class=\"wp-block-heading\">Param\u00e8tres de l'ensemble de marmites \u00e0 frire<\/h3>\n\n\n\n<p><strong>Mat\u00e9riau : <\/strong>Acier inoxydable<br><strong>\u00c9paisseur normale : <\/strong>0,55 mm<br><strong>Couvercle : <\/strong>Couvercles en verre avec anneau en silicone<br><strong>Le fond : <\/strong>Fond sandwich \u00e0 induction (SUS+2mm Alu+SUS)<br><strong>Logo : <\/strong>S\u00e9rigraphie\/gravure laser\/embossage<br><strong>Poign\u00e9e et bouton du couvercle : <\/strong>Acier inoxydable<br><strong>Capacit\u00e9 :<\/strong> 2.4L<\/p>\n<\/div>\n\n\n\n<div class=\"wp-block-column is-layout-flow wp-block-column-is-layout-flow\">\n<h3 class=\"wp-block-heading\">Options d'ustensiles de cuisine personnalis\u00e9s<\/h3>\n\n\n\n<p><strong>Mat\u00e9riau :<\/strong> SUS 304 \/ SUS 316<br><strong>Logo :<\/strong> Personnalisable avec le logo de votre marque<br><strong>Emballage :<\/strong>&nbsp;Bo\u00eete de couleur\/Carton, etc.<br><strong>Poign\u00e9e : <\/strong>Une poign\u00e9e adapt\u00e9e \u00e0 votre style<\/p>\n<\/div>\n<\/div>\n\n\n\n<div class=\"wp-block-columns is-layout-flex wp-container-core-columns-is-layout-9d6595d7 wp-block-columns-is-layout-flex\">\n<div class=\"wp-block-column is-layout-flow wp-block-column-is-layout-flow\">\n<figure class=\"wp-block-image size-full\"><img decoding=\"async\" width=\"800\" height=\"800\" src=\"https:\/\/www.purecook.com\/wp-content\/uploads\/2025\/12\/bulk-stainless-steel-deep-frying-pot-2.webp\" alt=\"marmite \u00e0 frire en acier inoxydable en vrac (2)\" class=\"wp-image-5133\" srcset=\"https:\/\/www.purecook.com\/wp-content\/uploads\/2025\/12\/bulk-stainless-steel-deep-frying-pot-2.webp 800w, https:\/\/www.purecook.com\/wp-content\/uploads\/2025\/12\/bulk-stainless-steel-deep-frying-pot-2-300x300.webp 300w, https:\/\/www.purecook.com\/wp-content\/uploads\/2025\/12\/bulk-stainless-steel-deep-frying-pot-2-150x150.webp 150w, https:\/\/www.purecook.com\/wp-content\/uploads\/2025\/12\/bulk-stainless-steel-deep-frying-pot-2-768x768.webp 768w, https:\/\/www.purecook.com\/wp-content\/uploads\/2025\/12\/bulk-stainless-steel-deep-frying-pot-2-12x12.webp 12w, https:\/\/www.purecook.com\/wp-content\/uploads\/2025\/12\/bulk-stainless-steel-deep-frying-pot-2-600x600.webp 600w, https:\/\/www.purecook.com\/wp-content\/uploads\/2025\/12\/bulk-stainless-steel-deep-frying-pot-2-100x100.webp 100w\" sizes=\"(max-width: 800px) 100vw, 800px\" \/><\/figure>\n<\/div>\n\n\n\n<div class=\"wp-block-column is-layout-flow wp-block-column-is-layout-flow\">\n<figure class=\"wp-block-image size-full\"><img decoding=\"async\" width=\"800\" height=\"800\" src=\"https:\/\/www.purecook.com\/wp-content\/uploads\/2025\/12\/bulk-stainless-steel-deep-frying-pot-3.webp\" alt=\"marmite \u00e0 frire en acier inoxydable en vrac (3)\" class=\"wp-image-5134\" srcset=\"https:\/\/www.purecook.com\/wp-content\/uploads\/2025\/12\/bulk-stainless-steel-deep-frying-pot-3.webp 800w, https:\/\/www.purecook.com\/wp-content\/uploads\/2025\/12\/bulk-stainless-steel-deep-frying-pot-3-300x300.webp 300w, https:\/\/www.purecook.com\/wp-content\/uploads\/2025\/12\/bulk-stainless-steel-deep-frying-pot-3-150x150.webp 150w, https:\/\/www.purecook.com\/wp-content\/uploads\/2025\/12\/bulk-stainless-steel-deep-frying-pot-3-768x768.webp 768w, https:\/\/www.purecook.com\/wp-content\/uploads\/2025\/12\/bulk-stainless-steel-deep-frying-pot-3-12x12.webp 12w, https:\/\/www.purecook.com\/wp-content\/uploads\/2025\/12\/bulk-stainless-steel-deep-frying-pot-3-600x600.webp 600w, https:\/\/www.purecook.com\/wp-content\/uploads\/2025\/12\/bulk-stainless-steel-deep-frying-pot-3-100x100.webp 100w\" sizes=\"(max-width: 800px) 100vw, 800px\" \/><\/figure>\n<\/div>\n<\/div>","protected":false},"excerpt":{"rendered":"<p>Marmite \u00e0 frire en gros. Fabriqu\u00e9e en acier inoxydable robuste et dot\u00e9e d'une passoire pratique, cette marmite multifonctionnelle permet de frire, de bouillir, de blanchir et d'\u00e9goutter facilement. Le fond composite (acier inoxydable + 2 mm d'aluminium + acier inoxydable) est compatible avec la table de cuisson \u00e0 induction, ce qui garantit un chauffage rapide et uniforme et une excellente r\u00e9tention de la chaleur. Convient aussi bien aux cuisines commerciales qu'aux cuisines domestiques.<\/p>\n<p>En tant que professionnel <a href=\"https:\/\/www.purecook.com\/fr\/categorie-produit\/cookware\/\" target=\"_blank\" rel=\"noopener\">fabricant d'ustensiles de cuisine<\/a>, Nous offrons une vari\u00e9t\u00e9 de <a href=\"https:\/\/www.purecook.com\/fr\/categorie-produit\/cookware\/fryer-pots\/\" target=\"_blank\" rel=\"noopener\"><strong>Po\u00eales \u00e0 frire en gros<\/strong><\/a> et prend en charge les OEM et ODM. Veuillez nous contacter pour obtenir un catalogue et un devis.<\/p>\n<h2>Caract\u00e9ristiques de la marmite \u00e0 frire en acier inoxydable<\/h2>\n<p><strong>Polyvalence :<\/strong> Cette marmite multifonctionnelle est livr\u00e9e avec un panier \u00e0 tamis, parfait pour faire frire les aliments, cuire les p\u00e2tes ou blanchir les l\u00e9gumes. La marmite elle-m\u00eame peut \u00eatre utilis\u00e9e pour faire du bouillon.<\/p>\n<p><strong>Filtre int\u00e9gr\u00e9 :<\/strong> Le panier \u00e0 tamis vous permet de transf\u00e9rer en toute s\u00e9curit\u00e9 les aliments de et hors de l'huile chaude ou de l'eau bouillante en une seule fois, ce qui r\u00e9duit consid\u00e9rablement le risque d'\u00e9claboussures et de br\u00fblures par rapport \u00e0 l'utilisation de pinces ou d'une cuill\u00e8re \u00e0 fente.<\/p>\n<p><strong>Poign\u00e9e robuste :<\/strong> La poign\u00e9e longue, solide et r\u00e9sistante \u00e0 la chaleur offre une prise s\u00fbre pour le transport et le versement.<\/p>\n<p><strong>Distribution plus rapide et plus homog\u00e8ne de la chaleur :<\/strong> La base est compos\u00e9e de trois couches d'acier inoxydable et d'un noyau d'aluminium de 2 mm d'\u00e9paisseur qui conduit rapidement la chaleur et la r\u00e9partit uniform\u00e9ment sur tout le fond.<\/p>\n<p><strong>Compatible avec plusieurs types de tables de cuisson :<\/strong> Cette po\u00eale \u00e0 frire profonde en acier inoxydable est enti\u00e8rement compatible avec les tables de cuisson \u00e0 induction, les cuisini\u00e8res \u00e0 gaz et les autres tables de cuisson.<\/p>","protected":false},"featured_media":5133,"comment_status":"closed","ping_status":"closed","template":"","meta":{"_acf_changed":false},"product_brand":[],"product_cat":[24,72],"product_tag":[97,98],"class_list":{"0":"post-5131","1":"product","2":"type-product","3":"status-publish","4":"has-post-thumbnail","6":"product_cat-cookware","7":"product_cat-fryer-pots","8":"product_tag-wholesale-commercial-cookware","9":"product_tag-wholesale-home-cookware","11":"first","12":"instock","13":"shipping-taxable","14":"product-type-simple"},"acf":[],"_links":{"self":[{"href":"https:\/\/www.purecook.com\/fr\/wp-json\/wp\/v2\/product\/5131","targetHints":{"allow":["GET"]}}],"collection":[{"href":"https:\/\/www.purecook.com\/fr\/wp-json\/wp\/v2\/product"}],"about":[{"href":"https:\/\/www.purecook.com\/fr\/wp-json\/wp\/v2\/types\/product"}],"replies":[{"embeddable":true,"href":"https:\/\/www.purecook.com\/fr\/wp-json\/wp\/v2\/comments?post=5131"}],"wp:featuredmedia":[{"embeddable":true,"href":"https:\/\/www.purecook.com\/fr\/wp-json\/wp\/v2\/media\/5133"}],"wp:attachment":[{"href":"https:\/\/www.purecook.com\/fr\/wp-json\/wp\/v2\/media?parent=5131"}],"wp:term":[{"taxonomy":"product_brand","embeddable":true,"href":"https:\/\/www.purecook.com\/fr\/wp-json\/wp\/v2\/product_brand?post=5131"},{"taxonomy":"product_cat","embeddable":true,"href":"https:\/\/www.purecook.com\/fr\/wp-json\/wp\/v2\/product_cat?post=5131"},{"taxonomy":"product_tag","embeddable":true,"href":"https:\/\/www.purecook.com\/fr\/wp-json\/wp\/v2\/product_tag?post=5131"}],"curies":[{"name":"wp","href":"https:\/\/api.w.org\/{rel}","templated":true}]}}