{"id":5138,"date":"2025-12-08T17:38:17","date_gmt":"2025-12-08T09:38:17","guid":{"rendered":"https:\/\/www.purecook.com\/?post_type=product&#038;p=5138"},"modified":"2025-12-08T18:00:55","modified_gmt":"2025-12-08T10:00:55","slug":"bulk-stainless-steel-colander-wholesale","status":"publish","type":"product","link":"https:\/\/www.purecook.com\/fr\/product\/bulk-stainless-steel-colander-wholesale\/","title":{"rendered":"Passoire en acier inoxydable en vrac, bols de lavage pour fruits et l\u00e9gumes\u00a0"},"content":{"rendered":"<div class=\"wp-block-columns is-layout-flex wp-container-core-columns-is-layout-9d6595d7 wp-block-columns-is-layout-flex\">\n<div class=\"wp-block-column is-layout-flow wp-block-column-is-layout-flow\">\n<h3 class=\"wp-block-heading\">Param\u00e8tres de la passoire en acier inoxydable<\/h3>\n\n\n\n<p><strong>Mat\u00e9riau :<\/strong> Acier inoxydable 304<br><strong>\u00c9paisseur normale :<\/strong> 0,4\/0,6 mm<br><strong>Logo :<\/strong> S\u00e9rigraphie\/gravure laser<br><strong>Taille : <\/strong>23\/26cm<br><strong>Poids :<\/strong> moins de 500g<\/p>\n<\/div>\n\n\n\n<div class=\"wp-block-column is-layout-flow wp-block-column-is-layout-flow\">\n<h3 class=\"wp-block-heading\">Options d'ustensiles de cuisine personnalis\u00e9s<\/h3>\n\n\n\n<p><strong>Logo :<\/strong> Personnalisable avec le logo de votre marque<br><strong>Emballage :<\/strong>\u00a0Bo\u00eete de couleur\/Carton, etc.<\/p>\n<\/div>\n<\/div>\n\n\n\n<div class=\"wp-block-columns is-layout-flex wp-container-core-columns-is-layout-9d6595d7 wp-block-columns-is-layout-flex\">\n<div class=\"wp-block-column is-layout-flow wp-block-column-is-layout-flow\">\n<figure class=\"wp-block-image size-full\"><img decoding=\"async\" width=\"800\" height=\"800\" src=\"https:\/\/www.purecook.com\/wp-content\/uploads\/2025\/12\/bulk-stainless-steel-colander-3.webp\" alt=\"passoire en acier inoxydable en vrac (3)\" class=\"wp-image-5141\" srcset=\"https:\/\/www.purecook.com\/wp-content\/uploads\/2025\/12\/bulk-stainless-steel-colander-3.webp 800w, https:\/\/www.purecook.com\/wp-content\/uploads\/2025\/12\/bulk-stainless-steel-colander-3-300x300.webp 300w, https:\/\/www.purecook.com\/wp-content\/uploads\/2025\/12\/bulk-stainless-steel-colander-3-150x150.webp 150w, https:\/\/www.purecook.com\/wp-content\/uploads\/2025\/12\/bulk-stainless-steel-colander-3-768x768.webp 768w, https:\/\/www.purecook.com\/wp-content\/uploads\/2025\/12\/bulk-stainless-steel-colander-3-12x12.webp 12w, https:\/\/www.purecook.com\/wp-content\/uploads\/2025\/12\/bulk-stainless-steel-colander-3-600x600.webp 600w, https:\/\/www.purecook.com\/wp-content\/uploads\/2025\/12\/bulk-stainless-steel-colander-3-100x100.webp 100w\" sizes=\"(max-width: 800px) 100vw, 800px\" \/><\/figure>\n<\/div>\n\n\n\n<div class=\"wp-block-column is-layout-flow wp-block-column-is-layout-flow\">\n<figure class=\"wp-block-image size-full\"><img decoding=\"async\" width=\"800\" height=\"800\" src=\"https:\/\/www.purecook.com\/wp-content\/uploads\/2025\/12\/bulk-stainless-steel-colander-4.webp\" alt=\"passoire en acier inoxydable en vrac (4)\" class=\"wp-image-5142\" srcset=\"https:\/\/www.purecook.com\/wp-content\/uploads\/2025\/12\/bulk-stainless-steel-colander-4.webp 800w, https:\/\/www.purecook.com\/wp-content\/uploads\/2025\/12\/bulk-stainless-steel-colander-4-300x300.webp 300w, https:\/\/www.purecook.com\/wp-content\/uploads\/2025\/12\/bulk-stainless-steel-colander-4-150x150.webp 150w, https:\/\/www.purecook.com\/wp-content\/uploads\/2025\/12\/bulk-stainless-steel-colander-4-768x768.webp 768w, https:\/\/www.purecook.com\/wp-content\/uploads\/2025\/12\/bulk-stainless-steel-colander-4-12x12.webp 12w, https:\/\/www.purecook.com\/wp-content\/uploads\/2025\/12\/bulk-stainless-steel-colander-4-600x600.webp 600w, https:\/\/www.purecook.com\/wp-content\/uploads\/2025\/12\/bulk-stainless-steel-colander-4-100x100.webp 100w\" sizes=\"(max-width: 800px) 100vw, 800px\" \/><\/figure>\n<\/div>\n<\/div>\n\n\n\n<div class=\"wp-block-columns is-layout-flex wp-container-core-columns-is-layout-9d6595d7 wp-block-columns-is-layout-flex\">\n<div class=\"wp-block-column is-layout-flow wp-block-column-is-layout-flow\"><\/div>\n\n\n\n<div class=\"wp-block-column is-layout-flow wp-block-column-is-layout-flow\"><\/div>\n<\/div>","protected":false},"excerpt":{"rendered":"<p>Passoire en gros en acier inoxydable 304. Nos passoires en gros sont con\u00e7ues pour un lavage, un rin\u00e7age et un \u00e9gouttage efficaces. Le fond perfor\u00e9 d'une seule pi\u00e8ce permet un drainage rapide et r\u00e9gulier, ce qui les rend id\u00e9ales pour laver les fruits, les l\u00e9gumes et d'autres aliments.<\/p>\n<p>En tant que professionnel <a href=\"https:\/\/www.purecook.com\/fr\/\"><strong>fabricant d'ustensiles de cuisine<\/strong><\/a>, Nous offrons une vari\u00e9t\u00e9 de <strong><a href=\"https:\/\/www.purecook.com\/fr\/categorie-produit\/kitchen-utensils\/kitchen-strainer-and-colander\/\" target=\"_blank\" rel=\"noopener\">passoire en gros<\/a><\/strong> et soutiennent les commandes en gros, la personnalisation OEM, la production de marques priv\u00e9es et l'emballage sur mesure.<\/p>\n<h2>Caract\u00e9ristiques de la passoire en acier inoxydable<\/h2>\n<p><strong>Syst\u00e8me de drainage \u00e0 haute efficacit\u00e9 :<\/strong> Notre passoire en gros en acier inoxydable pr\u00e9sente des perforations uniform\u00e9ment r\u00e9parties, assurant un \u00e9coulement rapide de l'eau pour un rin\u00e7age plus rapide et plus complet, tout en \u00e9vitant l'accumulation d'eau.<\/p>\n<p><strong>Grande capacit\u00e9 :<\/strong> Le design spacieux peut contenir une grande quantit\u00e9 de produits, tels que des fraises, des l\u00e9gumes verts, des brocolis, etc., et convient aussi bien aux cuisines domestiques qu'aux cuisines commerciales.<\/p>\n<p><strong>Mat\u00e9riaux de haute qualit\u00e9 :<\/strong> Notre passoire en acier inoxydable est fabriqu\u00e9e en acier inoxydable 304, ce qui lui conf\u00e8re une excellente r\u00e9sistance \u00e0 la corrosion et une grande durabilit\u00e9. Elle est r\u00e9sistante \u00e0 la rouille et conserve son \u00e9clat et sa solidit\u00e9 \u00e0 long terme, garantissant la s\u00e9curit\u00e9 du contact avec les aliments.<\/p>\n<p><strong>Aspect moderne et minimaliste :<\/strong> La passoire en acier inoxydable pr\u00e9sente une finition en acier inoxydable bross\u00e9, ce qui lui conf\u00e8re un aspect \u00e9l\u00e9gant qui s'harmonise avec les d\u00e9cors de cuisine modernes.<\/p>","protected":false},"featured_media":5139,"comment_status":"closed","ping_status":"closed","template":"","meta":{"_acf_changed":false},"product_brand":[],"product_cat":[52,65],"product_tag":[],"class_list":{"0":"post-5138","1":"product","2":"type-product","3":"status-publish","4":"has-post-thumbnail","6":"product_cat-kitchen-utensils","7":"product_cat-kitchen-strainer-and-colander","9":"first","10":"instock","11":"shipping-taxable","12":"product-type-simple"},"acf":[],"_links":{"self":[{"href":"https:\/\/www.purecook.com\/fr\/wp-json\/wp\/v2\/product\/5138","targetHints":{"allow":["GET"]}}],"collection":[{"href":"https:\/\/www.purecook.com\/fr\/wp-json\/wp\/v2\/product"}],"about":[{"href":"https:\/\/www.purecook.com\/fr\/wp-json\/wp\/v2\/types\/product"}],"replies":[{"embeddable":true,"href":"https:\/\/www.purecook.com\/fr\/wp-json\/wp\/v2\/comments?post=5138"}],"wp:featuredmedia":[{"embeddable":true,"href":"https:\/\/www.purecook.com\/fr\/wp-json\/wp\/v2\/media\/5139"}],"wp:attachment":[{"href":"https:\/\/www.purecook.com\/fr\/wp-json\/wp\/v2\/media?parent=5138"}],"wp:term":[{"taxonomy":"product_brand","embeddable":true,"href":"https:\/\/www.purecook.com\/fr\/wp-json\/wp\/v2\/product_brand?post=5138"},{"taxonomy":"product_cat","embeddable":true,"href":"https:\/\/www.purecook.com\/fr\/wp-json\/wp\/v2\/product_cat?post=5138"},{"taxonomy":"product_tag","embeddable":true,"href":"https:\/\/www.purecook.com\/fr\/wp-json\/wp\/v2\/product_tag?post=5138"}],"curies":[{"name":"wp","href":"https:\/\/api.w.org\/{rel}","templated":true}]}}