{"id":5145,"date":"2025-12-08T18:02:49","date_gmt":"2025-12-08T10:02:49","guid":{"rendered":"https:\/\/www.purecook.com\/?post_type=product&#038;p=5145"},"modified":"2025-12-08T18:23:14","modified_gmt":"2025-12-08T10:23:14","slug":"wholesale-glass-food-containers","status":"publish","type":"product","link":"https:\/\/www.purecook.com\/fr\/product\/wholesale-glass-food-containers\/","title":{"rendered":"R\u00e9cipients alimentaires en verre, bo\u00eetes \u00e0 lunch avec couvercles herm\u00e9tiques"},"content":{"rendered":"<div class=\"wp-block-columns is-layout-flex wp-container-core-columns-is-layout-9d6595d7 wp-block-columns-is-layout-flex\">\n<div class=\"wp-block-column is-layout-flow wp-block-column-is-layout-flow\">\n<h3 class=\"wp-block-heading\">Param\u00e8tres du r\u00e9cipient alimentaire en verre<\/h3>\n\n\n\n<p><strong>Mat\u00e9riau :<\/strong> Verre, Silicone<br><strong>\u00c9paisseur normale :<\/strong> 0,5 mm<br><strong>Capacit\u00e9 : <\/strong>380\/520\/630ml<\/p>\n<\/div>\n\n\n\n<div class=\"wp-block-column is-layout-flow wp-block-column-is-layout-flow\">\n<h3 class=\"wp-block-heading\">Options d'ustensiles de cuisine personnalis\u00e9s<\/h3>\n\n\n\n<p><strong>Logo :<\/strong> Personnalisable avec le logo de votre marque<br><strong>Emballage :<\/strong>&nbsp;Bo\u00eete de couleur\/Carton, etc.<br><strong>Poign\u00e9e : <\/strong>Une poign\u00e9e adapt\u00e9e \u00e0 votre style<\/p>\n<\/div>\n<\/div>\n\n\n\n<div class=\"wp-block-columns is-layout-flex wp-container-core-columns-is-layout-9d6595d7 wp-block-columns-is-layout-flex\">\n<div class=\"wp-block-column is-layout-flow wp-block-column-is-layout-flow\">\n<figure class=\"wp-block-image size-full\"><img decoding=\"async\" width=\"800\" height=\"800\" src=\"https:\/\/www.purecook.com\/wp-content\/uploads\/2025\/12\/wholesale-glass-food-container-4.webp\" alt=\"R\u00e9cipients alimentaires en verre en gros (4)\" class=\"wp-image-5149\" srcset=\"https:\/\/www.purecook.com\/wp-content\/uploads\/2025\/12\/wholesale-glass-food-container-4.webp 800w, https:\/\/www.purecook.com\/wp-content\/uploads\/2025\/12\/wholesale-glass-food-container-4-300x300.webp 300w, https:\/\/www.purecook.com\/wp-content\/uploads\/2025\/12\/wholesale-glass-food-container-4-150x150.webp 150w, https:\/\/www.purecook.com\/wp-content\/uploads\/2025\/12\/wholesale-glass-food-container-4-768x768.webp 768w, https:\/\/www.purecook.com\/wp-content\/uploads\/2025\/12\/wholesale-glass-food-container-4-12x12.webp 12w, https:\/\/www.purecook.com\/wp-content\/uploads\/2025\/12\/wholesale-glass-food-container-4-600x600.webp 600w, https:\/\/www.purecook.com\/wp-content\/uploads\/2025\/12\/wholesale-glass-food-container-4-100x100.webp 100w\" sizes=\"(max-width: 800px) 100vw, 800px\" \/><\/figure>\n<\/div>\n\n\n\n<div class=\"wp-block-column is-layout-flow wp-block-column-is-layout-flow\">\n<figure class=\"wp-block-image size-full\"><img decoding=\"async\" width=\"800\" height=\"800\" src=\"https:\/\/www.purecook.com\/wp-content\/uploads\/2025\/12\/wholesale-glass-food-container-5.webp\" alt=\"R\u00e9cipients alimentaires en verre en gros (5)\" class=\"wp-image-5150\" srcset=\"https:\/\/www.purecook.com\/wp-content\/uploads\/2025\/12\/wholesale-glass-food-container-5.webp 800w, https:\/\/www.purecook.com\/wp-content\/uploads\/2025\/12\/wholesale-glass-food-container-5-300x300.webp 300w, https:\/\/www.purecook.com\/wp-content\/uploads\/2025\/12\/wholesale-glass-food-container-5-150x150.webp 150w, https:\/\/www.purecook.com\/wp-content\/uploads\/2025\/12\/wholesale-glass-food-container-5-768x768.webp 768w, https:\/\/www.purecook.com\/wp-content\/uploads\/2025\/12\/wholesale-glass-food-container-5-12x12.webp 12w, https:\/\/www.purecook.com\/wp-content\/uploads\/2025\/12\/wholesale-glass-food-container-5-600x600.webp 600w, https:\/\/www.purecook.com\/wp-content\/uploads\/2025\/12\/wholesale-glass-food-container-5-100x100.webp 100w\" sizes=\"(max-width: 800px) 100vw, 800px\" \/><\/figure>\n<\/div>\n<\/div>","protected":false},"excerpt":{"rendered":"<p>Nous vous invitons \u00e0 acheter en vrac nos r\u00e9cipients alimentaires en verre de haute qualit\u00e9. Dot\u00e9s de couvercles herm\u00e9tiques \u00e0 pression, ils sont disponibles dans une vari\u00e9t\u00e9 de tailles et peuvent \u00eatre utilis\u00e9s au micro-ondes, au r\u00e9frig\u00e9rateur et au cong\u00e9lateur, ce qui les rend id\u00e9aux pour la pr\u00e9paration des aliments, le stockage et l'organisation de la cuisine. Ils sont parfaits pour les d\u00e9taillants, les restaurants et les acheteurs en gros. Contactez-nous pour un devis.<\/p>\n<h2>Caract\u00e9ristiques du r\u00e9cipient alimentaire en verre<\/h2>\n<p><strong>S\u00e9curit\u00e9 alimentaire et sant\u00e9 :<\/strong> Le verre n'absorbe pas les odeurs, les go\u00fbts ou les taches, ce qui le rend facile \u00e0 nettoyer et hygi\u00e9nique.<\/p>\n<p><strong>Maintien de la fra\u00eecheur des aliments :<\/strong> Le couvercle \u00e0 pression tr\u00e8s \u00e9tanche emp\u00eache l'air et l'humidit\u00e9 de p\u00e9n\u00e9trer, ce qui ralentit l'oxydation et r\u00e9duit la d\u00e9t\u00e9rioration des aliments. Les aliments restent ainsi frais plus longtemps.<\/p>\n<p><strong>Polyvalence :<\/strong> Nos contenants alimentaires en verre peuvent \u00eatre utilis\u00e9s au micro-ondes, au r\u00e9frig\u00e9rateur et au cong\u00e9lateur.<\/p>\n<p><strong>Plusieurs tailles disponibles :<\/strong> Nous proposons une vari\u00e9t\u00e9 de capacit\u00e9s et de tailles pour r\u00e9pondre aux diff\u00e9rents besoins de stockage des aliments.<\/p>","protected":false},"featured_media":5146,"comment_status":"closed","ping_status":"closed","template":"","meta":{"_acf_changed":false},"product_brand":[],"product_cat":[25,51],"product_tag":[],"class_list":{"0":"post-5145","1":"product","2":"type-product","3":"status-publish","4":"has-post-thumbnail","6":"product_cat-food-storage","7":"product_cat-dinnerware","9":"first","10":"instock","11":"shipping-taxable","12":"product-type-simple"},"acf":[],"_links":{"self":[{"href":"https:\/\/www.purecook.com\/fr\/wp-json\/wp\/v2\/product\/5145","targetHints":{"allow":["GET"]}}],"collection":[{"href":"https:\/\/www.purecook.com\/fr\/wp-json\/wp\/v2\/product"}],"about":[{"href":"https:\/\/www.purecook.com\/fr\/wp-json\/wp\/v2\/types\/product"}],"replies":[{"embeddable":true,"href":"https:\/\/www.purecook.com\/fr\/wp-json\/wp\/v2\/comments?post=5145"}],"wp:featuredmedia":[{"embeddable":true,"href":"https:\/\/www.purecook.com\/fr\/wp-json\/wp\/v2\/media\/5146"}],"wp:attachment":[{"href":"https:\/\/www.purecook.com\/fr\/wp-json\/wp\/v2\/media?parent=5145"}],"wp:term":[{"taxonomy":"product_brand","embeddable":true,"href":"https:\/\/www.purecook.com\/fr\/wp-json\/wp\/v2\/product_brand?post=5145"},{"taxonomy":"product_cat","embeddable":true,"href":"https:\/\/www.purecook.com\/fr\/wp-json\/wp\/v2\/product_cat?post=5145"},{"taxonomy":"product_tag","embeddable":true,"href":"https:\/\/www.purecook.com\/fr\/wp-json\/wp\/v2\/product_tag?post=5145"}],"curies":[{"name":"wp","href":"https:\/\/api.w.org\/{rel}","templated":true}]}}