{"id":5177,"date":"2025-12-22T09:11:23","date_gmt":"2025-12-22T01:11:23","guid":{"rendered":"https:\/\/www.purecook.com\/?post_type=product&#038;p=5177"},"modified":"2025-12-22T09:44:22","modified_gmt":"2025-12-22T01:44:22","slug":"wholesale-stainless-steel-steamer-pots","status":"publish","type":"product","link":"https:\/\/www.purecook.com\/fr\/product\/wholesale-stainless-steel-steamer-pots\/","title":{"rendered":"Vente en gros de marmites en acier inoxydable"},"content":{"rendered":"<div class=\"wp-block-columns is-layout-flex wp-container-core-columns-is-layout-9d6595d7 wp-block-columns-is-layout-flex\">\n<div class=\"wp-block-column is-layout-flow wp-block-column-is-layout-flow\">\n<h3 class=\"wp-block-heading\">Param\u00e8tres des marmites \u00e0 vapeur en acier inoxydable<\/h3>\n\n\n\n<p><strong>Mat\u00e9riau :<\/strong> Acier inoxydable 304 + bois<br><strong>Couvercle :<\/strong> Couvercles en verre avec anneau en bois<br><strong>Taille : <\/strong>16\/18\/20\/22\/24\/26 cm<\/p>\n<\/div>\n\n\n\n<div class=\"wp-block-column is-layout-flow wp-block-column-is-layout-flow\">\n<h3 class=\"wp-block-heading\">Options d'ustensiles de cuisine personnalis\u00e9s<\/h3>\n\n\n\n<p><strong>Logo :<\/strong> Personnalisable avec le logo de votre marque<br><strong>Emballage :<\/strong>&nbsp;Bo\u00eete de couleur\/Carton, etc.<br><strong>Poign\u00e9e : <\/strong>Une poign\u00e9e adapt\u00e9e \u00e0 votre style<\/p>\n<\/div>\n<\/div>\n\n\n\n<div class=\"wp-block-columns is-layout-flex wp-container-core-columns-is-layout-9d6595d7 wp-block-columns-is-layout-flex\">\n<div class=\"wp-block-column is-layout-flow wp-block-column-is-layout-flow\">\n<figure class=\"wp-block-image size-full\"><img decoding=\"async\" width=\"800\" height=\"800\" src=\"https:\/\/www.purecook.com\/wp-content\/uploads\/2025\/12\/wholesale-steamer-pot-2.webp\" alt=\"marmite \u00e0 vapeur en gros (2)\" class=\"wp-image-5179\" srcset=\"https:\/\/www.purecook.com\/wp-content\/uploads\/2025\/12\/wholesale-steamer-pot-2.webp 800w, https:\/\/www.purecook.com\/wp-content\/uploads\/2025\/12\/wholesale-steamer-pot-2-300x300.webp 300w, https:\/\/www.purecook.com\/wp-content\/uploads\/2025\/12\/wholesale-steamer-pot-2-150x150.webp 150w, https:\/\/www.purecook.com\/wp-content\/uploads\/2025\/12\/wholesale-steamer-pot-2-768x768.webp 768w, https:\/\/www.purecook.com\/wp-content\/uploads\/2025\/12\/wholesale-steamer-pot-2-12x12.webp 12w, https:\/\/www.purecook.com\/wp-content\/uploads\/2025\/12\/wholesale-steamer-pot-2-600x600.webp 600w, https:\/\/www.purecook.com\/wp-content\/uploads\/2025\/12\/wholesale-steamer-pot-2-100x100.webp 100w\" sizes=\"(max-width: 800px) 100vw, 800px\" \/><\/figure>\n<\/div>\n\n\n\n<div class=\"wp-block-column is-layout-flow wp-block-column-is-layout-flow\">\n<figure class=\"wp-block-image size-full\"><img decoding=\"async\" width=\"800\" height=\"800\" src=\"https:\/\/www.purecook.com\/wp-content\/uploads\/2025\/12\/wholesale-steamer-pot-3.webp\" alt=\"Pot \u00e0 vapeur en gros (3)\" class=\"wp-image-5180\" srcset=\"https:\/\/www.purecook.com\/wp-content\/uploads\/2025\/12\/wholesale-steamer-pot-3.webp 800w, https:\/\/www.purecook.com\/wp-content\/uploads\/2025\/12\/wholesale-steamer-pot-3-300x300.webp 300w, https:\/\/www.purecook.com\/wp-content\/uploads\/2025\/12\/wholesale-steamer-pot-3-150x150.webp 150w, https:\/\/www.purecook.com\/wp-content\/uploads\/2025\/12\/wholesale-steamer-pot-3-768x768.webp 768w, https:\/\/www.purecook.com\/wp-content\/uploads\/2025\/12\/wholesale-steamer-pot-3-12x12.webp 12w, https:\/\/www.purecook.com\/wp-content\/uploads\/2025\/12\/wholesale-steamer-pot-3-600x600.webp 600w, https:\/\/www.purecook.com\/wp-content\/uploads\/2025\/12\/wholesale-steamer-pot-3-100x100.webp 100w\" sizes=\"(max-width: 800px) 100vw, 800px\" \/><\/figure>\n<\/div>\n<\/div>","protected":false},"excerpt":{"rendered":"<p>Optimisez l'efficacit\u00e9 de votre cuisine gr\u00e2ce \u00e0 notre marmite \u00e0 vapeur en acier inoxydable \u00e0 double couche vendue en gros. La marmite inf\u00e9rieure est id\u00e9ale pour faire bouillir des soupes, des rago\u00fbts ou des p\u00e2tes, tandis que la partie sup\u00e9rieure utilise la vapeur naturelle pour cuire doucement des boulettes, des l\u00e9gumes et des fruits de mer.<\/p>\n<p>Nous proposons la vente en gros directement depuis l'usine et prenons en charge la personnalisation OEM et ODM, ce qui fait de nous un choix fiable pour les marques mondiales, les distributeurs et les cuisines professionnelles.<\/p>\n<h2>Caract\u00e9ristiques des marmites \u00e0 vapeur en acier inoxydable<\/h2>\n<p><strong>Double couche :<\/strong> Vous pouvez faire bouillir de la soupe, des rago\u00fbts ou des p\u00e2tes dans la casserole inf\u00e9rieure tout en utilisant la vapeur qui s'\u00e9l\u00e8ve pour cuire des boulettes, des l\u00e9gumes ou des fruits de mer dans la casserole sup\u00e9rieure.<\/p>\n<p><strong>Acier inoxydable poli :<\/strong> Nos marmites \u00e0 vapeur vendues en gros pr\u00e9sentent une surface polie miroir, ce qui les rend r\u00e9sistantes \u00e0 la rouille et \u00e0 la corrosion, et moins susceptibles de retenir les odeurs alimentaires.<\/p>\n<p><strong>Convient aux cuisini\u00e8res \u00e0 induction :<\/strong> Ces marmites \u00e0 vapeur sont parfaitement compatibles avec les plaques \u00e0 induction modernes, ainsi qu'avec les cuisini\u00e8res \u00e9lectriques et \u00e0 gaz.<\/p>\n<p><strong>Vente en gros directe d'usine :<\/strong> En tant qu'usine professionnelle d'ustensiles de cuisine, nous proposons des prix directs d'usine, un approvisionnement stable en gros et un contr\u00f4le qualit\u00e9 rigoureux.<\/p>","protected":false},"featured_media":5178,"comment_status":"closed","ping_status":"closed","template":"","meta":{"_acf_changed":false},"product_brand":[],"product_cat":[24,79],"product_tag":[],"class_list":{"0":"post-5177","1":"product","2":"type-product","3":"status-publish","4":"has-post-thumbnail","6":"product_cat-cookware","7":"product_cat-steamer-pot","9":"first","10":"instock","11":"shipping-taxable","12":"product-type-simple"},"acf":[],"_links":{"self":[{"href":"https:\/\/www.purecook.com\/fr\/wp-json\/wp\/v2\/product\/5177","targetHints":{"allow":["GET"]}}],"collection":[{"href":"https:\/\/www.purecook.com\/fr\/wp-json\/wp\/v2\/product"}],"about":[{"href":"https:\/\/www.purecook.com\/fr\/wp-json\/wp\/v2\/types\/product"}],"replies":[{"embeddable":true,"href":"https:\/\/www.purecook.com\/fr\/wp-json\/wp\/v2\/comments?post=5177"}],"wp:featuredmedia":[{"embeddable":true,"href":"https:\/\/www.purecook.com\/fr\/wp-json\/wp\/v2\/media\/5178"}],"wp:attachment":[{"href":"https:\/\/www.purecook.com\/fr\/wp-json\/wp\/v2\/media?parent=5177"}],"wp:term":[{"taxonomy":"product_brand","embeddable":true,"href":"https:\/\/www.purecook.com\/fr\/wp-json\/wp\/v2\/product_brand?post=5177"},{"taxonomy":"product_cat","embeddable":true,"href":"https:\/\/www.purecook.com\/fr\/wp-json\/wp\/v2\/product_cat?post=5177"},{"taxonomy":"product_tag","embeddable":true,"href":"https:\/\/www.purecook.com\/fr\/wp-json\/wp\/v2\/product_tag?post=5177"}],"curies":[{"name":"wp","href":"https:\/\/api.w.org\/{rel}","templated":true}]}}