{"id":5184,"date":"2025-12-22T09:46:08","date_gmt":"2025-12-22T01:46:08","guid":{"rendered":"https:\/\/www.purecook.com\/?post_type=product&#038;p=5184"},"modified":"2025-12-22T10:05:35","modified_gmt":"2025-12-22T02:05:35","slug":"wholesale-stainless-steel-mesh-strainers","status":"publish","type":"product","link":"https:\/\/www.purecook.com\/fr\/product\/wholesale-stainless-steel-mesh-strainers\/","title":{"rendered":"Filtres en maille d'acier inoxydable en gros \u2013 Plusieurs tailles disponibles"},"content":{"rendered":"<div class=\"wp-block-columns is-layout-flex wp-container-core-columns-is-layout-9d6595d7 wp-block-columns-is-layout-flex\">\n<div class=\"wp-block-column is-layout-flow wp-block-column-is-layout-flow\">\n<h3 class=\"wp-block-heading\">Param\u00e8tres des filtres \u00e0 mailles en acier inoxydable<\/h3>\n\n\n\n<p><strong>Mat\u00e9riau :<\/strong> Acier inoxydable 304 + bois<br><strong>Taille : <\/strong>14\/18\/22 cm<br><strong>Logo :<\/strong> S\u00e9rigraphie\/Gravure au laser\/Tampon en relief<\/p>\n<\/div>\n\n\n\n<div class=\"wp-block-column is-layout-flow wp-block-column-is-layout-flow\">\n<h3 class=\"wp-block-heading\">Options d'ustensiles de cuisine personnalis\u00e9s<\/h3>\n\n\n\n<p><strong>Logo :<\/strong> Personnalisable avec le logo de votre marque<br><strong>Emballage :<\/strong>&nbsp;Bo\u00eete de couleur\/Carton, etc.<\/p>\n<\/div>\n<\/div>\n\n\n\n<div class=\"wp-block-columns is-layout-flex wp-container-core-columns-is-layout-9d6595d7 wp-block-columns-is-layout-flex\">\n<div class=\"wp-block-column is-layout-flow wp-block-column-is-layout-flow\">\n<figure class=\"wp-block-image size-full\"><img decoding=\"async\" width=\"800\" height=\"800\" src=\"https:\/\/www.purecook.com\/wp-content\/uploads\/2025\/12\/wholesale-stainless-steel-mesh-strainers-2.webp\" alt=\"filtres en acier inoxydable en gros (2)\" class=\"wp-image-5186\" srcset=\"https:\/\/www.purecook.com\/wp-content\/uploads\/2025\/12\/wholesale-stainless-steel-mesh-strainers-2.webp 800w, https:\/\/www.purecook.com\/wp-content\/uploads\/2025\/12\/wholesale-stainless-steel-mesh-strainers-2-300x300.webp 300w, https:\/\/www.purecook.com\/wp-content\/uploads\/2025\/12\/wholesale-stainless-steel-mesh-strainers-2-150x150.webp 150w, https:\/\/www.purecook.com\/wp-content\/uploads\/2025\/12\/wholesale-stainless-steel-mesh-strainers-2-768x768.webp 768w, https:\/\/www.purecook.com\/wp-content\/uploads\/2025\/12\/wholesale-stainless-steel-mesh-strainers-2-12x12.webp 12w, https:\/\/www.purecook.com\/wp-content\/uploads\/2025\/12\/wholesale-stainless-steel-mesh-strainers-2-600x600.webp 600w, https:\/\/www.purecook.com\/wp-content\/uploads\/2025\/12\/wholesale-stainless-steel-mesh-strainers-2-100x100.webp 100w\" sizes=\"(max-width: 800px) 100vw, 800px\" \/><\/figure>\n<\/div>\n\n\n\n<div class=\"wp-block-column is-layout-flow wp-block-column-is-layout-flow\">\n<figure class=\"wp-block-image size-full\"><img decoding=\"async\" width=\"800\" height=\"800\" src=\"https:\/\/www.purecook.com\/wp-content\/uploads\/2025\/12\/wholesale-stainless-steel-mesh-strainers-4.webp\" alt=\"filtres en acier inoxydable en gros (4)\" class=\"wp-image-5188\" srcset=\"https:\/\/www.purecook.com\/wp-content\/uploads\/2025\/12\/wholesale-stainless-steel-mesh-strainers-4.webp 800w, https:\/\/www.purecook.com\/wp-content\/uploads\/2025\/12\/wholesale-stainless-steel-mesh-strainers-4-300x300.webp 300w, https:\/\/www.purecook.com\/wp-content\/uploads\/2025\/12\/wholesale-stainless-steel-mesh-strainers-4-150x150.webp 150w, https:\/\/www.purecook.com\/wp-content\/uploads\/2025\/12\/wholesale-stainless-steel-mesh-strainers-4-768x768.webp 768w, https:\/\/www.purecook.com\/wp-content\/uploads\/2025\/12\/wholesale-stainless-steel-mesh-strainers-4-12x12.webp 12w, https:\/\/www.purecook.com\/wp-content\/uploads\/2025\/12\/wholesale-stainless-steel-mesh-strainers-4-600x600.webp 600w, https:\/\/www.purecook.com\/wp-content\/uploads\/2025\/12\/wholesale-stainless-steel-mesh-strainers-4-100x100.webp 100w\" sizes=\"(max-width: 800px) 100vw, 800px\" \/><\/figure>\n<\/div>\n<\/div>","protected":false},"excerpt":{"rendered":"<p>Nos passoires en acier inoxydable vendues en gros sont id\u00e9ales pour les cuisines professionnelles et domestiques, alliant r\u00e9sistance, s\u00e9curit\u00e9 et efficacit\u00e9. Ces passoires sont parfaites pour frire, blanchir, bouillir et rincer les ingr\u00e9dients. Elles constituent un choix fiable pour les restaurants, les d\u00e9taillants et les marques d'ustensiles de cuisine. Les commandes en gros sont les bienvenues.<\/p>\n<h2>Caract\u00e9ristiques des filtres en acier inoxydable<\/h2>\n<p><strong>Excellente durabilit\u00e9 :<\/strong> Nos filtres en acier inoxydable vendus en gros sont fabriqu\u00e9s en acier inoxydable de haute qualit\u00e9, id\u00e9al pour les applications \u00e0 haute temp\u00e9rature telles que la friture ou l'\u00e9bullition.<\/p>\n<p><strong>Conception ergonomique :<\/strong> Dot\u00e9 d'un long manche en bois robuste pour une prise en main confortable et antid\u00e9rapante, il prot\u00e8ge les mains contre la chaleur lors de la manipulation d'huile chaude ou de vapeur.<\/p>\n<p><strong>Polyvalence :<\/strong> Les filtres \u00e0 mailles vendus en gros sont parfaits pour :<\/p>\n<ul>\n<li>Friture profonde : Retirer les frites, les rondelles d'oignon ou le tempura tout en laissant l'huile s'\u00e9goutter rapidement.<\/li>\n<li>Blanchir et bouillir : Retirer rapidement les l\u00e9gumes ou les p\u00e2tes de l'eau bouillante.<\/li>\n<li>Lavage et rin\u00e7age : Utilisation des versions \u00e0 pied comme passoires pour les fruits et l\u00e9gumes.<\/li>\n<\/ul>\n<p><strong>D\u00e9bit rapide :<\/strong> Le motif de perforations r\u00e9gulier assure un \u00e9coulement rapide et uniforme des liquides, emp\u00eachant ainsi les aliments de devenir d\u00e9tremp\u00e9s.<\/p>\n<p><strong>Facile \u00e0 nettoyer :<\/strong> Contrairement aux treillis m\u00e9talliques traditionnels o\u00f9 les particules alimentaires restent souvent coinc\u00e9es dans les mailles, la surface lisse et plane de l'acier perfor\u00e9 est beaucoup plus facile \u00e0 nettoyer \u00e0 l'aide d'un chiffon ou d'un jet d'eau.<\/p>","protected":false},"featured_media":5185,"comment_status":"closed","ping_status":"closed","template":"","meta":{"_acf_changed":false},"product_brand":[],"product_cat":[52,65],"product_tag":[],"class_list":{"0":"post-5184","1":"product","2":"type-product","3":"status-publish","4":"has-post-thumbnail","6":"product_cat-kitchen-utensils","7":"product_cat-kitchen-strainer-and-colander","9":"first","10":"instock","11":"shipping-taxable","12":"product-type-simple"},"acf":[],"_links":{"self":[{"href":"https:\/\/www.purecook.com\/fr\/wp-json\/wp\/v2\/product\/5184","targetHints":{"allow":["GET"]}}],"collection":[{"href":"https:\/\/www.purecook.com\/fr\/wp-json\/wp\/v2\/product"}],"about":[{"href":"https:\/\/www.purecook.com\/fr\/wp-json\/wp\/v2\/types\/product"}],"replies":[{"embeddable":true,"href":"https:\/\/www.purecook.com\/fr\/wp-json\/wp\/v2\/comments?post=5184"}],"wp:featuredmedia":[{"embeddable":true,"href":"https:\/\/www.purecook.com\/fr\/wp-json\/wp\/v2\/media\/5185"}],"wp:attachment":[{"href":"https:\/\/www.purecook.com\/fr\/wp-json\/wp\/v2\/media?parent=5184"}],"wp:term":[{"taxonomy":"product_brand","embeddable":true,"href":"https:\/\/www.purecook.com\/fr\/wp-json\/wp\/v2\/product_brand?post=5184"},{"taxonomy":"product_cat","embeddable":true,"href":"https:\/\/www.purecook.com\/fr\/wp-json\/wp\/v2\/product_cat?post=5184"},{"taxonomy":"product_tag","embeddable":true,"href":"https:\/\/www.purecook.com\/fr\/wp-json\/wp\/v2\/product_tag?post=5184"}],"curies":[{"name":"wp","href":"https:\/\/api.w.org\/{rel}","templated":true}]}}