{"id":5192,"date":"2025-12-22T10:08:13","date_gmt":"2025-12-22T02:08:13","guid":{"rendered":"https:\/\/www.purecook.com\/?post_type=product&#038;p=5192"},"modified":"2025-12-22T11:29:45","modified_gmt":"2025-12-22T03:29:45","slug":"wholesale-10-piece-mixing-bowl-set","status":"publish","type":"product","link":"https:\/\/www.purecook.com\/fr\/product\/wholesale-10-piece-mixing-bowl-set\/","title":{"rendered":"Ensemble de 10 bols \u00e0 m\u00e9langer en gros"},"content":{"rendered":"<div class=\"wp-block-columns is-layout-flex wp-container-core-columns-is-layout-9d6595d7 wp-block-columns-is-layout-flex\">\n<div class=\"wp-block-column is-layout-flow wp-block-column-is-layout-flow\">\n<h3 class=\"wp-block-heading\">Param\u00e8tres de la po\u00eale \u00e0 frire ext\u00e9rieure en acier inoxydable<\/h3>\n\n\n\n<p><strong>Mat\u00e9riau : <\/strong>Acier inoxydable 304<br><strong>Taille :<\/strong><br>Bol \u00e0 m\u00e9langer en verre de 26,5 cm<br>Passoire \u00e0 une main de 21 cm<br>Tampon double oreille 20cm<br>Panier rond et profond de 24 cm<br>Assiette creuse de 21 cm<br>Bol \u00e0 m\u00e9langer 304 24cm<br>R\u00e2pe de 12 cm* 3<br><\/p>\n<\/div>\n\n\n\n<div class=\"wp-block-column is-layout-flow wp-block-column-is-layout-flow\">\n<h3 class=\"wp-block-heading\">Options d'ustensiles de cuisine personnalis\u00e9s<\/h3>\n\n\n\n<p><strong>Logo :<\/strong> Personnalisable avec le logo de votre marque<br><strong>Emballage :<\/strong>&nbsp;Bo\u00eete de couleur\/Carton, etc.<br><strong>Poign\u00e9e : <\/strong>Une poign\u00e9e adapt\u00e9e \u00e0 votre style<\/p>\n<\/div>\n<\/div>\n\n\n\n<div class=\"wp-block-columns is-layout-flex wp-container-core-columns-is-layout-9d6595d7 wp-block-columns-is-layout-flex\">\n<div class=\"wp-block-column is-layout-flow wp-block-column-is-layout-flow\">\n<figure class=\"wp-block-image size-full\"><img decoding=\"async\" width=\"800\" height=\"800\" src=\"https:\/\/www.purecook.com\/wp-content\/uploads\/2025\/12\/wholesale-mixing-bowl-set-2.webp\" alt=\"ensemble de bols \u00e0 m\u00e9langer en gros (2)\" class=\"wp-image-5194\" srcset=\"https:\/\/www.purecook.com\/wp-content\/uploads\/2025\/12\/wholesale-mixing-bowl-set-2.webp 800w, https:\/\/www.purecook.com\/wp-content\/uploads\/2025\/12\/wholesale-mixing-bowl-set-2-300x300.webp 300w, https:\/\/www.purecook.com\/wp-content\/uploads\/2025\/12\/wholesale-mixing-bowl-set-2-150x150.webp 150w, https:\/\/www.purecook.com\/wp-content\/uploads\/2025\/12\/wholesale-mixing-bowl-set-2-768x768.webp 768w, https:\/\/www.purecook.com\/wp-content\/uploads\/2025\/12\/wholesale-mixing-bowl-set-2-12x12.webp 12w, https:\/\/www.purecook.com\/wp-content\/uploads\/2025\/12\/wholesale-mixing-bowl-set-2-600x600.webp 600w, https:\/\/www.purecook.com\/wp-content\/uploads\/2025\/12\/wholesale-mixing-bowl-set-2-100x100.webp 100w\" sizes=\"(max-width: 800px) 100vw, 800px\" \/><\/figure>\n<\/div>\n\n\n\n<div class=\"wp-block-column is-layout-flow wp-block-column-is-layout-flow\">\n<figure class=\"wp-block-image size-full\"><img decoding=\"async\" width=\"800\" height=\"800\" src=\"https:\/\/www.purecook.com\/wp-content\/uploads\/2025\/12\/wholesale-mixing-bowl-set-5.webp\" alt=\"Jeu de bols \u00e0 m\u00e9langer en gros (5)\" class=\"wp-image-5197\" srcset=\"https:\/\/www.purecook.com\/wp-content\/uploads\/2025\/12\/wholesale-mixing-bowl-set-5.webp 800w, https:\/\/www.purecook.com\/wp-content\/uploads\/2025\/12\/wholesale-mixing-bowl-set-5-300x300.webp 300w, https:\/\/www.purecook.com\/wp-content\/uploads\/2025\/12\/wholesale-mixing-bowl-set-5-150x150.webp 150w, https:\/\/www.purecook.com\/wp-content\/uploads\/2025\/12\/wholesale-mixing-bowl-set-5-768x768.webp 768w, https:\/\/www.purecook.com\/wp-content\/uploads\/2025\/12\/wholesale-mixing-bowl-set-5-12x12.webp 12w, https:\/\/www.purecook.com\/wp-content\/uploads\/2025\/12\/wholesale-mixing-bowl-set-5-600x600.webp 600w, https:\/\/www.purecook.com\/wp-content\/uploads\/2025\/12\/wholesale-mixing-bowl-set-5-100x100.webp 100w\" sizes=\"(max-width: 800px) 100vw, 800px\" \/><\/figure>\n<\/div>\n<\/div>\n\n\n\n<div class=\"wp-block-columns is-layout-flex wp-container-core-columns-is-layout-9d6595d7 wp-block-columns-is-layout-flex\">\n<div class=\"wp-block-column is-layout-flow wp-block-column-is-layout-flow\"><\/div>\n\n\n\n<div class=\"wp-block-column is-layout-flow wp-block-column-is-layout-flow\"><\/div>\n<\/div>","protected":false},"excerpt":{"rendered":"<p>Set de 10 bols \u00e0 m\u00e9langer en gros. Notre set comprend un bol \u00e0 m\u00e9langer en acier inoxydable de haute qualit\u00e9 avec des mesures grav\u00e9es \u00e0 l'int\u00e9rieur, et un bol en verre cristallin pour observer la fermentation de la p\u00e2te ou pour composer de superbes salades. Contactez-nous pour un devis.<\/p>\n<h2>Caract\u00e9ristiques de l'ensemble de bols \u00e0 m\u00e9langer 10 pi\u00e8ces<\/h2>\n<p><strong>Peu encombrant :<\/strong> L'avantage du set de 10 bols \u00e0 m\u00e9langer r\u00e9side dans sa conception empilable et embo\u00eetable.<\/p>\n<p><strong>Polyvalence :<\/strong> Le set de 10 bols \u00e0 m\u00e9langer est tr\u00e8s polyvalent et peut remplacer de nombreux ustensiles de cuisine individuels, notamment ceux utilis\u00e9s pour m\u00e9langer et pr\u00e9parer, filtrer et rincer, et conserver les aliments.<\/p>\n<p><strong>Mat\u00e9riaux de haute qualit\u00e9 :<\/strong> L'ensemble comprend des bols \u00e0 m\u00e9langer en verre et en acier inoxydable, adapt\u00e9s \u00e0 la fois \u00e0 la r\u00e9frig\u00e9ration de la p\u00e2te et \u00e0 la manipulation de l\u00e9gumes blanchis chauds.<\/p>\n<p><strong>Conception conviviale :<\/strong> Les bols en acier inoxydable sont munis de rep\u00e8res de mesure (grav\u00e9s sur le c\u00f4t\u00e9), ce qui \u00e9vite d'avoir \u00e0 utiliser des tasses \u00e0 mesurer s\u00e9par\u00e9es.<\/p>","protected":false},"featured_media":5193,"comment_status":"closed","ping_status":"closed","template":"","meta":{"_acf_changed":false},"product_brand":[],"product_cat":[52,90],"product_tag":[],"class_list":{"0":"post-5192","1":"product","2":"type-product","3":"status-publish","4":"has-post-thumbnail","6":"product_cat-kitchen-utensils","7":"product_cat-mixing-bowl","9":"first","10":"instock","11":"shipping-taxable","12":"product-type-simple"},"acf":[],"_links":{"self":[{"href":"https:\/\/www.purecook.com\/fr\/wp-json\/wp\/v2\/product\/5192","targetHints":{"allow":["GET"]}}],"collection":[{"href":"https:\/\/www.purecook.com\/fr\/wp-json\/wp\/v2\/product"}],"about":[{"href":"https:\/\/www.purecook.com\/fr\/wp-json\/wp\/v2\/types\/product"}],"replies":[{"embeddable":true,"href":"https:\/\/www.purecook.com\/fr\/wp-json\/wp\/v2\/comments?post=5192"}],"wp:featuredmedia":[{"embeddable":true,"href":"https:\/\/www.purecook.com\/fr\/wp-json\/wp\/v2\/media\/5193"}],"wp:attachment":[{"href":"https:\/\/www.purecook.com\/fr\/wp-json\/wp\/v2\/media?parent=5192"}],"wp:term":[{"taxonomy":"product_brand","embeddable":true,"href":"https:\/\/www.purecook.com\/fr\/wp-json\/wp\/v2\/product_brand?post=5192"},{"taxonomy":"product_cat","embeddable":true,"href":"https:\/\/www.purecook.com\/fr\/wp-json\/wp\/v2\/product_cat?post=5192"},{"taxonomy":"product_tag","embeddable":true,"href":"https:\/\/www.purecook.com\/fr\/wp-json\/wp\/v2\/product_tag?post=5192"}],"curies":[{"name":"wp","href":"https:\/\/api.w.org\/{rel}","templated":true}]}}