{"id":5199,"date":"2025-12-22T11:34:50","date_gmt":"2025-12-22T03:34:50","guid":{"rendered":"https:\/\/www.purecook.com\/?post_type=product&#038;p=5199"},"modified":"2025-12-22T11:55:52","modified_gmt":"2025-12-22T03:55:52","slug":"wholesale-stainless-steel-oil-filter-pots-2","status":"publish","type":"product","link":"https:\/\/www.purecook.com\/fr\/product\/wholesale-stainless-steel-oil-filter-pots-2\/","title":{"rendered":"Pots de filtre \u00e0 huile en acier inoxydable en gros \u2013 de qualit\u00e9 alimentaire, durables"},"content":{"rendered":"<div class=\"wp-block-columns is-layout-flex wp-container-core-columns-is-layout-9d6595d7 wp-block-columns-is-layout-flex\">\n<div class=\"wp-block-column is-layout-flow wp-block-column-is-layout-flow\">\n<h3 class=\"wp-block-heading\">Param\u00e8tres des filtres \u00e0 huile en acier inoxydable<\/h3>\n\n\n\n<p><strong>Mat\u00e9riau :<\/strong> Acier inoxydable 304<br><strong>\u00c9paisseur normale :<\/strong> 0,8 mm<br><strong>Couvercle :<\/strong> Acier inoxydable<br><strong>Capacit\u00e9 : <\/strong>2L<br><strong>Logo :<\/strong> S\u00e9rigraphie\/Gravure au laser\/Tampon en relief<br><strong>Couleur : <\/strong>Beige\/blanc<\/p>\n<\/div>\n\n\n\n<div class=\"wp-block-column is-layout-flow wp-block-column-is-layout-flow\">\n<h3 class=\"wp-block-heading\">Options d'ustensiles de cuisine personnalis\u00e9s<\/h3>\n\n\n\n<p><strong>Logo :<\/strong> Personnalisable avec le logo de votre marque<br><strong>Emballage :<\/strong>\u00a0Bo\u00eete de couleur\/Carton, etc.<br><\/p>\n<\/div>\n<\/div>\n\n\n\n<div class=\"wp-block-columns is-layout-flex wp-container-core-columns-is-layout-9d6595d7 wp-block-columns-is-layout-flex\">\n<div class=\"wp-block-column is-layout-flow wp-block-column-is-layout-flow\">\n<figure class=\"wp-block-image size-full\"><img decoding=\"async\" width=\"800\" height=\"800\" src=\"https:\/\/www.purecook.com\/wp-content\/uploads\/2025\/12\/wholesale-stainless-steel-oil-filter-pots-5.webp\" alt=\"pots de filtre \u00e0 huile en acier inoxydable en gros (5)\" class=\"wp-image-5204\" srcset=\"https:\/\/www.purecook.com\/wp-content\/uploads\/2025\/12\/wholesale-stainless-steel-oil-filter-pots-5.webp 800w, https:\/\/www.purecook.com\/wp-content\/uploads\/2025\/12\/wholesale-stainless-steel-oil-filter-pots-5-300x300.webp 300w, https:\/\/www.purecook.com\/wp-content\/uploads\/2025\/12\/wholesale-stainless-steel-oil-filter-pots-5-150x150.webp 150w, https:\/\/www.purecook.com\/wp-content\/uploads\/2025\/12\/wholesale-stainless-steel-oil-filter-pots-5-768x768.webp 768w, https:\/\/www.purecook.com\/wp-content\/uploads\/2025\/12\/wholesale-stainless-steel-oil-filter-pots-5-12x12.webp 12w, https:\/\/www.purecook.com\/wp-content\/uploads\/2025\/12\/wholesale-stainless-steel-oil-filter-pots-5-600x600.webp 600w, https:\/\/www.purecook.com\/wp-content\/uploads\/2025\/12\/wholesale-stainless-steel-oil-filter-pots-5-100x100.webp 100w\" sizes=\"(max-width: 800px) 100vw, 800px\" \/><\/figure>\n<\/div>\n\n\n\n<div class=\"wp-block-column is-layout-flow wp-block-column-is-layout-flow\">\n<figure class=\"wp-block-image size-full\"><img decoding=\"async\" width=\"800\" height=\"800\" src=\"https:\/\/www.purecook.com\/wp-content\/uploads\/2025\/12\/wholesale-stainless-steel-oil-filter-pots-7.webp\" alt=\"Grossiste pots de filtres \u00e0 huile en acier inoxydable (7)\" class=\"wp-image-5206\" srcset=\"https:\/\/www.purecook.com\/wp-content\/uploads\/2025\/12\/wholesale-stainless-steel-oil-filter-pots-7.webp 800w, https:\/\/www.purecook.com\/wp-content\/uploads\/2025\/12\/wholesale-stainless-steel-oil-filter-pots-7-300x300.webp 300w, https:\/\/www.purecook.com\/wp-content\/uploads\/2025\/12\/wholesale-stainless-steel-oil-filter-pots-7-150x150.webp 150w, https:\/\/www.purecook.com\/wp-content\/uploads\/2025\/12\/wholesale-stainless-steel-oil-filter-pots-7-768x768.webp 768w, https:\/\/www.purecook.com\/wp-content\/uploads\/2025\/12\/wholesale-stainless-steel-oil-filter-pots-7-12x12.webp 12w, https:\/\/www.purecook.com\/wp-content\/uploads\/2025\/12\/wholesale-stainless-steel-oil-filter-pots-7-600x600.webp 600w, https:\/\/www.purecook.com\/wp-content\/uploads\/2025\/12\/wholesale-stainless-steel-oil-filter-pots-7-100x100.webp 100w\" sizes=\"(max-width: 800px) 100vw, 800px\" \/><\/figure>\n<\/div>\n<\/div>","protected":false},"excerpt":{"rendered":"<p>Vente en gros de pots filtrants en acier inoxydable. Cette marmite \u00e0 huile est dot\u00e9e d'un filtre de pr\u00e9cision ultrafin qui \u00e9limine les plus petites particules de nourriture, ce qui permet d'obtenir une huile de cuisson claire, transparente et r\u00e9utilisable. Elle est dot\u00e9e d'un bec verseur anti-gouttes pour \u00e9viter les d\u00e9versements et les salissures. Ses fonctions comprennent la filtration efficace, la friture des aliments et l'utilisation pour la cuisson et le blanchiment.<\/p>\n<h2>Caract\u00e9ristiques des pots \u00e0 filtre \u00e0 huile en acier inoxydable<\/h2>\n<p><strong>Fonctionnalit\u00e9 polyvalente 3 en 1<\/strong><\/p>\n<p>Contrairement aux r\u00e9cipients de graisse standard, cette marmite fonctionne comme un cuiseur polyvalent.<\/p>\n<ul>\n<li>Friture : Parfait pour les petites quantit\u00e9s de poulet frit ou de frites.<\/li>\n<li>Bouillir et blanchir : id\u00e9al pour cuire les p\u00e2tes, les l\u00e9gumes ou m\u00eame pr\u00e9parer un hot pot.<\/li>\n<li>Stockage et filtration : Fonctionne comme un conteneur traditionnel pour nettoyer et stocker l'huile usag\u00e9e.<\/li>\n<\/ul>\n<p><strong>Compatibilit\u00e9 universelle avec les r\u00e9chauds :<\/strong> Gr\u00e2ce \u00e0 la conception sp\u00e9ciale de sa base, la marmite \u00e0 filtre \u00e0 huile est compatible avec pratiquement toutes les sources de chaleur. Elle peut \u00eatre utilis\u00e9e directement sur les cuisini\u00e8res \u00e0 induction, les cuisini\u00e8res \u00e0 gaz, etc.<\/p>\n<p><strong>Conception pratique :<\/strong> Dot\u00e9 d'une grande poign\u00e9e pour une bonne prise en main et d'un bec verseur int\u00e9gr\u00e9 pour \u00e9viter les gouttes d\u00e9sagr\u00e9ables lors du transfert de l'huile ou du versement de la soupe.<\/p>\n<p>&nbsp;<\/p>","protected":false},"featured_media":5200,"comment_status":"closed","ping_status":"closed","template":"","meta":{"_acf_changed":false},"product_brand":[],"product_cat":[52,64],"product_tag":[],"class_list":{"0":"post-5199","1":"product","2":"type-product","3":"status-publish","4":"has-post-thumbnail","6":"product_cat-kitchen-utensils","7":"product_cat-oil-pot","9":"first","10":"instock","11":"shipping-taxable","12":"product-type-simple"},"acf":[],"_links":{"self":[{"href":"https:\/\/www.purecook.com\/fr\/wp-json\/wp\/v2\/product\/5199","targetHints":{"allow":["GET"]}}],"collection":[{"href":"https:\/\/www.purecook.com\/fr\/wp-json\/wp\/v2\/product"}],"about":[{"href":"https:\/\/www.purecook.com\/fr\/wp-json\/wp\/v2\/types\/product"}],"replies":[{"embeddable":true,"href":"https:\/\/www.purecook.com\/fr\/wp-json\/wp\/v2\/comments?post=5199"}],"wp:featuredmedia":[{"embeddable":true,"href":"https:\/\/www.purecook.com\/fr\/wp-json\/wp\/v2\/media\/5200"}],"wp:attachment":[{"href":"https:\/\/www.purecook.com\/fr\/wp-json\/wp\/v2\/media?parent=5199"}],"wp:term":[{"taxonomy":"product_brand","embeddable":true,"href":"https:\/\/www.purecook.com\/fr\/wp-json\/wp\/v2\/product_brand?post=5199"},{"taxonomy":"product_cat","embeddable":true,"href":"https:\/\/www.purecook.com\/fr\/wp-json\/wp\/v2\/product_cat?post=5199"},{"taxonomy":"product_tag","embeddable":true,"href":"https:\/\/www.purecook.com\/fr\/wp-json\/wp\/v2\/product_tag?post=5199"}],"curies":[{"name":"wp","href":"https:\/\/api.w.org\/{rel}","templated":true}]}}