{"id":5214,"date":"2025-12-22T12:03:59","date_gmt":"2025-12-22T04:03:59","guid":{"rendered":"https:\/\/www.purecook.com\/?post_type=product&#038;p=5214"},"modified":"2025-12-22T12:22:43","modified_gmt":"2025-12-22T04:22:43","slug":"wholesale-4-compartment-fried-egg-pans","status":"publish","type":"product","link":"https:\/\/www.purecook.com\/fr\/product\/wholesale-4-compartment-fried-egg-pans\/","title":{"rendered":"Po\u00eales \u00e0 \u0153ufs au plat \u00e0 4 compartiments en gros"},"content":{"rendered":"<div class=\"wp-block-columns is-layout-flex wp-container-core-columns-is-layout-9d6595d7 wp-block-columns-is-layout-flex\">\n<div class=\"wp-block-column is-layout-flow wp-block-column-is-layout-flow\">\n<h3 class=\"wp-block-heading\">Param\u00e8tres de la po\u00eale \u00e0 \u0153ufs frits \u00e0 quatre tasses<\/h3>\n\n\n\n<p><strong>Mat\u00e9riau : <\/strong>Alu<br><strong>Logo : <\/strong>S\u00e9rigraphie\/Gravure au laser\/Tampon en relief<\/p>\n<\/div>\n\n\n\n<div class=\"wp-block-column is-layout-flow wp-block-column-is-layout-flow\">\n<h3 class=\"wp-block-heading\">Options d'ustensiles de cuisine personnalis\u00e9s<\/h3>\n\n\n\n<p><strong>Logo :<\/strong> Personnalisable avec le logo de votre marque<br><strong>Emballage :<\/strong>&nbsp;Bo\u00eete de couleur\/Carton, etc.<br><strong>Poign\u00e9e : <\/strong>Une poign\u00e9e adapt\u00e9e \u00e0 votre style<\/p>\n<\/div>\n<\/div>\n\n\n\n<div class=\"wp-block-columns is-layout-flex wp-container-core-columns-is-layout-9d6595d7 wp-block-columns-is-layout-flex\">\n<div class=\"wp-block-column is-layout-flow wp-block-column-is-layout-flow\">\n<figure class=\"wp-block-image size-full\"><img decoding=\"async\" width=\"800\" height=\"800\" src=\"https:\/\/www.purecook.com\/wp-content\/uploads\/2025\/12\/wholesale-4-compartment-fried-egg-pans-3.webp\" alt=\"gros bacs \u00e0 \u0153ufs au plat \u00e0 4 compartiments (3)\" class=\"wp-image-5217\" srcset=\"https:\/\/www.purecook.com\/wp-content\/uploads\/2025\/12\/wholesale-4-compartment-fried-egg-pans-3.webp 800w, https:\/\/www.purecook.com\/wp-content\/uploads\/2025\/12\/wholesale-4-compartment-fried-egg-pans-3-300x300.webp 300w, https:\/\/www.purecook.com\/wp-content\/uploads\/2025\/12\/wholesale-4-compartment-fried-egg-pans-3-150x150.webp 150w, https:\/\/www.purecook.com\/wp-content\/uploads\/2025\/12\/wholesale-4-compartment-fried-egg-pans-3-768x768.webp 768w, https:\/\/www.purecook.com\/wp-content\/uploads\/2025\/12\/wholesale-4-compartment-fried-egg-pans-3-12x12.webp 12w, https:\/\/www.purecook.com\/wp-content\/uploads\/2025\/12\/wholesale-4-compartment-fried-egg-pans-3-600x600.webp 600w, https:\/\/www.purecook.com\/wp-content\/uploads\/2025\/12\/wholesale-4-compartment-fried-egg-pans-3-100x100.webp 100w\" sizes=\"(max-width: 800px) 100vw, 800px\" \/><\/figure>\n<\/div>\n\n\n\n<div class=\"wp-block-column is-layout-flow wp-block-column-is-layout-flow\">\n<figure class=\"wp-block-image size-full\"><img decoding=\"async\" width=\"800\" height=\"800\" src=\"https:\/\/www.purecook.com\/wp-content\/uploads\/2025\/12\/wholesale-4-compartment-fried-egg-pans-4.webp\" alt=\"gros moules \u00e0 \u0153ufs au plat \u00e0 4 compartiments (4)\" class=\"wp-image-5218\" srcset=\"https:\/\/www.purecook.com\/wp-content\/uploads\/2025\/12\/wholesale-4-compartment-fried-egg-pans-4.webp 800w, https:\/\/www.purecook.com\/wp-content\/uploads\/2025\/12\/wholesale-4-compartment-fried-egg-pans-4-300x300.webp 300w, https:\/\/www.purecook.com\/wp-content\/uploads\/2025\/12\/wholesale-4-compartment-fried-egg-pans-4-150x150.webp 150w, https:\/\/www.purecook.com\/wp-content\/uploads\/2025\/12\/wholesale-4-compartment-fried-egg-pans-4-768x768.webp 768w, https:\/\/www.purecook.com\/wp-content\/uploads\/2025\/12\/wholesale-4-compartment-fried-egg-pans-4-12x12.webp 12w, https:\/\/www.purecook.com\/wp-content\/uploads\/2025\/12\/wholesale-4-compartment-fried-egg-pans-4-600x600.webp 600w, https:\/\/www.purecook.com\/wp-content\/uploads\/2025\/12\/wholesale-4-compartment-fried-egg-pans-4-100x100.webp 100w\" sizes=\"(max-width: 800px) 100vw, 800px\" \/><\/figure>\n<\/div>\n<\/div>\n\n\n\n<div class=\"wp-block-columns is-layout-flex wp-container-core-columns-is-layout-9d6595d7 wp-block-columns-is-layout-flex\">\n<div class=\"wp-block-column is-layout-flow wp-block-column-is-layout-flow\"><\/div>\n\n\n\n<div class=\"wp-block-column is-layout-flow wp-block-column-is-layout-flow\"><\/div>\n<\/div>","protected":false},"excerpt":{"rendered":"<p>Vente en gros de casseroles \u00e0 \u0153ufs frits \u00e0 4 compartiments. Cet ustensile de cuisine comporte quatre compartiments distincts, ce qui vous permet de faire frire du bacon, de sauter des crevettes, de cuire des l\u00e9gumes \u00e0 la vapeur et de faire frire un \u0153uf rond parfait, le tout en m\u00eame temps. Cuisinez un repas complet en utilisant une seule table de cuisson. Contactez-nous pour un devis.<\/p>\n<h2>Caract\u00e9ristiques des bo\u00eetes \u00e0 \u0153ufs frits \u00e0 4 compartiments<\/h2>\n<p data-start=\"60\" data-end=\"312\"><strong data-start=\"60\" data-end=\"93\">Cuisine polyvalente tout-en-un :<\/strong> Cette po\u00eale \u00e0 frire vous permet de pr\u00e9parer un petit-d\u00e9jeuner ou un repas complet en une seule fois. Comme le montre l'illustration, vous pouvez simultan\u00e9ment faire frire des \u0153ufs, r\u00f4tir des ailes de poulet, sauter des crevettes et cuire des l\u00e9gumes \u00e0 la vapeur, ce qui r\u00e9duit consid\u00e9rablement le temps de cuisson.<\/p>\n<p data-start=\"314\" data-end=\"497\"><strong data-start=\"314\" data-end=\"343\">Options de formes d\u00e9coratives :<\/strong> Contrairement aux moules \u00e0 \u0153ufs ronds standard, ce mod\u00e8le pr\u00e9sente trois formes uniques, dont des cercles, des \u00e9toiles et des c\u0153urs, pour ajouter de l'amusement et de la cr\u00e9ativit\u00e9 \u00e0 vos pr\u00e9parations culinaires.<\/p>\n<p data-start=\"499\" data-end=\"658\"><strong data-start=\"499\" data-end=\"530\">Rev\u00eatement antiadh\u00e9sif avanc\u00e9 :<\/strong> Avec une petite quantit\u00e9 d'huile ou de beurre, les aliments glissent facilement et la surface peut \u00eatre nettoy\u00e9e sans effort avec une \u00e9ponge.<\/p>\n<p data-start=\"660\" data-end=\"814\"><strong data-start=\"660\" data-end=\"686\">Poign\u00e9e r\u00e9sistante \u00e0 la chaleur :<\/strong> La poign\u00e9e textur\u00e9e en grain de bois est con\u00e7ue de mani\u00e8re ergonomique pour une prise en main confortable et reste froide au toucher pendant la cuisson.<\/p>","protected":false},"featured_media":5215,"comment_status":"closed","ping_status":"closed","template":"","meta":{"_acf_changed":false},"product_brand":[],"product_cat":[24,71],"product_tag":[],"class_list":{"0":"post-5214","1":"product","2":"type-product","3":"status-publish","4":"has-post-thumbnail","6":"product_cat-cookware","7":"product_cat-frying-pan","9":"first","10":"instock","11":"shipping-taxable","12":"product-type-simple"},"acf":[],"_links":{"self":[{"href":"https:\/\/www.purecook.com\/fr\/wp-json\/wp\/v2\/product\/5214","targetHints":{"allow":["GET"]}}],"collection":[{"href":"https:\/\/www.purecook.com\/fr\/wp-json\/wp\/v2\/product"}],"about":[{"href":"https:\/\/www.purecook.com\/fr\/wp-json\/wp\/v2\/types\/product"}],"replies":[{"embeddable":true,"href":"https:\/\/www.purecook.com\/fr\/wp-json\/wp\/v2\/comments?post=5214"}],"wp:featuredmedia":[{"embeddable":true,"href":"https:\/\/www.purecook.com\/fr\/wp-json\/wp\/v2\/media\/5215"}],"wp:attachment":[{"href":"https:\/\/www.purecook.com\/fr\/wp-json\/wp\/v2\/media?parent=5214"}],"wp:term":[{"taxonomy":"product_brand","embeddable":true,"href":"https:\/\/www.purecook.com\/fr\/wp-json\/wp\/v2\/product_brand?post=5214"},{"taxonomy":"product_cat","embeddable":true,"href":"https:\/\/www.purecook.com\/fr\/wp-json\/wp\/v2\/product_cat?post=5214"},{"taxonomy":"product_tag","embeddable":true,"href":"https:\/\/www.purecook.com\/fr\/wp-json\/wp\/v2\/product_tag?post=5214"}],"curies":[{"name":"wp","href":"https:\/\/api.w.org\/{rel}","templated":true}]}}