{"id":5380,"date":"2026-01-24T17:04:11","date_gmt":"2026-01-24T09:04:11","guid":{"rendered":"https:\/\/www.purecook.com\/?post_type=product&#038;p=5380"},"modified":"2026-01-24T17:48:56","modified_gmt":"2026-01-24T09:48:56","slug":"wholesale-stainless-steel-deep-fryer-pots","status":"publish","type":"product","link":"https:\/\/www.purecook.com\/fr\/product\/wholesale-stainless-steel-deep-fryer-pots\/","title":{"rendered":"Wholesale Stainless Steel Deep Fryer Pot with Filter Basket (2.8L) (marmite de friture en acier inoxydable avec panier-filtre)"},"content":{"rendered":"<div class=\"wp-block-columns is-layout-flex wp-container-core-columns-is-layout-9d6595d7 wp-block-columns-is-layout-flex\">\n<div class=\"wp-block-column is-layout-flow wp-block-column-is-layout-flow\">\n<h3 class=\"wp-block-heading\">Param\u00e8tres de la po\u00eale \u00e0 frire ext\u00e9rieure en acier inoxydable<\/h3>\n\n\n\n<p><strong>Mat\u00e9riau :<\/strong> Acier inoxydable<br><strong>\u00c9paisseur normale :<\/strong> 0,6 mm<br><strong>Couvercle :<\/strong> Couvercles en verre<br><strong>Le fond : <\/strong>Induction Fond sandwich (SUS+1 mm Alu+SUS)<br><strong>Logo : <\/strong>S\u00e9rigraphie\/Gravure au laser\/Tampon en relief<br><strong>Poign\u00e9e et bouton du couvercle :<\/strong> Acier inoxydable<br><strong>Capacit\u00e9 :<\/strong> 2.8L<\/p>\n<\/div>\n\n\n\n<div class=\"wp-block-column is-layout-flow wp-block-column-is-layout-flow\">\n<h3 class=\"wp-block-heading\">Options d'ustensiles de cuisine personnalis\u00e9s<\/h3>\n\n\n\n<p><strong>Logo :<\/strong> Personnalisable avec le logo de votre marque<br><strong>Emballage :<\/strong>\u00a0Bo\u00eete de couleur\/Carton, etc.<br><strong>Poign\u00e9e : <\/strong>Une poign\u00e9e adapt\u00e9e \u00e0 votre style<br><strong>Mat\u00e9riau : <\/strong>Acier inoxydable SUS#201\/304\/410\/430<\/p>\n<\/div>\n<\/div>\n\n\n\n<div class=\"wp-block-columns is-layout-flex wp-container-core-columns-is-layout-9d6595d7 wp-block-columns-is-layout-flex\">\n<div class=\"wp-block-column is-layout-flow wp-block-column-is-layout-flow\">\n<figure class=\"wp-block-image size-full\"><img decoding=\"async\" width=\"800\" height=\"800\" src=\"https:\/\/www.purecook.com\/wp-content\/uploads\/2026\/01\/wholesale-stainless-steel-deep-fryer-pot-1.webp\" alt=\"gros pot de friteuse en acier inoxydable (1)\" class=\"wp-image-5382\" srcset=\"https:\/\/www.purecook.com\/wp-content\/uploads\/2026\/01\/wholesale-stainless-steel-deep-fryer-pot-1.webp 800w, https:\/\/www.purecook.com\/wp-content\/uploads\/2026\/01\/wholesale-stainless-steel-deep-fryer-pot-1-300x300.webp 300w, https:\/\/www.purecook.com\/wp-content\/uploads\/2026\/01\/wholesale-stainless-steel-deep-fryer-pot-1-150x150.webp 150w, https:\/\/www.purecook.com\/wp-content\/uploads\/2026\/01\/wholesale-stainless-steel-deep-fryer-pot-1-768x768.webp 768w, https:\/\/www.purecook.com\/wp-content\/uploads\/2026\/01\/wholesale-stainless-steel-deep-fryer-pot-1-12x12.webp 12w, https:\/\/www.purecook.com\/wp-content\/uploads\/2026\/01\/wholesale-stainless-steel-deep-fryer-pot-1-600x600.webp 600w, https:\/\/www.purecook.com\/wp-content\/uploads\/2026\/01\/wholesale-stainless-steel-deep-fryer-pot-1-100x100.webp 100w\" sizes=\"(max-width: 800px) 100vw, 800px\" \/><\/figure>\n<\/div>\n\n\n\n<div class=\"wp-block-column is-layout-flow wp-block-column-is-layout-flow\">\n<figure class=\"wp-block-image size-full\"><img decoding=\"async\" width=\"800\" height=\"800\" src=\"https:\/\/www.purecook.com\/wp-content\/uploads\/2026\/01\/wholesale-stainless-steel-deep-fryer-pot-2.webp\" alt=\"gros pot de friteuse en acier inoxydable (2)\" class=\"wp-image-5383\" srcset=\"https:\/\/www.purecook.com\/wp-content\/uploads\/2026\/01\/wholesale-stainless-steel-deep-fryer-pot-2.webp 800w, https:\/\/www.purecook.com\/wp-content\/uploads\/2026\/01\/wholesale-stainless-steel-deep-fryer-pot-2-300x300.webp 300w, https:\/\/www.purecook.com\/wp-content\/uploads\/2026\/01\/wholesale-stainless-steel-deep-fryer-pot-2-150x150.webp 150w, https:\/\/www.purecook.com\/wp-content\/uploads\/2026\/01\/wholesale-stainless-steel-deep-fryer-pot-2-768x768.webp 768w, https:\/\/www.purecook.com\/wp-content\/uploads\/2026\/01\/wholesale-stainless-steel-deep-fryer-pot-2-12x12.webp 12w, https:\/\/www.purecook.com\/wp-content\/uploads\/2026\/01\/wholesale-stainless-steel-deep-fryer-pot-2-600x600.webp 600w, https:\/\/www.purecook.com\/wp-content\/uploads\/2026\/01\/wholesale-stainless-steel-deep-fryer-pot-2-100x100.webp 100w\" sizes=\"(max-width: 800px) 100vw, 800px\" \/><\/figure>\n<\/div>\n<\/div>\n\n\n\n<div class=\"wp-block-columns is-layout-flex wp-container-core-columns-is-layout-9d6595d7 wp-block-columns-is-layout-flex\">\n<div class=\"wp-block-column is-layout-flow wp-block-column-is-layout-flow\"><\/div>\n\n\n\n<div class=\"wp-block-column is-layout-flow wp-block-column-is-layout-flow\"><\/div>\n<\/div>","protected":false},"excerpt":{"rendered":"<p>Nos friteuses en acier inoxydable sont con\u00e7ues pour une cuisson polyvalente et performante dans les cuisines commerciales et domestiques.<\/p>\n<p>Cette marmite de friture convient aussi bien pour faire bouillir des l\u00e9gumes et des p\u00e2tes que pour frire des aliments, ce qui en fait un v\u00e9ritable ustensile de cuisine polyvalent. Elle est \u00e9quip\u00e9e d'un panier-filtre amovible en acier inoxydable, permettant un soul\u00e8vement rapide et un drainage efficace de l'huile ou de l'eau pour une cuisson plus s\u00fbre et plus propre. Contactez-nous pour un devis.<\/p>\n<h2>Caract\u00e9ristiques des marmites de friture en acier inoxydable<\/h2>\n<p data-pm-slice=\"0 0 []\"><strong>Filtre \u00e0 p\u00e2tes int\u00e9gr\u00e9 :<\/strong> Le panier int\u00e9rieur perfor\u00e9 int\u00e9gr\u00e9 permet aux utilisateurs de cuire et d'\u00e9goutter les p\u00e2tes dans une seule casserole. Il suffit de soulever la passoire pour retirer les p\u00e2tes ou les l\u00e9gumes tout en laissant l'eau chaude.<\/p>\n<p data-pm-slice=\"0 0 []\"><strong>Multifonctionnel :<\/strong> Outre la cuisson des p\u00e2tes, cette marmite est \u00e9galement id\u00e9ale pour blanchir les l\u00e9gumes, cuire les boulettes, pr\u00e9parer les fruits de mer ou frire les aliments qui n\u00e9cessitent un \u00e9gouttage rapide, ce qui la rend adapt\u00e9e \u00e0 une grande vari\u00e9t\u00e9 de recettes.<\/p>\n<p data-pm-slice=\"0 0 []\"><strong>Acier inoxydable tripl\u00e9 Fond :<\/strong> Le fond de l'ustensile de cuisson est constitu\u00e9 d'une base tripl\u00e9e en acier inoxydable SUS + noyau en aluminium de 1 mm + acier inoxydable SUS, une structure qui am\u00e9liore la conductivit\u00e9 de la chaleur, la stabilit\u00e9 structurelle et la fiabilit\u00e9 \u00e0 long terme.<\/p>\n<p><b data-path-to-node=\"10,1,0\" data-index-in-node=\"0\">Verre Couvercle de visualisation :<\/b> Le couvercle transparent vous permet de surveiller l'\u00e9bullition et l'\u00e9tat de vos ingr\u00e9dients sans avoir \u00e0 soulever le couvercle et \u00e0 perdre de la chaleur.<\/p>\n<p data-pm-slice=\"0 0 []\"><b data-path-to-node=\"6,1,0\" data-index-in-node=\"0\">Cuisson verticale :<\/b> Il utilise l'espace vertical plut\u00f4t que la largeur, ce qui est excellent pour faire bouillir de longues p\u00e2tes ou des ingr\u00e9dients immerg\u00e9s comme les \u00e9pis de ma\u00efs.<\/p>\n<p data-pm-slice=\"0 0 []\">\u00a0<\/p>\n<p>\n<script src=\"chrome-extension:\/\/fpelahbljekknahkcaegamhcndkfpfnc\/iFrame.js\" type=\"text\/javascript\"><\/script><\/p>","protected":false},"featured_media":5382,"comment_status":"closed","ping_status":"closed","template":"","meta":{"_acf_changed":false},"product_brand":[],"product_cat":[24,72],"product_tag":[],"class_list":{"0":"post-5380","1":"product","2":"type-product","3":"status-publish","4":"has-post-thumbnail","6":"product_cat-cookware","7":"product_cat-fryer-pots","9":"first","10":"instock","11":"shipping-taxable","12":"product-type-simple"},"acf":[],"_links":{"self":[{"href":"https:\/\/www.purecook.com\/fr\/wp-json\/wp\/v2\/product\/5380","targetHints":{"allow":["GET"]}}],"collection":[{"href":"https:\/\/www.purecook.com\/fr\/wp-json\/wp\/v2\/product"}],"about":[{"href":"https:\/\/www.purecook.com\/fr\/wp-json\/wp\/v2\/types\/product"}],"replies":[{"embeddable":true,"href":"https:\/\/www.purecook.com\/fr\/wp-json\/wp\/v2\/comments?post=5380"}],"wp:featuredmedia":[{"embeddable":true,"href":"https:\/\/www.purecook.com\/fr\/wp-json\/wp\/v2\/media\/5382"}],"wp:attachment":[{"href":"https:\/\/www.purecook.com\/fr\/wp-json\/wp\/v2\/media?parent=5380"}],"wp:term":[{"taxonomy":"product_brand","embeddable":true,"href":"https:\/\/www.purecook.com\/fr\/wp-json\/wp\/v2\/product_brand?post=5380"},{"taxonomy":"product_cat","embeddable":true,"href":"https:\/\/www.purecook.com\/fr\/wp-json\/wp\/v2\/product_cat?post=5380"},{"taxonomy":"product_tag","embeddable":true,"href":"https:\/\/www.purecook.com\/fr\/wp-json\/wp\/v2\/product_tag?post=5380"}],"curies":[{"name":"wp","href":"https:\/\/api.w.org\/{rel}","templated":true}]}}