{"id":5386,"date":"2026-01-24T17:49:38","date_gmt":"2026-01-24T09:49:38","guid":{"rendered":"https:\/\/www.purecook.com\/?post_type=product&#038;p=5386"},"modified":"2026-01-24T18:10:53","modified_gmt":"2026-01-24T10:10:53","slug":"wholesale-stock-pots","status":"publish","type":"product","link":"https:\/\/www.purecook.com\/fr\/product\/wholesale-stock-pots\/","title":{"rendered":"Pots de stockage en gros - Grande capacit\u00e9 (9.2L \/ 11L \/ 14L)"},"content":{"rendered":"<div class=\"wp-block-columns is-layout-flex wp-container-core-columns-is-layout-9d6595d7 wp-block-columns-is-layout-flex\">\n<div class=\"wp-block-column is-layout-flow wp-block-column-is-layout-flow\">\n<h3 class=\"wp-block-heading\">Param\u00e8tres des pots de stockage<\/h3>\n\n\n\n<p><strong>Mat\u00e9riau :<\/strong> Acier inoxydable<br><strong>\u00c9paisseur normale :<\/strong> 0,5 mm<br><strong>Couvercle :<\/strong> Couvercles en verre<br><strong>Le fond : <\/strong>Induction Fond sandwich (SUS+1 mm Alu.+SUS)<br><strong>Logo :<\/strong> S\u00e9rigraphie\/Gravure au laser\/Tampon en relief<br><strong>Poign\u00e9e et bouton du couvercle :<\/strong> Acier inoxydable<br><strong>Capacit\u00e9 : <\/strong>9,2L \/ 11L \/ 14L<br><\/p>\n<\/div>\n\n\n\n<div class=\"wp-block-column is-layout-flow wp-block-column-is-layout-flow\">\n<h3 class=\"wp-block-heading\">Options d'ustensiles de cuisine personnalis\u00e9s<\/h3>\n\n\n\n<p><strong>Mat\u00e9riau :<\/strong> Acier inoxydable SUS#201\/304\/410\/430<br><strong>Poign\u00e9e :<\/strong> Une poign\u00e9e adapt\u00e9e \u00e0 votre style<br><strong>Logo : <\/strong>Personnalisable avec le logo de votre marque<br><strong>Emballage :<\/strong> bo\u00eete de couleur\/carton, etc.<\/p>\n<\/div>\n<\/div>\n\n\n\n<div class=\"wp-block-columns is-layout-flex wp-container-core-columns-is-layout-9d6595d7 wp-block-columns-is-layout-flex\">\n<div class=\"wp-block-column is-layout-flow wp-block-column-is-layout-flow\">\n<figure class=\"wp-block-image size-full\"><img decoding=\"async\" width=\"750\" height=\"750\" src=\"https:\/\/www.purecook.com\/wp-content\/uploads\/2026\/01\/wholesale-stock-pots-1.webp\" alt=\"pots en gros (1)\" class=\"wp-image-5387\" srcset=\"https:\/\/www.purecook.com\/wp-content\/uploads\/2026\/01\/wholesale-stock-pots-1.webp 750w, https:\/\/www.purecook.com\/wp-content\/uploads\/2026\/01\/wholesale-stock-pots-1-300x300.webp 300w, https:\/\/www.purecook.com\/wp-content\/uploads\/2026\/01\/wholesale-stock-pots-1-150x150.webp 150w, https:\/\/www.purecook.com\/wp-content\/uploads\/2026\/01\/wholesale-stock-pots-1-12x12.webp 12w, https:\/\/www.purecook.com\/wp-content\/uploads\/2026\/01\/wholesale-stock-pots-1-600x600.webp 600w, https:\/\/www.purecook.com\/wp-content\/uploads\/2026\/01\/wholesale-stock-pots-1-100x100.webp 100w\" sizes=\"(max-width: 750px) 100vw, 750px\" \/><\/figure>\n<\/div>\n\n\n\n<div class=\"wp-block-column is-layout-flow wp-block-column-is-layout-flow\">\n<figure class=\"wp-block-image size-full\"><img decoding=\"async\" width=\"800\" height=\"800\" src=\"https:\/\/www.purecook.com\/wp-content\/uploads\/2026\/01\/wholesale-stock-pots-2.webp\" alt=\"pots en gros (2)\" class=\"wp-image-5388\" srcset=\"https:\/\/www.purecook.com\/wp-content\/uploads\/2026\/01\/wholesale-stock-pots-2.webp 800w, https:\/\/www.purecook.com\/wp-content\/uploads\/2026\/01\/wholesale-stock-pots-2-300x300.webp 300w, https:\/\/www.purecook.com\/wp-content\/uploads\/2026\/01\/wholesale-stock-pots-2-150x150.webp 150w, https:\/\/www.purecook.com\/wp-content\/uploads\/2026\/01\/wholesale-stock-pots-2-768x768.webp 768w, https:\/\/www.purecook.com\/wp-content\/uploads\/2026\/01\/wholesale-stock-pots-2-12x12.webp 12w, https:\/\/www.purecook.com\/wp-content\/uploads\/2026\/01\/wholesale-stock-pots-2-600x600.webp 600w, https:\/\/www.purecook.com\/wp-content\/uploads\/2026\/01\/wholesale-stock-pots-2-100x100.webp 100w\" sizes=\"(max-width: 800px) 100vw, 800px\" \/><\/figure>\n<\/div>\n<\/div>\n\n\n\n<div class=\"wp-block-columns is-layout-flex wp-container-core-columns-is-layout-9d6595d7 wp-block-columns-is-layout-flex\">\n<div class=\"wp-block-column is-layout-flow wp-block-column-is-layout-flow\"><\/div>\n\n\n\n<div class=\"wp-block-column is-layout-flow wp-block-column-is-layout-flow\"><\/div>\n<\/div>","protected":false},"excerpt":{"rendered":"<p>Marmites en gros. Parfaites pour les restaurants, les services de restauration et les cuisines professionnelles, ces marmites de grande capacit\u00e9 permettent de cuisiner en masse sans effort. Disponibles en 9,2 litres, 11 litres et 14 litres, elles sont con\u00e7ues pour contenir des soupes, des bouillons, des sauces, des p\u00e2tes et bien d'autres choses encore.<\/p>\n<h2>Caract\u00e9ristiques des marmites en acier inoxydable<\/h2>\n<p><strong>Compatibilit\u00e9 avec les sources de chaleur multiples :<\/strong> Ces marmites sont con\u00e7ues pour fonctionner sur des cuisini\u00e8res \u00e0 gaz, \u00e9lectriques et \u00e0 induction.<\/p>\n<p><strong>Options de grande capacit\u00e9 :<\/strong> Disponible en <strong>9.2L, 11L et 14L<\/strong> ils sont id\u00e9aux pour cuisiner en masse, faire mijoter des bouillons d'os, faire bouillir des p\u00e2tes ou pr\u00e9parer de grands repas familiaux.<\/p>\n<p data-pm-slice=\"0 0 []\"><strong>Haute efficacit\u00e9 pour une utilisation commerciale :<\/strong> Con\u00e7us pour la cuisson de gros volumes, ils permettent de r\u00e9duire la fr\u00e9quence des lots et d'\u00e9conomiser du temps, de l'\u00e9nergie et de la main d'\u0153uvre pendant les p\u00e9riodes de pointe de la cuisine.<\/p>\n<p data-pm-slice=\"0 0 []\"><b data-path-to-node=\"6,0,0\" data-index-in-node=\"0\">Lavable au lave-vaisselle :<\/b> Ces marmites de grande capacit\u00e9 peuvent \u00eatre lav\u00e9es au lave-vaisselle, ce qui permet de gagner du temps et de r\u00e9duire les co\u00fbts de main-d'\u0153uvre dans les cuisines commerciales tr\u00e8s fr\u00e9quent\u00e9es o\u00f9 le temps est un facteur essentiel.<\/p>\n<p data-pm-slice=\"0 0 []\"><strong>Id\u00e9al pour l'approvisionnement en gros et en masse :<\/strong> En tant que l'un des principaux fabricants chinois d'ustensiles de cuisine, nos tailles standardis\u00e9es, notre qualit\u00e9 constante et nos lignes de production efficaces garantissent la livraison rapide et fiable des commandes de gros volumes.<\/p>\n<p>\n<script src=\"chrome-extension:\/\/fpelahbljekknahkcaegamhcndkfpfnc\/iFrame.js\" type=\"text\/javascript\"><\/script><\/p>","protected":false},"featured_media":5387,"comment_status":"closed","ping_status":"closed","template":"","meta":{"_acf_changed":false},"product_brand":[],"product_cat":[24,70],"product_tag":[],"class_list":{"0":"post-5386","1":"product","2":"type-product","3":"status-publish","4":"has-post-thumbnail","6":"product_cat-cookware","7":"product_cat-soup-and-stock-pots","9":"first","10":"instock","11":"shipping-taxable","12":"product-type-simple"},"acf":[],"_links":{"self":[{"href":"https:\/\/www.purecook.com\/fr\/wp-json\/wp\/v2\/product\/5386","targetHints":{"allow":["GET"]}}],"collection":[{"href":"https:\/\/www.purecook.com\/fr\/wp-json\/wp\/v2\/product"}],"about":[{"href":"https:\/\/www.purecook.com\/fr\/wp-json\/wp\/v2\/types\/product"}],"replies":[{"embeddable":true,"href":"https:\/\/www.purecook.com\/fr\/wp-json\/wp\/v2\/comments?post=5386"}],"wp:featuredmedia":[{"embeddable":true,"href":"https:\/\/www.purecook.com\/fr\/wp-json\/wp\/v2\/media\/5387"}],"wp:attachment":[{"href":"https:\/\/www.purecook.com\/fr\/wp-json\/wp\/v2\/media?parent=5386"}],"wp:term":[{"taxonomy":"product_brand","embeddable":true,"href":"https:\/\/www.purecook.com\/fr\/wp-json\/wp\/v2\/product_brand?post=5386"},{"taxonomy":"product_cat","embeddable":true,"href":"https:\/\/www.purecook.com\/fr\/wp-json\/wp\/v2\/product_cat?post=5386"},{"taxonomy":"product_tag","embeddable":true,"href":"https:\/\/www.purecook.com\/fr\/wp-json\/wp\/v2\/product_tag?post=5386"}],"curies":[{"name":"wp","href":"https:\/\/api.w.org\/{rel}","templated":true}]}}