{"id":5392,"date":"2026-01-26T15:07:42","date_gmt":"2026-01-26T07:07:42","guid":{"rendered":"https:\/\/www.purecook.com\/?post_type=product&#038;p=5392"},"modified":"2026-02-06T07:50:02","modified_gmt":"2026-02-05T23:50:02","slug":"wholesale-cook-serve-cookware-set","status":"publish","type":"product","link":"https:\/\/www.purecook.com\/fr\/product\/wholesale-cook-serve-cookware-set\/","title":{"rendered":"Batterie de cuisine en acier inoxydable non abrasif - Batterie de cuisine pour la maison"},"content":{"rendered":"<div class=\"wp-block-columns is-layout-flex wp-container-core-columns-is-layout-9d6595d7 wp-block-columns-is-layout-flex\">\n<div class=\"wp-block-column is-layout-flow wp-block-column-is-layout-flow\">\n<h3 class=\"wp-block-heading\">Param\u00e8tres des ustensiles de cuisine en acier inoxydable<\/h3>\n\n\n\n<p><strong>Mat\u00e9riau :<\/strong> Acier inoxydable<br><strong>Poign\u00e9e et bouton du couvercle :<\/strong> Acier inoxydable<br><strong>Logo : <\/strong>S\u00e9rigraphie\/Gravure au laser\/Tampon en relief<br><strong>Taille :<\/strong>16\/18\/20cm<\/p>\n<\/div>\n\n\n\n<div class=\"wp-block-column is-layout-flow wp-block-column-is-layout-flow\">\n<h3 class=\"wp-block-heading\">Options d'ustensiles de cuisine personnalis\u00e9s<\/h3>\n\n\n\n<p><strong>Logo :<\/strong> Personnalisable avec le logo de votre marque<br><strong>Emballage :<\/strong>&nbsp;Bo\u00eete de couleur\/Carton, etc.<br><strong>Poign\u00e9e : <\/strong>Une poign\u00e9e adapt\u00e9e \u00e0 votre style<\/p>\n<\/div>\n<\/div>\n\n\n\n<div class=\"wp-block-columns is-layout-flex wp-container-core-columns-is-layout-9d6595d7 wp-block-columns-is-layout-flex\">\n<div class=\"wp-block-column is-layout-flow wp-block-column-is-layout-flow\">\n<figure class=\"wp-block-image size-full\"><img decoding=\"async\" width=\"800\" height=\"800\" src=\"https:\/\/www.purecook.com\/wp-content\/uploads\/2026\/01\/non-abrasive-process-stainless-steel-cookware-set-2.webp\" alt=\"batterie de cuisine en acier inoxydable non abrasif (2)\" class=\"wp-image-5394\" srcset=\"https:\/\/www.purecook.com\/wp-content\/uploads\/2026\/01\/non-abrasive-process-stainless-steel-cookware-set-2.webp 800w, https:\/\/www.purecook.com\/wp-content\/uploads\/2026\/01\/non-abrasive-process-stainless-steel-cookware-set-2-300x300.webp 300w, https:\/\/www.purecook.com\/wp-content\/uploads\/2026\/01\/non-abrasive-process-stainless-steel-cookware-set-2-150x150.webp 150w, https:\/\/www.purecook.com\/wp-content\/uploads\/2026\/01\/non-abrasive-process-stainless-steel-cookware-set-2-768x768.webp 768w, https:\/\/www.purecook.com\/wp-content\/uploads\/2026\/01\/non-abrasive-process-stainless-steel-cookware-set-2-12x12.webp 12w, https:\/\/www.purecook.com\/wp-content\/uploads\/2026\/01\/non-abrasive-process-stainless-steel-cookware-set-2-600x600.webp 600w, https:\/\/www.purecook.com\/wp-content\/uploads\/2026\/01\/non-abrasive-process-stainless-steel-cookware-set-2-100x100.webp 100w\" sizes=\"(max-width: 800px) 100vw, 800px\" \/><\/figure>\n<\/div>\n\n\n\n<div class=\"wp-block-column is-layout-flow wp-block-column-is-layout-flow\">\n<figure class=\"wp-block-image size-full\"><img decoding=\"async\" width=\"800\" height=\"800\" src=\"https:\/\/www.purecook.com\/wp-content\/uploads\/2026\/01\/non-abrasive-process-stainless-steel-cookware-set-6.webp\" alt=\"batterie de cuisine en acier inoxydable non abrasif (6)\" class=\"wp-image-5398\" srcset=\"https:\/\/www.purecook.com\/wp-content\/uploads\/2026\/01\/non-abrasive-process-stainless-steel-cookware-set-6.webp 800w, https:\/\/www.purecook.com\/wp-content\/uploads\/2026\/01\/non-abrasive-process-stainless-steel-cookware-set-6-300x300.webp 300w, https:\/\/www.purecook.com\/wp-content\/uploads\/2026\/01\/non-abrasive-process-stainless-steel-cookware-set-6-150x150.webp 150w, https:\/\/www.purecook.com\/wp-content\/uploads\/2026\/01\/non-abrasive-process-stainless-steel-cookware-set-6-768x768.webp 768w, https:\/\/www.purecook.com\/wp-content\/uploads\/2026\/01\/non-abrasive-process-stainless-steel-cookware-set-6-12x12.webp 12w, https:\/\/www.purecook.com\/wp-content\/uploads\/2026\/01\/non-abrasive-process-stainless-steel-cookware-set-6-600x600.webp 600w, https:\/\/www.purecook.com\/wp-content\/uploads\/2026\/01\/non-abrasive-process-stainless-steel-cookware-set-6-100x100.webp 100w\" sizes=\"(max-width: 800px) 100vw, 800px\" \/><\/figure>\n<\/div>\n<\/div>","protected":false},"excerpt":{"rendered":"<p>Con\u00e7ue pour les cuisines modernes et les d\u00eeners contemporains, cette batterie de cuisine en acier inoxydable passe sans transition de la cuisson au service. Le produit utilise un processus de traitement de surface non abrasif, qui permet d'obtenir une finition de surface lisse et uniforme tout en pr\u00e9servant les propri\u00e9t\u00e9s naturelles de l'acier inoxydable, ce qui garantit sa durabilit\u00e9 et sa facilit\u00e9 d'entretien.<\/p>\n<h2>Caract\u00e9ristiques de la batterie de cuisine en acier inoxydable non abrasif<\/h2>\n<p><strong>De la fourche \u00e0 la fourchette\u201c :<\/strong> Cette batterie de cuisine peut \u00eatre utilis\u00e9e \u00e0 la fois comme r\u00e9cipient de cuisson et comme plat de service. Apr\u00e8s avoir fait cuire votre repas sur la cuisini\u00e8re \u00e0 gaz, vous pouvez simplement le transf\u00e9rer sur la table \u00e0 manger.<\/p>\n<p data-pm-slice=\"0 0 []\"><strong>Empilable pour un stockage efficace :<\/strong> Chaque pi\u00e8ce est con\u00e7ue pour s'embo\u00eeter parfaitement, ce qui permet d'empiler l'ensemble verticalement. Cela permet de r\u00e9duire consid\u00e9rablement l'encombrement des armoires et des \u00e9tag\u00e8res par rapport aux ustensiles de cuisine traditionnels.<\/p>\n<p data-pm-slice=\"0 0 []\"><strong>Esth\u00e9tique \u00e9pur\u00e9e et minimale :<\/strong> Cette batterie de cuisine en gros est con\u00e7ue pour s'adapter parfaitement \u00e0 la tendance des cuisines minimalistes. La surface lisse en acier inoxydable est sophistiqu\u00e9e et se marie naturellement avec des d\u00e9cors de table modernes, scandinaves ou japonais.<\/p>\n<p data-pm-slice=\"0 0 []\"><strong>Surface plus lisse et plus raffin\u00e9e :<\/strong> Le traitement non abrasif \u00e9vite le meulage ou le pon\u00e7age m\u00e9canique agressif, ce qui permet d'obtenir une surface plus uniforme et plus lisse. Cette finition raffin\u00e9e am\u00e9liore \u00e0 la fois les performances de cuisson et l'attrait visuel.<\/p>\n<p data-pm-slice=\"0 0 []\"><strong>Options de cuisson polyvalentes :<\/strong> Convient pour faire bouillir, mijoter, cuire \u00e0 la vapeur et servir une grande vari\u00e9t\u00e9 de plats, des soupes au riz en passant par les l\u00e9gumes et les repas partag\u00e9s.<\/p>\n<p>\n<script src=\"chrome-extension:\/\/fpelahbljekknahkcaegamhcndkfpfnc\/iFrame.js\" type=\"text\/javascript\"><\/script><\/p>","protected":false},"featured_media":5393,"comment_status":"closed","ping_status":"closed","template":"","meta":{"_acf_changed":false},"product_brand":[],"product_cat":[24,69],"product_tag":[],"class_list":{"0":"post-5392","1":"product","2":"type-product","3":"status-publish","4":"has-post-thumbnail","6":"product_cat-cookware","7":"product_cat-cookware-sets","9":"first","10":"instock","11":"shipping-taxable","12":"product-type-simple"},"acf":[],"_links":{"self":[{"href":"https:\/\/www.purecook.com\/fr\/wp-json\/wp\/v2\/product\/5392","targetHints":{"allow":["GET"]}}],"collection":[{"href":"https:\/\/www.purecook.com\/fr\/wp-json\/wp\/v2\/product"}],"about":[{"href":"https:\/\/www.purecook.com\/fr\/wp-json\/wp\/v2\/types\/product"}],"replies":[{"embeddable":true,"href":"https:\/\/www.purecook.com\/fr\/wp-json\/wp\/v2\/comments?post=5392"}],"wp:featuredmedia":[{"embeddable":true,"href":"https:\/\/www.purecook.com\/fr\/wp-json\/wp\/v2\/media\/5393"}],"wp:attachment":[{"href":"https:\/\/www.purecook.com\/fr\/wp-json\/wp\/v2\/media?parent=5392"}],"wp:term":[{"taxonomy":"product_brand","embeddable":true,"href":"https:\/\/www.purecook.com\/fr\/wp-json\/wp\/v2\/product_brand?post=5392"},{"taxonomy":"product_cat","embeddable":true,"href":"https:\/\/www.purecook.com\/fr\/wp-json\/wp\/v2\/product_cat?post=5392"},{"taxonomy":"product_tag","embeddable":true,"href":"https:\/\/www.purecook.com\/fr\/wp-json\/wp\/v2\/product_tag?post=5392"}],"curies":[{"name":"wp","href":"https:\/\/api.w.org\/{rel}","templated":true}]}}