{"id":5399,"date":"2026-01-26T16:05:13","date_gmt":"2026-01-26T07:53:59","guid":{"rendered":"https:\/\/www.purecook.com\/?post_type=product&#038;p=5399"},"modified":"2026-01-26T16:08:15","modified_gmt":"2026-01-26T08:08:15","slug":"wholesale-pp-plastic-dinnerware-sets","status":"publish","type":"product","link":"https:\/\/www.purecook.com\/fr\/product\/wholesale-pp-plastic-dinnerware-sets\/","title":{"rendered":"Vaisselle en plastique PP pour la s\u00e9curit\u00e9 alimentaire (grossiste)"},"content":{"rendered":"<div class=\"wp-block-columns is-layout-flex wp-container-core-columns-is-layout-9d6595d7 wp-block-columns-is-layout-flex\">\n<div class=\"wp-block-column is-layout-flow wp-block-column-is-layout-flow\">\n<h3 class=\"wp-block-heading\">Param\u00e8tres des ensembles de vaisselle en plastique<\/h3>\n\n\n\n<p><strong>Mat\u00e9riau :<\/strong> PP<br><strong>Couleur :<\/strong> beige<\/p>\n<\/div>\n\n\n\n<div class=\"wp-block-column is-layout-flow wp-block-column-is-layout-flow\">\n<h3 class=\"wp-block-heading\">Options d'ustensiles de cuisine personnalis\u00e9s<\/h3>\n\n\n\n<p><strong>Logo :<\/strong> Personnalisable avec le logo de votre marque<br><strong>Emballage :<\/strong>&nbsp;Bo\u00eete de couleur\/Carton, etc.<\/p>\n<\/div>\n<\/div>\n\n\n\n<div class=\"wp-block-columns is-layout-flex wp-container-core-columns-is-layout-9d6595d7 wp-block-columns-is-layout-flex\">\n<div class=\"wp-block-column is-layout-flow wp-block-column-is-layout-flow\">\n<figure class=\"wp-block-image size-full\"><img decoding=\"async\" width=\"800\" height=\"800\" src=\"https:\/\/www.purecook.com\/wp-content\/uploads\/2026\/01\/wholesale-pp-plastic-dinnerware-sets-4.webp\" alt=\"vaisselle en plastique pp en gros (4)\" class=\"wp-image-5403\" srcset=\"https:\/\/www.purecook.com\/wp-content\/uploads\/2026\/01\/wholesale-pp-plastic-dinnerware-sets-4.webp 800w, https:\/\/www.purecook.com\/wp-content\/uploads\/2026\/01\/wholesale-pp-plastic-dinnerware-sets-4-300x300.webp 300w, https:\/\/www.purecook.com\/wp-content\/uploads\/2026\/01\/wholesale-pp-plastic-dinnerware-sets-4-150x150.webp 150w, https:\/\/www.purecook.com\/wp-content\/uploads\/2026\/01\/wholesale-pp-plastic-dinnerware-sets-4-768x768.webp 768w, https:\/\/www.purecook.com\/wp-content\/uploads\/2026\/01\/wholesale-pp-plastic-dinnerware-sets-4-12x12.webp 12w, https:\/\/www.purecook.com\/wp-content\/uploads\/2026\/01\/wholesale-pp-plastic-dinnerware-sets-4-600x600.webp 600w, https:\/\/www.purecook.com\/wp-content\/uploads\/2026\/01\/wholesale-pp-plastic-dinnerware-sets-4-100x100.webp 100w\" sizes=\"(max-width: 800px) 100vw, 800px\" \/><\/figure>\n<\/div>\n\n\n\n<div class=\"wp-block-column is-layout-flow wp-block-column-is-layout-flow\">\n<figure class=\"wp-block-image size-full\"><img decoding=\"async\" width=\"800\" height=\"800\" src=\"https:\/\/www.purecook.com\/wp-content\/uploads\/2026\/01\/wholesale-pp-plastic-dinnerware-sets-5.webp\" alt=\"vaisselle en plastique pp en gros (5)\" class=\"wp-image-5404\" srcset=\"https:\/\/www.purecook.com\/wp-content\/uploads\/2026\/01\/wholesale-pp-plastic-dinnerware-sets-5.webp 800w, https:\/\/www.purecook.com\/wp-content\/uploads\/2026\/01\/wholesale-pp-plastic-dinnerware-sets-5-300x300.webp 300w, https:\/\/www.purecook.com\/wp-content\/uploads\/2026\/01\/wholesale-pp-plastic-dinnerware-sets-5-150x150.webp 150w, https:\/\/www.purecook.com\/wp-content\/uploads\/2026\/01\/wholesale-pp-plastic-dinnerware-sets-5-768x768.webp 768w, https:\/\/www.purecook.com\/wp-content\/uploads\/2026\/01\/wholesale-pp-plastic-dinnerware-sets-5-12x12.webp 12w, https:\/\/www.purecook.com\/wp-content\/uploads\/2026\/01\/wholesale-pp-plastic-dinnerware-sets-5-600x600.webp 600w, https:\/\/www.purecook.com\/wp-content\/uploads\/2026\/01\/wholesale-pp-plastic-dinnerware-sets-5-100x100.webp 100w\" sizes=\"(max-width: 800px) 100vw, 800px\" \/><\/figure>\n<\/div>\n<\/div>","protected":false},"excerpt":{"rendered":"<p>La vaisselle en plastique PP de qualit\u00e9 alimentaire est con\u00e7ue pour r\u00e9pondre aux exigences de la restauration moderne et de l'approvisionnement \u00e0 grande \u00e9chelle. Fabriqu\u00e9s en plastique PP de qualit\u00e9 alimentaire, sans BPA, ces ensembles de vaisselle sont s\u00fbrs pour une utilisation quotidienne avec des aliments chauds et froids. Disponibles en vrac avec<strong data-start=\"675\" data-end=\"708\"> Options de personnalisation OEM\/ODM <\/strong>pour les couleurs, les tailles, les logos et l'emballage, contactez-nous pour un devis.<\/p>\n<h2>Caract\u00e9ristiques de la vaisselle en plastique PP<\/h2>\n<p><strong>Incassable et incassable :<\/strong> Contrairement \u00e0 la c\u00e9ramique ou au verre, ces assiettes et bols en PP ne se brisent pas, m\u00eame en cas de chute, ce qui les rend id\u00e9aux pour les familles avec enfants et les personnes \u00e2g\u00e9es.<\/p>\n<p><strong>Mat\u00e9riau de qualit\u00e9 alimentaire :<\/strong> Fabriqu\u00e9 en \u201cPP alimentaire\u201d, c'est-\u00e0-dire sans BPA et non toxique, il garantit qu'aucun produit chimique nocif ne s'infiltre dans les aliments chauds ou froids.<\/p>\n<p><strong>Convient pour une utilisation en int\u00e9rieur et en ext\u00e9rieur :<\/strong> Leur l\u00e9g\u00e8ret\u00e9 et leur durabilit\u00e9 les rendent parfaits pour les terrasses, les v\u00e9hicules r\u00e9cr\u00e9atifs, le camping et les repas au bord de la piscine - des endroits o\u00f9 la verrerie est g\u00e9n\u00e9ralement interdite.<\/p>\n<p><strong>Facile \u00e0 nettoyer et \u00e0 entretenir :<\/strong> La surface lisse est r\u00e9sistante aux taches et facile \u00e0 laver, ce qui permet un nettoyage hygi\u00e9nique et sans probl\u00e8me.<\/p>\n<p><strong>Vente en gros et personnalisation :<\/strong> Disponible en vrac avec des options OEM\/ODM, y compris les couleurs, les tailles, les logos et l'emballage.<\/p>\n<p>\n<script src=\"chrome-extension:\/\/fpelahbljekknahkcaegamhcndkfpfnc\/iFrame.js\" type=\"text\/javascript\"><\/script><\/p>","protected":false},"featured_media":5400,"comment_status":"closed","ping_status":"closed","template":"","meta":{"_acf_changed":false},"product_brand":[],"product_cat":[51],"product_tag":[],"class_list":{"0":"post-5399","1":"product","2":"type-product","3":"status-publish","4":"has-post-thumbnail","6":"product_cat-dinnerware","8":"first","9":"instock","10":"shipping-taxable","11":"product-type-simple"},"acf":[],"_links":{"self":[{"href":"https:\/\/www.purecook.com\/fr\/wp-json\/wp\/v2\/product\/5399","targetHints":{"allow":["GET"]}}],"collection":[{"href":"https:\/\/www.purecook.com\/fr\/wp-json\/wp\/v2\/product"}],"about":[{"href":"https:\/\/www.purecook.com\/fr\/wp-json\/wp\/v2\/types\/product"}],"replies":[{"embeddable":true,"href":"https:\/\/www.purecook.com\/fr\/wp-json\/wp\/v2\/comments?post=5399"}],"wp:featuredmedia":[{"embeddable":true,"href":"https:\/\/www.purecook.com\/fr\/wp-json\/wp\/v2\/media\/5400"}],"wp:attachment":[{"href":"https:\/\/www.purecook.com\/fr\/wp-json\/wp\/v2\/media?parent=5399"}],"wp:term":[{"taxonomy":"product_brand","embeddable":true,"href":"https:\/\/www.purecook.com\/fr\/wp-json\/wp\/v2\/product_brand?post=5399"},{"taxonomy":"product_cat","embeddable":true,"href":"https:\/\/www.purecook.com\/fr\/wp-json\/wp\/v2\/product_cat?post=5399"},{"taxonomy":"product_tag","embeddable":true,"href":"https:\/\/www.purecook.com\/fr\/wp-json\/wp\/v2\/product_tag?post=5399"}],"curies":[{"name":"wp","href":"https:\/\/api.w.org\/{rel}","templated":true}]}}