{"id":5406,"date":"2026-01-26T16:16:49","date_gmt":"2026-01-26T08:16:49","guid":{"rendered":"https:\/\/www.purecook.com\/?post_type=product&#038;p=5406"},"modified":"2026-01-26T17:03:34","modified_gmt":"2026-01-26T09:03:34","slug":"wholesale-deep-frying-pots","status":"publish","type":"product","link":"https:\/\/www.purecook.com\/fr\/product\/wholesale-deep-frying-pots\/","title":{"rendered":"Grossiste Marmite \u00e0 frire avec panier \u00e0 tamis 4.3L"},"content":{"rendered":"<div class=\"wp-block-columns is-layout-flex wp-container-core-columns-is-layout-9d6595d7 wp-block-columns-is-layout-flex\">\n<div class=\"wp-block-column is-layout-flow wp-block-column-is-layout-flow\">\n<h3 class=\"wp-block-heading\">Param\u00e8tres de la marmite \u00e0 frire<\/h3>\n\n\n\n<p><strong>Mat\u00e9riau :<\/strong> Acier inoxydable<br><strong>\u00c9paisseur normale :<\/strong> 0,65 mm<br><strong>Couvercle :<\/strong> Couvercles en verre<br><strong>Logo : <\/strong>S\u00e9rigraphie\/Gravure au laser\/Tampon en relief<br><strong>Poign\u00e9e et bouton du couvercle :<\/strong> Acier inoxydable<br><strong>Taille :<\/strong> 4,3L(16\u00d722cm)<\/p>\n<\/div>\n\n\n\n<div class=\"wp-block-column is-layout-flow wp-block-column-is-layout-flow\">\n<h3 class=\"wp-block-heading\">Options d'ustensiles de cuisine personnalis\u00e9s<\/h3>\n\n\n\n<p><strong>Logo :<\/strong> Personnalisable avec le logo de votre marque<br><strong>Emballage :<\/strong>&nbsp;Bo\u00eete de couleur\/Carton, etc.<br><strong>Poign\u00e9e : <\/strong>Une poign\u00e9e adapt\u00e9e \u00e0 votre style<\/p>\n<\/div>\n<\/div>\n\n\n\n<div class=\"wp-block-columns is-layout-flex wp-container-core-columns-is-layout-9d6595d7 wp-block-columns-is-layout-flex\">\n<div class=\"wp-block-column is-layout-flow wp-block-column-is-layout-flow\">\n<figure class=\"wp-block-image size-full\"><img decoding=\"async\" width=\"800\" height=\"800\" src=\"https:\/\/www.purecook.com\/wp-content\/uploads\/2026\/01\/deep-frying-pot-dimension.webp\" alt=\"dimension de la marmite \u00e0 frire\" class=\"wp-image-5407\" srcset=\"https:\/\/www.purecook.com\/wp-content\/uploads\/2026\/01\/deep-frying-pot-dimension.webp 800w, https:\/\/www.purecook.com\/wp-content\/uploads\/2026\/01\/deep-frying-pot-dimension-300x300.webp 300w, https:\/\/www.purecook.com\/wp-content\/uploads\/2026\/01\/deep-frying-pot-dimension-150x150.webp 150w, https:\/\/www.purecook.com\/wp-content\/uploads\/2026\/01\/deep-frying-pot-dimension-768x768.webp 768w, https:\/\/www.purecook.com\/wp-content\/uploads\/2026\/01\/deep-frying-pot-dimension-12x12.webp 12w, https:\/\/www.purecook.com\/wp-content\/uploads\/2026\/01\/deep-frying-pot-dimension-600x600.webp 600w, https:\/\/www.purecook.com\/wp-content\/uploads\/2026\/01\/deep-frying-pot-dimension-100x100.webp 100w\" sizes=\"(max-width: 800px) 100vw, 800px\" \/><\/figure>\n<\/div>\n\n\n\n<div class=\"wp-block-column is-layout-flow wp-block-column-is-layout-flow\"><\/div>\n<\/div>\n\n\n\n<div class=\"wp-block-columns is-layout-flex wp-container-core-columns-is-layout-9d6595d7 wp-block-columns-is-layout-flex\">\n<div class=\"wp-block-column is-layout-flow wp-block-column-is-layout-flow\">\n<figure class=\"wp-block-image size-full\"><img decoding=\"async\" width=\"800\" height=\"800\" src=\"https:\/\/www.purecook.com\/wp-content\/uploads\/2026\/01\/wholesale-deep-frying-pot-4.3L-4.webp\" alt=\"gros pot de friture 4.3L (4)\" class=\"wp-image-5411\" srcset=\"https:\/\/www.purecook.com\/wp-content\/uploads\/2026\/01\/wholesale-deep-frying-pot-4.3L-4.webp 800w, https:\/\/www.purecook.com\/wp-content\/uploads\/2026\/01\/wholesale-deep-frying-pot-4.3L-4-300x300.webp 300w, https:\/\/www.purecook.com\/wp-content\/uploads\/2026\/01\/wholesale-deep-frying-pot-4.3L-4-150x150.webp 150w, https:\/\/www.purecook.com\/wp-content\/uploads\/2026\/01\/wholesale-deep-frying-pot-4.3L-4-768x768.webp 768w, https:\/\/www.purecook.com\/wp-content\/uploads\/2026\/01\/wholesale-deep-frying-pot-4.3L-4-12x12.webp 12w, https:\/\/www.purecook.com\/wp-content\/uploads\/2026\/01\/wholesale-deep-frying-pot-4.3L-4-600x600.webp 600w, https:\/\/www.purecook.com\/wp-content\/uploads\/2026\/01\/wholesale-deep-frying-pot-4.3L-4-100x100.webp 100w\" sizes=\"(max-width: 800px) 100vw, 800px\" \/><\/figure>\n<\/div>\n\n\n\n<div class=\"wp-block-column is-layout-flow wp-block-column-is-layout-flow\">\n<figure class=\"wp-block-image size-full\"><img decoding=\"async\" width=\"1440\" height=\"1440\" src=\"https:\/\/www.purecook.com\/wp-content\/uploads\/2026\/01\/wholesale-deep-frying-pot-4.3L-5.webp\" alt=\"gros pot de friture 4.3L (5)\" class=\"wp-image-5412\" srcset=\"https:\/\/www.purecook.com\/wp-content\/uploads\/2026\/01\/wholesale-deep-frying-pot-4.3L-5.webp 1440w, https:\/\/www.purecook.com\/wp-content\/uploads\/2026\/01\/wholesale-deep-frying-pot-4.3L-5-300x300.webp 300w, https:\/\/www.purecook.com\/wp-content\/uploads\/2026\/01\/wholesale-deep-frying-pot-4.3L-5-150x150.webp 150w, https:\/\/www.purecook.com\/wp-content\/uploads\/2026\/01\/wholesale-deep-frying-pot-4.3L-5-768x768.webp 768w, https:\/\/www.purecook.com\/wp-content\/uploads\/2026\/01\/wholesale-deep-frying-pot-4.3L-5-12x12.webp 12w, https:\/\/www.purecook.com\/wp-content\/uploads\/2026\/01\/wholesale-deep-frying-pot-4.3L-5-600x600.webp 600w, https:\/\/www.purecook.com\/wp-content\/uploads\/2026\/01\/wholesale-deep-frying-pot-4.3L-5-100x100.webp 100w\" sizes=\"(max-width: 1440px) 100vw, 1440px\" \/><\/figure>\n<\/div>\n<\/div>","protected":false},"excerpt":{"rendered":"<p>Cette friteuse de 4,3 litres est \u00e9quip\u00e9e d'un panier \u00e0 tamis, ce qui permet aux utilisateurs de frire facilement divers aliments tels que des frites, du poulet et des fruits de mer. Elle peut \u00e9galement \u00eatre utilis\u00e9e pour cuire des oden et des p\u00e2tes, offrant ainsi une grande polyvalence pour r\u00e9pondre \u00e0 divers besoins de cuisson.<\/p>\n<p>La capacit\u00e9 de 4,3 litres convient \u00e0 une utilisation familiale quotidienne et peut \u00e9galement \u00eatre utilis\u00e9e pour de petits repas.<\/p>\n<p>En tant que professionnel <a href=\"https:\/\/www.purecook.com\/fr\/categorie-produit\/cookware\/\" target=\"_blank\" rel=\"noopener\"><strong>fabricant d'ustensiles de cuisine<\/strong><\/a>, Nous maintenons un contr\u00f4le de qualit\u00e9 strict et offrons des services d'achat en gros et de personnalisation OEM\/ODM. N'h\u00e9sitez pas \u00e0 nous contacter.<\/p>\n<h2>Caract\u00e9ristiques de la marmite \u00e0 frire<\/h2>\n<p><strong>Conception de cuisson multifonctionnelle :<\/strong><\/p>\n<p>Son design haut et cylindrique lui conf\u00e8re une grande polyvalence et lui permet de s'adapter \u00e0 de nombreuses utilisations en cuisine.<\/p>\n<ul>\n<li>\n<p>Friture : Parfait pour les frites, les tempuras et les brochettes de viande.<\/p>\n<\/li>\n<li>\n<p>Bouillir et blanchir : id\u00e9al pour les l\u00e9gumes longs (comme les asperges), les p\u00e2tes et les nouilles.<\/p>\n<\/li>\n<li>\n<p>Sp\u00e9cialit\u00e9 culinaire : La profondeur est parfaite pour l'Oden japonais ou d'autres plats mijot\u00e9s ou en brochettes.<\/p>\n<\/li>\n<\/ul>\n<p data-pm-slice=\"0 0 []\"><strong>Panier \u00e0 tamis int\u00e9gr\u00e9 pour faciliter la friture :<\/strong> Le panier \u00e0 tamis inclus rend la friture plus s\u00fbre et plus pratique. Sortez les aliments directement sans \u00e9clabousser l'huile chaude, et laissez l'exc\u00e9dent d'huile s'\u00e9couler dans la casserole - un nettoyage plus rapide et des r\u00e9sultats plus croustillants !<\/p>\n<p><strong>Facile \u00e0 nettoyer :<\/strong> Les parois int\u00e9rieures lisses et le panier \u00e0 tamis amovible permettent un nettoyage rapide apr\u00e8s utilisation. Moins de nettoyage, plus de temps pour savourer de bons plats.<\/p>\n<p>\n<script src=\"chrome-extension:\/\/fpelahbljekknahkcaegamhcndkfpfnc\/iFrame.js\" type=\"text\/javascript\"><\/script><\/p>","protected":false},"featured_media":5408,"comment_status":"closed","ping_status":"closed","template":"","meta":{"_acf_changed":false},"product_brand":[],"product_cat":[24,72],"product_tag":[],"class_list":{"0":"post-5406","1":"product","2":"type-product","3":"status-publish","4":"has-post-thumbnail","6":"product_cat-cookware","7":"product_cat-fryer-pots","9":"first","10":"instock","11":"shipping-taxable","12":"product-type-simple"},"acf":[],"_links":{"self":[{"href":"https:\/\/www.purecook.com\/fr\/wp-json\/wp\/v2\/product\/5406","targetHints":{"allow":["GET"]}}],"collection":[{"href":"https:\/\/www.purecook.com\/fr\/wp-json\/wp\/v2\/product"}],"about":[{"href":"https:\/\/www.purecook.com\/fr\/wp-json\/wp\/v2\/types\/product"}],"replies":[{"embeddable":true,"href":"https:\/\/www.purecook.com\/fr\/wp-json\/wp\/v2\/comments?post=5406"}],"wp:featuredmedia":[{"embeddable":true,"href":"https:\/\/www.purecook.com\/fr\/wp-json\/wp\/v2\/media\/5408"}],"wp:attachment":[{"href":"https:\/\/www.purecook.com\/fr\/wp-json\/wp\/v2\/media?parent=5406"}],"wp:term":[{"taxonomy":"product_brand","embeddable":true,"href":"https:\/\/www.purecook.com\/fr\/wp-json\/wp\/v2\/product_brand?post=5406"},{"taxonomy":"product_cat","embeddable":true,"href":"https:\/\/www.purecook.com\/fr\/wp-json\/wp\/v2\/product_cat?post=5406"},{"taxonomy":"product_tag","embeddable":true,"href":"https:\/\/www.purecook.com\/fr\/wp-json\/wp\/v2\/product_tag?post=5406"}],"curies":[{"name":"wp","href":"https:\/\/api.w.org\/{rel}","templated":true}]}}