{"id":5413,"date":"2026-01-26T17:05:18","date_gmt":"2026-01-26T09:05:18","guid":{"rendered":"https:\/\/www.purecook.com\/?post_type=product&#038;p=5413"},"modified":"2026-01-26T17:30:29","modified_gmt":"2026-01-26T09:30:29","slug":"wholesale-oil-filter-pot-manufacturer","status":"publish","type":"product","link":"https:\/\/www.purecook.com\/fr\/product\/wholesale-oil-filter-pot-manufacturer\/","title":{"rendered":"Pot de filtration d'huile en acier inoxydable - Fabricant et fournisseur de pots de filtration d'huile"},"content":{"rendered":"<div class=\"wp-block-columns is-layout-flex wp-container-core-columns-is-layout-9d6595d7 wp-block-columns-is-layout-flex\">\n<div class=\"wp-block-column is-layout-flow wp-block-column-is-layout-flow\">\n<h3 class=\"wp-block-heading\">Param\u00e8tres des pots de filtres \u00e0 huile <\/h3>\n\n\n\n<p><strong>Mat\u00e9riau :<\/strong> Acier inoxydable<br><strong>\u00c9paisseur normale :<\/strong> 0,8 mm<br><strong>Couvercle :<\/strong> Couvercles en acier inoxydable<br><strong>Poign\u00e9e et bouton du couvercle : <\/strong>Acier inoxydable<br><strong>Taille :<\/strong> 1L\/1.5L\/2L\/3.5L<\/p>\n<\/div>\n\n\n\n<div class=\"wp-block-column is-layout-flow wp-block-column-is-layout-flow\">\n<h3 class=\"wp-block-heading\">Options d'ustensiles de cuisine personnalis\u00e9s<\/h3>\n\n\n\n<p><strong>Mat\u00e9riau :<\/strong> Acier inoxydable 201\/304\/410\/430<br><strong>Logo : <\/strong>S\u00e9rigraphie\/Gravure au laser\/Tampon en relief<br><strong>Emballage :<\/strong>\u00a0Bo\u00eete de couleur\/Carton, etc.<br><strong>Poign\u00e9e : <\/strong>Une poign\u00e9e adapt\u00e9e \u00e0 votre style<\/p>\n<\/div>\n<\/div>\n\n\n\n<div class=\"wp-block-columns is-layout-flex wp-container-core-columns-is-layout-9d6595d7 wp-block-columns-is-layout-flex\">\n<div class=\"wp-block-column is-layout-flow wp-block-column-is-layout-flow\">\n<figure class=\"wp-block-image size-full\"><img decoding=\"async\" width=\"800\" height=\"800\" src=\"https:\/\/www.purecook.com\/wp-content\/uploads\/2026\/01\/wholesale-oil-filter-pots-5.webp\" alt=\"pots de filtre \u00e0 huile en gros (5)\" class=\"wp-image-5418\" srcset=\"https:\/\/www.purecook.com\/wp-content\/uploads\/2026\/01\/wholesale-oil-filter-pots-5.webp 800w, https:\/\/www.purecook.com\/wp-content\/uploads\/2026\/01\/wholesale-oil-filter-pots-5-300x300.webp 300w, https:\/\/www.purecook.com\/wp-content\/uploads\/2026\/01\/wholesale-oil-filter-pots-5-150x150.webp 150w, https:\/\/www.purecook.com\/wp-content\/uploads\/2026\/01\/wholesale-oil-filter-pots-5-768x768.webp 768w, https:\/\/www.purecook.com\/wp-content\/uploads\/2026\/01\/wholesale-oil-filter-pots-5-12x12.webp 12w, https:\/\/www.purecook.com\/wp-content\/uploads\/2026\/01\/wholesale-oil-filter-pots-5-600x600.webp 600w, https:\/\/www.purecook.com\/wp-content\/uploads\/2026\/01\/wholesale-oil-filter-pots-5-100x100.webp 100w\" sizes=\"(max-width: 800px) 100vw, 800px\" \/><\/figure>\n<\/div>\n\n\n\n<div class=\"wp-block-column is-layout-flow wp-block-column-is-layout-flow\">\n<figure class=\"wp-block-image size-full\"><img decoding=\"async\" width=\"800\" height=\"800\" src=\"https:\/\/www.purecook.com\/wp-content\/uploads\/2026\/01\/wholesale-oil-filter-pots-6.webp\" alt=\"\" class=\"wp-image-5419\" srcset=\"https:\/\/www.purecook.com\/wp-content\/uploads\/2026\/01\/wholesale-oil-filter-pots-6.webp 800w, https:\/\/www.purecook.com\/wp-content\/uploads\/2026\/01\/wholesale-oil-filter-pots-6-300x300.webp 300w, https:\/\/www.purecook.com\/wp-content\/uploads\/2026\/01\/wholesale-oil-filter-pots-6-150x150.webp 150w, https:\/\/www.purecook.com\/wp-content\/uploads\/2026\/01\/wholesale-oil-filter-pots-6-768x768.webp 768w, https:\/\/www.purecook.com\/wp-content\/uploads\/2026\/01\/wholesale-oil-filter-pots-6-12x12.webp 12w, https:\/\/www.purecook.com\/wp-content\/uploads\/2026\/01\/wholesale-oil-filter-pots-6-600x600.webp 600w, https:\/\/www.purecook.com\/wp-content\/uploads\/2026\/01\/wholesale-oil-filter-pots-6-100x100.webp 100w\" sizes=\"(max-width: 800px) 100vw, 800px\" \/><\/figure>\n<\/div>\n<\/div>","protected":false},"excerpt":{"rendered":"<p>Vente en gros de pots \u00e0 huile. Cette marmite filtrante en acier inoxydable est con\u00e7ue pour une gestion efficace de l'huile dans les cuisines domestiques et commerciales. Elle constitue une solution pratique et \u00e9conomique pour filtrer, stocker et r\u00e9utiliser les huiles de cuisson. Il peut \u00e9galement \u00eatre utilis\u00e9 pour divers sc\u00e9narios de cuisson tels que le chauffage du lait et la friture des aliments.<\/p>\n<p>En tant que <a href=\"https:\/\/www.purecook.com\/fr\/categorie-produit\/cookware\/\" target=\"_blank\" rel=\"noopener\"><strong>fabricant d'ustensiles de cuisine<\/strong><\/a>, Nous offrons des prix de gros directs \u00e0 l'usine et prenons en charge la personnalisation OEM et ODM. N'h\u00e9sitez pas \u00e0 nous contacter.<\/p>\n<h2>Caract\u00e9ristiques du pot \u00e0 filtre \u00e0 huile en acier inoxydable<\/h2>\n<p><strong>Polyvalence<\/strong><\/p>\n<p>Contrairement aux contenants d'huile standard, ce pot est con\u00e7u pour plus qu'un simple stockage.<\/p>\n<ul>\n<li>\n<p><strong>Friture :<\/strong> Utilisez la marmite principale et le panier en fil m\u00e9tallique pour frire des snacks tels que des frites ou des nuggets de poulet.<\/p>\n<\/li>\n<li>\n<p><strong>Cuisson \u00e0 la vapeur et \u00e0 l'eau :<\/strong> La grande capacit\u00e9 et le couvercle ouvert vous permettent de cuire des l\u00e9gumes, des champignons et du tofu directement dans la marmite.<\/p>\n<\/li>\n<li>\n<p><strong>Chauffage des liquides :<\/strong> Peut \u00eatre utilis\u00e9 pour chauffer des liquides tels que le lait ou le lait de soja.<\/p>\n<\/li>\n<li>\n<p><strong>Filtration de l'huile :<\/strong> Le tamis \u00e0 mailles fines \u00e9limine les particules alimentaires, ce qui vous permet de r\u00e9utiliser l'huile de cuisson en toute s\u00e9curit\u00e9.<\/p>\n<\/li>\n<\/ul>\n<p><strong>\u00a0Esth\u00e9tique et gain de place :<\/strong> Comme il remplace une friteuse, une casserole \u00e0 lait et un pot \u00e0 huile, il permet de gagner beaucoup de place dans l'armoire.<\/p>\n<p data-pm-slice=\"0 0 []\"><strong>Filtration efficace de l'huile :<\/strong> Le filtre \u00e0 mailles fines int\u00e9gr\u00e9 \u00e9limine efficacement les r\u00e9sidus alimentaires et les impuret\u00e9s, ce qui permet de garder l'huile de cuisson propre et r\u00e9utilisable tout en pr\u00e9servant le go\u00fbt des aliments.<\/p>\n<p><strong>Id\u00e9al pour la vente en gros et l'approvisionnement B2B :<\/strong> Nous sommes une <a href=\"https:\/\/www.purecook.com\/fr\/categorie-produit\/cookware\/\" target=\"_blank\" rel=\"noopener\"><strong>fabricant d'ustensiles de cuisine<\/strong><\/a>; nos produits sont con\u00e7us pour la production et la distribution en vrac, ce qui les rend adapt\u00e9s aux d\u00e9taillants, aux fournisseurs de restaurants et aux propri\u00e9taires de marques.<\/p>\n<p>\n<script src=\"chrome-extension:\/\/fpelahbljekknahkcaegamhcndkfpfnc\/iFrame.js\" type=\"text\/javascript\"><\/script><\/p>","protected":false},"featured_media":5414,"comment_status":"closed","ping_status":"closed","template":"","meta":{"_acf_changed":false},"product_brand":[],"product_cat":[52,64],"product_tag":[],"class_list":{"0":"post-5413","1":"product","2":"type-product","3":"status-publish","4":"has-post-thumbnail","6":"product_cat-kitchen-utensils","7":"product_cat-oil-pot","9":"first","10":"instock","11":"shipping-taxable","12":"product-type-simple"},"acf":[],"_links":{"self":[{"href":"https:\/\/www.purecook.com\/fr\/wp-json\/wp\/v2\/product\/5413","targetHints":{"allow":["GET"]}}],"collection":[{"href":"https:\/\/www.purecook.com\/fr\/wp-json\/wp\/v2\/product"}],"about":[{"href":"https:\/\/www.purecook.com\/fr\/wp-json\/wp\/v2\/types\/product"}],"replies":[{"embeddable":true,"href":"https:\/\/www.purecook.com\/fr\/wp-json\/wp\/v2\/comments?post=5413"}],"wp:featuredmedia":[{"embeddable":true,"href":"https:\/\/www.purecook.com\/fr\/wp-json\/wp\/v2\/media\/5414"}],"wp:attachment":[{"href":"https:\/\/www.purecook.com\/fr\/wp-json\/wp\/v2\/media?parent=5413"}],"wp:term":[{"taxonomy":"product_brand","embeddable":true,"href":"https:\/\/www.purecook.com\/fr\/wp-json\/wp\/v2\/product_brand?post=5413"},{"taxonomy":"product_cat","embeddable":true,"href":"https:\/\/www.purecook.com\/fr\/wp-json\/wp\/v2\/product_cat?post=5413"},{"taxonomy":"product_tag","embeddable":true,"href":"https:\/\/www.purecook.com\/fr\/wp-json\/wp\/v2\/product_tag?post=5413"}],"curies":[{"name":"wp","href":"https:\/\/api.w.org\/{rel}","templated":true}]}}