{"id":5420,"date":"2026-01-26T17:37:47","date_gmt":"2026-01-26T09:37:47","guid":{"rendered":"https:\/\/www.purecook.com\/?post_type=product&#038;p=5420"},"modified":"2026-01-26T17:55:44","modified_gmt":"2026-01-26T09:55:44","slug":"wholesale-stainless-steel-woks","status":"publish","type":"product","link":"https:\/\/www.purecook.com\/fr\/product\/wholesale-stainless-steel-woks\/","title":{"rendered":"Vente en gros de woks en acier inoxydable - Purecook Cookware Manufacturer"},"content":{"rendered":"<div class=\"wp-block-columns is-layout-flex wp-container-core-columns-is-layout-9d6595d7 wp-block-columns-is-layout-flex\">\n<div class=\"wp-block-column is-layout-flow wp-block-column-is-layout-flow\">\n<h3 class=\"wp-block-heading\">Param\u00e8tres des woks en acier inoxydable<\/h3>\n\n\n\n<p><strong>Mat\u00e9riau :<\/strong> Acier inoxydable<br><strong>\u00c9paisseur normale :<\/strong> 0,5 mm<br><strong>Couvercle :<\/strong> Couvercles en verre<br><strong>Taille :<\/strong> 18-32 cm<br><strong>Logo :<\/strong> S\u00e9rigraphie\/Gravure au laser\/Tampon en relief<\/p>\n<\/div>\n\n\n\n<div class=\"wp-block-column is-layout-flow wp-block-column-is-layout-flow\">\n<h3 class=\"wp-block-heading\">Options d'ustensiles de cuisine personnalis\u00e9s<\/h3>\n\n\n\n<p><strong>Logo :<\/strong> Personnalisable avec le logo de votre marque<br><strong>Emballage :<\/strong>&nbsp;Bo\u00eete de couleur\/Carton, etc.<br><strong>Poign\u00e9e : <\/strong>Une poign\u00e9e adapt\u00e9e \u00e0 votre style<\/p>\n<\/div>\n<\/div>\n\n\n\n<div class=\"wp-block-columns is-layout-flex wp-container-core-columns-is-layout-9d6595d7 wp-block-columns-is-layout-flex\">\n<div class=\"wp-block-column is-layout-flow wp-block-column-is-layout-flow\">\n<figure class=\"wp-block-image size-full\"><img decoding=\"async\" width=\"800\" height=\"800\" src=\"https:\/\/www.purecook.com\/wp-content\/uploads\/2026\/01\/wholesale-stainless-steel-woks-3.webp\" alt=\"vente en gros de woks en acier inoxydable (3)\" class=\"wp-image-5423\" srcset=\"https:\/\/www.purecook.com\/wp-content\/uploads\/2026\/01\/wholesale-stainless-steel-woks-3.webp 800w, https:\/\/www.purecook.com\/wp-content\/uploads\/2026\/01\/wholesale-stainless-steel-woks-3-300x300.webp 300w, https:\/\/www.purecook.com\/wp-content\/uploads\/2026\/01\/wholesale-stainless-steel-woks-3-150x150.webp 150w, https:\/\/www.purecook.com\/wp-content\/uploads\/2026\/01\/wholesale-stainless-steel-woks-3-768x768.webp 768w, https:\/\/www.purecook.com\/wp-content\/uploads\/2026\/01\/wholesale-stainless-steel-woks-3-12x12.webp 12w, https:\/\/www.purecook.com\/wp-content\/uploads\/2026\/01\/wholesale-stainless-steel-woks-3-600x600.webp 600w, https:\/\/www.purecook.com\/wp-content\/uploads\/2026\/01\/wholesale-stainless-steel-woks-3-100x100.webp 100w\" sizes=\"(max-width: 800px) 100vw, 800px\" \/><\/figure>\n<\/div>\n\n\n\n<div class=\"wp-block-column is-layout-flow wp-block-column-is-layout-flow\">\n<figure class=\"wp-block-image size-full\"><img decoding=\"async\" width=\"800\" height=\"800\" src=\"https:\/\/www.purecook.com\/wp-content\/uploads\/2026\/01\/wholesale-stainless-steel-woks-5.webp\" alt=\"vente en gros de woks en acier inoxydable (5)\" class=\"wp-image-5425\" srcset=\"https:\/\/www.purecook.com\/wp-content\/uploads\/2026\/01\/wholesale-stainless-steel-woks-5.webp 800w, https:\/\/www.purecook.com\/wp-content\/uploads\/2026\/01\/wholesale-stainless-steel-woks-5-300x300.webp 300w, https:\/\/www.purecook.com\/wp-content\/uploads\/2026\/01\/wholesale-stainless-steel-woks-5-150x150.webp 150w, https:\/\/www.purecook.com\/wp-content\/uploads\/2026\/01\/wholesale-stainless-steel-woks-5-768x768.webp 768w, https:\/\/www.purecook.com\/wp-content\/uploads\/2026\/01\/wholesale-stainless-steel-woks-5-12x12.webp 12w, https:\/\/www.purecook.com\/wp-content\/uploads\/2026\/01\/wholesale-stainless-steel-woks-5-600x600.webp 600w, https:\/\/www.purecook.com\/wp-content\/uploads\/2026\/01\/wholesale-stainless-steel-woks-5-100x100.webp 100w\" sizes=\"(max-width: 800px) 100vw, 800px\" \/><\/figure>\n<\/div>\n<\/div>\n\n\n\n<div class=\"wp-block-columns is-layout-flex wp-container-core-columns-is-layout-9d6595d7 wp-block-columns-is-layout-flex\">\n<div class=\"wp-block-column is-layout-flow wp-block-column-is-layout-flow\"><\/div>\n\n\n\n<div class=\"wp-block-column is-layout-flow wp-block-column-is-layout-flow\"><\/div>\n<\/div>","protected":false},"excerpt":{"rendered":"<p>Nos woks en acier inoxydable sont con\u00e7us pour des performances professionnelles et une fiabilit\u00e9 quotidienne. Ils offrent une chaleur rapide et homog\u00e8ne pour des r\u00e9sultats de cuisson constants. Fabriqu\u00e9s en acier inoxydable de premi\u00e8re qualit\u00e9, ils sont durables, r\u00e9sistants \u00e0 la corrosion et conviennent aux cuisini\u00e8res \u00e0 gaz, \u00e0 induction et \u00e9lectriques. Contactez-nous pour un devis.<\/p>\n<h2>Caract\u00e9ristiques des woks en acier inoxydable<\/h2>\n<p><strong data-start=\"41\" data-end=\"64\">Compatibilit\u00e9 \u00e9lev\u00e9e :<\/strong> Nos woks en gros sont con\u00e7us pour fonctionner sans probl\u00e8me avec une large gamme de tables de cuisson, y compris les cuisini\u00e8res \u00e0 induction et les cuisini\u00e8res \u00e0 gaz, ce qui les rend adapt\u00e9s \u00e0 diff\u00e9rentes configurations de cuisine dans le monde entier.<\/p>\n<p><strong>Poign\u00e9e Stay-Cool :<\/strong> Le long manche en acier inoxydable \u00e0 \u00e2me creuse est con\u00e7u pour dissiper la chaleur, ce qui vous permet de jeter les aliments en toute s\u00e9curit\u00e9 sans avoir besoin d'un support de casserole.<\/p>\n<p><strong>Verre tremp\u00e9 Couvercle :<\/strong> Le couvercle en verre inclus vous permet de surveiller votre cuisson (vapeur, braisage ou mijotage) sans d\u00e9gager de chaleur ni d'humidit\u00e9.<\/p>\n<p data-pm-slice=\"0 0 []\"><strong>Id\u00e9al pour les projets en gros et sur mesure :<\/strong> Comme Purecook, un professionnel <a href=\"https:\/\/www.purecook.com\/fr\/categorie-produit\/cookware\/\" target=\"_blank\" rel=\"noopener\"><strong>fabricant d'ustensiles de cuisine<\/strong> <\/a>Avec plus de 30 ans d'exp\u00e9rience, nous offrons des prix directs \u00e0 l'usine et prenons en charge la personnalisation OEM et ODM pour les mat\u00e9riaux, les tailles, les finitions et l'emballage.<\/p>\n<p>\n<script src=\"chrome-extension:\/\/fpelahbljekknahkcaegamhcndkfpfnc\/iFrame.js\" type=\"text\/javascript\"><\/script><\/p>","protected":false},"featured_media":5421,"comment_status":"closed","ping_status":"closed","template":"","meta":{"_acf_changed":false},"product_brand":[],"product_cat":[24,75],"product_tag":[],"class_list":{"0":"post-5420","1":"product","2":"type-product","3":"status-publish","4":"has-post-thumbnail","6":"product_cat-cookware","7":"product_cat-wok","9":"first","10":"instock","11":"shipping-taxable","12":"product-type-simple"},"acf":[],"_links":{"self":[{"href":"https:\/\/www.purecook.com\/fr\/wp-json\/wp\/v2\/product\/5420","targetHints":{"allow":["GET"]}}],"collection":[{"href":"https:\/\/www.purecook.com\/fr\/wp-json\/wp\/v2\/product"}],"about":[{"href":"https:\/\/www.purecook.com\/fr\/wp-json\/wp\/v2\/types\/product"}],"replies":[{"embeddable":true,"href":"https:\/\/www.purecook.com\/fr\/wp-json\/wp\/v2\/comments?post=5420"}],"wp:featuredmedia":[{"embeddable":true,"href":"https:\/\/www.purecook.com\/fr\/wp-json\/wp\/v2\/media\/5421"}],"wp:attachment":[{"href":"https:\/\/www.purecook.com\/fr\/wp-json\/wp\/v2\/media?parent=5420"}],"wp:term":[{"taxonomy":"product_brand","embeddable":true,"href":"https:\/\/www.purecook.com\/fr\/wp-json\/wp\/v2\/product_brand?post=5420"},{"taxonomy":"product_cat","embeddable":true,"href":"https:\/\/www.purecook.com\/fr\/wp-json\/wp\/v2\/product_cat?post=5420"},{"taxonomy":"product_tag","embeddable":true,"href":"https:\/\/www.purecook.com\/fr\/wp-json\/wp\/v2\/product_tag?post=5420"}],"curies":[{"name":"wp","href":"https:\/\/api.w.org\/{rel}","templated":true}]}}