{"id":5761,"date":"2026-04-13T16:07:20","date_gmt":"2026-04-13T08:07:20","guid":{"rendered":"https:\/\/www.purecook.com\/?post_type=product&#038;p=5761"},"modified":"2026-04-13T16:47:09","modified_gmt":"2026-04-13T08:47:09","slug":"wholesale-retro-textured-metal-serving-plates","status":"publish","type":"product","link":"https:\/\/www.purecook.com\/fr\/product\/wholesale-retro-textured-metal-serving-plates\/","title":{"rendered":"Wholesale Textured Metal Serving Plates, High-end Retro Style Stainless Steel Dinnerware (assiettes de service en m\u00e9tal textur\u00e9)"},"content":{"rendered":"<div class=\"wp-block-columns is-layout-flex wp-container-core-columns-is-layout-9d6595d7 wp-block-columns-is-layout-flex\">\n<div class=\"wp-block-column is-layout-flow wp-block-column-is-layout-flow\">\n<h3 class=\"wp-block-heading\">Param\u00e8tres de l'assiette de service en m\u00e9tal <\/h3>\n\n\n\n<p><strong>Mat\u00e9riau :<\/strong> Acier inoxydable 304<br><strong>\u00c9paisseur normale :<\/strong> 0,55 \/ 1,1mm<br><strong>Taille : <\/strong>23 \/ 26 \/ 30 \/ 34 \/ 38cm <br><strong>Poids brut :<\/strong> Moins de 1,2 kg<br><strong>Logo :<\/strong> S\u00e9rigraphie \/ Gravure laser \/ Tampon en relief<\/p>\n<\/div>\n\n\n\n<div class=\"wp-block-column is-layout-flow wp-block-column-is-layout-flow\">\n<h3 class=\"wp-block-heading\">Options d'ustensiles de cuisine personnalis\u00e9s<\/h3>\n\n\n\n<p><strong>Logo :<\/strong> Personnalisable avec le logo de votre marque<br><strong>Emballage :<\/strong>\u00a0Bo\u00eete de couleur \/ Carton, etc.<\/p>\n<\/div>\n<\/div>\n\n\n\n<div class=\"wp-block-columns is-layout-flex wp-container-core-columns-is-layout-9d6595d7 wp-block-columns-is-layout-flex\">\n<div class=\"wp-block-column is-layout-flow wp-block-column-is-layout-flow\">\n<figure class=\"wp-block-image size-full\"><img decoding=\"async\" width=\"800\" height=\"800\" src=\"https:\/\/www.purecook.com\/wp-content\/uploads\/2026\/04\/wholesale-textured-metal-serving-plates-1.webp\" alt=\"Grosses assiettes de service en m\u00e9tal textur\u00e9 (1)\" class=\"wp-image-5762\" srcset=\"https:\/\/www.purecook.com\/wp-content\/uploads\/2026\/04\/wholesale-textured-metal-serving-plates-1.webp 800w, https:\/\/www.purecook.com\/wp-content\/uploads\/2026\/04\/wholesale-textured-metal-serving-plates-1-300x300.webp 300w, https:\/\/www.purecook.com\/wp-content\/uploads\/2026\/04\/wholesale-textured-metal-serving-plates-1-150x150.webp 150w, https:\/\/www.purecook.com\/wp-content\/uploads\/2026\/04\/wholesale-textured-metal-serving-plates-1-768x768.webp 768w, https:\/\/www.purecook.com\/wp-content\/uploads\/2026\/04\/wholesale-textured-metal-serving-plates-1-12x12.webp 12w, https:\/\/www.purecook.com\/wp-content\/uploads\/2026\/04\/wholesale-textured-metal-serving-plates-1-600x600.webp 600w, https:\/\/www.purecook.com\/wp-content\/uploads\/2026\/04\/wholesale-textured-metal-serving-plates-1-100x100.webp 100w\" sizes=\"(max-width: 800px) 100vw, 800px\" \/><\/figure>\n<\/div>\n\n\n\n<div class=\"wp-block-column is-layout-flow wp-block-column-is-layout-flow\">\n<figure class=\"wp-block-image size-full\"><img decoding=\"async\" width=\"800\" height=\"800\" src=\"https:\/\/www.purecook.com\/wp-content\/uploads\/2026\/04\/wholesale-textured-metal-serving-plates-2.webp\" alt=\"Grosses assiettes de service en m\u00e9tal textur\u00e9 (2)\" class=\"wp-image-5763\" srcset=\"https:\/\/www.purecook.com\/wp-content\/uploads\/2026\/04\/wholesale-textured-metal-serving-plates-2.webp 800w, https:\/\/www.purecook.com\/wp-content\/uploads\/2026\/04\/wholesale-textured-metal-serving-plates-2-300x300.webp 300w, https:\/\/www.purecook.com\/wp-content\/uploads\/2026\/04\/wholesale-textured-metal-serving-plates-2-150x150.webp 150w, https:\/\/www.purecook.com\/wp-content\/uploads\/2026\/04\/wholesale-textured-metal-serving-plates-2-768x768.webp 768w, https:\/\/www.purecook.com\/wp-content\/uploads\/2026\/04\/wholesale-textured-metal-serving-plates-2-12x12.webp 12w, https:\/\/www.purecook.com\/wp-content\/uploads\/2026\/04\/wholesale-textured-metal-serving-plates-2-600x600.webp 600w, https:\/\/www.purecook.com\/wp-content\/uploads\/2026\/04\/wholesale-textured-metal-serving-plates-2-100x100.webp 100w\" sizes=\"(max-width: 800px) 100vw, 800px\" \/><\/figure>\n<\/div>\n<\/div>\n\n\n\n<div class=\"wp-block-columns is-layout-flex wp-container-core-columns-is-layout-9d6595d7 wp-block-columns-is-layout-flex\">\n<div class=\"wp-block-column is-layout-flow wp-block-column-is-layout-flow\"><\/div>\n\n\n\n<div class=\"wp-block-column is-layout-flow wp-block-column-is-layout-flow\"><\/div>\n<\/div>","protected":false},"excerpt":{"rendered":"<p>Les assiettes de service en m\u00e9tal textur\u00e9 Wholesale sont con\u00e7ues pour le march\u00e9 de la restauration et de l'h\u00f4tellerie haut de gamme, combinant un look r\u00e9tro avec une fabrication durable en acier inoxydable. La surface textur\u00e9e am\u00e9liore l'attrait visuel et ajoute un style vintage raffin\u00e9, ce qui les rend id\u00e9ales pour les restaurants, les h\u00f4tels, les services de restauration et les marques de restauration de boutiques.<\/p>\n<p>En tant que professionnel <a href=\"https:\/\/www.purecook.com\/fr\/\" target=\"_blank\" rel=\"noopener\"><strong>fabricant d'ustensiles de cuisine<\/strong><\/a>, Nous fournissons aux grossistes, aux distributeurs, aux importateurs et aux d\u00e9taillants du monde entier un approvisionnement stable en ustensiles de cuisine en vrac de haute qualit\u00e9.<\/p>\n<h2>Caract\u00e9ristiques des assiettes de service en m\u00e9tal<\/h2>\n<p><strong>Texture r\u00e9tro exquise :<\/strong> Ces assiettes de service en m\u00e9tal textur\u00e9 pr\u00e9sentent une finition m\u00e9tallique raffin\u00e9e qui met en valeur la pr\u00e9sentation des aliments. Id\u00e9ales pour les restaurants et les h\u00f4tels \u00e0 th\u00e8me.<\/p>\n<p><strong>Taille polyvalente pour un service complet :<\/strong> La s\u00e9rie d'assiettes de service en m\u00e9tal est disponible en diff\u00e9rents diam\u00e8tres, ce qui permet de r\u00e9pondre \u00e0 un large \u00e9ventail d'options, des petits desserts et plats d'accompagnement aux grands plateaux de plats principaux.<\/p>\n<p><strong>Application fonctionnelle de service :<\/strong> Con\u00e7u pour la pr\u00e9sentation et le service des aliments dans les restaurants, les h\u00f4tels et les services de restauration, il allie convivialit\u00e9 et \u00e9l\u00e9gance.<\/p>\n<p><strong>Capacit\u00e9 d'approvisionnement en vrac B2B :<\/strong> En tant que fabricant d'ustensiles de cuisine, nos produits conviennent aux grossistes, aux distributeurs et aux importateurs, et r\u00e9pondent aux besoins des entreprises qui exigent des achats stables et en grande quantit\u00e9, ainsi qu'une qualit\u00e9 de produit constante.<\/p>\n<p><strong>Possibilit\u00e9 de personnalisation OEM\/ODM :<\/strong> La personnalisation en usine permet d'ajuster la marque, l'emballage et la conception pour r\u00e9pondre aux diverses exigences du march\u00e9 et de l'entreprise.<\/p>\n<p>\n<script src=\"chrome-extension:\/\/fpelahbljekknahkcaegamhcndkfpfnc\/iFrame.js\" type=\"text\/javascript\"><\/script><\/p>","protected":false},"featured_media":5762,"comment_status":"closed","ping_status":"closed","template":"","meta":{"_acf_changed":false},"product_brand":[],"product_cat":[51,55],"product_tag":[],"class_list":{"0":"post-5761","1":"product","2":"type-product","3":"status-publish","4":"has-post-thumbnail","6":"product_cat-dinnerware","7":"product_cat-dish-and-plate","9":"first","10":"instock","11":"shipping-taxable","12":"product-type-simple"},"acf":[],"_links":{"self":[{"href":"https:\/\/www.purecook.com\/fr\/wp-json\/wp\/v2\/product\/5761","targetHints":{"allow":["GET"]}}],"collection":[{"href":"https:\/\/www.purecook.com\/fr\/wp-json\/wp\/v2\/product"}],"about":[{"href":"https:\/\/www.purecook.com\/fr\/wp-json\/wp\/v2\/types\/product"}],"replies":[{"embeddable":true,"href":"https:\/\/www.purecook.com\/fr\/wp-json\/wp\/v2\/comments?post=5761"}],"wp:featuredmedia":[{"embeddable":true,"href":"https:\/\/www.purecook.com\/fr\/wp-json\/wp\/v2\/media\/5762"}],"wp:attachment":[{"href":"https:\/\/www.purecook.com\/fr\/wp-json\/wp\/v2\/media?parent=5761"}],"wp:term":[{"taxonomy":"product_brand","embeddable":true,"href":"https:\/\/www.purecook.com\/fr\/wp-json\/wp\/v2\/product_brand?post=5761"},{"taxonomy":"product_cat","embeddable":true,"href":"https:\/\/www.purecook.com\/fr\/wp-json\/wp\/v2\/product_cat?post=5761"},{"taxonomy":"product_tag","embeddable":true,"href":"https:\/\/www.purecook.com\/fr\/wp-json\/wp\/v2\/product_tag?post=5761"}],"curies":[{"name":"wp","href":"https:\/\/api.w.org\/{rel}","templated":true}]}}