{"id":5768,"date":"2026-04-13T16:51:01","date_gmt":"2026-04-13T08:51:01","guid":{"rendered":"https:\/\/www.purecook.com\/?post_type=product&#038;p=5768"},"modified":"2026-04-13T17:15:56","modified_gmt":"2026-04-13T09:15:56","slug":"factory-wholesale-retro-style-stainless-steel-plates","status":"publish","type":"product","link":"https:\/\/www.purecook.com\/fr\/product\/factory-wholesale-retro-style-stainless-steel-plates\/","title":{"rendered":"Plaques en acier inoxydable de style r\u00e9tro - id\u00e9ales pour les h\u00f4tels, les restaurants et le camping en plein air"},"content":{"rendered":"<div class=\"wp-block-columns is-layout-flex wp-container-core-columns-is-layout-9d6595d7 wp-block-columns-is-layout-flex\">\n<div class=\"wp-block-column is-layout-flow wp-block-column-is-layout-flow\">\n<h3 class=\"wp-block-heading\">Param\u00e8tres de la plaque en acier inoxydable de style r\u00e9tro<\/h3>\n\n\n\n<p><strong>Mat\u00e9riau :<\/strong> Acier inoxydable<br><strong>\u00c9paisseur normale<\/strong>: 0,9 \/ 1 \/ 1,2mm<br><strong>Logo : <\/strong>S\u00e9rigraphie \/ Gravure laser \/ Tampon en relief<br><strong>Taille : <\/strong>13\/17\/21\/25cm<br><strong>Poids brut : <\/strong>Moins de 0,5 kg<\/p>\n<\/div>\n\n\n\n<div class=\"wp-block-column is-layout-flow wp-block-column-is-layout-flow\">\n<h3 class=\"wp-block-heading\">Options d'ustensiles de cuisine personnalis\u00e9s<\/h3>\n\n\n\n<p><strong>Logo :<\/strong> Personnalisable avec le logo de votre marque<br><strong>Emballage :<\/strong>\u00a0Bo\u00eete de couleur\/Carton, etc.<\/p>\n<\/div>\n<\/div>\n\n\n\n<div class=\"wp-block-columns is-layout-flex wp-container-core-columns-is-layout-9d6595d7 wp-block-columns-is-layout-flex\">\n<div class=\"wp-block-column is-layout-flow wp-block-column-is-layout-flow\">\n<figure class=\"wp-block-image size-full\"><img decoding=\"async\" width=\"800\" height=\"800\" src=\"https:\/\/www.purecook.com\/wp-content\/uploads\/2026\/04\/wholesale-retro-style-stainless-steel-plates-ideal-for-hotels-restaurants-3.webp\" alt=\"plaques en acier inoxydable de style r\u00e9tro, id\u00e9ales pour les h\u00f4tels et les restaurants (3)\" class=\"wp-image-5771\" srcset=\"https:\/\/www.purecook.com\/wp-content\/uploads\/2026\/04\/wholesale-retro-style-stainless-steel-plates-ideal-for-hotels-restaurants-3.webp 800w, https:\/\/www.purecook.com\/wp-content\/uploads\/2026\/04\/wholesale-retro-style-stainless-steel-plates-ideal-for-hotels-restaurants-3-300x300.webp 300w, https:\/\/www.purecook.com\/wp-content\/uploads\/2026\/04\/wholesale-retro-style-stainless-steel-plates-ideal-for-hotels-restaurants-3-150x150.webp 150w, https:\/\/www.purecook.com\/wp-content\/uploads\/2026\/04\/wholesale-retro-style-stainless-steel-plates-ideal-for-hotels-restaurants-3-768x768.webp 768w, https:\/\/www.purecook.com\/wp-content\/uploads\/2026\/04\/wholesale-retro-style-stainless-steel-plates-ideal-for-hotels-restaurants-3-12x12.webp 12w, https:\/\/www.purecook.com\/wp-content\/uploads\/2026\/04\/wholesale-retro-style-stainless-steel-plates-ideal-for-hotels-restaurants-3-600x600.webp 600w, https:\/\/www.purecook.com\/wp-content\/uploads\/2026\/04\/wholesale-retro-style-stainless-steel-plates-ideal-for-hotels-restaurants-3-100x100.webp 100w\" sizes=\"(max-width: 800px) 100vw, 800px\" \/><\/figure>\n<\/div>\n\n\n\n<div class=\"wp-block-column is-layout-flow wp-block-column-is-layout-flow\">\n<figure class=\"wp-block-image size-full\"><img decoding=\"async\" width=\"800\" height=\"800\" src=\"https:\/\/www.purecook.com\/wp-content\/uploads\/2026\/04\/wholesale-retro-style-stainless-steel-plates-ideal-for-hotels-restaurants-4.webp\" alt=\"plaques en acier inoxydable de style r\u00e9tro, id\u00e9ales pour les h\u00f4tels et les restaurants (4)\" class=\"wp-image-5772\" srcset=\"https:\/\/www.purecook.com\/wp-content\/uploads\/2026\/04\/wholesale-retro-style-stainless-steel-plates-ideal-for-hotels-restaurants-4.webp 800w, https:\/\/www.purecook.com\/wp-content\/uploads\/2026\/04\/wholesale-retro-style-stainless-steel-plates-ideal-for-hotels-restaurants-4-300x300.webp 300w, https:\/\/www.purecook.com\/wp-content\/uploads\/2026\/04\/wholesale-retro-style-stainless-steel-plates-ideal-for-hotels-restaurants-4-150x150.webp 150w, https:\/\/www.purecook.com\/wp-content\/uploads\/2026\/04\/wholesale-retro-style-stainless-steel-plates-ideal-for-hotels-restaurants-4-768x768.webp 768w, https:\/\/www.purecook.com\/wp-content\/uploads\/2026\/04\/wholesale-retro-style-stainless-steel-plates-ideal-for-hotels-restaurants-4-12x12.webp 12w, https:\/\/www.purecook.com\/wp-content\/uploads\/2026\/04\/wholesale-retro-style-stainless-steel-plates-ideal-for-hotels-restaurants-4-600x600.webp 600w, https:\/\/www.purecook.com\/wp-content\/uploads\/2026\/04\/wholesale-retro-style-stainless-steel-plates-ideal-for-hotels-restaurants-4-100x100.webp 100w\" sizes=\"(max-width: 800px) 100vw, 800px\" \/><\/figure>\n<\/div>\n<\/div>","protected":false},"excerpt":{"rendered":"<p>Les assiettes en acier inoxydable de style r\u00e9tro Factory Wholesale sont con\u00e7ues pour la restauration commerciale et l'utilisation en ext\u00e9rieur. Elles allient l'esth\u00e9tique r\u00e9tro classique \u00e0 la durabilit\u00e9 de l'acier inoxydable. Leur design simple et \u00e9l\u00e9gant leur permet de s'adapter \u00e0 un large \u00e9ventail d'applications, notamment les h\u00f4tels, les restaurants, les services de restauration et les environnements de camping en plein air.<\/p>\n<h2>Assiettes en acier inoxydable de style r\u00e9tro Caract\u00e9ristiques<\/h2>\n<p><strong>Mat\u00e9riau durable en acier inoxydable :<\/strong> Con\u00e7u pour une utilisation commerciale et ext\u00e9rieure \u00e0 long terme, ce mat\u00e9riau offre une forte r\u00e9sistance \u00e0 l'usure, \u00e0 la corrosion et aux manipulations fr\u00e9quentes dans les environnements de restauration tr\u00e8s fr\u00e9quent\u00e9s tels que les h\u00f4tels et les restaurants.<\/p>\n<p><strong>Design r\u00e9tro :<\/strong> Les assiettes en acier inoxydable de gros pr\u00e9sentent une texture classique et un style r\u00e9tro qui rehaussent le d\u00e9cor de la table, cr\u00e9ant une atmosph\u00e8re plus raffin\u00e9e et plus haut de gamme.<\/p>\n<p><strong>Nombreux sc\u00e9narios d'application :<\/strong> Parfaitement adapt\u00e9 aux h\u00f4tels, aux restaurants, aux services de restauration et au camping en plein air, il offre une utilisation polyvalente sur les march\u00e9s de la restauration professionnelle et de la restauration de loisir.<\/p>\n<p><strong>Capacit\u00e9s d'approvisionnement en vrac :<\/strong> En tant qu'usine d'ustensiles de cuisine, nous acceptons les commandes de gros volumes et maintenons une capacit\u00e9 de production stable. Nos produits conviennent parfaitement aux distributeurs, aux importateurs et aux partenariats B2B \u00e0 long terme.<\/p>\n<p>\n<script src=\"chrome-extension:\/\/fpelahbljekknahkcaegamhcndkfpfnc\/iFrame.js\" type=\"text\/javascript\"><\/script><\/p>","protected":false},"featured_media":5769,"comment_status":"closed","ping_status":"closed","template":"","meta":{"_acf_changed":false},"product_brand":[],"product_cat":[51,55],"product_tag":[],"class_list":{"0":"post-5768","1":"product","2":"type-product","3":"status-publish","4":"has-post-thumbnail","6":"product_cat-dinnerware","7":"product_cat-dish-and-plate","9":"first","10":"instock","11":"shipping-taxable","12":"product-type-simple"},"acf":[],"_links":{"self":[{"href":"https:\/\/www.purecook.com\/fr\/wp-json\/wp\/v2\/product\/5768","targetHints":{"allow":["GET"]}}],"collection":[{"href":"https:\/\/www.purecook.com\/fr\/wp-json\/wp\/v2\/product"}],"about":[{"href":"https:\/\/www.purecook.com\/fr\/wp-json\/wp\/v2\/types\/product"}],"replies":[{"embeddable":true,"href":"https:\/\/www.purecook.com\/fr\/wp-json\/wp\/v2\/comments?post=5768"}],"wp:featuredmedia":[{"embeddable":true,"href":"https:\/\/www.purecook.com\/fr\/wp-json\/wp\/v2\/media\/5769"}],"wp:attachment":[{"href":"https:\/\/www.purecook.com\/fr\/wp-json\/wp\/v2\/media?parent=5768"}],"wp:term":[{"taxonomy":"product_brand","embeddable":true,"href":"https:\/\/www.purecook.com\/fr\/wp-json\/wp\/v2\/product_brand?post=5768"},{"taxonomy":"product_cat","embeddable":true,"href":"https:\/\/www.purecook.com\/fr\/wp-json\/wp\/v2\/product_cat?post=5768"},{"taxonomy":"product_tag","embeddable":true,"href":"https:\/\/www.purecook.com\/fr\/wp-json\/wp\/v2\/product_tag?post=5768"}],"curies":[{"name":"wp","href":"https:\/\/api.w.org\/{rel}","templated":true}]}}