{"id":5777,"date":"2026-04-13T17:23:50","date_gmt":"2026-04-13T09:23:50","guid":{"rendered":"https:\/\/www.purecook.com\/?post_type=product&#038;p=5777"},"modified":"2026-04-13T17:44:12","modified_gmt":"2026-04-13T09:44:12","slug":"bulk-stainless-steel-dessert-plates-bone-dishes","status":"publish","type":"product","link":"https:\/\/www.purecook.com\/fr\/product\/bulk-stainless-steel-dessert-plates-bone-dishes\/","title":{"rendered":"Wholesale Retro Industrial Style Stainless Steel Dessert Plates, Bone Dishes - Our Metal Dinnerware Factory Supply"},"content":{"rendered":"<div class=\"wp-block-columns is-layout-flex wp-container-core-columns-is-layout-9d6595d7 wp-block-columns-is-layout-flex\">\n<div class=\"wp-block-column is-layout-flow wp-block-column-is-layout-flow\">\n<h3 class=\"wp-block-heading\">Param\u00e8tres de la plaque en acier inoxydable de style r\u00e9tro<\/h3>\n\n\n\n<p><strong>Mat\u00e9riau :<\/strong> Acier inoxydable<br><strong>\u00c9paisseur normale<\/strong>: 0,8 mm<br><strong>Logo : <\/strong>S\u00e9rigraphie \/ Gravure laser \/ Tampon en relief<br><strong>Taille : <\/strong>13 \/ 15 \/ 17cm<br><strong>Poids brut : <\/strong>Moins de 0,5 kg<\/p>\n<\/div>\n\n\n\n<div class=\"wp-block-column is-layout-flow wp-block-column-is-layout-flow\">\n<h3 class=\"wp-block-heading\">Options d'ustensiles de cuisine personnalis\u00e9s<\/h3>\n\n\n\n<p><strong>Logo :<\/strong> Personnalisable avec le logo de votre marque<br><strong>Emballage :<\/strong>&nbsp;Bo\u00eete de couleur\/Carton, etc.<\/p>\n<\/div>\n<\/div>\n\n\n\n<div class=\"wp-block-columns is-layout-flex wp-container-core-columns-is-layout-9d6595d7 wp-block-columns-is-layout-flex\">\n<div class=\"wp-block-column is-layout-flow wp-block-column-is-layout-flow\">\n<figure class=\"wp-block-image size-full\"><img decoding=\"async\" width=\"800\" height=\"800\" src=\"https:\/\/www.purecook.com\/wp-content\/uploads\/2026\/04\/wholesale-retro-industrial-style-stainless-steel-dessert-plates-3.webp\" alt=\"grossiste r\u00e9tro style industriel assiettes \u00e0 dessert en acier inoxydable (3)\" class=\"wp-image-5780\" srcset=\"https:\/\/www.purecook.com\/wp-content\/uploads\/2026\/04\/wholesale-retro-industrial-style-stainless-steel-dessert-plates-3.webp 800w, https:\/\/www.purecook.com\/wp-content\/uploads\/2026\/04\/wholesale-retro-industrial-style-stainless-steel-dessert-plates-3-300x300.webp 300w, https:\/\/www.purecook.com\/wp-content\/uploads\/2026\/04\/wholesale-retro-industrial-style-stainless-steel-dessert-plates-3-150x150.webp 150w, https:\/\/www.purecook.com\/wp-content\/uploads\/2026\/04\/wholesale-retro-industrial-style-stainless-steel-dessert-plates-3-768x768.webp 768w, https:\/\/www.purecook.com\/wp-content\/uploads\/2026\/04\/wholesale-retro-industrial-style-stainless-steel-dessert-plates-3-12x12.webp 12w, https:\/\/www.purecook.com\/wp-content\/uploads\/2026\/04\/wholesale-retro-industrial-style-stainless-steel-dessert-plates-3-600x600.webp 600w, https:\/\/www.purecook.com\/wp-content\/uploads\/2026\/04\/wholesale-retro-industrial-style-stainless-steel-dessert-plates-3-100x100.webp 100w\" sizes=\"(max-width: 800px) 100vw, 800px\" \/><\/figure>\n<\/div>\n\n\n\n<div class=\"wp-block-column is-layout-flow wp-block-column-is-layout-flow\">\n<figure class=\"wp-block-image size-full\"><img decoding=\"async\" width=\"800\" height=\"800\" src=\"https:\/\/www.purecook.com\/wp-content\/uploads\/2026\/04\/wholesale-retro-industrial-style-stainless-steel-dessert-plates-4.webp\" alt=\"grossiste r\u00e9tro style industriel assiettes \u00e0 dessert en acier inoxydable (4)\" class=\"wp-image-5781\" srcset=\"https:\/\/www.purecook.com\/wp-content\/uploads\/2026\/04\/wholesale-retro-industrial-style-stainless-steel-dessert-plates-4.webp 800w, https:\/\/www.purecook.com\/wp-content\/uploads\/2026\/04\/wholesale-retro-industrial-style-stainless-steel-dessert-plates-4-300x300.webp 300w, https:\/\/www.purecook.com\/wp-content\/uploads\/2026\/04\/wholesale-retro-industrial-style-stainless-steel-dessert-plates-4-150x150.webp 150w, https:\/\/www.purecook.com\/wp-content\/uploads\/2026\/04\/wholesale-retro-industrial-style-stainless-steel-dessert-plates-4-768x768.webp 768w, https:\/\/www.purecook.com\/wp-content\/uploads\/2026\/04\/wholesale-retro-industrial-style-stainless-steel-dessert-plates-4-12x12.webp 12w, https:\/\/www.purecook.com\/wp-content\/uploads\/2026\/04\/wholesale-retro-industrial-style-stainless-steel-dessert-plates-4-600x600.webp 600w, https:\/\/www.purecook.com\/wp-content\/uploads\/2026\/04\/wholesale-retro-industrial-style-stainless-steel-dessert-plates-4-100x100.webp 100w\" sizes=\"(max-width: 800px) 100vw, 800px\" \/><\/figure>\n<\/div>\n<\/div>","protected":false},"excerpt":{"rendered":"<p>Nos assiettes \u00e0 dessert en acier inoxydable sont id\u00e9ales pour servir les g\u00e2teaux, les p\u00e2tisseries, les desserts et les petites portions de nourriture. Sp\u00e9cialement con\u00e7ues pour les restaurants, les h\u00f4tels, les caf\u00e9s et les services de restauration, elles allient une durabilit\u00e9 exceptionnelle \u00e0 une esth\u00e9tique d'inspiration vintage, ce qui les rend parfaitement adapt\u00e9es \u00e0 une utilisation commerciale fr\u00e9quente.<\/p>\n<p>En tant que fabricant d'ustensiles de cuisine et de vaisselle, nous offrons des services complets de personnalisation OEM\/ODM, permettant aux acheteurs B2B du monde entier de cr\u00e9er en toute confiance leurs propres collections de marques distinctes.<\/p>\n<h2>Assiettes en acier inoxydable de style r\u00e9tro Caract\u00e9ristiques<\/h2>\n<p><strong>Acier inoxydable de premi\u00e8re qualit\u00e9 Mat\u00e9riau<\/strong> Nos assiettes \u00e0 dessert en gros sont fabriqu\u00e9es en acier inoxydable 304 de haute qualit\u00e9, garantissant une durabilit\u00e9 exceptionnelle, une r\u00e9sistance \u00e0 la corrosion et des performances durables, ce qui les rend id\u00e9ales pour les environnements de restauration commerciale tr\u00e8s fr\u00e9quent\u00e9s tels que les restaurants, les h\u00f4tels et les caf\u00e9s.<\/p>\n<p><strong>Design industriel r\u00e9tro Style :<\/strong> Combinant l'esth\u00e9tique vintage et industrielle, ces assiettes cr\u00e9ent un look distinctif qui am\u00e9liore la pr\u00e9sentation de la table et ajoute une identit\u00e9 visuelle de qualit\u00e9 \u00e0 votre service de desserts.<\/p>\n<p><strong>Optimis\u00e9 pour le service des desserts :<\/strong> Sp\u00e9cialement con\u00e7ues pour servir les desserts, ces assiettes sont parfaites pour pr\u00e9senter avec \u00e9l\u00e9gance les g\u00e2teaux, les p\u00e2tisseries, les friandises et les petites portions, am\u00e9liorant ainsi la pr\u00e9sentation des aliments et l'exp\u00e9rience gastronomique globale du client.<\/p>\n<p><strong>Support de personnalisation OEM\/ODM :<\/strong> En tant que fabricant de vaisselle en m\u00e9tal, nous proposons des options de personnalisation flexibles, y compris le marquage de logos, les finitions de surface et l'emballage, afin de fournir une solution compl\u00e8te et unique adapt\u00e9e \u00e0 vos besoins sp\u00e9cifiques.<\/p>\n<p>\n<script src=\"chrome-extension:\/\/fpelahbljekknahkcaegamhcndkfpfnc\/iFrame.js\" type=\"text\/javascript\"><\/script><\/p>","protected":false},"featured_media":5778,"comment_status":"closed","ping_status":"closed","template":"","meta":{"_acf_changed":false},"product_brand":[],"product_cat":[51,55],"product_tag":[],"class_list":{"0":"post-5777","1":"product","2":"type-product","3":"status-publish","4":"has-post-thumbnail","6":"product_cat-dinnerware","7":"product_cat-dish-and-plate","9":"first","10":"instock","11":"shipping-taxable","12":"product-type-simple"},"acf":[],"_links":{"self":[{"href":"https:\/\/www.purecook.com\/fr\/wp-json\/wp\/v2\/product\/5777","targetHints":{"allow":["GET"]}}],"collection":[{"href":"https:\/\/www.purecook.com\/fr\/wp-json\/wp\/v2\/product"}],"about":[{"href":"https:\/\/www.purecook.com\/fr\/wp-json\/wp\/v2\/types\/product"}],"replies":[{"embeddable":true,"href":"https:\/\/www.purecook.com\/fr\/wp-json\/wp\/v2\/comments?post=5777"}],"wp:featuredmedia":[{"embeddable":true,"href":"https:\/\/www.purecook.com\/fr\/wp-json\/wp\/v2\/media\/5778"}],"wp:attachment":[{"href":"https:\/\/www.purecook.com\/fr\/wp-json\/wp\/v2\/media?parent=5777"}],"wp:term":[{"taxonomy":"product_brand","embeddable":true,"href":"https:\/\/www.purecook.com\/fr\/wp-json\/wp\/v2\/product_brand?post=5777"},{"taxonomy":"product_cat","embeddable":true,"href":"https:\/\/www.purecook.com\/fr\/wp-json\/wp\/v2\/product_cat?post=5777"},{"taxonomy":"product_tag","embeddable":true,"href":"https:\/\/www.purecook.com\/fr\/wp-json\/wp\/v2\/product_tag?post=5777"}],"curies":[{"name":"wp","href":"https:\/\/api.w.org\/{rel}","templated":true}]}}