{"id":5895,"date":"2026-05-12T14:07:11","date_gmt":"2026-05-12T06:07:11","guid":{"rendered":"https:\/\/www.purecook.com\/?post_type=product&#038;p=5895"},"modified":"2026-05-12T14:32:44","modified_gmt":"2026-05-12T06:32:44","slug":"wholesale-ceramic-non-stick-cookware-set","status":"publish","type":"product","link":"https:\/\/www.purecook.com\/fr\/product\/wholesale-ceramic-non-stick-cookware-set\/","title":{"rendered":"Set d'ustensiles de cuisine antiadh\u00e9sifs en c\u00e9ramique avec poign\u00e9es en bois, Substrat : Aluminium"},"content":{"rendered":"<div class=\"wp-block-columns is-layout-flex wp-container-core-columns-is-layout-9d6595d7 wp-block-columns-is-layout-flex\">\n<div class=\"wp-block-column is-layout-flow wp-block-column-is-layout-flow\">\n<h3 class=\"wp-block-heading\">Param\u00e8tres de la batterie de cuisine antiadh\u00e9sive en c\u00e9ramique <\/h3>\n\n\n\n<p><strong>Mat\u00e9riau :<\/strong> Aluminium<br><strong>Comprend :<\/strong><\/p>\n\n\n\n<ul class=\"wp-block-list\">\n<li>Pot \u00e0 lait de 16 cm avec couvercle<\/li>\n\n\n\n<li>Po\u00eale \u00e0 frire et wok de 28 cm avec couvercle<\/li>\n\n\n\n<li>Marmite de 24 cm avec couvercle et grille de cuisson \u00e0 la vapeur<\/li>\n\n\n\n<li>Po\u00eale \u00e0 frire de 24 cm<\/li>\n\n\n\n<li>Po\u00eale \u00e0 frire 28cm<\/li>\n\n\n\n<li>Pince \u00e0 steak : T\u00eate en silicone avec manche en bois<\/li>\n\n\n\n<li>Spatule : T\u00eate en silicone avec manche en bois<\/li>\n\n\n\n<li>Louche \u00e0 soupe : T\u00eate en silicone avec manche en bois<\/li>\n<\/ul>\n<\/div>\n\n\n\n<div class=\"wp-block-column is-layout-flow wp-block-column-is-layout-flow\">\n<h3 class=\"wp-block-heading\">Options d'ustensiles de cuisine personnalis\u00e9s<\/h3>\n\n\n\n<p><strong>Logo :<\/strong> Personnalisable avec le logo de votre marque<br><strong>Emballage :<\/strong>\u00a0Bo\u00eete de couleur \/ Carton, etc.<br><strong>Poign\u00e9e : <\/strong>Une poign\u00e9e adapt\u00e9e \u00e0 votre style<\/p>\n<\/div>\n<\/div>\n\n\n\n<div class=\"wp-block-columns is-layout-flex wp-container-core-columns-is-layout-9d6595d7 wp-block-columns-is-layout-flex\">\n<div class=\"wp-block-column is-layout-flow wp-block-column-is-layout-flow\">\n<figure class=\"wp-block-image size-full\"><img decoding=\"async\" width=\"800\" height=\"800\" src=\"https:\/\/www.purecook.com\/wp-content\/uploads\/2026\/05\/wholesale-ceramic-non-stick-cookware-set-2.webp\" alt=\"Ensemble d&#039;ustensiles de cuisine antiadh\u00e9sifs en c\u00e9ramique\" class=\"wp-image-5897\" srcset=\"https:\/\/www.purecook.com\/wp-content\/uploads\/2026\/05\/wholesale-ceramic-non-stick-cookware-set-2.webp 800w, https:\/\/www.purecook.com\/wp-content\/uploads\/2026\/05\/wholesale-ceramic-non-stick-cookware-set-2-300x300.webp 300w, https:\/\/www.purecook.com\/wp-content\/uploads\/2026\/05\/wholesale-ceramic-non-stick-cookware-set-2-150x150.webp 150w, https:\/\/www.purecook.com\/wp-content\/uploads\/2026\/05\/wholesale-ceramic-non-stick-cookware-set-2-768x768.webp 768w, https:\/\/www.purecook.com\/wp-content\/uploads\/2026\/05\/wholesale-ceramic-non-stick-cookware-set-2-12x12.webp 12w, https:\/\/www.purecook.com\/wp-content\/uploads\/2026\/05\/wholesale-ceramic-non-stick-cookware-set-2-600x600.webp 600w, https:\/\/www.purecook.com\/wp-content\/uploads\/2026\/05\/wholesale-ceramic-non-stick-cookware-set-2-100x100.webp 100w\" sizes=\"(max-width: 800px) 100vw, 800px\" \/><\/figure>\n<\/div>\n\n\n\n<div class=\"wp-block-column is-layout-flow wp-block-column-is-layout-flow\">\n<figure class=\"wp-block-image size-full\"><img decoding=\"async\" width=\"800\" height=\"800\" src=\"https:\/\/www.purecook.com\/wp-content\/uploads\/2026\/05\/wholesale-ceramic-non-stick-cookware-set-5.webp\" alt=\"Ensemble d&#039;ustensiles de cuisine antiadh\u00e9sifs en c\u00e9ramique\" class=\"wp-image-5900\" srcset=\"https:\/\/www.purecook.com\/wp-content\/uploads\/2026\/05\/wholesale-ceramic-non-stick-cookware-set-5.webp 800w, https:\/\/www.purecook.com\/wp-content\/uploads\/2026\/05\/wholesale-ceramic-non-stick-cookware-set-5-300x300.webp 300w, https:\/\/www.purecook.com\/wp-content\/uploads\/2026\/05\/wholesale-ceramic-non-stick-cookware-set-5-150x150.webp 150w, https:\/\/www.purecook.com\/wp-content\/uploads\/2026\/05\/wholesale-ceramic-non-stick-cookware-set-5-768x768.webp 768w, https:\/\/www.purecook.com\/wp-content\/uploads\/2026\/05\/wholesale-ceramic-non-stick-cookware-set-5-12x12.webp 12w, https:\/\/www.purecook.com\/wp-content\/uploads\/2026\/05\/wholesale-ceramic-non-stick-cookware-set-5-600x600.webp 600w, https:\/\/www.purecook.com\/wp-content\/uploads\/2026\/05\/wholesale-ceramic-non-stick-cookware-set-5-100x100.webp 100w\" sizes=\"(max-width: 800px) 100vw, 800px\" \/><\/figure>\n<\/div>\n<\/div>","protected":false},"excerpt":{"rendered":"<p>Ensemble d'ustensiles de cuisine antiadh\u00e9sifs en c\u00e9ramique. Cette batterie de cuisine antiadh\u00e9sive en c\u00e9ramique est con\u00e7ue pour les cuisines modernes qui exigent \u00e0 la fois performance et esth\u00e9tique. Construite avec un substrat en aluminium durable, la batterie de cuisine assure une distribution rapide et uniforme de la chaleur, ce qui rend la cuisine quotidienne plus efficace et plus coh\u00e9rente. Le rev\u00eatement antiadh\u00e9sif en c\u00e9ramique permet de r\u00e9duire la consommation d'huile et de cuisiner plus sainement, tout en facilitant le nettoyage pour les utilisateurs finaux.<\/p>\n<h2>Batterie de cuisine antiadh\u00e9sive en c\u00e9ramique Caract\u00e9ristiques<\/h2>\n<p><strong>Construction durable en aluminium :<\/strong> La batterie de cuisine est fabriqu\u00e9e sur une base en aluminium, ce qui garantit une distribution rapide et uniforme de la chaleur pour une cuisson efficace dans tous les types de casseroles.<\/p>\n<p><strong>Rev\u00eatement c\u00e9ramique antiadh\u00e9sif avanc\u00e9 :<\/strong> Con\u00e7ue pour r\u00e9duire l'adh\u00e9rence des aliments et la consommation d'huile, la surface en c\u00e9ramique permet de cuisiner plus sainement et simplifie le nettoyage apr\u00e8s une utilisation quotidienne.<\/p>\n<p><strong>Set complet polyvalent :<\/strong> Comprend plusieurs casseroles, des po\u00eales \u00e0 frire, une marmite avec une grille de cuisson \u00e0 la vapeur et des ustensiles de cuisine essentiels pour couvrir un large \u00e9ventail de besoins en mati\u00e8re de cuisine.<\/p>\n<p><strong>Poign\u00e9e en bois :<\/strong> Les poign\u00e9es ergonomiques aspect bois offrent une prise en main confortable tout en rehaussant l'aspect visuel de la batterie de cuisine.<\/p>\n<p><strong>Avantage de l'approvisionnement de l'usine B2B :<\/strong> En tant que fabricant et fournisseur professionnel d'ustensiles de cuisine, nous assurons la stabilit\u00e9 des commandes en gros gr\u00e2ce \u00e0 un contr\u00f4le de qualit\u00e9 coh\u00e9rent et \u00e0 une capacit\u00e9 de production efficace.<\/p>\n<p>\n<script src=\"chrome-extension:\/\/fpelahbljekknahkcaegamhcndkfpfnc\/iFrame.js\" type=\"text\/javascript\"><\/script><\/p>","protected":false},"featured_media":5896,"comment_status":"closed","ping_status":"closed","template":"","meta":{"_acf_changed":false},"product_brand":[],"product_cat":[24,69],"product_tag":[],"class_list":{"0":"post-5895","1":"product","2":"type-product","3":"status-publish","4":"has-post-thumbnail","6":"product_cat-cookware","7":"product_cat-cookware-sets","9":"first","10":"instock","11":"shipping-taxable","12":"product-type-simple"},"acf":[],"_links":{"self":[{"href":"https:\/\/www.purecook.com\/fr\/wp-json\/wp\/v2\/product\/5895","targetHints":{"allow":["GET"]}}],"collection":[{"href":"https:\/\/www.purecook.com\/fr\/wp-json\/wp\/v2\/product"}],"about":[{"href":"https:\/\/www.purecook.com\/fr\/wp-json\/wp\/v2\/types\/product"}],"replies":[{"embeddable":true,"href":"https:\/\/www.purecook.com\/fr\/wp-json\/wp\/v2\/comments?post=5895"}],"wp:featuredmedia":[{"embeddable":true,"href":"https:\/\/www.purecook.com\/fr\/wp-json\/wp\/v2\/media\/5896"}],"wp:attachment":[{"href":"https:\/\/www.purecook.com\/fr\/wp-json\/wp\/v2\/media?parent=5895"}],"wp:term":[{"taxonomy":"product_brand","embeddable":true,"href":"https:\/\/www.purecook.com\/fr\/wp-json\/wp\/v2\/product_brand?post=5895"},{"taxonomy":"product_cat","embeddable":true,"href":"https:\/\/www.purecook.com\/fr\/wp-json\/wp\/v2\/product_cat?post=5895"},{"taxonomy":"product_tag","embeddable":true,"href":"https:\/\/www.purecook.com\/fr\/wp-json\/wp\/v2\/product_tag?post=5895"}],"curies":[{"name":"wp","href":"https:\/\/api.w.org\/{rel}","templated":true}]}}