{"id":5902,"date":"2026-05-12T14:34:08","date_gmt":"2026-05-12T06:34:08","guid":{"rendered":"https:\/\/www.purecook.com\/?post_type=product&#038;p=5902"},"modified":"2026-05-12T14:48:54","modified_gmt":"2026-05-12T06:48:54","slug":"wholesale-stainless-steel-hot-pot-manufacturer","status":"publish","type":"product","link":"https:\/\/www.purecook.com\/fr\/product\/wholesale-stainless-steel-hot-pot-manufacturer\/","title":{"rendered":"Vente en gros de marmites en acier inoxydable avec poign\u00e9es r\u00e9sistantes \u00e0 la chaleur - Fabricant de marmites"},"content":{"rendered":"<div class=\"wp-block-columns is-layout-flex wp-container-core-columns-is-layout-9d6595d7 wp-block-columns-is-layout-flex\">\n<div class=\"wp-block-column is-layout-flow wp-block-column-is-layout-flow\">\n<h3 class=\"wp-block-heading\">Param\u00e8tres de la marmite en acier inoxydable <\/h3>\n\n\n\n<p><strong>Mat\u00e9riau :<\/strong> Acier inoxydable<br><strong>\u00c9paisseur normale :<\/strong> 0,4 mm<br><strong>Le fond :<\/strong> Fond sandwich \u00e0 induction (SUS+1mm Alu+SUS)<br><strong>Taille ext\u00e9rieure : <\/strong>27.4cm<\/p>\n<\/div>\n\n\n\n<div class=\"wp-block-column is-layout-flow wp-block-column-is-layout-flow\">\n<h3 class=\"wp-block-heading\">Options d'ustensiles de cuisine personnalis\u00e9s<\/h3>\n\n\n\n<p><strong>Logo :<\/strong> Personnalisable avec le logo de votre marque<br><strong>Emballage :<\/strong>&nbsp;Bo\u00eete de couleur\/Carton, etc.<br><strong>Poign\u00e9e : <\/strong>Une poign\u00e9e adapt\u00e9e \u00e0 votre style<\/p>\n<\/div>\n<\/div>\n\n\n\n<div class=\"wp-block-columns is-layout-flex wp-container-core-columns-is-layout-9d6595d7 wp-block-columns-is-layout-flex\">\n<div class=\"wp-block-column is-layout-flow wp-block-column-is-layout-flow\">\n<figure class=\"wp-block-image size-full\"><img decoding=\"async\" width=\"800\" height=\"800\" src=\"https:\/\/www.purecook.com\/wp-content\/uploads\/2026\/05\/wholesale-stainless-steel-hot-pot-1.webp\" alt=\"pot \u00e0 feu en acier inoxydable en gros \" class=\"wp-image-5904\" srcset=\"https:\/\/www.purecook.com\/wp-content\/uploads\/2026\/05\/wholesale-stainless-steel-hot-pot-1.webp 800w, https:\/\/www.purecook.com\/wp-content\/uploads\/2026\/05\/wholesale-stainless-steel-hot-pot-1-300x300.webp 300w, https:\/\/www.purecook.com\/wp-content\/uploads\/2026\/05\/wholesale-stainless-steel-hot-pot-1-150x150.webp 150w, https:\/\/www.purecook.com\/wp-content\/uploads\/2026\/05\/wholesale-stainless-steel-hot-pot-1-768x768.webp 768w, https:\/\/www.purecook.com\/wp-content\/uploads\/2026\/05\/wholesale-stainless-steel-hot-pot-1-12x12.webp 12w, https:\/\/www.purecook.com\/wp-content\/uploads\/2026\/05\/wholesale-stainless-steel-hot-pot-1-600x600.webp 600w, https:\/\/www.purecook.com\/wp-content\/uploads\/2026\/05\/wholesale-stainless-steel-hot-pot-1-100x100.webp 100w\" sizes=\"(max-width: 800px) 100vw, 800px\" \/><\/figure>\n<\/div>\n\n\n\n<div class=\"wp-block-column is-layout-flow wp-block-column-is-layout-flow\">\n<figure class=\"wp-block-image size-full\"><img decoding=\"async\" width=\"800\" height=\"800\" src=\"https:\/\/www.purecook.com\/wp-content\/uploads\/2026\/05\/wholesale-stainless-steel-hot-pot-5.webp\" alt=\"pot \u00e0 feu en acier inoxydable en gros\" class=\"wp-image-5908\" srcset=\"https:\/\/www.purecook.com\/wp-content\/uploads\/2026\/05\/wholesale-stainless-steel-hot-pot-5.webp 800w, https:\/\/www.purecook.com\/wp-content\/uploads\/2026\/05\/wholesale-stainless-steel-hot-pot-5-300x300.webp 300w, https:\/\/www.purecook.com\/wp-content\/uploads\/2026\/05\/wholesale-stainless-steel-hot-pot-5-150x150.webp 150w, https:\/\/www.purecook.com\/wp-content\/uploads\/2026\/05\/wholesale-stainless-steel-hot-pot-5-768x768.webp 768w, https:\/\/www.purecook.com\/wp-content\/uploads\/2026\/05\/wholesale-stainless-steel-hot-pot-5-12x12.webp 12w, https:\/\/www.purecook.com\/wp-content\/uploads\/2026\/05\/wholesale-stainless-steel-hot-pot-5-600x600.webp 600w, https:\/\/www.purecook.com\/wp-content\/uploads\/2026\/05\/wholesale-stainless-steel-hot-pot-5-100x100.webp 100w\" sizes=\"(max-width: 800px) 100vw, 800px\" \/><\/figure>\n<\/div>\n<\/div>\n\n\n\n<div class=\"wp-block-columns is-layout-flex wp-container-core-columns-is-layout-9d6595d7 wp-block-columns-is-layout-flex\">\n<div class=\"wp-block-column is-layout-flow wp-block-column-is-layout-flow\"><\/div>\n\n\n\n<div class=\"wp-block-column is-layout-flow wp-block-column-is-layout-flow\"><\/div>\n<\/div>\n\n\n\n<div class=\"wp-block-columns is-layout-flex wp-container-core-columns-is-layout-9d6595d7 wp-block-columns-is-layout-flex\">\n<div class=\"wp-block-column is-layout-flow wp-block-column-is-layout-flow\"><\/div>\n\n\n\n<div class=\"wp-block-column is-layout-flow wp-block-column-is-layout-flow\"><\/div>\n<\/div>","protected":false},"excerpt":{"rendered":"<p>Vente en gros de marmites en acier inoxydable. Am\u00e9liorez votre gamme d'ustensiles de cuisine avec notre marmite en gros en acier inoxydable, con\u00e7ue pour les applications commerciales et domestiques. Fabriqu\u00e9e en acier inoxydable de haute qualit\u00e9, cette marmite allie durabilit\u00e9, fonctionnalit\u00e9 pratique et aspect propre et moderne.<\/p>\n<h2>Caract\u00e9ristiques de la marmite en acier inoxydable\u00a0<\/h2>\n<p><strong>Construction durable en acier inoxydable :<\/strong> Fabriqu\u00e9e en acier inoxydable de qualit\u00e9, cette marmite offre une excellente durabilit\u00e9 et une r\u00e9sistance \u00e0 l'usure quotidienne, ce qui la rend adapt\u00e9e \u00e0 un usage r\u00e9sidentiel et commercial.<\/p>\n<p><strong>Poign\u00e9e r\u00e9sistante \u00e0 la chaleur :<\/strong> \u00c9quip\u00e9 de poign\u00e9es r\u00e9sistantes \u00e0 la chaleur pour une manipulation plus s\u00fbre pendant la cuisson et le service. La conception ergonomique am\u00e9liore le confort d'utilisation et la commodit\u00e9.<\/p>\n<p><strong>Induction Fond sandwich :<\/strong> La structure du fond en SUS + aluminium + SUS favorise une r\u00e9partition uniforme de la chaleur et assure la compatibilit\u00e9 avec les tables de cuisson \u00e0 induction et les autres sources de chaleur courantes.<\/p>\n<p><strong>Support de personnalisation OEM et ODM :<\/strong> En tant que fabricant professionnel d'ustensiles de cuisine, nous prenons en charge la personnalisation de la marque, de l'emballage et de l'adaptation des produits afin d'aider les grossistes et les distributeurs \u00e0 cr\u00e9er des gammes de produits uniques.<\/p>\n<p>\n<script src=\"chrome-extension:\/\/fpelahbljekknahkcaegamhcndkfpfnc\/iFrame.js\" type=\"text\/javascript\"><\/script><\/p>","protected":false},"featured_media":5910,"comment_status":"closed","ping_status":"closed","template":"","meta":{"_acf_changed":false},"product_brand":[],"product_cat":[24,77],"product_tag":[],"class_list":{"0":"post-5902","1":"product","2":"type-product","3":"status-publish","4":"has-post-thumbnail","6":"product_cat-cookware","7":"product_cat-hotpot","9":"first","10":"instock","11":"shipping-taxable","12":"product-type-simple"},"acf":[],"_links":{"self":[{"href":"https:\/\/www.purecook.com\/fr\/wp-json\/wp\/v2\/product\/5902","targetHints":{"allow":["GET"]}}],"collection":[{"href":"https:\/\/www.purecook.com\/fr\/wp-json\/wp\/v2\/product"}],"about":[{"href":"https:\/\/www.purecook.com\/fr\/wp-json\/wp\/v2\/types\/product"}],"replies":[{"embeddable":true,"href":"https:\/\/www.purecook.com\/fr\/wp-json\/wp\/v2\/comments?post=5902"}],"wp:featuredmedia":[{"embeddable":true,"href":"https:\/\/www.purecook.com\/fr\/wp-json\/wp\/v2\/media\/5910"}],"wp:attachment":[{"href":"https:\/\/www.purecook.com\/fr\/wp-json\/wp\/v2\/media?parent=5902"}],"wp:term":[{"taxonomy":"product_brand","embeddable":true,"href":"https:\/\/www.purecook.com\/fr\/wp-json\/wp\/v2\/product_brand?post=5902"},{"taxonomy":"product_cat","embeddable":true,"href":"https:\/\/www.purecook.com\/fr\/wp-json\/wp\/v2\/product_cat?post=5902"},{"taxonomy":"product_tag","embeddable":true,"href":"https:\/\/www.purecook.com\/fr\/wp-json\/wp\/v2\/product_tag?post=5902"}],"curies":[{"name":"wp","href":"https:\/\/api.w.org\/{rel}","templated":true}]}}