{"id":5911,"date":"2026-05-12T14:57:01","date_gmt":"2026-05-12T06:57:01","guid":{"rendered":"https:\/\/www.purecook.com\/?post_type=product&#038;p=5911"},"modified":"2026-05-12T15:17:56","modified_gmt":"2026-05-12T07:17:56","slug":"wholesale-premium-stainless-steel-hanging-snack-trays","status":"publish","type":"product","link":"https:\/\/www.purecook.com\/fr\/product\/wholesale-premium-stainless-steel-hanging-snack-trays\/","title":{"rendered":"Plateaux \u00e0 snacks suspendus en acier inoxydable de qualit\u00e9 sup\u00e9rieure, plateaux rectangulaires pour aliments"},"content":{"rendered":"<div class=\"wp-block-columns is-layout-flex wp-container-core-columns-is-layout-9d6595d7 wp-block-columns-is-layout-flex\">\n<div class=\"wp-block-column is-layout-flow wp-block-column-is-layout-flow\">\n<h3 class=\"wp-block-heading\">Param\u00e8tres du plateau suspendu<\/h3>\n\n\n\n<p><strong>Mat\u00e9riau :<\/strong> Acier inoxydable 304<br><strong>Taille : <\/strong>20,6 \u00d7 10,7 \u00d7 2,3 cm<br><strong>Poids brut : <\/strong>185g<\/p>\n<\/div>\n\n\n\n<div class=\"wp-block-column is-layout-flow wp-block-column-is-layout-flow\">\n<h3 class=\"wp-block-heading\">Options d'ustensiles de cuisine personnalis\u00e9s<\/h3>\n\n\n\n<p><strong>Logo :<\/strong> Personnalisable avec le logo de votre marque<br><strong>Emballage :<\/strong>\u00a0Bo\u00eete de couleur \/ Carton, etc.<\/p>\n<\/div>\n<\/div>\n\n\n\n<div class=\"wp-block-columns is-layout-flex wp-container-core-columns-is-layout-9d6595d7 wp-block-columns-is-layout-flex\">\n<div class=\"wp-block-column is-layout-flow wp-block-column-is-layout-flow\">\n<figure class=\"wp-block-image size-full\"><img decoding=\"async\" width=\"800\" height=\"800\" src=\"https:\/\/www.purecook.com\/wp-content\/uploads\/2026\/05\/wholesale-stainless-steel-hanging-snack-tray-1.webp\" alt=\"plateau \u00e0 collation suspendu en acier inoxydable (1)\" class=\"wp-image-5912\" srcset=\"https:\/\/www.purecook.com\/wp-content\/uploads\/2026\/05\/wholesale-stainless-steel-hanging-snack-tray-1.webp 800w, https:\/\/www.purecook.com\/wp-content\/uploads\/2026\/05\/wholesale-stainless-steel-hanging-snack-tray-1-300x300.webp 300w, https:\/\/www.purecook.com\/wp-content\/uploads\/2026\/05\/wholesale-stainless-steel-hanging-snack-tray-1-150x150.webp 150w, https:\/\/www.purecook.com\/wp-content\/uploads\/2026\/05\/wholesale-stainless-steel-hanging-snack-tray-1-768x768.webp 768w, https:\/\/www.purecook.com\/wp-content\/uploads\/2026\/05\/wholesale-stainless-steel-hanging-snack-tray-1-12x12.webp 12w, https:\/\/www.purecook.com\/wp-content\/uploads\/2026\/05\/wholesale-stainless-steel-hanging-snack-tray-1-600x600.webp 600w, https:\/\/www.purecook.com\/wp-content\/uploads\/2026\/05\/wholesale-stainless-steel-hanging-snack-tray-1-100x100.webp 100w\" sizes=\"(max-width: 800px) 100vw, 800px\" \/><\/figure>\n<\/div>\n\n\n\n<div class=\"wp-block-column is-layout-flow wp-block-column-is-layout-flow\">\n<figure class=\"wp-block-image size-full\"><img decoding=\"async\" width=\"800\" height=\"800\" src=\"https:\/\/www.purecook.com\/wp-content\/uploads\/2026\/05\/wholesale-stainless-steel-hanging-snack-tray-3.webp\" alt=\"plateau \u00e0 go\u00fbter suspendu en acier inoxydable (3)\" class=\"wp-image-5914\" srcset=\"https:\/\/www.purecook.com\/wp-content\/uploads\/2026\/05\/wholesale-stainless-steel-hanging-snack-tray-3.webp 800w, https:\/\/www.purecook.com\/wp-content\/uploads\/2026\/05\/wholesale-stainless-steel-hanging-snack-tray-3-300x300.webp 300w, https:\/\/www.purecook.com\/wp-content\/uploads\/2026\/05\/wholesale-stainless-steel-hanging-snack-tray-3-150x150.webp 150w, https:\/\/www.purecook.com\/wp-content\/uploads\/2026\/05\/wholesale-stainless-steel-hanging-snack-tray-3-768x768.webp 768w, https:\/\/www.purecook.com\/wp-content\/uploads\/2026\/05\/wholesale-stainless-steel-hanging-snack-tray-3-12x12.webp 12w, https:\/\/www.purecook.com\/wp-content\/uploads\/2026\/05\/wholesale-stainless-steel-hanging-snack-tray-3-600x600.webp 600w, https:\/\/www.purecook.com\/wp-content\/uploads\/2026\/05\/wholesale-stainless-steel-hanging-snack-tray-3-100x100.webp 100w\" sizes=\"(max-width: 800px) 100vw, 800px\" \/><\/figure>\n<\/div>\n<\/div>","protected":false},"excerpt":{"rendered":"<p>Vente en gros de plateaux \u00e0 snacks en acier inoxydable. Dot\u00e9s d'un profil rectangulaire \u00e9l\u00e9gant et d'un syst\u00e8me de suspension pratique, ces plateaux allient une esth\u00e9tique minimaliste \u00e0 une fonctionnalit\u00e9 pratique au quotidien, ce qui en fait un choix id\u00e9al pour les d\u00e9taillants, les distributeurs et les importateurs d'ustensiles de cuisine. Ils sont parfaitement adapt\u00e9s au service dans les cuisines, les caf\u00e9s, les snack-bars et les environnements de restauration \u00e0 domicile.<\/p>\n<h2>Caract\u00e9ristiques du plateau \u00e0 snacks suspendu en acier inoxydable<\/h2>\n<p><strong>Conception innovante de la suspension :<\/strong> La structure de suspension int\u00e9gr\u00e9e permet de ranger les plateaux sur des tringles ou des \u00e9tag\u00e8res, ce qui permet de gagner de l'espace dans la cuisine tout en ajoutant une touche d\u00e9corative moderne.<\/p>\n<p><strong>Finition de surface lisse et bross\u00e9e :<\/strong> La finition en acier inoxydable bross\u00e9 am\u00e9liore l'esth\u00e9tique du produit tout en aidant \u00e0 r\u00e9duire les rayures visibles et les empreintes digitales pour un aspect haut de gamme.<\/p>\n<p><strong>Convient \u00e0 de multiples applications alimentaires :<\/strong> Id\u00e9al pour servir des snacks, des fruits, des desserts, des ap\u00e9ritifs et des plats d'accompagnement dans les maisons, les caf\u00e9s, les restaurants et les environnements d'accueil.<\/p>\n<p><strong>Support de personnalisation OEM et ODM :<\/strong> Notre usine d'ustensiles de cuisine propose des services de personnalisation flexibles, notamment l'impression de logos, l'emballage, le traitement de surface et des solutions de marques priv\u00e9es pour les acheteurs en gros et les distributeurs.<\/p>\n<p>\n<script src=\"chrome-extension:\/\/fpelahbljekknahkcaegamhcndkfpfnc\/iFrame.js\" type=\"text\/javascript\"><\/script><\/p>","protected":false},"featured_media":5913,"comment_status":"closed","ping_status":"closed","template":"","meta":{"_acf_changed":false},"product_brand":[],"product_cat":[51,55],"product_tag":[],"class_list":{"0":"post-5911","1":"product","2":"type-product","3":"status-publish","4":"has-post-thumbnail","6":"product_cat-dinnerware","7":"product_cat-dish-and-plate","9":"first","10":"instock","11":"shipping-taxable","12":"product-type-simple"},"acf":[],"_links":{"self":[{"href":"https:\/\/www.purecook.com\/fr\/wp-json\/wp\/v2\/product\/5911","targetHints":{"allow":["GET"]}}],"collection":[{"href":"https:\/\/www.purecook.com\/fr\/wp-json\/wp\/v2\/product"}],"about":[{"href":"https:\/\/www.purecook.com\/fr\/wp-json\/wp\/v2\/types\/product"}],"replies":[{"embeddable":true,"href":"https:\/\/www.purecook.com\/fr\/wp-json\/wp\/v2\/comments?post=5911"}],"wp:featuredmedia":[{"embeddable":true,"href":"https:\/\/www.purecook.com\/fr\/wp-json\/wp\/v2\/media\/5913"}],"wp:attachment":[{"href":"https:\/\/www.purecook.com\/fr\/wp-json\/wp\/v2\/media?parent=5911"}],"wp:term":[{"taxonomy":"product_brand","embeddable":true,"href":"https:\/\/www.purecook.com\/fr\/wp-json\/wp\/v2\/product_brand?post=5911"},{"taxonomy":"product_cat","embeddable":true,"href":"https:\/\/www.purecook.com\/fr\/wp-json\/wp\/v2\/product_cat?post=5911"},{"taxonomy":"product_tag","embeddable":true,"href":"https:\/\/www.purecook.com\/fr\/wp-json\/wp\/v2\/product_tag?post=5911"}],"curies":[{"name":"wp","href":"https:\/\/api.w.org\/{rel}","templated":true}]}}