{"id":5918,"date":"2026-05-12T15:32:02","date_gmt":"2026-05-12T07:32:02","guid":{"rendered":"https:\/\/www.purecook.com\/?post_type=product&#038;p=5918"},"modified":"2026-05-12T15:54:29","modified_gmt":"2026-05-12T07:54:29","slug":"wholesale-premium-stainless-steel-colander-set","status":"publish","type":"product","link":"https:\/\/www.purecook.com\/fr\/product\/wholesale-premium-stainless-steel-colander-set\/","title":{"rendered":"Set de passoire en acier inoxydable de qualit\u00e9 sup\u00e9rieure (Wholesale)"},"content":{"rendered":"<div class=\"wp-block-columns is-layout-flex wp-container-core-columns-is-layout-9d6595d7 wp-block-columns-is-layout-flex\">\n<div class=\"wp-block-column is-layout-flow wp-block-column-is-layout-flow\">\n<h3 class=\"wp-block-heading\">Param\u00e8tres de l'ensemble de passoires en acier inoxydable de qualit\u00e9 sup\u00e9rieure (Wholesale Premium Stainless Steel Colander Set)<\/h3>\n\n\n\n<p><strong>Mat\u00e9riau :<\/strong> Acier inoxydable<br><strong>\u00c9paisseur normale :<\/strong> 0,35 mm<br><strong>Dia : <\/strong>40cm<\/p>\n<\/div>\n\n\n\n<div class=\"wp-block-column is-layout-flow wp-block-column-is-layout-flow\">\n<h3 class=\"wp-block-heading\">Options d'ustensiles de cuisine personnalis\u00e9s<\/h3>\n\n\n\n<p><strong>Logo :<\/strong> Personnalisable avec le logo de votre marque<br><strong>Emballage :<\/strong>\u00a0Bo\u00eete de couleur\/Carton, etc.<\/p>\n<\/div>\n<\/div>\n\n\n\n<div class=\"wp-block-columns is-layout-flex wp-container-core-columns-is-layout-9d6595d7 wp-block-columns-is-layout-flex\">\n<div class=\"wp-block-column is-layout-flow wp-block-column-is-layout-flow\">\n<figure class=\"wp-block-image size-full\"><img decoding=\"async\" width=\"800\" height=\"800\" src=\"https:\/\/www.purecook.com\/wp-content\/uploads\/2026\/05\/wholesale-premium-stainless-steel-colander-set3.webp\" alt=\"Jeu de passoires en acier inoxydable de qualit\u00e9 sup\u00e9rieure (3)\" class=\"wp-image-5921\" srcset=\"https:\/\/www.purecook.com\/wp-content\/uploads\/2026\/05\/wholesale-premium-stainless-steel-colander-set3.webp 800w, https:\/\/www.purecook.com\/wp-content\/uploads\/2026\/05\/wholesale-premium-stainless-steel-colander-set3-300x300.webp 300w, https:\/\/www.purecook.com\/wp-content\/uploads\/2026\/05\/wholesale-premium-stainless-steel-colander-set3-150x150.webp 150w, https:\/\/www.purecook.com\/wp-content\/uploads\/2026\/05\/wholesale-premium-stainless-steel-colander-set3-768x768.webp 768w, https:\/\/www.purecook.com\/wp-content\/uploads\/2026\/05\/wholesale-premium-stainless-steel-colander-set3-12x12.webp 12w, https:\/\/www.purecook.com\/wp-content\/uploads\/2026\/05\/wholesale-premium-stainless-steel-colander-set3-600x600.webp 600w, https:\/\/www.purecook.com\/wp-content\/uploads\/2026\/05\/wholesale-premium-stainless-steel-colander-set3-100x100.webp 100w\" sizes=\"(max-width: 800px) 100vw, 800px\" \/><\/figure>\n<\/div>\n\n\n\n<div class=\"wp-block-column is-layout-flow wp-block-column-is-layout-flow\">\n<figure class=\"wp-block-image size-full\"><img decoding=\"async\" width=\"800\" height=\"800\" src=\"https:\/\/www.purecook.com\/wp-content\/uploads\/2026\/05\/wholesale-premium-stainless-steel-colander-set5.webp\" alt=\"Jeu de passoires en acier inoxydable de qualit\u00e9 sup\u00e9rieure (5)\" class=\"wp-image-5923\" srcset=\"https:\/\/www.purecook.com\/wp-content\/uploads\/2026\/05\/wholesale-premium-stainless-steel-colander-set5.webp 800w, https:\/\/www.purecook.com\/wp-content\/uploads\/2026\/05\/wholesale-premium-stainless-steel-colander-set5-300x300.webp 300w, https:\/\/www.purecook.com\/wp-content\/uploads\/2026\/05\/wholesale-premium-stainless-steel-colander-set5-150x150.webp 150w, https:\/\/www.purecook.com\/wp-content\/uploads\/2026\/05\/wholesale-premium-stainless-steel-colander-set5-768x768.webp 768w, https:\/\/www.purecook.com\/wp-content\/uploads\/2026\/05\/wholesale-premium-stainless-steel-colander-set5-12x12.webp 12w, https:\/\/www.purecook.com\/wp-content\/uploads\/2026\/05\/wholesale-premium-stainless-steel-colander-set5-600x600.webp 600w, https:\/\/www.purecook.com\/wp-content\/uploads\/2026\/05\/wholesale-premium-stainless-steel-colander-set5-100x100.webp 100w\" sizes=\"(max-width: 800px) 100vw, 800px\" \/><\/figure>\n<\/div>\n<\/div>\n\n\n\n<div class=\"wp-block-columns is-layout-flex wp-container-core-columns-is-layout-9d6595d7 wp-block-columns-is-layout-flex\">\n<div class=\"wp-block-column is-layout-flow wp-block-column-is-layout-flow\"><\/div>\n\n\n\n<div class=\"wp-block-column is-layout-flow wp-block-column-is-layout-flow\"><\/div>\n<\/div>","protected":false},"excerpt":{"rendered":"<p data-pm-slice=\"0 0 []\">Set de passoires en acier inoxydable en gros. Gr\u00e2ce \u00e0 la combinaison pratique d'une passoire et d'un bol assorti, il permet d'effectuer les t\u00e2ches quotidiennes de lavage, d'\u00e9gouttage et de m\u00e9lange dans les cuisines domestiques et commerciales.<\/p>\n<h2>Caract\u00e9ristiques de l'ensemble de passoires en acier inoxydable<\/h2>\n<p><strong>Syst\u00e8me de drainage efficace et pr\u00e9cis :<\/strong> La passoire est con\u00e7ue avec des perforations uniform\u00e9ment r\u00e9parties pour un \u00e9gouttage rapide et efficace. Associ\u00e9e au bol assorti, elle s'embo\u00eete les uns dans les autres pour faciliter le lavage, le trempage et l'\u00e9gouttage.<\/p>\n<p><strong>Conception permettant d'embo\u00eeter et d'\u00e9conomiser de l'espace :<\/strong> Con\u00e7ue dans un souci de praticit\u00e9, la passoire s'ins\u00e8re parfaitement dans le bol \u00e0 m\u00e9langer pour un rangement compact et un transport ais\u00e9. La structure empilable permet de gagner de l'espace dans la cuisine et dans l'entrep\u00f4t.<\/p>\n<p><strong>Fonctionnalit\u00e9 de la cuisine polyvalente :<\/strong> Convient pour laver les l\u00e9gumes, \u00e9goutter les p\u00e2tes, m\u00e9langer les salades, pr\u00e9parer les fruits, faire tremper les ingr\u00e9dients et servir les aliments. Sa conception polyvalente r\u00e9pond aux besoins des cuisines domestiques et des environnements de restauration.<\/p>\n<p data-pm-slice=\"0 0 []\"><strong>Direct usine Avantage concurrentiel :<\/strong> En s'approvisionnant directement aupr\u00e8s du fabricant, les acheteurs b\u00e9n\u00e9ficient de prix d'usine comp\u00e9titifs, d'une qualit\u00e9 de produit constante et d'une assistance professionnelle \u00e0 l'exportation.<\/p>\n<p>\n<script src=\"chrome-extension:\/\/fpelahbljekknahkcaegamhcndkfpfnc\/iFrame.js\" type=\"text\/javascript\"><\/script><\/p>","protected":false},"featured_media":5919,"comment_status":"closed","ping_status":"closed","template":"","meta":{"_acf_changed":false},"product_brand":[],"product_cat":[52,65],"product_tag":[],"class_list":{"0":"post-5918","1":"product","2":"type-product","3":"status-publish","4":"has-post-thumbnail","6":"product_cat-kitchen-utensils","7":"product_cat-kitchen-strainer-and-colander","9":"first","10":"instock","11":"shipping-taxable","12":"product-type-simple"},"acf":[],"_links":{"self":[{"href":"https:\/\/www.purecook.com\/fr\/wp-json\/wp\/v2\/product\/5918","targetHints":{"allow":["GET"]}}],"collection":[{"href":"https:\/\/www.purecook.com\/fr\/wp-json\/wp\/v2\/product"}],"about":[{"href":"https:\/\/www.purecook.com\/fr\/wp-json\/wp\/v2\/types\/product"}],"replies":[{"embeddable":true,"href":"https:\/\/www.purecook.com\/fr\/wp-json\/wp\/v2\/comments?post=5918"}],"wp:featuredmedia":[{"embeddable":true,"href":"https:\/\/www.purecook.com\/fr\/wp-json\/wp\/v2\/media\/5919"}],"wp:attachment":[{"href":"https:\/\/www.purecook.com\/fr\/wp-json\/wp\/v2\/media?parent=5918"}],"wp:term":[{"taxonomy":"product_brand","embeddable":true,"href":"https:\/\/www.purecook.com\/fr\/wp-json\/wp\/v2\/product_brand?post=5918"},{"taxonomy":"product_cat","embeddable":true,"href":"https:\/\/www.purecook.com\/fr\/wp-json\/wp\/v2\/product_cat?post=5918"},{"taxonomy":"product_tag","embeddable":true,"href":"https:\/\/www.purecook.com\/fr\/wp-json\/wp\/v2\/product_tag?post=5918"}],"curies":[{"name":"wp","href":"https:\/\/api.w.org\/{rel}","templated":true}]}}