{"id":5925,"date":"2026-05-12T16:08:08","date_gmt":"2026-05-12T08:08:08","guid":{"rendered":"https:\/\/www.purecook.com\/?post_type=product&#038;p=5925"},"modified":"2026-05-12T16:42:48","modified_gmt":"2026-05-12T08:42:48","slug":"wholesale-3-in-1-stainless-steel-vegetable-grater-colander-set","status":"publish","type":"product","link":"https:\/\/www.purecook.com\/fr\/product\/wholesale-3-in-1-stainless-steel-vegetable-grater-colander-set\/","title":{"rendered":"Wholesale 3-in-1 Stainless Steel Vegetable Grater &amp; Colander Set (ensemble de r\u00e2pes \u00e0 l\u00e9gumes et de passoires en acier inoxydable)"},"content":{"rendered":"<div class=\"wp-block-columns is-layout-flex wp-container-core-columns-is-layout-9d6595d7 wp-block-columns-is-layout-flex\">\n<div class=\"wp-block-column is-layout-flow wp-block-column-is-layout-flow\">\n<h3 class=\"wp-block-heading\">Param\u00e8tres de l'ensemble r\u00e2pe \u00e0 l\u00e9gumes et passoire<\/h3>\n\n\n\n<p><strong>Mat\u00e9riau :<\/strong> Acier inoxydable 201<br><strong>\u00c9paisseur normale :<\/strong> 0,5 mm<br><strong>Dia :<\/strong> 26cm<\/p>\n<\/div>\n\n\n\n<div class=\"wp-block-column is-layout-flow wp-block-column-is-layout-flow\">\n<h3 class=\"wp-block-heading\">Options d'ustensiles de cuisine personnalis\u00e9s<\/h3>\n\n\n\n<p><strong>Logo :<\/strong> Personnalisable avec le logo de votre marque<br><strong>Emballage :<\/strong>\u00a0Bo\u00eete de couleur\/Carton, etc.<\/p>\n<\/div>\n<\/div>\n\n\n\n<div class=\"wp-block-columns is-layout-flex wp-container-core-columns-is-layout-9d6595d7 wp-block-columns-is-layout-flex\">\n<div class=\"wp-block-column is-layout-flow wp-block-column-is-layout-flow\">\n<figure class=\"wp-block-image size-full\"><img decoding=\"async\" width=\"800\" height=\"800\" src=\"https:\/\/www.purecook.com\/wp-content\/uploads\/2026\/05\/Wholesale-3-in-1-Stainless-Steel-Vegetable-Grater-and-Colander-Set-1.webp\" alt=\"Wholesale 3-in-1 Stainless Steel Vegetable Grater and Colander Set (1)\" class=\"wp-image-5926\" srcset=\"https:\/\/www.purecook.com\/wp-content\/uploads\/2026\/05\/Wholesale-3-in-1-Stainless-Steel-Vegetable-Grater-and-Colander-Set-1.webp 800w, https:\/\/www.purecook.com\/wp-content\/uploads\/2026\/05\/Wholesale-3-in-1-Stainless-Steel-Vegetable-Grater-and-Colander-Set-1-300x300.webp 300w, https:\/\/www.purecook.com\/wp-content\/uploads\/2026\/05\/Wholesale-3-in-1-Stainless-Steel-Vegetable-Grater-and-Colander-Set-1-150x150.webp 150w, https:\/\/www.purecook.com\/wp-content\/uploads\/2026\/05\/Wholesale-3-in-1-Stainless-Steel-Vegetable-Grater-and-Colander-Set-1-768x768.webp 768w, https:\/\/www.purecook.com\/wp-content\/uploads\/2026\/05\/Wholesale-3-in-1-Stainless-Steel-Vegetable-Grater-and-Colander-Set-1-12x12.webp 12w, https:\/\/www.purecook.com\/wp-content\/uploads\/2026\/05\/Wholesale-3-in-1-Stainless-Steel-Vegetable-Grater-and-Colander-Set-1-600x600.webp 600w, https:\/\/www.purecook.com\/wp-content\/uploads\/2026\/05\/Wholesale-3-in-1-Stainless-Steel-Vegetable-Grater-and-Colander-Set-1-100x100.webp 100w\" sizes=\"(max-width: 800px) 100vw, 800px\" \/><\/figure>\n<\/div>\n\n\n\n<div class=\"wp-block-column is-layout-flow wp-block-column-is-layout-flow\">\n<figure class=\"wp-block-image size-full\"><img decoding=\"async\" width=\"800\" height=\"800\" src=\"https:\/\/www.purecook.com\/wp-content\/uploads\/2026\/05\/Wholesale-3-in-1-Stainless-Steel-Vegetable-Grater-and-Colander-Set-2.webp\" alt=\"Wholesale 3-in-1 Stainless Steel Vegetable Grater and Colander Set (2) (R\u00e2pe \u00e0 l\u00e9gumes et passoire en acier inoxydable)\" class=\"wp-image-5927\" srcset=\"https:\/\/www.purecook.com\/wp-content\/uploads\/2026\/05\/Wholesale-3-in-1-Stainless-Steel-Vegetable-Grater-and-Colander-Set-2.webp 800w, https:\/\/www.purecook.com\/wp-content\/uploads\/2026\/05\/Wholesale-3-in-1-Stainless-Steel-Vegetable-Grater-and-Colander-Set-2-300x300.webp 300w, https:\/\/www.purecook.com\/wp-content\/uploads\/2026\/05\/Wholesale-3-in-1-Stainless-Steel-Vegetable-Grater-and-Colander-Set-2-150x150.webp 150w, https:\/\/www.purecook.com\/wp-content\/uploads\/2026\/05\/Wholesale-3-in-1-Stainless-Steel-Vegetable-Grater-and-Colander-Set-2-768x768.webp 768w, https:\/\/www.purecook.com\/wp-content\/uploads\/2026\/05\/Wholesale-3-in-1-Stainless-Steel-Vegetable-Grater-and-Colander-Set-2-12x12.webp 12w, https:\/\/www.purecook.com\/wp-content\/uploads\/2026\/05\/Wholesale-3-in-1-Stainless-Steel-Vegetable-Grater-and-Colander-Set-2-600x600.webp 600w, https:\/\/www.purecook.com\/wp-content\/uploads\/2026\/05\/Wholesale-3-in-1-Stainless-Steel-Vegetable-Grater-and-Colander-Set-2-100x100.webp 100w\" sizes=\"(max-width: 800px) 100vw, 800px\" \/><\/figure>\n<\/div>\n<\/div>\n\n\n\n<div class=\"wp-block-columns is-layout-flex wp-container-core-columns-is-layout-9d6595d7 wp-block-columns-is-layout-flex\">\n<div class=\"wp-block-column is-layout-flow wp-block-column-is-layout-flow\"><\/div>\n\n\n\n<div class=\"wp-block-column is-layout-flow wp-block-column-is-layout-flow\"><\/div>\n<\/div>","protected":false},"excerpt":{"rendered":"<p>Ensemble de r\u00e2pes \u00e0 l\u00e9gumes et de passoires en acier inoxydable. L'ensemble r\u00e2pe \u00e0 l\u00e9gumes et passoire 3 en 1 en acier inoxydable Wholesale est une solution de cuisine polyvalente et pratique con\u00e7ue pour r\u00e9pondre aux besoins modernes en mati\u00e8re de pr\u00e9paration des aliments. Combinant les fonctions de r\u00e2page, de lavage et d'\u00e9gouttage dans un design int\u00e9gr\u00e9, cet outil de cuisine polyvalent aide \u00e0 rationaliser les t\u00e2ches culinaires quotidiennes dans les cuisines domestiques et commerciales.<\/p>\n<h2>Ensemble r\u00e2pe \u00e0 l\u00e9gumes et passoire en acier inoxydable Caract\u00e9ristiques\u00a0<\/h2>\n<p data-pm-slice=\"0 0 []\"><strong>Construction en acier inoxydable de premi\u00e8re qualit\u00e9 :<\/strong> Fabriqu\u00e9 en acier inoxydable durable, il garantit une forte r\u00e9sistance \u00e0 la rouille, \u00e0 la d\u00e9formation et \u00e0 l'usure quotidienne, et convient \u00e0 une utilisation \u00e0 long terme dans la cuisine.<\/p>\n<p><strong>Conception multifonctionnelle 3 en 1 :<\/strong> Int\u00e8gre les fonctions de r\u00e2page, de lavage et d'\u00e9gouttage en un seul outil, ce qui am\u00e9liore l'efficacit\u00e9 de la cuisine et r\u00e9duit la n\u00e9cessit\u00e9 d'utiliser plusieurs ustensiles.<\/p>\n<p><strong>Structure ergonomique et pratique :<\/strong> Con\u00e7u pour faciliter la pr\u00e9paration quotidienne des aliments, il convient aussi bien aux cuisines familiales qu'aux environnements de restauration professionnelle.<\/p>\n<p><strong>OEM\/ODM Personnalisation possible :<\/strong> En tant que fournisseur direct de l'usine, nous offrons des options de personnalisation compl\u00e8tes, y compris la marque, l'emballage et les modifications de la conception du produit.<\/p>\n<p>\n<script src=\"chrome-extension:\/\/fpelahbljekknahkcaegamhcndkfpfnc\/iFrame.js\" type=\"text\/javascript\"><\/script><\/p>","protected":false},"featured_media":5926,"comment_status":"closed","ping_status":"closed","template":"","meta":{"_acf_changed":false},"product_brand":[],"product_cat":[52,65],"product_tag":[],"class_list":{"0":"post-5925","1":"product","2":"type-product","3":"status-publish","4":"has-post-thumbnail","6":"product_cat-kitchen-utensils","7":"product_cat-kitchen-strainer-and-colander","9":"first","10":"instock","11":"shipping-taxable","12":"product-type-simple"},"acf":[],"_links":{"self":[{"href":"https:\/\/www.purecook.com\/fr\/wp-json\/wp\/v2\/product\/5925","targetHints":{"allow":["GET"]}}],"collection":[{"href":"https:\/\/www.purecook.com\/fr\/wp-json\/wp\/v2\/product"}],"about":[{"href":"https:\/\/www.purecook.com\/fr\/wp-json\/wp\/v2\/types\/product"}],"replies":[{"embeddable":true,"href":"https:\/\/www.purecook.com\/fr\/wp-json\/wp\/v2\/comments?post=5925"}],"wp:featuredmedia":[{"embeddable":true,"href":"https:\/\/www.purecook.com\/fr\/wp-json\/wp\/v2\/media\/5926"}],"wp:attachment":[{"href":"https:\/\/www.purecook.com\/fr\/wp-json\/wp\/v2\/media?parent=5925"}],"wp:term":[{"taxonomy":"product_brand","embeddable":true,"href":"https:\/\/www.purecook.com\/fr\/wp-json\/wp\/v2\/product_brand?post=5925"},{"taxonomy":"product_cat","embeddable":true,"href":"https:\/\/www.purecook.com\/fr\/wp-json\/wp\/v2\/product_cat?post=5925"},{"taxonomy":"product_tag","embeddable":true,"href":"https:\/\/www.purecook.com\/fr\/wp-json\/wp\/v2\/product_tag?post=5925"}],"curies":[{"name":"wp","href":"https:\/\/api.w.org\/{rel}","templated":true}]}}