{"id":624,"date":"2024-04-09T09:08:31","date_gmt":"2024-04-09T01:08:31","guid":{"rendered":"https:\/\/purecook.com\/?post_type=product&#038;p=624"},"modified":"2025-04-27T17:44:14","modified_gmt":"2025-04-27T09:44:14","slug":"wholesale-cooking-pots-set","status":"publish","type":"product","link":"https:\/\/www.purecook.com\/fr\/product\/wholesale-cooking-pots-set\/","title":{"rendered":"Set de casseroles en acier inoxydable rev\u00eatues d'une couche de spray Wholesale"},"content":{"rendered":"<div class=\"wp-block-columns is-layout-flex wp-container-core-columns-is-layout-9d6595d7 wp-block-columns-is-layout-flex\">\n<div class=\"wp-block-column is-layout-flow wp-block-column-is-layout-flow\">\n<h3 class=\"wp-block-heading\">Param\u00e8tres de l'ensemble de casseroles<\/h3>\n\n\n\n<p>-Num\u00e9ro de mod\u00e8le:C1C1<br>-Mat\u00e9riau : acier inoxydable<br>-\u00c9paisseur normale : 0,5 mm<br>-Couvercle : Couvercles en verre avec anneau en silicone<br>-Fond : Fond sandwich \u00e0 induction (SUS+2mm Alu+SUS)<br>-Logo : s\u00e9rigraphie\/gravure au laser\/tampon en relief<br>-Poign\u00e9e et bouton du couvercle : acier inoxydable<br>Comprend : casserole \u00e0 sauce, marmite \u00e0 soupe avec cuit-vapeur, cocotte, marmite \u00e0 soupe.<br>-Taille de la po\u00eale \u00e0 sauce : 15.5*<em>9.5cm <\/em><br><em>Marmite \u00e0 soupe avec cuit-vapeur:19.2<\/em>*10,5 cm<br>-Casserole:21.5*<em>8.5cm <\/em><br><em>-Potage:23.8<\/em>*13,5 cm<br>-QMOS:1000sets<\/p>\n<\/div>\n\n\n\n<div class=\"wp-block-column is-layout-flow wp-block-column-is-layout-flow\">\n<h3 class=\"wp-block-heading\">Set de casseroles en acier inoxydable personnalis\u00e9es<\/h3>\n\n\n\n<p>Am\u00e9liorez votre activit\u00e9 de restauration gr\u00e2ce \u00e0 nos options de personnalisation illimit\u00e9es et \u00e0 nos conceptions innovantes.<\/p>\n\n\n\n<p>-Couleur : Beige\/Vert\/Rose<br>-Mat\u00e9riau : acier inoxydable SUS#201\/304\/410\/430<br>-Poign\u00e9e adapt\u00e9e \u00e0 votre style<br>-Taille de la casserole : 16cm\/18cm<br>-Taille de la cocotte\uff1a22cm\/24cm<br>-Logo : personnalisez le logo de votre marque<br>-Emballage : bo\u00eete de couleur\/bo\u00eete postale, etc.<br><a href=\"https:\/\/www.purecook.com\/fr\/custom-solution\/\" target=\"_blank\" rel=\"noreferrer noopener\"><strong><a href=\"https:\/\/www.purecook.com\/fr\/custom-solution\/\" target=\"_blank\" rel=\"noreferrer noopener\">-Solutions personnalis\u00e9es OEM et ODM<\/a><\/strong><\/a><\/p>\n<\/div>\n<\/div>\n\n\n\n<div class=\"wp-block-columns is-layout-flex wp-container-core-columns-is-layout-9d6595d7 wp-block-columns-is-layout-flex\">\n<div class=\"wp-block-column is-layout-flow wp-block-column-is-layout-flow\">\n<figure class=\"wp-block-image size-full\"><img decoding=\"async\" width=\"800\" height=\"800\" src=\"https:\/\/purecook.com\/wp-content\/uploads\/2024\/04\/customize-cookware.webp\" alt=\"personnaliser les ustensiles de cuisine\" class=\"wp-image-635\" srcset=\"https:\/\/www.purecook.com\/wp-content\/uploads\/2024\/04\/customize-cookware.webp 800w, https:\/\/www.purecook.com\/wp-content\/uploads\/2024\/04\/customize-cookware-300x300.webp 300w, https:\/\/www.purecook.com\/wp-content\/uploads\/2024\/04\/customize-cookware-150x150.webp 150w, https:\/\/www.purecook.com\/wp-content\/uploads\/2024\/04\/customize-cookware-768x768.webp 768w, https:\/\/www.purecook.com\/wp-content\/uploads\/2024\/04\/customize-cookware-600x600.webp 600w, https:\/\/www.purecook.com\/wp-content\/uploads\/2024\/04\/customize-cookware-100x100.webp 100w\" sizes=\"(max-width: 800px) 100vw, 800px\" \/><\/figure>\n\n\n\n<figure class=\"wp-block-image size-full\"><img decoding=\"async\" width=\"800\" height=\"800\" src=\"https:\/\/purecook.com\/wp-content\/uploads\/2024\/04\/custom-cookware-1.webp\" alt=\"ustensiles de cuisine personnalis\u00e9s\" class=\"wp-image-634\" srcset=\"https:\/\/www.purecook.com\/wp-content\/uploads\/2024\/04\/custom-cookware-1.webp 800w, https:\/\/www.purecook.com\/wp-content\/uploads\/2024\/04\/custom-cookware-1-300x300.webp 300w, https:\/\/www.purecook.com\/wp-content\/uploads\/2024\/04\/custom-cookware-1-150x150.webp 150w, https:\/\/www.purecook.com\/wp-content\/uploads\/2024\/04\/custom-cookware-1-768x768.webp 768w, https:\/\/www.purecook.com\/wp-content\/uploads\/2024\/04\/custom-cookware-1-600x600.webp 600w, https:\/\/www.purecook.com\/wp-content\/uploads\/2024\/04\/custom-cookware-1-100x100.webp 100w\" sizes=\"(max-width: 800px) 100vw, 800px\" \/><\/figure>\n<\/div>\n\n\n\n<div class=\"wp-block-column is-layout-flow wp-block-column-is-layout-flow\">\n<figure class=\"wp-block-image size-full\"><img decoding=\"async\" width=\"750\" height=\"1279\" src=\"https:\/\/purecook.com\/wp-content\/uploads\/2024\/04\/cookware-custom-solution.webp\" alt=\"ustensiles de cuisine solution sur mesure\" class=\"wp-image-633\" srcset=\"https:\/\/www.purecook.com\/wp-content\/uploads\/2024\/04\/cookware-custom-solution.webp 750w, https:\/\/www.purecook.com\/wp-content\/uploads\/2024\/04\/cookware-custom-solution-176x300.webp 176w, https:\/\/www.purecook.com\/wp-content\/uploads\/2024\/04\/cookware-custom-solution-600x1023.webp 600w\" sizes=\"(max-width: 750px) 100vw, 750px\" \/><\/figure>\n<\/div>\n<\/div>","protected":false},"excerpt":{"rendered":"<p>Cet ensemble d'ustensiles de cuisine est fabriqu\u00e9 \u00e0 partir de mat\u00e9riaux non toxiques, respectueux de l'environnement et s\u00fbrs, avec une excellente conductivit\u00e9 thermique, une apparence belle et durable, et convient parfaitement \u00e0 l'usage domestique.<\/p>\n<h3>Caract\u00e9ristiques et avantages de l'ensemble de casseroles :<\/h3>\n<p>1) Mat\u00e9riaux \u00e9cologiques et s\u00fbrs, non toxiques<\/p>\n<p>2) Conductivit\u00e9 thermique sup\u00e9rieure pour une cuisson parfaite<\/p>\n<p>3) Nettoyage et entretien faciles<\/p>\n<p>4)R\u00e9sistance \u00e0 la corrosion pour une cuisson hygi\u00e9nique<\/p>\n<p>5) Rev\u00eatement r\u00e9volutionnaire par pulv\u00e9risation de c\u00e9ramique \u00e0 haute temp\u00e9rature, esth\u00e9tique et durable<\/p>\n<p>6)Couleurs\/mat\u00e9riaux\/taille\/poign\u00e9e personnalisables pour s'adapter \u00e0 votre style<\/p>\n<p>7) Sans PFOA<\/p>","protected":false},"featured_media":627,"comment_status":"closed","ping_status":"closed","template":"","meta":{"_acf_changed":false},"product_brand":[],"product_cat":[24,69],"product_tag":[98],"class_list":{"0":"post-624","1":"product","2":"type-product","3":"status-publish","4":"has-post-thumbnail","6":"product_cat-cookware","7":"product_cat-cookware-sets","8":"product_tag-wholesale-home-cookware","10":"first","11":"instock","12":"shipping-taxable","13":"product-type-simple"},"acf":[],"_links":{"self":[{"href":"https:\/\/www.purecook.com\/fr\/wp-json\/wp\/v2\/product\/624","targetHints":{"allow":["GET"]}}],"collection":[{"href":"https:\/\/www.purecook.com\/fr\/wp-json\/wp\/v2\/product"}],"about":[{"href":"https:\/\/www.purecook.com\/fr\/wp-json\/wp\/v2\/types\/product"}],"replies":[{"embeddable":true,"href":"https:\/\/www.purecook.com\/fr\/wp-json\/wp\/v2\/comments?post=624"}],"wp:featuredmedia":[{"embeddable":true,"href":"https:\/\/www.purecook.com\/fr\/wp-json\/wp\/v2\/media\/627"}],"wp:attachment":[{"href":"https:\/\/www.purecook.com\/fr\/wp-json\/wp\/v2\/media?parent=624"}],"wp:term":[{"taxonomy":"product_brand","embeddable":true,"href":"https:\/\/www.purecook.com\/fr\/wp-json\/wp\/v2\/product_brand?post=624"},{"taxonomy":"product_cat","embeddable":true,"href":"https:\/\/www.purecook.com\/fr\/wp-json\/wp\/v2\/product_cat?post=624"},{"taxonomy":"product_tag","embeddable":true,"href":"https:\/\/www.purecook.com\/fr\/wp-json\/wp\/v2\/product_tag?post=624"}],"curies":[{"name":"wp","href":"https:\/\/api.w.org\/{rel}","templated":true}]}}