{"id":843,"date":"2025-07-26T17:11:17","date_gmt":"2024-04-12T09:11:06","guid":{"rendered":"https:\/\/purecook.com\/?post_type=product&#038;p=843"},"modified":"2025-11-24T15:03:56","modified_gmt":"2025-11-24T07:03:56","slug":"wholesale-custom-mini-alcohol-stove","status":"publish","type":"product","link":"https:\/\/www.purecook.com\/fr\/product\/wholesale-custom-mini-alcohol-stove\/","title":{"rendered":"Mini grils de barbecue en gros avec surface physique antiadh\u00e9sive, fonctionnant \u00e0 l'alcool"},"content":{"rendered":"<div class=\"wp-block-columns is-layout-flex wp-container-core-columns-is-layout-9d6595d7 wp-block-columns-is-layout-flex\">\n<div class=\"wp-block-column is-layout-flow wp-block-column-is-layout-flow\">\n<h3 class=\"wp-block-heading\">Param\u00e8tres des mini-grils BBQ<\/h3>\n\n\n\n<p><strong>Num\u00e9ro de mod\u00e8le : Marina<\/strong><br><strong>Mat\u00e9riau :<\/strong> acier inoxydable<br><strong>Plaque \u00e0 p\u00e2tisserie :<\/strong> Acier inoxydable triple \u00e9paisseur de 2 mm<br>(SS304+ALU+SS430) <br>Avec WhitFord xylan et rev\u00eatement en phase aqueuse<br><strong>Po\u00eale : <\/strong>0,5 mm SUS 201<br><strong>Base :<\/strong> Bois de h\u00eatre de 15 mm<br><strong>Type :<\/strong> 8\/9cm de haut<\/p>\n\n\n\n<ul class=\"wp-block-list\">\n<li><strong>Type1<\/strong><br>Poids :<strong> <\/strong>600g<br>Plat \u00e0 four : 19.6\u00d717.4\u00d72.4cm<br>Base de la cuisini\u00e8re :<strong> <\/strong>13,2\u00d713,2\u00d78,2cm<br><strong>Base : <\/strong>13\u00d713\u00d71,5cm<\/li>\n\n\n\n<li><strong>Type2<\/strong><br>Poids :<strong> <\/strong>675g<br>Plat \u00e0 four : 19.6\u00d717.4\u00d72.4cm<br>Base du r\u00e9chaud : 13.2\u00d713.2\u00d79.5cm<br>Base : 13\u00d713\u00d71,5cm<\/li>\n<\/ul>\n<\/div>\n\n\n\n<div class=\"wp-block-column is-layout-flow wp-block-column-is-layout-flow\">\n<h3 class=\"wp-block-heading\">Mini barbecues personnalis\u00e9s<\/h3>\n\n\n\n<p>Am\u00e9liorez votre activit\u00e9 de restauration gr\u00e2ce \u00e0 nos options de personnalisation illimit\u00e9es et \u00e0 nos produits innovants. <br>Type : type1 \/ type2<br>Emballage : bo\u00eete de couleur\/carton, etc.<br><strong><a href=\"https:\/\/www.purecook.com\/fr\/custom-solution\/\" target=\"_blank\" rel=\"noreferrer noopener\">Solutions personnalis\u00e9es OEM et ODM pour les barbecues <\/a><\/strong><\/p>\n<\/div>\n<\/div>\n\n\n\n<div class=\"wp-block-columns is-layout-flex wp-container-core-columns-is-layout-9d6595d7 wp-block-columns-is-layout-flex\">\n<div class=\"wp-block-column is-layout-flow wp-block-column-is-layout-flow\">\n<figure class=\"wp-block-image size-full\"><img decoding=\"async\" width=\"800\" height=\"800\" src=\"https:\/\/www.purecook.com\/wp-content\/uploads\/2024\/04\/wholesale-mini-bbq-grills-1.webp\" alt=\"mini-grills bbq en gros (1)\" class=\"wp-image-4201\" srcset=\"https:\/\/www.purecook.com\/wp-content\/uploads\/2024\/04\/wholesale-mini-bbq-grills-1.webp 800w, https:\/\/www.purecook.com\/wp-content\/uploads\/2024\/04\/wholesale-mini-bbq-grills-1-300x300.webp 300w, https:\/\/www.purecook.com\/wp-content\/uploads\/2024\/04\/wholesale-mini-bbq-grills-1-150x150.webp 150w, https:\/\/www.purecook.com\/wp-content\/uploads\/2024\/04\/wholesale-mini-bbq-grills-1-768x768.webp 768w, https:\/\/www.purecook.com\/wp-content\/uploads\/2024\/04\/wholesale-mini-bbq-grills-1-12x12.webp 12w, https:\/\/www.purecook.com\/wp-content\/uploads\/2024\/04\/wholesale-mini-bbq-grills-1-600x600.webp 600w, https:\/\/www.purecook.com\/wp-content\/uploads\/2024\/04\/wholesale-mini-bbq-grills-1-100x100.webp 100w\" sizes=\"(max-width: 800px) 100vw, 800px\" \/><\/figure>\n<\/div>\n\n\n\n<div class=\"wp-block-column is-layout-flow wp-block-column-is-layout-flow\">\n<figure class=\"wp-block-image size-full\"><img decoding=\"async\" width=\"800\" height=\"800\" src=\"https:\/\/www.purecook.com\/wp-content\/uploads\/2024\/04\/wholesale-mini-bbq-grills-3.webp\" alt=\"mini-grills bbq en gros (3)\" class=\"wp-image-4203\" srcset=\"https:\/\/www.purecook.com\/wp-content\/uploads\/2024\/04\/wholesale-mini-bbq-grills-3.webp 800w, https:\/\/www.purecook.com\/wp-content\/uploads\/2024\/04\/wholesale-mini-bbq-grills-3-300x300.webp 300w, https:\/\/www.purecook.com\/wp-content\/uploads\/2024\/04\/wholesale-mini-bbq-grills-3-150x150.webp 150w, https:\/\/www.purecook.com\/wp-content\/uploads\/2024\/04\/wholesale-mini-bbq-grills-3-768x768.webp 768w, https:\/\/www.purecook.com\/wp-content\/uploads\/2024\/04\/wholesale-mini-bbq-grills-3-12x12.webp 12w, https:\/\/www.purecook.com\/wp-content\/uploads\/2024\/04\/wholesale-mini-bbq-grills-3-600x600.webp 600w, https:\/\/www.purecook.com\/wp-content\/uploads\/2024\/04\/wholesale-mini-bbq-grills-3-100x100.webp 100w\" sizes=\"(max-width: 800px) 100vw, 800px\" \/><\/figure>\n<\/div>\n<\/div>","protected":false},"excerpt":{"rendered":"<p>Vente en gros de mini-grills BBQ. Le mini barbecue est compos\u00e9 d'une base en acier inoxydable, d'un plateau en bois de h\u00eatre et d'une surface physique antiadh\u00e9sive. Il convient aux repas individuels, aux r\u00e9unions sociales et aux activit\u00e9s de plein air. Il offre aux utilisateurs une exp\u00e9rience de cuisson de haute qualit\u00e9 avec un minimum d'huile et peu de fum\u00e9e. Ventes directes de l'usine, prix de gros, n'h\u00e9sitez pas \u00e0 nous contacter.<\/p>\n<h3>Caract\u00e9ristiques et avantages du mini barbecue<\/h3>\n<p><strong>Alcool carburant en bidon :<\/strong> Les mini-grills BBQ utilisent un combustible \u00e0 base d'alcool, qui fournit une chaleur concentr\u00e9e et stable et d\u00e9gage tr\u00e8s peu de fum\u00e9e, ce qui est parfait pour griller de la viande.<\/p>\n<p><strong>Physiquement antiadh\u00e9sif :<\/strong> Les mini-grills BBQ sont dot\u00e9s d'une surface antiadh\u00e9sive unique \u00e0 la texture d'\u00e9caille de poisson, qui ne n\u00e9cessite qu'une petite quantit\u00e9 d'huile lors de la cuisson, ce qui vous permet de profiter d'une exp\u00e9rience de grillade professionnelle sans craindre que les aliments n'adh\u00e8rent \u00e0 la surface du grill.<\/p>\n<p><strong>Portable et polyvalent :<\/strong> Ce mini barbecue est petit et portable et constitue le meilleur choix pour cuisiner avec une seule personne. Il convient \u00e0 une utilisation domestique et commerciale.<\/p>\n<p><strong>Facile \u00e0 nettoyer :<\/strong> Ce mini barbecue adopte une conception divis\u00e9e avec une plaque de gril, un r\u00e9servoir de carburant et une base amovibles, ce qui est extr\u00eamement pratique \u00e0 nettoyer et \u00e0 ranger apr\u00e8s utilisation.<\/p>\n<p><strong>Poign\u00e9es double face :<\/strong> Ce mini barbecue est \u00e9quip\u00e9 de poign\u00e9es \u00e0 double face pour faciliter le transport et l'utilisation, \u00e9viter le contact direct avec les zones \u00e0 haute temp\u00e9rature et offrir une m\u00e9thode de travail plus s\u00fbre pendant l'utilisation.<\/p>\n<p><strong>Approvisionnement en grilles de barbecue en vrac :<\/strong> Purecook fournit des grilles de barbecue produites en masse avec des devis d'usine comp\u00e9titifs pour r\u00e9pondre aux besoins des \u00e9v\u00e9nements \u00e0 grande \u00e9chelle, de la distribution au d\u00e9tail et des march\u00e9s de gros.<\/p>","protected":false},"featured_media":4209,"comment_status":"open","ping_status":"closed","template":"","meta":{"_acf_changed":false},"product_brand":[],"product_cat":[27,109],"product_tag":[97,98,96],"class_list":{"0":"post-843","1":"product","2":"type-product","3":"status-publish","4":"has-post-thumbnail","6":"product_cat-bakeware","7":"product_cat-mini-bbq-grill","8":"product_tag-wholesale-commercial-cookware","9":"product_tag-wholesale-home-cookware","10":"product_tag-wholesale-outdoor-cookware","12":"first","13":"instock","14":"shipping-taxable","15":"product-type-simple"},"acf":[],"_links":{"self":[{"href":"https:\/\/www.purecook.com\/fr\/wp-json\/wp\/v2\/product\/843","targetHints":{"allow":["GET"]}}],"collection":[{"href":"https:\/\/www.purecook.com\/fr\/wp-json\/wp\/v2\/product"}],"about":[{"href":"https:\/\/www.purecook.com\/fr\/wp-json\/wp\/v2\/types\/product"}],"replies":[{"embeddable":true,"href":"https:\/\/www.purecook.com\/fr\/wp-json\/wp\/v2\/comments?post=843"}],"wp:featuredmedia":[{"embeddable":true,"href":"https:\/\/www.purecook.com\/fr\/wp-json\/wp\/v2\/media\/4209"}],"wp:attachment":[{"href":"https:\/\/www.purecook.com\/fr\/wp-json\/wp\/v2\/media?parent=843"}],"wp:term":[{"taxonomy":"product_brand","embeddable":true,"href":"https:\/\/www.purecook.com\/fr\/wp-json\/wp\/v2\/product_brand?post=843"},{"taxonomy":"product_cat","embeddable":true,"href":"https:\/\/www.purecook.com\/fr\/wp-json\/wp\/v2\/product_cat?post=843"},{"taxonomy":"product_tag","embeddable":true,"href":"https:\/\/www.purecook.com\/fr\/wp-json\/wp\/v2\/product_tag?post=843"}],"curies":[{"name":"wp","href":"https:\/\/api.w.org\/{rel}","templated":true}]}}