{"id":857,"date":"2024-04-12T07:18:24","date_gmt":"2024-04-11T23:18:24","guid":{"rendered":"https:\/\/purecook.com\/?post_type=product&#038;p=857"},"modified":"2025-04-27T17:43:47","modified_gmt":"2025-04-27T09:43:47","slug":"wholesale-micro-pressure-cooker","status":"publish","type":"product","link":"https:\/\/www.purecook.com\/fr\/product\/wholesale-micro-pressure-cooker\/","title":{"rendered":"Micro-cuiseur \u00e0 pression efficace pour le commerce de gros -- Cuisson rapide pr\u00e9servant les nutriments"},"content":{"rendered":"<div class=\"wp-block-columns is-layout-flex wp-container-core-columns-is-layout-9d6595d7 wp-block-columns-is-layout-flex\">\n<div class=\"wp-block-column is-layout-flow wp-block-column-is-layout-flow\">\n<h3 class=\"wp-block-heading\">Param\u00e8tres de l'autocuiseur Micro<\/h3>\n\n\n\n<p>-Num\u00e9ro de mod\u00e8le : Micro<br>-Polissage du miroir ext\u00e9rieur <br>-\u00c9paisseur : 0,5 mm <br>-Base encapsul\u00e9e : SS201\/304+1mm Alu.+SS 430 <br>-Mat\u00e9riau : acier inoxydable magn\u00e9tique <br>-Couvercle : Couvercle en verre tremp\u00e9<br>-Taille : 20\/24cm<br>-Capacit\u00e9 : 2L\/5L<\/p>\n<\/div>\n\n\n\n<div class=\"wp-block-column is-layout-flow wp-block-column-is-layout-flow\">\n<h3 class=\"wp-block-heading\">Micro autocuiseur sur mesure<\/h3>\n\n\n\n<p>Am\u00e9liorez votre activit\u00e9 de restauration gr\u00e2ce \u00e0 nos options de personnalisation illimit\u00e9es et \u00e0 nos conceptions innovantes.<\/p>\n\n\n\n<p>\u00b7Material:SUS#201\/304\/410\/430\/<br>-Emballage : bo\u00eete de couleur\/carton<br>-Taille : 20\/24cm<br>-Capacit\u00e9 : 2L\/5L<br><strong><a href=\"https:\/\/www.purecook.com\/fr\/custom-solution\/\" target=\"_blank\" rel=\"noreferrer noopener\">-Solutions personnalis\u00e9es OEM et ODM<\/a><\/strong><\/p>\n<\/div>\n<\/div>\n\n\n\n<div class=\"wp-block-columns is-layout-flex wp-container-core-columns-is-layout-9d6595d7 wp-block-columns-is-layout-flex\">\n<div class=\"wp-block-column is-layout-flow wp-block-column-is-layout-flow\">\n<figure class=\"wp-block-image size-full\"><img decoding=\"async\" width=\"800\" height=\"800\" src=\"https:\/\/purecook.com\/wp-content\/uploads\/2024\/04\/wholesale-micro-pressure-cooker.webp\" alt=\"vente en gros d&#039;autocuiseurs\" class=\"wp-image-865\" srcset=\"https:\/\/www.purecook.com\/wp-content\/uploads\/2024\/04\/wholesale-micro-pressure-cooker.webp 800w, https:\/\/www.purecook.com\/wp-content\/uploads\/2024\/04\/wholesale-micro-pressure-cooker-300x300.webp 300w, https:\/\/www.purecook.com\/wp-content\/uploads\/2024\/04\/wholesale-micro-pressure-cooker-150x150.webp 150w, https:\/\/www.purecook.com\/wp-content\/uploads\/2024\/04\/wholesale-micro-pressure-cooker-768x768.webp 768w, https:\/\/www.purecook.com\/wp-content\/uploads\/2024\/04\/wholesale-micro-pressure-cooker-600x600.webp 600w, https:\/\/www.purecook.com\/wp-content\/uploads\/2024\/04\/wholesale-micro-pressure-cooker-100x100.webp 100w\" sizes=\"(max-width: 800px) 100vw, 800px\" \/><\/figure>\n\n\n\n<figure class=\"wp-block-image size-full\"><img decoding=\"async\" width=\"800\" height=\"800\" src=\"https:\/\/purecook.com\/wp-content\/uploads\/2024\/04\/custom-micro-pressure-cooker.webp\" alt=\"micro-cuiseur \u00e0 pression personnalis\u00e9\" class=\"wp-image-860\" srcset=\"https:\/\/www.purecook.com\/wp-content\/uploads\/2024\/04\/custom-micro-pressure-cooker.webp 800w, https:\/\/www.purecook.com\/wp-content\/uploads\/2024\/04\/custom-micro-pressure-cooker-300x300.webp 300w, https:\/\/www.purecook.com\/wp-content\/uploads\/2024\/04\/custom-micro-pressure-cooker-150x150.webp 150w, https:\/\/www.purecook.com\/wp-content\/uploads\/2024\/04\/custom-micro-pressure-cooker-768x768.webp 768w, https:\/\/www.purecook.com\/wp-content\/uploads\/2024\/04\/custom-micro-pressure-cooker-600x600.webp 600w, https:\/\/www.purecook.com\/wp-content\/uploads\/2024\/04\/custom-micro-pressure-cooker-100x100.webp 100w\" sizes=\"(max-width: 800px) 100vw, 800px\" \/><\/figure>\n<\/div>\n\n\n\n<div class=\"wp-block-column is-layout-flow wp-block-column-is-layout-flow\">\n<figure class=\"wp-block-image size-full\"><img decoding=\"async\" width=\"800\" height=\"800\" src=\"https:\/\/purecook.com\/wp-content\/uploads\/2024\/04\/stainless-steel-cookware-manufacturer-wholesale-micro-pressure-cooker-supplies.webp\" alt=\"fabricant d&#039;ustensiles de cuisine en acier inoxydable vente en gros d&#039;autocuiseurs\" class=\"wp-image-864\" srcset=\"https:\/\/www.purecook.com\/wp-content\/uploads\/2024\/04\/stainless-steel-cookware-manufacturer-wholesale-micro-pressure-cooker-supplies.webp 800w, https:\/\/www.purecook.com\/wp-content\/uploads\/2024\/04\/stainless-steel-cookware-manufacturer-wholesale-micro-pressure-cooker-supplies-300x300.webp 300w, https:\/\/www.purecook.com\/wp-content\/uploads\/2024\/04\/stainless-steel-cookware-manufacturer-wholesale-micro-pressure-cooker-supplies-150x150.webp 150w, https:\/\/www.purecook.com\/wp-content\/uploads\/2024\/04\/stainless-steel-cookware-manufacturer-wholesale-micro-pressure-cooker-supplies-768x768.webp 768w, https:\/\/www.purecook.com\/wp-content\/uploads\/2024\/04\/stainless-steel-cookware-manufacturer-wholesale-micro-pressure-cooker-supplies-600x600.webp 600w, https:\/\/www.purecook.com\/wp-content\/uploads\/2024\/04\/stainless-steel-cookware-manufacturer-wholesale-micro-pressure-cooker-supplies-100x100.webp 100w\" sizes=\"(max-width: 800px) 100vw, 800px\" \/><\/figure>\n\n\n\n<figure class=\"wp-block-image size-full\"><img decoding=\"async\" width=\"800\" height=\"800\" src=\"https:\/\/purecook.com\/wp-content\/uploads\/2024\/04\/stainless-steel-cooker-manufacturer-custom-micro-pressure-cooker-supplies.webp\" alt=\"fabricant d&#039;autocuiseurs en acier inoxydable fabrication sur mesure d&#039;autocuiseurs \u00e0 micro-ondes\" class=\"wp-image-862\" srcset=\"https:\/\/www.purecook.com\/wp-content\/uploads\/2024\/04\/stainless-steel-cooker-manufacturer-custom-micro-pressure-cooker-supplies.webp 800w, https:\/\/www.purecook.com\/wp-content\/uploads\/2024\/04\/stainless-steel-cooker-manufacturer-custom-micro-pressure-cooker-supplies-300x300.webp 300w, https:\/\/www.purecook.com\/wp-content\/uploads\/2024\/04\/stainless-steel-cooker-manufacturer-custom-micro-pressure-cooker-supplies-150x150.webp 150w, https:\/\/www.purecook.com\/wp-content\/uploads\/2024\/04\/stainless-steel-cooker-manufacturer-custom-micro-pressure-cooker-supplies-768x768.webp 768w, https:\/\/www.purecook.com\/wp-content\/uploads\/2024\/04\/stainless-steel-cooker-manufacturer-custom-micro-pressure-cooker-supplies-600x600.webp 600w, https:\/\/www.purecook.com\/wp-content\/uploads\/2024\/04\/stainless-steel-cooker-manufacturer-custom-micro-pressure-cooker-supplies-100x100.webp 100w\" sizes=\"(max-width: 800px) 100vw, 800px\" \/><\/figure>\n<\/div>\n<\/div>","protected":false},"excerpt":{"rendered":"<p>Les micro-cuiseurs \u00e0 pression peuvent cuire en toute s\u00e9curit\u00e9 et en \u00e9conomisant de l'\u00e9nergie divers ingr\u00e9dients tels que la viande et les l\u00e9gumes, et conviennent parfaitement \u00e0 un usage domestique.<\/p>\n<h2>Caract\u00e9ristiques et avantages de l'autocuiseur micro<\/h2>\n<p>1)Cuisson rapide : Utilise la technologie basse pression pour une pr\u00e9paration rapide des repas et un gain de temps.<\/p>\n<p>2) Pr\u00e9servation des nutriments : Une pression plus faible permet de conserver les nutriments et les saveurs naturelles des aliments.<\/p>\n<p>3) Polyvalence : Convient \u00e0 la cuisson d'un large \u00e9ventail d'ingr\u00e9dients, y compris les viandes, les l\u00e9gumes et les c\u00e9r\u00e9ales.<\/p>\n<p>4)Caract\u00e9ristiques de s\u00e9curit\u00e9 : Con\u00e7u avec de multiples mesures de s\u00e9curit\u00e9 pour une utilisation en toute s\u00e9r\u00e9nit\u00e9.<\/p>\n<p>5) Facile \u00e0 nettoyer : Le pot int\u00e9rieur est g\u00e9n\u00e9ralement amovible pour faciliter le nettoyage et l'entretien.<\/p>\n<p>6) Efficacit\u00e9 \u00e9nerg\u00e9tique : Plus \u00e9conome en \u00e9nergie que les m\u00e9thodes de cuisson traditionnelles, ce qui permet de r\u00e9duire la consommation d'\u00e9nergie.<\/p>\n<p>7)Design moderne : L'aspect \u00e9l\u00e9gant s'adapte bien aux d\u00e9cors de cuisine contemporains.<\/p>\n<p>8) Convivialit\u00e9 : interface de commande simple, adapt\u00e9e aux utilisateurs de tous niveaux de comp\u00e9tence culinaire.<\/p>","protected":false},"featured_media":861,"comment_status":"open","ping_status":"closed","template":"","meta":{"_acf_changed":false},"product_brand":[],"product_cat":[24,73],"product_tag":[98],"class_list":{"0":"post-857","1":"product","2":"type-product","3":"status-publish","4":"has-post-thumbnail","6":"product_cat-cookware","7":"product_cat-pressure-cooker","8":"product_tag-wholesale-home-cookware","10":"first","11":"instock","12":"shipping-taxable","13":"product-type-simple"},"acf":[],"_links":{"self":[{"href":"https:\/\/www.purecook.com\/fr\/wp-json\/wp\/v2\/product\/857","targetHints":{"allow":["GET"]}}],"collection":[{"href":"https:\/\/www.purecook.com\/fr\/wp-json\/wp\/v2\/product"}],"about":[{"href":"https:\/\/www.purecook.com\/fr\/wp-json\/wp\/v2\/types\/product"}],"replies":[{"embeddable":true,"href":"https:\/\/www.purecook.com\/fr\/wp-json\/wp\/v2\/comments?post=857"}],"wp:featuredmedia":[{"embeddable":true,"href":"https:\/\/www.purecook.com\/fr\/wp-json\/wp\/v2\/media\/861"}],"wp:attachment":[{"href":"https:\/\/www.purecook.com\/fr\/wp-json\/wp\/v2\/media?parent=857"}],"wp:term":[{"taxonomy":"product_brand","embeddable":true,"href":"https:\/\/www.purecook.com\/fr\/wp-json\/wp\/v2\/product_brand?post=857"},{"taxonomy":"product_cat","embeddable":true,"href":"https:\/\/www.purecook.com\/fr\/wp-json\/wp\/v2\/product_cat?post=857"},{"taxonomy":"product_tag","embeddable":true,"href":"https:\/\/www.purecook.com\/fr\/wp-json\/wp\/v2\/product_tag?post=857"}],"curies":[{"name":"wp","href":"https:\/\/api.w.org\/{rel}","templated":true}]}}