{"id":866,"date":"2024-04-12T09:23:11","date_gmt":"2024-04-12T01:23:11","guid":{"rendered":"https:\/\/purecook.com\/?post_type=product&#038;p=866"},"modified":"2025-04-27T17:43:24","modified_gmt":"2025-04-27T09:43:24","slug":"customizable-fryer-pot-wholesale","status":"publish","type":"product","link":"https:\/\/www.purecook.com\/fr\/product\/customizable-fryer-pot-wholesale\/","title":{"rendered":"Po\u00eale \u00e0 frire antiadh\u00e9sive personnalisable avec thermom\u00e8tre Wholesale"},"content":{"rendered":"<div class=\"wp-block-columns is-layout-flex wp-container-core-columns-is-layout-9d6595d7 wp-block-columns-is-layout-flex\">\n<div class=\"wp-block-column is-layout-flow wp-block-column-is-layout-flow\">\n<h2 class=\"wp-block-heading\">Param\u00e8tres de la friteuse<\/h2>\n\n\n\n<p>Mat\u00e9riau du corps : 0,5 mm SS201\/SS304<br>Mat\u00e9riau de l'anneau du couvercle : SS201 de 0,5 mm<br>Couvercle : 0,7 mm SS201<br>Fond : SS201\/SS304 + 1 mm d'aluminium + 0,5 mm de SS430. Polissage miroir \u00e0 l'int\u00e9rieur et \u00e0 l'ext\u00e9rieur.<br>Vernis mat pour le fond.<br>Logo personnalis\u00e9 sur le corps et le fond.<br>Avec thermom\u00e8tre \u00e0 huile<br><strong>Type 1 :<\/strong><br>Taille : 20 cm, 2,2 l<br>Dimensions de la bo\u00eete de couleurs : 25 \u00d7 10,8 \u00d7 21,7 cm<br>N.W. : 800 g <br>G.W. : 1000 g<br><strong>Type 2 :<\/strong><br>Taille : 24 cm, 3,4 L<br>Dimensions de la bo\u00eete de couleurs : 26,8 \u00d7 11,8 \u00d7 25,8 cm<br>N.W. : 1040 g <br>Poids : 1 300 g<br><strong>Type 3 :<\/strong><br>Taille : 28 cm, 4,2 L<br>Dimensions de la bo\u00eete de couleurs : 29,3 \u00d7 11,9 \u00d7 29,4 cm<br>N.W. : 1380 g <br>Poids : 1600 g<br><br><\/p>\n<\/div>\n\n\n\n<div class=\"wp-block-column is-layout-flow wp-block-column-is-layout-flow\">\n<h2 class=\"wp-block-heading\">Marmite \u00e0 frire personnalis\u00e9e<\/h2>\n\n\n\n<p>Am\u00e9liorez votre activit\u00e9 de restauration gr\u00e2ce \u00e0 nos options de personnalisation illimit\u00e9es et \u00e0 nos conceptions innovantes.<\/p>\n\n\n\n<p>Mat\u00e9riaux : SUS#201\/304<br>Type : type 1\/type 2\/type 3<br>Emballage : carton\/bo\u00eete de couleur<br><strong><a href=\"https:\/\/www.purecook.com\/fr\/custom-solution\/\" target=\"_blank\" rel=\"noreferrer noopener\">-Solutions personnalis\u00e9es OEM et ODM<\/a><\/strong><br><\/p>\n<\/div>\n<\/div>\n\n\n\n<div class=\"wp-block-columns is-layout-flex wp-container-core-columns-is-layout-9d6595d7 wp-block-columns-is-layout-flex\">\n<div class=\"wp-block-column is-layout-flow wp-block-column-is-layout-flow\">\n<figure class=\"wp-block-image size-full\"><img decoding=\"async\" width=\"800\" height=\"800\" src=\"https:\/\/purecook.com\/wp-content\/uploads\/2024\/04\/wholesale-custom-Fryer-cookware-manufacturer-.webp\" alt=\"Fabricant de batterie de cuisine Fryer personnalis\u00e9e en gros\" class=\"wp-image-873\" srcset=\"https:\/\/www.purecook.com\/wp-content\/uploads\/2024\/04\/wholesale-custom-Fryer-cookware-manufacturer-.webp 800w, https:\/\/www.purecook.com\/wp-content\/uploads\/2024\/04\/wholesale-custom-Fryer-cookware-manufacturer--300x300.webp 300w, https:\/\/www.purecook.com\/wp-content\/uploads\/2024\/04\/wholesale-custom-Fryer-cookware-manufacturer--150x150.webp 150w, https:\/\/www.purecook.com\/wp-content\/uploads\/2024\/04\/wholesale-custom-Fryer-cookware-manufacturer--768x768.webp 768w, https:\/\/www.purecook.com\/wp-content\/uploads\/2024\/04\/wholesale-custom-Fryer-cookware-manufacturer--600x600.webp 600w, https:\/\/www.purecook.com\/wp-content\/uploads\/2024\/04\/wholesale-custom-Fryer-cookware-manufacturer--100x100.webp 100w\" sizes=\"(max-width: 800px) 100vw, 800px\" \/><\/figure>\n\n\n\n<figure class=\"wp-block-image size-full\"><img decoding=\"async\" width=\"750\" height=\"1381\" src=\"https:\/\/purecook.com\/wp-content\/uploads\/2024\/04\/cookware-wholesaler-bulk-fryer-supplies.webp\" alt=\"grossiste en ustensiles de cuisine fournitures pour friteuses en gros\" class=\"wp-image-871\" srcset=\"https:\/\/www.purecook.com\/wp-content\/uploads\/2024\/04\/cookware-wholesaler-bulk-fryer-supplies.webp 750w, https:\/\/www.purecook.com\/wp-content\/uploads\/2024\/04\/cookware-wholesaler-bulk-fryer-supplies-163x300.webp 163w, https:\/\/www.purecook.com\/wp-content\/uploads\/2024\/04\/cookware-wholesaler-bulk-fryer-supplies-600x1105.webp 600w\" sizes=\"(max-width: 750px) 100vw, 750px\" \/><\/figure>\n<\/div>\n\n\n\n<div class=\"wp-block-column is-layout-flow wp-block-column-is-layout-flow\">\n<figure class=\"wp-block-image size-full\"><img decoding=\"async\" width=\"800\" height=\"800\" src=\"https:\/\/purecook.com\/wp-content\/uploads\/2024\/04\/cookware-manufacturer-wholesale-custom-Fryer-supplies.webp\" alt=\"Fabricant de mat\u00e9riel de cuisine en gros Fournitures personnalis\u00e9es pour friteuses\" class=\"wp-image-870\" srcset=\"https:\/\/www.purecook.com\/wp-content\/uploads\/2024\/04\/cookware-manufacturer-wholesale-custom-Fryer-supplies.webp 800w, https:\/\/www.purecook.com\/wp-content\/uploads\/2024\/04\/cookware-manufacturer-wholesale-custom-Fryer-supplies-300x300.webp 300w, https:\/\/www.purecook.com\/wp-content\/uploads\/2024\/04\/cookware-manufacturer-wholesale-custom-Fryer-supplies-150x150.webp 150w, https:\/\/www.purecook.com\/wp-content\/uploads\/2024\/04\/cookware-manufacturer-wholesale-custom-Fryer-supplies-768x768.webp 768w, https:\/\/www.purecook.com\/wp-content\/uploads\/2024\/04\/cookware-manufacturer-wholesale-custom-Fryer-supplies-600x600.webp 600w, https:\/\/www.purecook.com\/wp-content\/uploads\/2024\/04\/cookware-manufacturer-wholesale-custom-Fryer-supplies-100x100.webp 100w\" sizes=\"(max-width: 800px) 100vw, 800px\" \/><\/figure>\n\n\n\n<figure class=\"wp-block-image size-full\"><img decoding=\"async\" width=\"750\" height=\"1250\" src=\"https:\/\/purecook.com\/wp-content\/uploads\/2024\/04\/bulk-custom-Fryer-wholesale-.webp\" alt=\"Friteuse personnalis\u00e9e en gros\" class=\"wp-image-868\" srcset=\"https:\/\/www.purecook.com\/wp-content\/uploads\/2024\/04\/bulk-custom-Fryer-wholesale-.webp 750w, https:\/\/www.purecook.com\/wp-content\/uploads\/2024\/04\/bulk-custom-Fryer-wholesale--180x300.webp 180w, https:\/\/www.purecook.com\/wp-content\/uploads\/2024\/04\/bulk-custom-Fryer-wholesale--600x1000.webp 600w\" sizes=\"(max-width: 750px) 100vw, 750px\" \/><\/figure>\n<\/div>\n<\/div>\n\n\n\n<p><\/p>","protected":false},"excerpt":{"rendered":"<p>La friteuse adopte un syst\u00e8me de chauffage efficace, qui assure une distribution uniforme de la chaleur et une vitesse de cuisson plus rapide. Les filtres peuvent drainer l'exc\u00e8s d'huile, ce qui rend les aliments plus d\u00e9licieux et plus sains.<\/p>\n<h3>Caract\u00e9ristiques et avantages de la marmite \u00e0 frire<\/h3>\n<p>1) Fonctionnalit\u00e9 innovante \u00e0 double pot : Faites l'exp\u00e9rience de la friture et du gril simultan\u00e9s gr\u00e2ce \u00e0 notre conception \u00e0 double compartiment, parfaite pour cr\u00e9er divers d\u00e9lices culinaires en une seule fois.<\/p>\n<p>2)Rev\u00eatement antiadh\u00e9sif personnalisable : Adaptez la surface antiadh\u00e9sive \u00e0 vos pr\u00e9f\u00e9rences, pour que les aliments se d\u00e9tachent sans effort et que le nettoyage soit simple apr\u00e8s chaque utilisation.<\/p>\n<p>3)Option de cuisson saine : Le compartiment int\u00e9gr\u00e9 du filtre \u00e0 huile permet \u00e0 l'exc\u00e8s d'huile de s'\u00e9couler loin des aliments, ce qui favorise des pratiques de cuisson plus saines.<\/p>\n<p>4)Construction en acier inoxydable de premi\u00e8re qualit\u00e9 : Fabriqu\u00e9e en acier inoxydable de haute qualit\u00e9, cette friteuse pr\u00e9sente une durabilit\u00e9 et une r\u00e9sistance \u00e0 l'usure exceptionnelles, ce qui en fait un compagnon de cuisine durable.<\/p>\n<p>5) Syst\u00e8me de chauffage efficace : Con\u00e7u pour une distribution rapide et uniforme de la chaleur, r\u00e9duisant les temps de cuisson et am\u00e9liorant l'infusion des saveurs.<\/p>\n<p>6) Modes de cuisson polyvalents : Que vous ayez envie de poulet frit croustillant ou de l\u00e9gumes grill\u00e9s, notre friteuse r\u00e9pond \u00e0 tous les go\u00fbts gr\u00e2ce \u00e0 ses modes de cuisson adaptables.<\/p>\n<p>7)Design \u00e9l\u00e9gant : Avec son aspect \u00e9l\u00e9gant en acier inoxydable, cet appareil n'est pas seulement une puissance dans la cuisine, il ajoute \u00e9galement une touche de sophistication \u00e0 votre plan de travail.<\/p>\n<p>8)Parfaite pour une utilisation domestique et professionnelle : Cette friteuse est con\u00e7ue pour r\u00e9pondre aux exigences de tous les environnements de cuisine, qu'il s'agisse de chefs \u00e0 domicile ou de professionnels de la gastronomie.<\/p>\n<p><a href=\"https:\/\/www.purecook.com\/fr\/categorie-produit\/kitchen-utensils\/oil-pot\/\" target=\"_blank\" rel=\"noopener\"><strong>D\u00e9couvrez les produits associ\u00e9s pour les friteuses \u2013 pots \u00e0 huile filtrables<\/strong><\/a><\/p>","protected":false},"featured_media":872,"comment_status":"open","ping_status":"closed","template":"","meta":{"_acf_changed":false},"product_brand":[],"product_cat":[24,72],"product_tag":[98],"class_list":{"0":"post-866","1":"product","2":"type-product","3":"status-publish","4":"has-post-thumbnail","6":"product_cat-cookware","7":"product_cat-fryer-pots","8":"product_tag-wholesale-home-cookware","10":"first","11":"instock","12":"shipping-taxable","13":"product-type-simple"},"acf":[],"_links":{"self":[{"href":"https:\/\/www.purecook.com\/fr\/wp-json\/wp\/v2\/product\/866","targetHints":{"allow":["GET"]}}],"collection":[{"href":"https:\/\/www.purecook.com\/fr\/wp-json\/wp\/v2\/product"}],"about":[{"href":"https:\/\/www.purecook.com\/fr\/wp-json\/wp\/v2\/types\/product"}],"replies":[{"embeddable":true,"href":"https:\/\/www.purecook.com\/fr\/wp-json\/wp\/v2\/comments?post=866"}],"wp:featuredmedia":[{"embeddable":true,"href":"https:\/\/www.purecook.com\/fr\/wp-json\/wp\/v2\/media\/872"}],"wp:attachment":[{"href":"https:\/\/www.purecook.com\/fr\/wp-json\/wp\/v2\/media?parent=866"}],"wp:term":[{"taxonomy":"product_brand","embeddable":true,"href":"https:\/\/www.purecook.com\/fr\/wp-json\/wp\/v2\/product_brand?post=866"},{"taxonomy":"product_cat","embeddable":true,"href":"https:\/\/www.purecook.com\/fr\/wp-json\/wp\/v2\/product_cat?post=866"},{"taxonomy":"product_tag","embeddable":true,"href":"https:\/\/www.purecook.com\/fr\/wp-json\/wp\/v2\/product_tag?post=866"}],"curies":[{"name":"wp","href":"https:\/\/api.w.org\/{rel}","templated":true}]}}