{"id":874,"date":"2024-04-12T10:13:32","date_gmt":"2024-04-12T02:13:32","guid":{"rendered":"https:\/\/purecook.com\/?post_type=product&#038;p=874"},"modified":"2024-06-03T18:19:58","modified_gmt":"2024-06-03T10:19:58","slug":"versatile-filter-kettle-wholesale","status":"publish","type":"product","link":"https:\/\/www.purecook.com\/fr\/product\/versatile-filter-kettle-wholesale\/","title":{"rendered":"Bouilloire \u00e0 filtre en acier inoxydable polyvalente sur mesure Wholesale"},"content":{"rendered":"<div class=\"wp-block-columns is-layout-flex wp-container-core-columns-is-layout-9d6595d7 wp-block-columns-is-layout-flex\">\n<div class=\"wp-block-column is-layout-flow wp-block-column-is-layout-flow\">\n<h2 class=\"wp-block-heading\">Param\u00e8tres de la bouilloire filtrante<\/h2>\n\n\n\n<p>-Couleur : corps argent\u00e9 <br>-Mat\u00e9riau : 0.9mm ss304<br>-Poids du corps : 0,77 kg<br>-Grille alimentaire : 0,08 kg <br>-Diam\u00e8tre du couvercle : 2,8 cm <br>-Diam\u00e8tre du fond : 12cm <br>-Hauteur du corps : 16,2 cm <br>-Hauteur du corps et du couvercle : 18 cm <br>-Poids net : 0,85 kg <br>-Poids : 0,95 kg<\/p>\n<\/div>\n\n\n\n<div class=\"wp-block-column is-layout-flow wp-block-column-is-layout-flow\">\n<h2 class=\"wp-block-heading\">Bouilloire \u00e0 filtre sur mesure<\/h2>\n\n\n\n<p>Am\u00e9liorez votre activit\u00e9 de restauration gr\u00e2ce \u00e0 nos options de personnalisation illimit\u00e9es et \u00e0 nos conceptions innovantes.<\/p>\n\n\n\n<p>-Poign\u00e9es personnalis\u00e9es.<br>-Logo laser disponible.<br>-Couleurs personnalis\u00e9es.<br><strong><a href=\"https:\/\/www.purecook.com\/fr\/custom-solution\/\" target=\"_blank\" rel=\"noreferrer noopener\">-Solutions personnalis\u00e9es OEM et ODM<\/a><\/strong><br><\/p>\n<\/div>\n<\/div>\n\n\n\n<div class=\"wp-block-columns is-layout-flex wp-container-core-columns-is-layout-9d6595d7 wp-block-columns-is-layout-flex\">\n<div class=\"wp-block-column is-layout-flow wp-block-column-is-layout-flow\">\n<figure class=\"wp-block-image size-full\"><img decoding=\"async\" width=\"800\" height=\"800\" src=\"https:\/\/purecook.com\/wp-content\/uploads\/2024\/04\/Kettle-Manufacturer-wholesale-custom-Strainer-kettle-supplies-2.webp\" alt=\"Bouilloire Fabricant de Bouilloire en gros et sur mesure Cr\u00e9pine Bouilloire (2)\" class=\"wp-image-881\" srcset=\"https:\/\/www.purecook.com\/wp-content\/uploads\/2024\/04\/Kettle-Manufacturer-wholesale-custom-Strainer-kettle-supplies-2.webp 800w, https:\/\/www.purecook.com\/wp-content\/uploads\/2024\/04\/Kettle-Manufacturer-wholesale-custom-Strainer-kettle-supplies-2-300x300.webp 300w, https:\/\/www.purecook.com\/wp-content\/uploads\/2024\/04\/Kettle-Manufacturer-wholesale-custom-Strainer-kettle-supplies-2-150x150.webp 150w, https:\/\/www.purecook.com\/wp-content\/uploads\/2024\/04\/Kettle-Manufacturer-wholesale-custom-Strainer-kettle-supplies-2-768x768.webp 768w, https:\/\/www.purecook.com\/wp-content\/uploads\/2024\/04\/Kettle-Manufacturer-wholesale-custom-Strainer-kettle-supplies-2-600x600.webp 600w, https:\/\/www.purecook.com\/wp-content\/uploads\/2024\/04\/Kettle-Manufacturer-wholesale-custom-Strainer-kettle-supplies-2-100x100.webp 100w\" sizes=\"(max-width: 800px) 100vw, 800px\" \/><\/figure>\n\n\n\n<figure class=\"wp-block-image size-full\"><img decoding=\"async\" width=\"800\" height=\"800\" src=\"https:\/\/purecook.com\/wp-content\/uploads\/2024\/04\/Kettle-wholesaler-bulk-custom-Strainer-kettle-supplies-1-1.webp\" alt=\"\" class=\"wp-image-884\" srcset=\"https:\/\/www.purecook.com\/wp-content\/uploads\/2024\/04\/Kettle-wholesaler-bulk-custom-Strainer-kettle-supplies-1-1.webp 800w, https:\/\/www.purecook.com\/wp-content\/uploads\/2024\/04\/Kettle-wholesaler-bulk-custom-Strainer-kettle-supplies-1-1-300x300.webp 300w, https:\/\/www.purecook.com\/wp-content\/uploads\/2024\/04\/Kettle-wholesaler-bulk-custom-Strainer-kettle-supplies-1-1-150x150.webp 150w, https:\/\/www.purecook.com\/wp-content\/uploads\/2024\/04\/Kettle-wholesaler-bulk-custom-Strainer-kettle-supplies-1-1-768x768.webp 768w, https:\/\/www.purecook.com\/wp-content\/uploads\/2024\/04\/Kettle-wholesaler-bulk-custom-Strainer-kettle-supplies-1-1-600x600.webp 600w, https:\/\/www.purecook.com\/wp-content\/uploads\/2024\/04\/Kettle-wholesaler-bulk-custom-Strainer-kettle-supplies-1-1-100x100.webp 100w\" sizes=\"(max-width: 800px) 100vw, 800px\" \/><\/figure>\n<\/div>\n\n\n\n<div class=\"wp-block-column is-layout-flow wp-block-column-is-layout-flow\">\n<figure class=\"wp-block-image size-full\"><img decoding=\"async\" width=\"750\" height=\"1361\" src=\"https:\/\/purecook.com\/wp-content\/uploads\/2024\/04\/Kettle-Factory-bulk-custom-Strainer-kettle-supplies-.webp\" alt=\"Bouilloire Factory bulk custom Strainer kettle supplies\" class=\"wp-image-879\" srcset=\"https:\/\/www.purecook.com\/wp-content\/uploads\/2024\/04\/Kettle-Factory-bulk-custom-Strainer-kettle-supplies-.webp 750w, https:\/\/www.purecook.com\/wp-content\/uploads\/2024\/04\/Kettle-Factory-bulk-custom-Strainer-kettle-supplies--165x300.webp 165w, https:\/\/www.purecook.com\/wp-content\/uploads\/2024\/04\/Kettle-Factory-bulk-custom-Strainer-kettle-supplies--600x1089.webp 600w\" sizes=\"(max-width: 750px) 100vw, 750px\" \/><\/figure>\n<\/div>\n<\/div>","protected":false},"excerpt":{"rendered":"<p>Vente en gros de bouilloires populaires. La bouilloire est fabriqu\u00e9e en acier inoxydable de qualit\u00e9 culinaire, avec un filtre et un panier amovibles. Elle est durable, facile \u00e0 nettoyer et convient aux environnements de cuisine professionnels et \u00e0 l'usage domestique.<\/p>\n<h3>Caract\u00e9ristiques et avantages de la bouilloire \u00e0 filtre<\/h3>\n<p>1) Conception polyvalente : Cette passoire sert de filtre \u00e0 huile, de bouilloire pour faire bouillir de l'eau ou du th\u00e9, et de marmite pour une vari\u00e9t\u00e9 d'aliments, ce qui en fait un outil de cuisine polyvalent.<\/p>\n<p>2) Filtre et panier amovibles : Livr\u00e9 avec une passoire \u00e0 mailles fines pour filtrer l'huile et un panier \u00e0 friture, tous deux d\u00e9tachables pour faciliter l'utilisation et le nettoyage.<\/p>\n<p>3) Acier inoxydable de premi\u00e8re qualit\u00e9 : Fabriqu\u00e9 en acier inoxydable de qualit\u00e9 culinaire, il est durable, facile \u00e0 nettoyer et convient \u00e0 un environnement de cuisine professionnel.<\/p>\n<p>4) Bec verseur pratique : Con\u00e7u avec un bec verseur pour faciliter le versement, r\u00e9duire les d\u00e9versements et \u00eatre parfait pour transf\u00e9rer des liquides chauds ou de l'huile.<\/p>\n<p>5) Poign\u00e9e ergonomique : La poign\u00e9e r\u00e9sistante \u00e0 la chaleur offre une prise s\u00fbre et confortable, garantissant une manipulation s\u00fbre pendant la cuisson, le versement ou le transfert de la casserole.<\/p>\n<p>6) Compatible avec l'induction : Compatible avec toutes les plaques de cuisson, y compris l'induction, offrant polyvalence et commodit\u00e9 pour toutes les m\u00e9thodes de cuisson.<\/p>\n<p>7) Grande capacit\u00e9 : Gr\u00e2ce \u00e0 son espace g\u00e9n\u00e9reux, cette marmite est id\u00e9ale pour pr\u00e9parer des repas pour la famille ou pour recevoir des invit\u00e9s, ce qui vous permet de cuisiner facilement en grande quantit\u00e9.<\/p>","protected":false},"featured_media":883,"comment_status":"open","ping_status":"closed","template":"","meta":{"_acf_changed":false},"product_brand":[],"product_cat":[26,52,64],"product_tag":[],"class_list":{"0":"post-874","1":"product","2":"type-product","3":"status-publish","4":"has-post-thumbnail","6":"product_cat-kettle","7":"product_cat-kitchen-utensils","8":"product_cat-oil-pot","10":"first","11":"instock","12":"shipping-taxable","13":"product-type-simple"},"acf":[],"_links":{"self":[{"href":"https:\/\/www.purecook.com\/fr\/wp-json\/wp\/v2\/product\/874","targetHints":{"allow":["GET"]}}],"collection":[{"href":"https:\/\/www.purecook.com\/fr\/wp-json\/wp\/v2\/product"}],"about":[{"href":"https:\/\/www.purecook.com\/fr\/wp-json\/wp\/v2\/types\/product"}],"replies":[{"embeddable":true,"href":"https:\/\/www.purecook.com\/fr\/wp-json\/wp\/v2\/comments?post=874"}],"wp:featuredmedia":[{"embeddable":true,"href":"https:\/\/www.purecook.com\/fr\/wp-json\/wp\/v2\/media\/883"}],"wp:attachment":[{"href":"https:\/\/www.purecook.com\/fr\/wp-json\/wp\/v2\/media?parent=874"}],"wp:term":[{"taxonomy":"product_brand","embeddable":true,"href":"https:\/\/www.purecook.com\/fr\/wp-json\/wp\/v2\/product_brand?post=874"},{"taxonomy":"product_cat","embeddable":true,"href":"https:\/\/www.purecook.com\/fr\/wp-json\/wp\/v2\/product_cat?post=874"},{"taxonomy":"product_tag","embeddable":true,"href":"https:\/\/www.purecook.com\/fr\/wp-json\/wp\/v2\/product_tag?post=874"}],"curies":[{"name":"wp","href":"https:\/\/api.w.org\/{rel}","templated":true}]}}