{"id":887,"date":"2024-04-12T11:11:50","date_gmt":"2024-04-12T03:11:50","guid":{"rendered":"https:\/\/purecook.com\/?post_type=product&#038;p=887"},"modified":"2025-12-04T15:16:16","modified_gmt":"2025-12-04T07:16:16","slug":"stainless-steel-food-storage-container-wholesale","status":"publish","type":"product","link":"https:\/\/www.purecook.com\/fr\/product\/stainless-steel-food-storage-container-wholesale\/","title":{"rendered":"R\u00e9cipient de conservation exquis pour la s\u00e9curit\u00e9 des micro-ondes Wholesale"},"content":{"rendered":"<div class=\"wp-block-columns is-layout-flex wp-container-core-columns-is-layout-9d6595d7 wp-block-columns-is-layout-flex\">\n<div class=\"wp-block-column is-layout-flow wp-block-column-is-layout-flow\">\n<h2 class=\"wp-block-heading\">Param\u00e8tres du r\u00e9cipient de stockage des aliments<\/h2>\n\n\n\n<p>Mat\u00e9riaux : ss304\/ss201 <br>Epaisseur : 06mm<br>avec couvercle en verre en silicone<br>Artisanat ext\u00e9rieur : int\u00e9rieur et ext\u00e9rieur \u00e9lectrolyse<br>SKU:700\/1200\/1900\/1000\/1800\/3000ml<br>700ML:15.9x<em>12<\/em>x4,6cm<br>1200ML:19.5x<em>14.8<\/em>x5,1cm<br>1900ML:23,6x<em>18.2<\/em>x5,5cm<br>1000ML:15.9x<em>12<\/em>x7cm<br>1800ML:19.5x<em>14.8<\/em>x8cm<br>3000ML:23.6<em>1\u00d78.4<\/em>x90cm<\/p>\n<\/div>\n\n\n\n<div class=\"wp-block-column is-layout-flow wp-block-column-is-layout-flow\">\n<h2 class=\"wp-block-heading\">R\u00e9cipient de stockage alimentaire personnalis\u00e9<\/h2>\n\n\n\n<p>Am\u00e9liorez votre activit\u00e9 de restauration gr\u00e2ce \u00e0 nos options de personnalisation illimit\u00e9es et \u00e0 nos conceptions innovantes.<\/p>\n\n\n\n<p>Mat\u00e9riaux : ss304\/ss201 <br>Emballage : carton\/bo\u00eete de couleur<br><a href=\"https:\/\/www.purecook.com\/fr\/custom-solution\/\" data-type=\"link\" data-id=\"https:\/\/purecook.com\/custom-solution\/\" target=\"_blank\" rel=\"noopener\"><\/a><strong><strong><a href=\"https:\/\/www.purecook.com\/fr\/custom-solution\/\" target=\"_blank\" rel=\"noreferrer noopener\">Solutions de conditionnement alimentaire personnalis\u00e9es OEM et ODM <\/a><\/strong><\/strong><\/p>\n<\/div>\n<\/div>\n\n\n\n<div class=\"wp-block-columns is-layout-flex wp-container-core-columns-is-layout-9d6595d7 wp-block-columns-is-layout-flex\">\n<div class=\"wp-block-column is-layout-flow wp-block-column-is-layout-flow\">\n<figure class=\"wp-block-image size-full\"><img decoding=\"async\" width=\"800\" height=\"800\" src=\"https:\/\/purecook.com\/wp-content\/uploads\/2024\/04\/kitchenware-manufacturer-wholesale-food-storage-container.webp\" alt=\"Fabricant d&#039;ustensiles de cuisine - R\u00e9cipients de conservation des aliments en gros\" class=\"wp-image-894\" srcset=\"https:\/\/www.purecook.com\/wp-content\/uploads\/2024\/04\/kitchenware-manufacturer-wholesale-food-storage-container.webp 800w, https:\/\/www.purecook.com\/wp-content\/uploads\/2024\/04\/kitchenware-manufacturer-wholesale-food-storage-container-300x300.webp 300w, https:\/\/www.purecook.com\/wp-content\/uploads\/2024\/04\/kitchenware-manufacturer-wholesale-food-storage-container-150x150.webp 150w, https:\/\/www.purecook.com\/wp-content\/uploads\/2024\/04\/kitchenware-manufacturer-wholesale-food-storage-container-768x768.webp 768w, https:\/\/www.purecook.com\/wp-content\/uploads\/2024\/04\/kitchenware-manufacturer-wholesale-food-storage-container-600x600.webp 600w, https:\/\/www.purecook.com\/wp-content\/uploads\/2024\/04\/kitchenware-manufacturer-wholesale-food-storage-container-100x100.webp 100w\" sizes=\"(max-width: 800px) 100vw, 800px\" \/><\/figure>\n\n\n\n<figure class=\"wp-block-image size-full\"><img decoding=\"async\" width=\"800\" height=\"800\" src=\"https:\/\/purecook.com\/wp-content\/uploads\/2024\/04\/kitchenware-manufacturer-wholesale-food-storage-container-supplies.webp\" alt=\"fabricant d&#039;ustensiles de cuisine vente en gros de r\u00e9cipients pour le stockage des aliments\" class=\"wp-image-893\" srcset=\"https:\/\/www.purecook.com\/wp-content\/uploads\/2024\/04\/kitchenware-manufacturer-wholesale-food-storage-container-supplies.webp 800w, https:\/\/www.purecook.com\/wp-content\/uploads\/2024\/04\/kitchenware-manufacturer-wholesale-food-storage-container-supplies-300x300.webp 300w, https:\/\/www.purecook.com\/wp-content\/uploads\/2024\/04\/kitchenware-manufacturer-wholesale-food-storage-container-supplies-150x150.webp 150w, https:\/\/www.purecook.com\/wp-content\/uploads\/2024\/04\/kitchenware-manufacturer-wholesale-food-storage-container-supplies-768x768.webp 768w, https:\/\/www.purecook.com\/wp-content\/uploads\/2024\/04\/kitchenware-manufacturer-wholesale-food-storage-container-supplies-600x600.webp 600w, https:\/\/www.purecook.com\/wp-content\/uploads\/2024\/04\/kitchenware-manufacturer-wholesale-food-storage-container-supplies-100x100.webp 100w\" sizes=\"(max-width: 800px) 100vw, 800px\" \/><\/figure>\n<\/div>\n\n\n\n<div class=\"wp-block-column is-layout-flow wp-block-column-is-layout-flow\">\n<figure class=\"wp-block-image size-full\"><img decoding=\"async\" width=\"800\" height=\"800\" src=\"https:\/\/purecook.com\/wp-content\/uploads\/2024\/04\/kitchenware-factory-custom-food-storage-container-supplies.webp\" alt=\"kitchenware factory custom custom food storage container supplies\" class=\"wp-image-890\" srcset=\"https:\/\/www.purecook.com\/wp-content\/uploads\/2024\/04\/kitchenware-factory-custom-food-storage-container-supplies.webp 800w, https:\/\/www.purecook.com\/wp-content\/uploads\/2024\/04\/kitchenware-factory-custom-food-storage-container-supplies-300x300.webp 300w, https:\/\/www.purecook.com\/wp-content\/uploads\/2024\/04\/kitchenware-factory-custom-food-storage-container-supplies-150x150.webp 150w, https:\/\/www.purecook.com\/wp-content\/uploads\/2024\/04\/kitchenware-factory-custom-food-storage-container-supplies-768x768.webp 768w, https:\/\/www.purecook.com\/wp-content\/uploads\/2024\/04\/kitchenware-factory-custom-food-storage-container-supplies-600x600.webp 600w, https:\/\/www.purecook.com\/wp-content\/uploads\/2024\/04\/kitchenware-factory-custom-food-storage-container-supplies-100x100.webp 100w\" sizes=\"(max-width: 800px) 100vw, 800px\" \/><\/figure>\n\n\n\n<figure class=\"wp-block-image size-full\"><img decoding=\"async\" width=\"800\" height=\"800\" src=\"https:\/\/purecook.com\/wp-content\/uploads\/2024\/04\/kitchenware-manufacturer-wholesale-food-storage-container-3.webp\" alt=\"fabricant d&#039;ustensiles de cuisine, vente en gros de r\u00e9cipients pour la conservation des aliments (3)\" class=\"wp-image-892\" srcset=\"https:\/\/www.purecook.com\/wp-content\/uploads\/2024\/04\/kitchenware-manufacturer-wholesale-food-storage-container-3.webp 800w, https:\/\/www.purecook.com\/wp-content\/uploads\/2024\/04\/kitchenware-manufacturer-wholesale-food-storage-container-3-300x300.webp 300w, https:\/\/www.purecook.com\/wp-content\/uploads\/2024\/04\/kitchenware-manufacturer-wholesale-food-storage-container-3-150x150.webp 150w, https:\/\/www.purecook.com\/wp-content\/uploads\/2024\/04\/kitchenware-manufacturer-wholesale-food-storage-container-3-768x768.webp 768w, https:\/\/www.purecook.com\/wp-content\/uploads\/2024\/04\/kitchenware-manufacturer-wholesale-food-storage-container-3-600x600.webp 600w, https:\/\/www.purecook.com\/wp-content\/uploads\/2024\/04\/kitchenware-manufacturer-wholesale-food-storage-container-3-100x100.webp 100w\" sizes=\"(max-width: 800px) 100vw, 800px\" \/><\/figure>\n<\/div>\n<\/div>","protected":false},"excerpt":{"rendered":"<p>R\u00e9cipient de conservation des aliments en acier inoxydable de Purecook. Le r\u00e9cipient de conservation des aliments est largement utilis\u00e9 et convient \u00e0 la conservation des repas, des restes et d'autres aliments. Gr\u00e2ce \u00e0 une technologie de scellage avanc\u00e9e, il peut conserver la fra\u00eecheur des aliments pendant longtemps et peut \u00eatre utilis\u00e9 dans les micro-ondes pour r\u00e9chauffer facilement les aliments.<\/p>\n<h2>Caract\u00e9ristiques du r\u00e9cipient de stockage des aliments<\/h2>\n<p>1)Technologie de scellement avanc\u00e9e : Dot\u00e9 d'un anneau d'\u00e9tanch\u00e9it\u00e9 en silicone personnalisable, ce conteneur assure une fermeture herm\u00e9tique pour pr\u00e9server la fra\u00eecheur, le go\u00fbt et la valeur nutritionnelle de vos aliments.<\/p>\n<p>2) Adapt\u00e9e aux micro-ondes : Con\u00e7ue pour passer au micro-ondes (sans le couvercle), cette bo\u00eete permet de r\u00e9chauffer facilement les aliments, ajoutant ainsi de la polyvalence \u00e0 vos habitudes de stockage et de pr\u00e9paration des aliments.<\/p>\n<p>3)Utilisation polyvalente : ce r\u00e9cipient est parfait pour une vari\u00e9t\u00e9 de besoins de stockage, de la r\u00e9frig\u00e9ration des restes \u00e0 la marinade des aliments ou \u00e0 l'emballage des repas sur le pouce.<\/p>\n<p>4) R\u00e9sistance \u00e0 la temp\u00e9rature : R\u00e9siste \u00e0 une large gamme de temp\u00e9ratures et peut \u00eatre utilis\u00e9 dans les r\u00e9frig\u00e9rateurs, les cong\u00e9lateurs et m\u00eame les fours (sans le couvercle), offrant ainsi une commodit\u00e9 in\u00e9gal\u00e9e.<\/p>\n<p>5) Facile \u00e0 nettoyer : Les composants lavables au lave-vaisselle assurent un nettoyage sans probl\u00e8me et pr\u00e9servent l'hygi\u00e8ne. Le r\u00e9cipient en acier inoxydable et le couvercle en verre sont faciles \u00e0 laver.<\/p>\n<p>6)\u00c9l\u00e9gant et fonctionnel : Le design moderne et le couvercle transparent am\u00e9liorent non seulement l'esth\u00e9tique de votre cuisine, mais vous permettent \u00e9galement d'identifier rapidement le contenu sans ouvrir la bo\u00eete.<\/p>","protected":false},"featured_media":894,"comment_status":"open","ping_status":"closed","template":"","meta":{"_acf_changed":false},"product_brand":[],"product_cat":[25,51],"product_tag":[],"class_list":{"0":"post-887","1":"product","2":"type-product","3":"status-publish","4":"has-post-thumbnail","6":"product_cat-food-storage","7":"product_cat-dinnerware","9":"first","10":"instock","11":"shipping-taxable","12":"product-type-simple"},"acf":[],"_links":{"self":[{"href":"https:\/\/www.purecook.com\/fr\/wp-json\/wp\/v2\/product\/887","targetHints":{"allow":["GET"]}}],"collection":[{"href":"https:\/\/www.purecook.com\/fr\/wp-json\/wp\/v2\/product"}],"about":[{"href":"https:\/\/www.purecook.com\/fr\/wp-json\/wp\/v2\/types\/product"}],"replies":[{"embeddable":true,"href":"https:\/\/www.purecook.com\/fr\/wp-json\/wp\/v2\/comments?post=887"}],"wp:featuredmedia":[{"embeddable":true,"href":"https:\/\/www.purecook.com\/fr\/wp-json\/wp\/v2\/media\/894"}],"wp:attachment":[{"href":"https:\/\/www.purecook.com\/fr\/wp-json\/wp\/v2\/media?parent=887"}],"wp:term":[{"taxonomy":"product_brand","embeddable":true,"href":"https:\/\/www.purecook.com\/fr\/wp-json\/wp\/v2\/product_brand?post=887"},{"taxonomy":"product_cat","embeddable":true,"href":"https:\/\/www.purecook.com\/fr\/wp-json\/wp\/v2\/product_cat?post=887"},{"taxonomy":"product_tag","embeddable":true,"href":"https:\/\/www.purecook.com\/fr\/wp-json\/wp\/v2\/product_tag?post=887"}],"curies":[{"name":"wp","href":"https:\/\/api.w.org\/{rel}","templated":true}]}}