{"id":896,"date":"2024-04-12T16:29:23","date_gmt":"2024-04-12T08:29:23","guid":{"rendered":"https:\/\/purecook.com\/?post_type=product&#038;p=896"},"modified":"2024-06-03T18:18:59","modified_gmt":"2024-06-03T10:18:59","slug":"wholesale-stainless-steel-kettle","status":"publish","type":"product","link":"https:\/\/www.purecook.com\/fr\/product\/wholesale-stainless-steel-kettle\/","title":{"rendered":"Bouilloire en acier inoxydable de haute qualit\u00e9 convenant \u00e0 divers types de cuisini\u00e8res"},"content":{"rendered":"<div class=\"wp-block-columns is-layout-flex wp-container-core-columns-is-layout-9d6595d7 wp-block-columns-is-layout-flex\">\n<div class=\"wp-block-column is-layout-flow wp-block-column-is-layout-flow\">\n<h2 class=\"wp-block-heading\">Param\u00e8tres de la bouilloire en acier inoxydable<\/h2>\n\n\n\n<p>Mat\u00e9riau : acier inoxydable 304<\/p>\n<\/div>\n\n\n\n<div class=\"wp-block-column is-layout-flow wp-block-column-is-layout-flow\">\n<h2 class=\"wp-block-heading\">Bouilloire en acier inoxydable personnalis\u00e9e<\/h2>\n\n\n\n<p>Am\u00e9liorez votre activit\u00e9 de restauration gr\u00e2ce \u00e0 nos options de personnalisation illimit\u00e9es et \u00e0 nos conceptions innovantes.<\/p>\n\n\n\n<p>Emballage : bo\u00eete de couleur\/carton<br><a href=\"https:\/\/www.purecook.com\/fr\/custom-solution\/\" data-type=\"link\" data-id=\"https:\/\/purecook.com\/custom-solution\/\" target=\"_blank\" rel=\"noopener\"><strong><strong><a href=\"https:\/\/www.purecook.com\/fr\/custom-solution\/\" target=\"_blank\" rel=\"noreferrer noopener\">-Solutions personnalis\u00e9es OEM et ODM <\/a><\/strong><\/strong><\/a><br><\/p>\n<\/div>\n<\/div>\n\n\n\n<div class=\"wp-block-columns is-layout-flex wp-container-core-columns-is-layout-9d6595d7 wp-block-columns-is-layout-flex\">\n<div class=\"wp-block-column is-layout-flow wp-block-column-is-layout-flow\">\n<figure class=\"wp-block-image size-full\"><img decoding=\"async\" width=\"750\" height=\"1237\" src=\"https:\/\/purecook.com\/wp-content\/uploads\/2024\/04\/bulk-kettle-supplies-kettle-factory.webp\" alt=\"fournitures de bouilloires en vrac usine de bouilloires\" class=\"wp-image-897\" srcset=\"https:\/\/www.purecook.com\/wp-content\/uploads\/2024\/04\/bulk-kettle-supplies-kettle-factory.webp 750w, https:\/\/www.purecook.com\/wp-content\/uploads\/2024\/04\/bulk-kettle-supplies-kettle-factory-182x300.webp 182w, https:\/\/www.purecook.com\/wp-content\/uploads\/2024\/04\/bulk-kettle-supplies-kettle-factory-600x990.webp 600w\" sizes=\"(max-width: 750px) 100vw, 750px\" \/><\/figure>\n<\/div>\n\n\n\n<div class=\"wp-block-column is-layout-flow wp-block-column-is-layout-flow\">\n<figure class=\"wp-block-image size-full\"><img decoding=\"async\" width=\"750\" height=\"980\" src=\"https:\/\/purecook.com\/wp-content\/uploads\/2024\/04\/wholesale-custom-kettle-kettle-manufacturer.webp\" alt=\"Fabricant de bouilloires en gros personnalis\u00e9es\" class=\"wp-image-902\" srcset=\"https:\/\/www.purecook.com\/wp-content\/uploads\/2024\/04\/wholesale-custom-kettle-kettle-manufacturer.webp 750w, https:\/\/www.purecook.com\/wp-content\/uploads\/2024\/04\/wholesale-custom-kettle-kettle-manufacturer-230x300.webp 230w, https:\/\/www.purecook.com\/wp-content\/uploads\/2024\/04\/wholesale-custom-kettle-kettle-manufacturer-600x784.webp 600w\" sizes=\"(max-width: 750px) 100vw, 750px\" \/><\/figure>\n<\/div>\n<\/div>","protected":false},"excerpt":{"rendered":"<p>Le fond de la bouilloire adopte une conception composite qui peut s'adapter \u00e0 diff\u00e9rents types de po\u00eales et est \u00e9quip\u00e9 d'un filtre pour filtrer les feuilles de th\u00e9.<\/p>\n<h2>Caract\u00e9ristiques et avantages de la bouilloire en acier inoxydable<\/h2>\n<p>1) Mat\u00e9riau en acier inoxydable 304 : Fabriqu\u00e9 en acier inoxydable 304, il pr\u00e9sente une excellente r\u00e9sistance \u00e0 la corrosion et une grande durabilit\u00e9, ce qui garantit que le produit ne rouillera pas et ne se corrodera pas lors d'une utilisation \u00e0 long terme.<\/p>\n<p>2) Conception composite du fond du four : Le fond du four adopte une conception composite, qui peut s'adapter \u00e0 divers outils de four sans avoir \u00e0 se soucier des types d'outils de four, ce qui rend la marmite plus polyvalente.<\/p>\n<p>3) Acier inoxydable \u00e9paissi de qualit\u00e9 alimentaire : Fabriqu\u00e9 en acier inoxydable \u00e9pais de qualit\u00e9 alimentaire, s\u00fbr et hygi\u00e9nique, robuste et durable, il ne produira aucune odeur ou substance nocive apr\u00e8s une utilisation prolong\u00e9e.<\/p>\n<p>4) \u00c9quip\u00e9 d'un filtre \u00e0 th\u00e9 : Con\u00e7u avec un filtre \u00e0 th\u00e9 d\u00e9di\u00e9, il peut facilement filtrer le th\u00e9 et les autres impuret\u00e9s.<\/p>\n<p>5) Ne se d\u00e9forme pas facilement : Il pr\u00e9sente une bonne stabilit\u00e9 et une bonne r\u00e9sistance \u00e0 la d\u00e9formation, et m\u00eame sous une temp\u00e9rature ou une pression \u00e9lev\u00e9e, il ne se d\u00e9forme pas, ce qui permet de conserver la forme et les performances de la bouilloire.<\/p>\n<p>6) Acier inoxydable de haute qualit\u00e9 : Fabriqu\u00e9 \u00e0 partir de mat\u00e9riaux en acier inoxydable de haute qualit\u00e9, avec une texture d\u00e9licate, un savoir-faire exquis, une belle apparence et une grande durabilit\u00e9.<\/p>\n<p>7)Facile \u00e0 nettoyer : Gr\u00e2ce \u00e0 sa surface lisse et \u00e0 son mat\u00e9riau en acier inoxydable, la bouilloire est facile \u00e0 nettoyer et peut \u00eatre nettoy\u00e9e rapidement et facilement, ce qui la rend hygi\u00e9nique et propre.<\/p>","protected":false},"featured_media":898,"comment_status":"open","ping_status":"closed","template":"","meta":{"_acf_changed":false},"product_brand":[],"product_cat":[26,52],"product_tag":[],"class_list":{"0":"post-896","1":"product","2":"type-product","3":"status-publish","4":"has-post-thumbnail","6":"product_cat-kettle","7":"product_cat-kitchen-utensils","9":"first","10":"instock","11":"shipping-taxable","12":"product-type-simple"},"acf":[],"_links":{"self":[{"href":"https:\/\/www.purecook.com\/fr\/wp-json\/wp\/v2\/product\/896","targetHints":{"allow":["GET"]}}],"collection":[{"href":"https:\/\/www.purecook.com\/fr\/wp-json\/wp\/v2\/product"}],"about":[{"href":"https:\/\/www.purecook.com\/fr\/wp-json\/wp\/v2\/types\/product"}],"replies":[{"embeddable":true,"href":"https:\/\/www.purecook.com\/fr\/wp-json\/wp\/v2\/comments?post=896"}],"wp:featuredmedia":[{"embeddable":true,"href":"https:\/\/www.purecook.com\/fr\/wp-json\/wp\/v2\/media\/898"}],"wp:attachment":[{"href":"https:\/\/www.purecook.com\/fr\/wp-json\/wp\/v2\/media?parent=896"}],"wp:term":[{"taxonomy":"product_brand","embeddable":true,"href":"https:\/\/www.purecook.com\/fr\/wp-json\/wp\/v2\/product_brand?post=896"},{"taxonomy":"product_cat","embeddable":true,"href":"https:\/\/www.purecook.com\/fr\/wp-json\/wp\/v2\/product_cat?post=896"},{"taxonomy":"product_tag","embeddable":true,"href":"https:\/\/www.purecook.com\/fr\/wp-json\/wp\/v2\/product_tag?post=896"}],"curies":[{"name":"wp","href":"https:\/\/api.w.org\/{rel}","templated":true}]}}