{"id":2092,"date":"2024-05-17T12:34:32","date_gmt":"2024-05-17T04:34:32","guid":{"rendered":"https:\/\/purecook.com\/?post_type=product&#038;p=2092"},"modified":"2025-04-27T17:38:47","modified_gmt":"2025-04-27T09:38:47","slug":"wholesale-cookware-set-stainless-stee","status":"publish","type":"product","link":"https:\/\/www.purecook.com\/ja\/product\/wholesale-cookware-set-stainless-stee\/","title":{"rendered":"\u30ab\u30b9\u30bf\u30e0\u8abf\u7406\u5668\u5177\u30bb\u30c3\u30c8\u5378\u58f2\u9ad8\u54c1\u8cea\u306e\u30b9\u30c6\u30f3\u30ec\u30b9\u92fc\u306e\u74b0\u5883\u306b\u512a\u3057\u3044\u3068\u975e\u30b3\u30fc\u30c6\u30a3\u30f3\u30b0\u88fd"},"content":{"rendered":"<div class=\"wp-block-columns is-layout-flex wp-container-core-columns-is-layout-9d6595d7 wp-block-columns-is-layout-flex\">\n<div class=\"wp-block-column is-layout-flow wp-block-column-is-layout-flow\">\n<h3 class=\"wp-block-heading\">\u8abf\u7406\u5668\u5177\u30bb\u30c3\u30c8\u306e\u30d1\u30e9\u30e1\u30fc\u30bf\u30fc<\/h3>\n\n\n\n<p><strong>\u30e2\u30c7\u30eb\u756a\u53f7\uff1aHH-191126<\/strong><br><strong>\u88fd\u54c1\u540d:\u7092\u3081\u934b\u30fb\u30b9\u30fc\u30d7\u934b<\/strong><br>\u30bf\u30a4\u30d7\u30b9\u30fc\u30d7\u30b9\u30c8\u30c3\u30af\u30dd\u30c3\u30c8<br>\u539f\u7523\u5730\u5e83\u6771\u7701\u3001\u4e2d\u56fd<br>\u5bfe\u5fdc\u30b3\u30f3\u30ed\uff1a\u30ac\u30b9\u30b3\u30f3\u30ed\u3001IH\u30af\u30c3\u30ad\u30f3\u30b0\u30d2\u30fc\u30bf\u30fc\u5168\u822c<br>\u84cb\uff1a\u30b9\u30c6\u30f3\u30ec\u30b9\u30b9\u30c1\u30fc\u30eb\u30ea\u30c3\u30c9<br>\u91cd\u91cf\uff1a3kg\/\u500b<br>MOQ: 500Pcs<br>\u30cf\u30f3\u30c9\u30eb\u6750\u8cea\u30b9\u30bf\u30a4\u30f3\u30ec\u30b9\u30b9\u30c1\u30fc\u30eb<br>\u7528\u9014\u8abf\u7406\u98df\u54c1<br>\u30dc\u30c8\u30e0\u30b5\u30f3\u30c9\u30a4\u30c3\u30c1IH\u30dc\u30c8\u30e0<br>\u30b9\u30c6\u30f3\u30ec\u30b9\u92fc\uff1a201\/304<br>\u30ed\u30b4\u30ed\u30b4\u306e\u30ab\u30b9\u30bf\u30de\u30a4\u30ba<\/p>\n<\/div>\n\n\n\n<div class=\"wp-block-column is-layout-flow wp-block-column-is-layout-flow\">\n<h3 class=\"wp-block-heading\">\u8abf\u7406\u5668\u5177\u30bb\u30c3\u30c8\u306e\u30b5\u30a4\u30ba<\/h3>\n\n\n\n<div class=\"wp-block-columns is-layout-flex wp-container-core-columns-is-layout-9d6595d7 wp-block-columns-is-layout-flex\">\n<div class=\"wp-block-column is-layout-flow wp-block-column-is-layout-flow\">\n<p><strong>\u76f4\u5f84\u00d7\u9ad8\u3055<\/strong>            <br>16\u00d79cm \u30bd\u30fc\u30b9\u30d1\u30f3   <br>18\u00d710cm \u30ad\u30e3\u30bb\u30ed\u30fc\u30eb<br>20\u00d711cm \u30ad\u30e3\u30bb\u30ed\u30fc\u30eb<br>24\u00d78cm \u30ed\u30fc\u30ad\u30e3\u30bb\u30ed\u30fc\u30eb<br>24\u00d713cm \u30ad\u30e3\u30bb\u30ed\u30fc\u30eb<br>28\u00d715cm \u30ad\u30e3\u30bb\u30ed\u30fc\u30eb<br>22\u00d712cm \u30ad\u30e3\u30bb\u30ed\u30fc\u30eb<br>26\u00d714cm \u30ad\u30e3\u30bb\u30ed\u30fc\u30eb<br>26\u00d78cm \u30ed\u30fc\u30ad\u30e3\u30bb\u30ed\u30fc\u30eb<\/p>\n<\/div>\n\n\n\n<div class=\"wp-block-column is-layout-flow wp-block-column-is-layout-flow\">\n<p><strong>\u5916\u5bf8<\/strong><br>18\u00d79cm<br>20\u00d710cm<br>22\u00d711cm<br>26\u00d78cm<br>26\u00d713cm<br>30\u00d715cm<br>24\u00d712cm<br>28\u00d714cm<br>28\u00d78cm<\/p>\n<\/div>\n<\/div>\n<\/div>\n<\/div>\n\n\n\n<h3 class=\"wp-block-heading\">\u30ab\u30b9\u30bf\u30e0\u8abf\u7406\u5668\u5177\u30bb\u30c3\u30c8<\/h3>\n\n\n\n<p>\u6750\u8cea\uff1a201\/304\u30b9\u30c6\u30f3\u30ec\u30b9\u92fc<br>\u30ed\u30b4\uff1a\u30d6\u30e9\u30f3\u30c9\u30ed\u30b4\u306e\u30ab\u30b9\u30bf\u30de\u30a4\u30ba<br>\u30d1\u30c3\u30b1\u30fc\u30b8: \u7d75\u306e\u5177\u7bb1\/\u30ab\u30fc\u30c8\u30f3\u3001\u7b49<br>\u30d1\u30bf\u30fc\u30f3\u30d1\u30bf\u30fc\u30f3\u3092\u30ab\u30b9\u30bf\u30de\u30a4\u30ba<br>MOQ\uff1a2000\u500b<br><strong><a href=\"https:\/\/www.purecook.com\/ja\/custom-solution\/\" target=\"_blank\" rel=\"noreferrer noopener\">OEM\uff06ODM\u30ab\u30b9\u30bf\u30de\u30a4\u30ba\u30bd\u30ea\u30e5\u30fc\u30b7\u30e7\u30f3<\/a><\/strong><\/p>\n\n\n\n<div class=\"wp-block-columns is-layout-flex wp-container-core-columns-is-layout-9d6595d7 wp-block-columns-is-layout-flex\">\n<div class=\"wp-block-column is-layout-flow wp-block-column-is-layout-flow\">\n<figure class=\"wp-block-image size-full\"><img decoding=\"async\" width=\"1000\" height=\"1000\" src=\"https:\/\/purecook.com\/wp-content\/uploads\/2024\/05\/custom-cookware-sets-2.webp\" alt=\"\u30ab\u30b9\u30bf\u30e0\u8abf\u7406\u5668\u5177\u30bb\u30c3\u30c8\u5378\u58f2\" class=\"wp-image-2094\" srcset=\"https:\/\/www.purecook.com\/wp-content\/uploads\/2024\/05\/custom-cookware-sets-2.webp 1000w, https:\/\/www.purecook.com\/wp-content\/uploads\/2024\/05\/custom-cookware-sets-2-300x300.webp 300w, https:\/\/www.purecook.com\/wp-content\/uploads\/2024\/05\/custom-cookware-sets-2-150x150.webp 150w, https:\/\/www.purecook.com\/wp-content\/uploads\/2024\/05\/custom-cookware-sets-2-768x768.webp 768w, https:\/\/www.purecook.com\/wp-content\/uploads\/2024\/05\/custom-cookware-sets-2-600x600.webp 600w, https:\/\/www.purecook.com\/wp-content\/uploads\/2024\/05\/custom-cookware-sets-2-100x100.webp 100w\" sizes=\"(max-width: 1000px) 100vw, 1000px\" \/><\/figure>\n<\/div>\n\n\n\n<div class=\"wp-block-column is-layout-flow wp-block-column-is-layout-flow\">\n<figure class=\"wp-block-image size-full\"><img decoding=\"async\" width=\"1000\" height=\"1000\" src=\"https:\/\/purecook.com\/wp-content\/uploads\/2024\/05\/custom-cookware-sets-5.webp\" alt=\"\u30ab\u30b9\u30bf\u30e0\u8abf\u7406\u5668\u5177\u30bb\u30c3\u30c8\u5378\u58f2\" class=\"wp-image-2097\" srcset=\"https:\/\/www.purecook.com\/wp-content\/uploads\/2024\/05\/custom-cookware-sets-5.webp 1000w, https:\/\/www.purecook.com\/wp-content\/uploads\/2024\/05\/custom-cookware-sets-5-300x300.webp 300w, https:\/\/www.purecook.com\/wp-content\/uploads\/2024\/05\/custom-cookware-sets-5-150x150.webp 150w, https:\/\/www.purecook.com\/wp-content\/uploads\/2024\/05\/custom-cookware-sets-5-768x768.webp 768w, https:\/\/www.purecook.com\/wp-content\/uploads\/2024\/05\/custom-cookware-sets-5-600x600.webp 600w, https:\/\/www.purecook.com\/wp-content\/uploads\/2024\/05\/custom-cookware-sets-5-100x100.webp 100w\" sizes=\"(max-width: 1000px) 100vw, 1000px\" \/><\/figure>\n<\/div>\n<\/div>","protected":false},"excerpt":{"rendered":"<p>\u30ab\u30b9\u30bf\u30e0\u8abf\u7406\u5668\u5177\u30bb\u30c3\u30c8\u5378\u58f2\u3002\u9ad8\u54c1\u8cea\u306e\u30b9\u30c6\u30f3\u30ec\u30b9\u88fd\u3067\u3001\u8010\u4e45\u6027\u306b\u512a\u308c\u3001\u304a\u624b\u5165\u308c\u304c\u7c21\u5358\u3067\u3001\u8907\u6570\u306e\u30a8\u30ea\u30a2\u306b\u4eba\u9593\u5de5\u5b66\u306b\u57fa\u3065\u3044\u305f\u30c7\u30b6\u30a4\u30f3\u304c\u65bd\u3055\u308c\u3066\u304a\u308a\u3001\u8abf\u7406\u30d7\u30ed\u30bb\u30b9\u304c\u3088\u308a\u4fbf\u5229\u306b\u306a\u308a\u307e\u3059\u3002\u4e09\u5c64\u92fc\u306e\u63a5\u7740\u5e95\u3067\u3001\u98df\u54c1\u3092\u8abf\u7406\u3059\u308b\u969b\u306b\u52b9\u7387\u7684\u304b\u3064\u5747\u7b49\u306b\u52a0\u71b1\u3055\u308c\u3001\u5bb6\u5ead\u306e\u30ad\u30c3\u30c1\u30f3\u3084\u5546\u696d\u30ec\u30b9\u30c8\u30e9\u30f3\u306e\u4e21\u65b9\u306b\u9069\u3057\u3066\u3044\u307e\u3059\u3002<\/p>\n<h2>\u8abf\u7406\u5668\u5177\u30bb\u30c3\u30c8\u306e\u7279\u5fb4\u3068\u5229\u70b9<\/h2>\n<p>PURECOOK\u306e\u8abf\u7406\u5668\u5177\u306b\u306f\u3001\u30ad\u30c3\u30c1\u30f3\u306b\u6e29\u304b\u307f\u3092\u6dfb\u3048\u308b\u3001\u3055\u307e\u3056\u307e\u306a\u6591\u70b9\u30ab\u30e9\u30fc\u304c\u3042\u308a\u307e\u3059\u3002<\/p>\n<p><strong>\u6271\u3044\u3084\u3059\u3044<\/strong>\u5feb\u9069\u3067\u4e08\u592b\u306a\u30ab\u30e9\u30fc\u30b3\u30fc\u30c7\u30a3\u30cd\u30fc\u30c8\u306e\u53d6\u3063\u624b\u3068\u30ac\u30e9\u30b9\u84cb\u3067\u3001\u30ad\u30c3\u30c1\u30f3\u3067\u306e\u79fb\u52d5\u3082\u7c21\u5358\u3067\u3059\u3002<\/p>\n<p><strong>\u8010\u4e45\u6027\u306e\u3042\u308b\u30b9\u30c6\u30f3\u30ec\u30b9\u30b9\u30c1\u30fc\u30eb<\/strong>\u8abf\u7406\u9762\u306f\u93e1\u9762\u4ed5\u4e0a\u3052\u306e\u30b9\u30bf\u30fc\u30d5\u30a3\u30cb\u30c3\u30b7\u30e5\u3067\u3001\u3053\u3073\u308a\u3064\u304d\u306b\u304f\u304f\u304a\u624b\u5165\u308c\u304c\u7c21\u5358\u3002<\/p>\n<p><strong>3\u5c64\u69cb\u9020\u306e\u8010\u885d\u6483\u6027\u30dc\u30f3\u30c7\u30c3\u30c9\u30dc\u30c8\u30e0\uff1a <\/strong>\u30b9\u30c6\u30f3\u30ec\u30b9\u88fd\u8abf\u7406\u5668\u5177\u306f\u30012\u5c64\u306e\u30b9\u30c6\u30f3\u30ec\u30b9\u306e\u9593\u306b\u8d85\u5f37\u529b\u30a2\u30eb\u30df\u30cb\u30a6\u30e0\u304c\u6ce8\u5165\u3055\u308c\u3066\u304a\u308a\u3001\u30e0\u30e9\u306e\u306a\u3044\u8abf\u7406\u304c\u53ef\u80fd\u3067\u3059\u3002<\/p>","protected":false},"featured_media":2097,"comment_status":"closed","ping_status":"closed","template":"","meta":{"_acf_changed":false},"product_brand":[],"product_cat":[24,69],"product_tag":[98],"class_list":{"0":"post-2092","1":"product","2":"type-product","3":"status-publish","4":"has-post-thumbnail","6":"product_cat-cookware","7":"product_cat-cookware-sets","8":"product_tag-wholesale-home-cookware","10":"first","11":"instock","12":"shipping-taxable","13":"product-type-simple"},"acf":[],"_links":{"self":[{"href":"https:\/\/www.purecook.com\/ja\/wp-json\/wp\/v2\/product\/2092","targetHints":{"allow":["GET"]}}],"collection":[{"href":"https:\/\/www.purecook.com\/ja\/wp-json\/wp\/v2\/product"}],"about":[{"href":"https:\/\/www.purecook.com\/ja\/wp-json\/wp\/v2\/types\/product"}],"replies":[{"embeddable":true,"href":"https:\/\/www.purecook.com\/ja\/wp-json\/wp\/v2\/comments?post=2092"}],"wp:featuredmedia":[{"embeddable":true,"href":"https:\/\/www.purecook.com\/ja\/wp-json\/wp\/v2\/media\/2097"}],"wp:attachment":[{"href":"https:\/\/www.purecook.com\/ja\/wp-json\/wp\/v2\/media?parent=2092"}],"wp:term":[{"taxonomy":"product_brand","embeddable":true,"href":"https:\/\/www.purecook.com\/ja\/wp-json\/wp\/v2\/product_brand?post=2092"},{"taxonomy":"product_cat","embeddable":true,"href":"https:\/\/www.purecook.com\/ja\/wp-json\/wp\/v2\/product_cat?post=2092"},{"taxonomy":"product_tag","embeddable":true,"href":"https:\/\/www.purecook.com\/ja\/wp-json\/wp\/v2\/product_tag?post=2092"}],"curies":[{"name":"wp","href":"https:\/\/api.w.org\/{rel}","templated":true}]}}