{"id":2314,"date":"2024-05-24T14:54:56","date_gmt":"2024-05-24T06:54:56","guid":{"rendered":"https:\/\/purecook.com\/?post_type=product&#038;p=2314"},"modified":"2025-08-14T16:55:32","modified_gmt":"2025-08-14T08:55:32","slug":"leak-proof-bulk-food-storage-containers-wholesale","status":"publish","type":"product","link":"https:\/\/www.purecook.com\/ja\/product\/leak-proof-bulk-food-storage-containers-wholesale\/","title":{"rendered":"\u6f0f\u308c\u9632\u6b62\u30d0\u30eb\u30af\u98df\u54c1\u8caf\u8535\u5bb9\u5668\u5378\u58f2"},"content":{"rendered":"<div class=\"wp-block-columns is-layout-flex wp-container-core-columns-is-layout-9d6595d7 wp-block-columns-is-layout-flex\">\n<div class=\"wp-block-column is-layout-flow wp-block-column-is-layout-flow\">\n<h3 class=\"wp-block-heading\">\u98df\u54c1\u4fdd\u5b58\u5bb9\u5668\u306e\u30d1\u30e9\u30e1\u30fc\u30bf<\/h3>\n\n\n\n<p><strong>\u30e2\u30c7\u30eb\u756a\u53f7: ch2<\/strong><br>\u6750\u8cea\u30b9\u30c6\u30f3\u30ec\u30b9\uff08SUS#304\uff09<br>\u30ad\u30e3\u30c3\u30d7\u30d7\u30e9\u30b9\u30c1\u30c3\u30af\u30fb\u30ad\u30e3\u30c3\u30d7\u307e\u305f\u306f\u30b7\u30ea\u30b3\u30f3\u30fb\u30ea\u30f3\u4ed8\u304d\u30d7\u30e9\u30b9\u30c1\u30c3\u30af\u30fb\u30ad\u30e3\u30c3\u30d7<br>\u4ed5\u69d8350\/550\/850\/1800\/2800ml<br>\u4ed5\u4e0a\u3052\u96fb\u7740\u30de\u30c3\u30c8<br>\u30b5\u30a4\u30ba\uff1a350ml-5\u00d711.5\u00d715cm\uff1b<br>        550ml-6\u00d713\u00d717cm\uff1b<br>        850ml-6.5\u00d714.5\u00d719.5cm; <br>        1800ml-8\u00d718\u00d723cm\uff1b <br>        2800ml-11.5\u00d718\u00d723cm\uff1b<br>MOQ500\u500b<\/p>\n<\/div>\n\n\n\n<div class=\"wp-block-column is-layout-flow wp-block-column-is-layout-flow\">\n<h3 class=\"wp-block-heading\">\u30ab\u30b9\u30bf\u30e0\u98df\u54c1\u4fdd\u5b58\u5bb9\u5668<\/h3>\n\n\n\n<p>\u30ed\u30b4\uff1a\u30d6\u30e9\u30f3\u30c9\u30ed\u30b4\u306e\u30ab\u30b9\u30bf\u30de\u30a4\u30ba<br>\u6ce8\u6587\u6570\u91cf 500\u500b<br><strong><a href=\"https:\/\/www.purecook.com\/ja\/custom-solution\/\" target=\"_blank\" rel=\"noreferrer noopener\">OEM\uff06ODM\u30ab\u30b9\u30bf\u30de\u30a4\u30ba\u30bd\u30ea\u30e5\u30fc\u30b7\u30e7\u30f3<\/a><\/strong><\/p>\n<\/div>\n<\/div>\n\n\n\n<div class=\"wp-block-columns is-layout-flex wp-container-core-columns-is-layout-9d6595d7 wp-block-columns-is-layout-flex\">\n<div class=\"wp-block-column is-layout-flow wp-block-column-is-layout-flow\">\n<figure class=\"wp-block-image size-full\"><img decoding=\"async\" width=\"800\" height=\"800\" src=\"https:\/\/purecook.com\/wp-content\/uploads\/2024\/05\/bulk-food-storage-containers-wholesale-3.webp\" alt=\"\u30d0\u30eb\u30af\u98df\u54c1\u8caf\u8535\u5bb9\u5668\u5378\u58f2\" class=\"wp-image-2320\" srcset=\"https:\/\/www.purecook.com\/wp-content\/uploads\/2024\/05\/bulk-food-storage-containers-wholesale-3.webp 800w, https:\/\/www.purecook.com\/wp-content\/uploads\/2024\/05\/bulk-food-storage-containers-wholesale-3-300x300.webp 300w, https:\/\/www.purecook.com\/wp-content\/uploads\/2024\/05\/bulk-food-storage-containers-wholesale-3-150x150.webp 150w, https:\/\/www.purecook.com\/wp-content\/uploads\/2024\/05\/bulk-food-storage-containers-wholesale-3-768x768.webp 768w, https:\/\/www.purecook.com\/wp-content\/uploads\/2024\/05\/bulk-food-storage-containers-wholesale-3-600x600.webp 600w, https:\/\/www.purecook.com\/wp-content\/uploads\/2024\/05\/bulk-food-storage-containers-wholesale-3-100x100.webp 100w\" sizes=\"(max-width: 800px) 100vw, 800px\" \/><\/figure>\n<\/div>\n\n\n\n<div class=\"wp-block-column is-layout-flow wp-block-column-is-layout-flow\">\n<figure class=\"wp-block-image size-full\"><img decoding=\"async\" width=\"800\" height=\"800\" src=\"https:\/\/purecook.com\/wp-content\/uploads\/2024\/05\/bulk-food-storage-containers-wholesale-2.webp\" alt=\"\u30d0\u30eb\u30af\u98df\u54c1\u8caf\u8535\u5bb9\u5668\u5378\u58f2\" class=\"wp-image-2319\" srcset=\"https:\/\/www.purecook.com\/wp-content\/uploads\/2024\/05\/bulk-food-storage-containers-wholesale-2.webp 800w, https:\/\/www.purecook.com\/wp-content\/uploads\/2024\/05\/bulk-food-storage-containers-wholesale-2-300x300.webp 300w, https:\/\/www.purecook.com\/wp-content\/uploads\/2024\/05\/bulk-food-storage-containers-wholesale-2-150x150.webp 150w, https:\/\/www.purecook.com\/wp-content\/uploads\/2024\/05\/bulk-food-storage-containers-wholesale-2-768x768.webp 768w, https:\/\/www.purecook.com\/wp-content\/uploads\/2024\/05\/bulk-food-storage-containers-wholesale-2-600x600.webp 600w, https:\/\/www.purecook.com\/wp-content\/uploads\/2024\/05\/bulk-food-storage-containers-wholesale-2-100x100.webp 100w\" sizes=\"(max-width: 800px) 100vw, 800px\" \/><\/figure>\n<\/div>\n<\/div>","protected":false},"excerpt":{"rendered":"<p>\u98df\u54c1\u4fdd\u5b58\u5bb9\u5668\u5378\u58f2.\u98df\u54c1\u4fdd\u5b58\u5bb9\u5668\u306f\u3001\u3055\u307e\u3056\u307e\u306a\u98df\u54c1\u8caf\u8535\u306e\u30cb\u30fc\u30ba\u3092\u6e80\u305f\u3059\u305f\u3081\u306b\u69d8\u3005\u306a\u30b5\u30a4\u30ba\u3067\u3054\u5229\u7528\u3044\u305f\u3060\u3051\u307e\u3059\u3002\u5f37\u529b\u306a\u30ed\u30c3\u30af\u3068\u30b7\u30fc\u30eb\u306f\u3001\u5bb9\u5668\u304c\u52b9\u679c\u7684\u306b\u6f0f\u308c\u3092\u9632\u3050\u3053\u3068\u3092\u4fdd\u8a3c\u3057\u307e\u3059\u3002\u305d\u308c\u306f\u3001\u30b7\u30ea\u30a2\u30eb\u3001\u30ca\u30c3\u30c4\u3001\u30b9\u30ca\u30c3\u30af\u3084\u6db2\u4f53\u98df\u54c1\u3092\u683c\u7d0d\u3059\u308b\u3053\u3068\u304c\u3067\u304d\u307e\u3059\u3002\u6211\u3005\u306f\u3001\u30ab\u30b9\u30bf\u30de\u30a4\u30ba\u3055\u308c\u305f\u30b5\u30fc\u30d3\u30b9\u3092\u63d0\u4f9b\u3057\u3001\u30d0\u30eb\u30af\u98df\u54c1\u8caf\u8535\u5bb9\u5668\u306e\u5378\u58f2\u3092\u63d0\u4f9b\u3059\u308b\u98df\u54c1\u8caf\u8535\u5bb9\u5668\u30e1\u30fc\u30ab\u30fc\u3067\u3059\u3002<strong>\u30ab\u30e9\u30fc<\/strong>, <strong>\u30b5\u30a4\u30ba<\/strong> \u305d\u3057\u3066 <strong>\u5370\u5237\u30d1\u30bf\u30fc\u30f3<\/strong> \u306f\u30cb\u30fc\u30ba\u306b\u5408\u308f\u305b\u3066\u8abf\u6574\u3067\u304d\u308b\u3002<\/p>\n<h2>\u98df\u54c1\u4fdd\u5b58\u5bb9\u5668\u306e\u7279\u5fb4\u3068\u5229\u70b9<\/h2>\n<p>\u6c17\u5bc6\u6027\u3001\u5316\u5b66\u7269\u8cea\u30d5\u30ea\u30fc\u3001BPA\u30d5\u30ea\u30fc\u3067\u3001\u30ad\u30c3\u30c1\u30f3\u306e\u5f8c\u7247\u4ed8\u3051\u306e\u624b\u9593\u3092\u7701\u304d\u3001\u524d\u3082\u3063\u3066\u5065\u5eb7\u7684\u306a\u98df\u4e8b\u3092\u6e96\u5099\u3059\u308b\u3053\u3068\u3067\u3001\u30b1\u30c8\u30b8\u30a7\u30cb\u30c3\u30af\u30fb\u30e9\u30a4\u30d5\u30b9\u30bf\u30a4\u30eb\u3092\u8cab\u304f\u3053\u3068\u304c\u3067\u304d\u307e\u3059\uff01<\/p>\n<p>\u7a4d\u307f\u91cd\u306d\u53ef\u80fd\u3067\u30b9\u30de\u30fc\u30c8\uff1a\u304a\u91d1\u3092\u7bc0\u7d04\u3057\u3001\u30b9\u30da\u30fc\u30b9\u3092\u7bc0\u7d04\u3057\u3001\u3042\u306a\u305f\u306e\u6b63\u6c17\u3092\u7bc0\u7d04\u3059\u308b\u30b9\u30c6\u30f3\u30ec\u30b9\u30b9\u30c1\u30fc\u30eb\u30e9\u30f3\u30c1\u30b3\u30f3\u30c6\u30ca\u306f\u3001\u304a\u91d1\u3068\u30b9\u30da\u30fc\u30b9\u3092\u7bc0\u7d04\u3057\u306a\u304c\u3089\u3001\u5b50\u4f9b\u305f\u3061\u304c\u5916\u51fa\u5148\u3067\u30b9\u30ca\u30c3\u30af\u3001\u30e9\u30f3\u30c1\u3001\u98df\u4e8b\u3092\u7c21\u5358\u306b\u30a2\u30af\u30bb\u30b9\u3067\u304d\u308b\u3088\u3046\u306b\u3057\u307e\u3059\u3002\u5c0f\u3055\u3081\u306e\u304a\u5f01\u5f53\u7bb1\u306f\u3001\u30e9\u30f3\u30c1\u30dc\u30c3\u30af\u30b9\u306e\u5bb9\u5668\u3068\u3057\u3066\u3001\u307e\u305f\u306f\u30af\u30fc\u30e9\u30fc\u3084\u30d4\u30af\u30cb\u30c3\u30af\u30d1\u30fc\u30c6\u30a3\u30fc\u306b\u6700\u9069\u3067\u3059\uff01<\/p>\n<p>\u9306\u3073\u306b\u304f\u3044\u30b9\u30c6\u30f3\u30ec\u30b9\u88fd\u306a\u306e\u3067\u3001\u98df\u5668\u6d17\u6d44\u6a5f\u306e\u30c8\u30c3\u30d7\u30e9\u30c3\u30af\u306b\u7c21\u5358\u306b\u30bb\u30c3\u30c8\u3067\u304d\u307e\u3059\u3002\u81ed\u3044\u3068\u5473\u3092\u9632\u3050\u6280\u8853\u306b\u3088\u308a\u3001\u98df\u54c1\u4fdd\u5b58\u5bb9\u5668\u306f\u7bb1\u3092\u958b\u3051\u305f\u6642\u306e\u3088\u3046\u306a\u65b0\u9bae\u3067\u6e05\u6f54\u306a\u9999\u308a\u3092\u653e\u3061\u307e\u3059\u3002<\/p>\n<p>\u5bb6\u65cf\u3084\u53cb\u4eba\u306e\u96c6\u307e\u308a\u306b\u6700\u9069\u3067\u3059\u3002\u30d4\u30af\u30cb\u30c3\u30af\u306b\u3001\u6b8b\u308a\u7269\u5165\u308c\u306b\u3001\u65c5\u884c\u7528\u306b\u3082\u3002\u3069\u3053\u306b\u3067\u3082\u30dd\u30f3\u3068\u7f6e\u3051\u308b\u306e\u3067\uff01\u30ea\u30e5\u30c3\u30af\u3084\u30e9\u30f3\u30c1\u30d0\u30c3\u30b0\u306b\uff01<\/p>\n<p>\u30d0\u30eb\u30af\u98df\u54c1\u4fdd\u5b58\u5bb9\u5668\u3092\u5378\u58f2\u63d0\u4f9b\u3057\u3066\u3044\u307e\u3059\u3002<\/p>\n<p>&nbsp;<\/p>","protected":false},"featured_media":2319,"comment_status":"closed","ping_status":"closed","template":"","meta":{"_acf_changed":false},"product_brand":[],"product_cat":[25,51],"product_tag":[],"class_list":{"0":"post-2314","1":"product","2":"type-product","3":"status-publish","4":"has-post-thumbnail","6":"product_cat-food-storage","7":"product_cat-dinnerware","9":"first","10":"instock","11":"shipping-taxable","12":"product-type-simple"},"acf":[],"_links":{"self":[{"href":"https:\/\/www.purecook.com\/ja\/wp-json\/wp\/v2\/product\/2314","targetHints":{"allow":["GET"]}}],"collection":[{"href":"https:\/\/www.purecook.com\/ja\/wp-json\/wp\/v2\/product"}],"about":[{"href":"https:\/\/www.purecook.com\/ja\/wp-json\/wp\/v2\/types\/product"}],"replies":[{"embeddable":true,"href":"https:\/\/www.purecook.com\/ja\/wp-json\/wp\/v2\/comments?post=2314"}],"wp:featuredmedia":[{"embeddable":true,"href":"https:\/\/www.purecook.com\/ja\/wp-json\/wp\/v2\/media\/2319"}],"wp:attachment":[{"href":"https:\/\/www.purecook.com\/ja\/wp-json\/wp\/v2\/media?parent=2314"}],"wp:term":[{"taxonomy":"product_brand","embeddable":true,"href":"https:\/\/www.purecook.com\/ja\/wp-json\/wp\/v2\/product_brand?post=2314"},{"taxonomy":"product_cat","embeddable":true,"href":"https:\/\/www.purecook.com\/ja\/wp-json\/wp\/v2\/product_cat?post=2314"},{"taxonomy":"product_tag","embeddable":true,"href":"https:\/\/www.purecook.com\/ja\/wp-json\/wp\/v2\/product_tag?post=2314"}],"curies":[{"name":"wp","href":"https:\/\/api.w.org\/{rel}","templated":true}]}}