{"id":5785,"date":"2026-04-14T17:18:47","date_gmt":"2026-04-14T09:18:47","guid":{"rendered":"https:\/\/www.purecook.com\/?post_type=product&#038;p=5785"},"modified":"2026-04-14T18:10:41","modified_gmt":"2026-04-14T10:10:41","slug":"wholesale-high-quality-retro-stainless-steel-serving-plate","status":"publish","type":"product","link":"https:\/\/www.purecook.com\/ja\/product\/wholesale-high-quality-retro-stainless-steel-serving-plate\/","title":{"rendered":"Wholesale High-quality Retro-style Stainless Steel Serving Plate"},"content":{"rendered":"<div class=\"wp-block-columns is-layout-flex wp-container-core-columns-is-layout-9d6595d7 wp-block-columns-is-layout-flex\">\n<div class=\"wp-block-column is-layout-flow wp-block-column-is-layout-flow\">\n<h3 class=\"wp-block-heading\">\u30ec\u30c8\u30ed\u30b9\u30bf\u30a4\u30eb\u30fb\u30b9\u30c6\u30f3\u30ec\u30b9\u30d7\u30ec\u30fc\u30c8 \u30d1\u30e9\u30e1\u30fc\u30bf<\/h3>\n\n\n\n<p><strong>\u7d20\u6750\uff1a<\/strong> 304\u30b9\u30c6\u30f3\u30ec\u30b9\u92fc<br><strong>\u901a\u5e38\u306e\u539a\u3055<\/strong>: 0.8 \/ 1 \/ 1.1mm<br><strong>\u30ed\u30b4 <\/strong>\u30b9\u30af\u30ea\u30fc\u30f3\u5370\u5237 \/ \u30ec\u30fc\u30b6\u30fc\u5f6b\u523b \/ \u30a8\u30f3\u30dc\u30b9\u30b9\u30bf\u30f3\u30d7<br><strong>\u30b5\u30a4\u30ba <\/strong><br>23 \u00d7 13.5 \u00d7 1.5 cm<br>27 \u00d7 15 \u00d7 1.5 cm<br>33 \u00d7 16.5 \u00d7 1.5 cm<br>37 \u00d7 20 \u00d7 1.5 cm<br>41 \u00d7 23 \u00d7 1.5 cm<br>45 \u00d7 25.5 \u00d7 1.7 cm<br>49 \u00d7 28.5 \u00d7 1.9 cm<br><strong>\u7dcf\u91cd\u91cf <\/strong>1.2kg\u672a\u6e80<\/p>\n<\/div>\n\n\n\n<div class=\"wp-block-column is-layout-flow wp-block-column-is-layout-flow\">\n<h3 class=\"wp-block-heading\">\u30ab\u30b9\u30bf\u30e0\u30fb\u30ad\u30c3\u30c1\u30f3\u30a6\u30a7\u30a2\u30fb\u30aa\u30d7\u30b7\u30e7\u30f3<\/h3>\n\n\n\n<p><strong>\u30ed\u30b4<\/strong> \u30d6\u30e9\u30f3\u30c9\u30ed\u30b4\u3067\u30ab\u30b9\u30bf\u30de\u30a4\u30ba\u53ef\u80fd<br><strong>\u30d1\u30c3\u30b1\u30fc\u30b8\u30f3\u30b0\uff1a<\/strong>&nbsp;\u30ab\u30e9\u30fc\u30dc\u30c3\u30af\u30b9\/\u30ab\u30fc\u30c8\u30f3\u306a\u3069<\/p>\n<\/div>\n<\/div>\n\n\n\n<div class=\"wp-block-columns is-layout-flex wp-container-core-columns-is-layout-9d6595d7 wp-block-columns-is-layout-flex\">\n<div class=\"wp-block-column is-layout-flow wp-block-column-is-layout-flow\"><\/div>\n\n\n\n<div class=\"wp-block-column is-layout-flow wp-block-column-is-layout-flow\"><\/div>\n<\/div>","protected":false},"excerpt":{"rendered":"<p>These wholesale stainless steel serving plates feature an aged finish with a matte, non-reflective surface that hides fingerprints and scratches better than traditional mirror-polished steel. Their unique look and durability make them ideal for high-traffic environments such as cafes, bars, and pubs, as well as rugged outdoor settings like campsites or campground resorts.<\/p>\n<h2>\u30ec\u30c8\u30ed\u8abf\u30b9\u30c6\u30f3\u30ec\u30b9\u30d7\u30ec\u30fc\u30c8\u306e\u7279\u5fb4<\/h2>\n<p><strong>Unique Aesthetic Finish:<\/strong> The matte, distressed finish gives these serving plates a sophisticated industrial look, perfectly complementing modern interior design and outdoor aesthetics.<\/p>\n<p><strong>Optimized Space-Saving Design:<\/strong> These trays feature a tapered, stackable geometry designed for maximum efficiency in storage and transport.<\/p>\n<p><strong>Versatile Applications:<\/strong> These stackable serving plates are ideal for restaurant settings, serving appetizers, fries, chicken nuggets, and more. Their robust design also makes them perfect for the outdoor and camping markets.<\/p>\n<p><strong>Two Classic Colors:<\/strong> Available in matte silver and elegant gold, this collection is designed for modern dining tables, combining minimalist aesthetics with practicality to enhance the overall dining experience and visual appeal.<\/p>\n<p>&nbsp;<\/p>\n<p>\n<script src=\"chrome-extension:\/\/fpelahbljekknahkcaegamhcndkfpfnc\/iFrame.js\" type=\"text\/javascript\"><\/script><\/p>","protected":false},"featured_media":5786,"comment_status":"closed","ping_status":"closed","template":"","meta":{"_acf_changed":false},"product_brand":[],"product_cat":[51,55],"product_tag":[],"class_list":{"0":"post-5785","1":"product","2":"type-product","3":"status-publish","4":"has-post-thumbnail","6":"product_cat-dinnerware","7":"product_cat-dish-and-plate","9":"first","10":"instock","11":"shipping-taxable","12":"product-type-simple"},"acf":[],"_links":{"self":[{"href":"https:\/\/www.purecook.com\/ja\/wp-json\/wp\/v2\/product\/5785","targetHints":{"allow":["GET"]}}],"collection":[{"href":"https:\/\/www.purecook.com\/ja\/wp-json\/wp\/v2\/product"}],"about":[{"href":"https:\/\/www.purecook.com\/ja\/wp-json\/wp\/v2\/types\/product"}],"replies":[{"embeddable":true,"href":"https:\/\/www.purecook.com\/ja\/wp-json\/wp\/v2\/comments?post=5785"}],"wp:featuredmedia":[{"embeddable":true,"href":"https:\/\/www.purecook.com\/ja\/wp-json\/wp\/v2\/media\/5786"}],"wp:attachment":[{"href":"https:\/\/www.purecook.com\/ja\/wp-json\/wp\/v2\/media?parent=5785"}],"wp:term":[{"taxonomy":"product_brand","embeddable":true,"href":"https:\/\/www.purecook.com\/ja\/wp-json\/wp\/v2\/product_brand?post=5785"},{"taxonomy":"product_cat","embeddable":true,"href":"https:\/\/www.purecook.com\/ja\/wp-json\/wp\/v2\/product_cat?post=5785"},{"taxonomy":"product_tag","embeddable":true,"href":"https:\/\/www.purecook.com\/ja\/wp-json\/wp\/v2\/product_tag?post=5785"}],"curies":[{"name":"wp","href":"https:\/\/api.w.org\/{rel}","templated":true}]}}