{"id":2016,"date":"2024-05-16T14:18:54","date_gmt":"2024-05-16T06:18:54","guid":{"rendered":"https:\/\/purecook.com\/?post_type=product&#038;p=2016"},"modified":"2025-08-14T16:56:05","modified_gmt":"2025-08-14T08:56:05","slug":"wholesale-food-containers","status":"publish","type":"product","link":"https:\/\/www.purecook.com\/ko\/product\/wholesale-food-containers\/","title":{"rendered":"\uace0\ud488\uc9c8 \uc2a4\ud14c\uc778\ub9ac\uc2a4 \uc2a4\ud2f8\ub85c \ub9cc\ub4e0 \ub3c4\ub9e4 \uc2dd\ud488 \uc6a9\uae30"},"content":{"rendered":"<div class=\"wp-block-columns is-layout-flex wp-container-core-columns-is-layout-9d6595d7 wp-block-columns-is-layout-flex\">\n<div class=\"wp-block-column is-layout-flow wp-block-column-is-layout-flow\">\n<h3 class=\"wp-block-heading\">\uc2dd\ud488 \uc6a9\uae30 \ub9e4\uac1c\ubcc0\uc218<\/h3>\n\n\n\n<p><strong>\ubaa8\ub378 \ubc88\ud638: ch1<\/strong><br>\uc7ac\uc9c8: \uc2a4\ud14c\uc778\ub9ac\uc2a4 \uc2a4\ud2f8(SUS#304)<br>\ucea1: \ud50c\ub77c\uc2a4\ud2f1 \ucea1 \ub610\ub294 \uc2e4\ub9ac\ucf58 \ub9c1\uc774 \uc788\ub294 \ud50c\ub77c\uc2a4\ud2f1 \ucea1<br>\uc0ac\uc591: 450-10800 ml<br>\ub9c8\uac10: \ubb34\uad11\ud0dd<br>\uc0c9\uc0c1: \uc2a4\ud2f8 \uc0c9\uc0c1<\/p>\n<\/div>\n\n\n\n<div class=\"wp-block-column is-layout-flow wp-block-column-is-layout-flow\">\n<h3 class=\"wp-block-heading\">\uc2dd\ud488 \uc6a9\uae30 \uc720\ud615<\/h3>\n\n\n\n<p>No.1:14\u00d710.5\u00d75cm 450ml GW:140g<br>No.2:18\u00d712.2\u00d717cm 1000ml GW:225g<br>No.3:21\u00d714.6\u00d78cm 1500ml GW:310g<br>No.4:25\u00d717.5\u00d710.5cm 2500ml GW:450g<br>No.5:28.5\u00d720\u00d729cm 3800mI GW:570g<br>No.6:32\u00d723\u00d710cm 5500ml GW:780g<br>No.7:35.5\u00d725\u00d711cm 7800ml GW:920g<br>No.8:40\u00d729\u00d712cm 10800ml GW:1200g<\/p>\n<\/div>\n<\/div>\n\n\n\n<div class=\"wp-block-columns is-layout-flex wp-container-core-columns-is-layout-9d6595d7 wp-block-columns-is-layout-flex\">\n<div class=\"wp-block-column is-layout-flow wp-block-column-is-layout-flow\">\n<h3 class=\"wp-block-heading\">\ub9de\ucda4\ud615 \uc2dd\ud488 \uc6a9\uae30<\/h3>\n\n\n\n<p>\ub85c\uace0: \ube0c\ub79c\ub4dc \ub85c\uace0\ub97c \ub9de\ucda4 \uc124\uc815\ud569\ub2c8\ub2e4.<br>\ud3ec\uc7a5 : \uceec\ub7ec \ubc15\uc2a4 \/ \ud310\uc9c0 \ub4f1<br><strong><a href=\"https:\/\/www.purecook.com\/ko\/custom-solution\/\" target=\"_blank\" rel=\"noreferrer noopener\">OEM \ubc0f ODM \ub9de\ucda4\ud615 \uc194\ub8e8\uc158<\/a><\/strong><\/p>\n<\/div>\n\n\n\n<div class=\"wp-block-column is-layout-flow wp-block-column-is-layout-flow\"><\/div>\n<\/div>\n\n\n\n<div class=\"wp-block-columns is-layout-flex wp-container-core-columns-is-layout-9d6595d7 wp-block-columns-is-layout-flex\">\n<div class=\"wp-block-column is-layout-flow wp-block-column-is-layout-flow\">\n<figure class=\"wp-block-image size-full\"><img decoding=\"async\" width=\"800\" height=\"800\" src=\"https:\/\/purecook.com\/wp-content\/uploads\/2024\/05\/wholesale-food-containers-2.webp\" alt=\"\ub3c4\ub9e4 \uc2dd\ud488 \uc6a9\uae30\" class=\"wp-image-2019\" srcset=\"https:\/\/www.purecook.com\/wp-content\/uploads\/2024\/05\/wholesale-food-containers-2.webp 800w, https:\/\/www.purecook.com\/wp-content\/uploads\/2024\/05\/wholesale-food-containers-2-300x300.webp 300w, https:\/\/www.purecook.com\/wp-content\/uploads\/2024\/05\/wholesale-food-containers-2-150x150.webp 150w, https:\/\/www.purecook.com\/wp-content\/uploads\/2024\/05\/wholesale-food-containers-2-768x768.webp 768w, https:\/\/www.purecook.com\/wp-content\/uploads\/2024\/05\/wholesale-food-containers-2-600x600.webp 600w, https:\/\/www.purecook.com\/wp-content\/uploads\/2024\/05\/wholesale-food-containers-2-100x100.webp 100w\" sizes=\"(max-width: 800px) 100vw, 800px\" \/><\/figure>\n<\/div>\n\n\n\n<div class=\"wp-block-column is-layout-flow wp-block-column-is-layout-flow\">\n<figure class=\"wp-block-image size-full\"><img decoding=\"async\" width=\"800\" height=\"800\" src=\"https:\/\/purecook.com\/wp-content\/uploads\/2024\/05\/wholesale-food-containers-4.webp\" alt=\"\ub3c4\ub9e4 \uc2dd\ud488 \uc6a9\uae30\" class=\"wp-image-2021\" srcset=\"https:\/\/www.purecook.com\/wp-content\/uploads\/2024\/05\/wholesale-food-containers-4.webp 800w, https:\/\/www.purecook.com\/wp-content\/uploads\/2024\/05\/wholesale-food-containers-4-300x300.webp 300w, https:\/\/www.purecook.com\/wp-content\/uploads\/2024\/05\/wholesale-food-containers-4-150x150.webp 150w, https:\/\/www.purecook.com\/wp-content\/uploads\/2024\/05\/wholesale-food-containers-4-768x768.webp 768w, https:\/\/www.purecook.com\/wp-content\/uploads\/2024\/05\/wholesale-food-containers-4-600x600.webp 600w, https:\/\/www.purecook.com\/wp-content\/uploads\/2024\/05\/wholesale-food-containers-4-100x100.webp 100w\" sizes=\"(max-width: 800px) 100vw, 800px\" \/><\/figure>\n<\/div>\n<\/div>","protected":false},"excerpt":{"rendered":"<p>\uc2a4\ud14c\uc778\ub9ac\uc2a4 \uc2a4\ud2f8 \uc2dd\ud488 \uc6a9\uae30 \ub3c4\ub9e4 \uc2a4\ud14c\uc778\ub9ac\uc2a4 \uc2a4\ud2f8\uc740 \ub0b4\uad6c\uc131\uacfc \ubd80\uc2dd\uc5d0 \uac15\ud558\uba70 \uc0c1\uc5c5\uc6a9 \ub808\uc2a4\ud1a0\ub791, \uac00\uc815 \uc8fc\ubc29, \ud638\ud154 \ubc0f \uae30\ud0c0 \uc7a5\uc18c\uc5d0\uc11c \uc0ac\uc6a9\ud558\uae30\uc5d0 \uc801\ud569\ud569\ub2c8\ub2e4. \ub2e4\uc591\ud55c \uc2dd\ud488 \ubcf4\uad00 \uc694\uad6c \uc0ac\ud56d\uc744 \ucda9\uc871\ud558\ub294 \ub2e4\uc591\ud55c \uc6a9\ub7c9 \uc635\uc158.<\/p>\n<h2>\uc2dd\ud488 \uc6a9\uae30\uc758 \ud2b9\uc9d5 \ubc0f \uc774\uc810<\/h2>\n<p><strong>\ubc00\ud3d0:<\/strong> \uc74c\uc2dd\uc774 \uc0c8\uc9c0 \uc54a\uace0 \uc678\ubd80 \ud658\uacbd\uc73c\ub85c\ubd80\ud130 \uaca9\ub9ac\ub429\ub2c8\ub2e4.<\/p>\n<p><strong>\uac04\ud3b8\ud55c \uccad\uc18c:<\/strong> \ud45c\uba74\uc774 \ub9e4\ub044\ub7fd\uace0 \uc138\ucc99\uc774 \ub9e4\uc6b0 \uc26c\uc6b4 \uace0\uae09 \uc2a4\ud14c\uc778\ub9ac\uc2a4 \uc2a4\ud2f8\ub85c \uc81c\uc791\ub418\uc5c8\uc2b5\ub2c8\ub2e4.<\/p>\n<p><strong>\uc2dd\uae30 \uc138\ucc99\uae30 \uc0ac\uc6a9 \uac00\ub2a5:<\/strong> \uc218\ub3d9 \uccad\uc18c\uac00 \ud544\uc694 \uc5c6\uace0 \uae30\uacc4 \uccad\uc18c\uac00 \ub354 \ud6a8\uc728\uc801\uc785\ub2c8\ub2e4.<\/p>\n<p><strong>\uc2a4\ud0dd\ud615 &amp; \uc2a4\ub9c8\ud2b8:<\/strong> \uc313\uc744 \uc218 \uc788\ub294 \uc2a4\ud14c\uc778\ub9ac\uc2a4 \uc2a4\ud2f8 \ub3c4\uc2dc\ub77d \uc6a9\uae30\ub294 \ube44\uc6a9\uacfc \uacf5\uac04\uc744 \uc808\uc57d\ud558\ub294 \ub3d9\uc2dc\uc5d0 \uc544\uc774\ub4e4\uc774 \uc774\ub3d9 \uc911\uc5d0\ub3c4 \uac04\uc2dd, \uc810\uc2ec, \uc2dd\uc0ac\ub97c \uc27d\uac8c \uba39\uc744 \uc218 \uc788\uac8c \ud574\uc90d\ub2c8\ub2e4. \uc791\uc740 \ub3c4\uc2dc\ub77d \uc6a9\uae30\ub294 \ub3c4\uc2dc\ub77d \uc6a9\uae30\ub85c\ub3c4 \uc88b\uace0 \uc544\uc774\uc2a4\ubc15\uc2a4\ub098 \ud53c\ud06c\ub2c9 \ud30c\ud2f0\uc6a9\uc73c\ub85c\ub3c4 \uc88b\uc2b5\ub2c8\ub2e4!<\/p>\n<p><strong>\ud2b9\uc720\uc758 \ub0c4\uc0c8\uac00 \uc5c6\uc2b5\ub2c8\ub2e4:<\/strong> \uc2dd\ud488 \ub4f1\uae09\uc758 \uc2a4\ud14c\uc778\ub9ac\uc2a4 \uc2a4\ud2f8\ub85c \uc81c\uc791\ub41c \uc2a4\ud14c\uc778\ub9ac\uc2a4 \uc2a4\ud2f8\uc740 \uc5fc\ubd84\uacfc \uc0b0\uc5d0 \uac15\ud558\uba70 \uc74c\uc2dd\uacfc \ubc18\uc751\ud558\uc9c0 \uc54a\uc2b5\ub2c8\ub2e4.<\/p>\n<p><strong>BPA \ud504\ub9ac<\/strong><\/p>\n<p>\uac00\uc871 \ubc0f \uce5c\uad6c \ubaa8\uc784\uc5d0 \uc801\ud569\ud569\ub2c8\ub2e4. \ud53c\ud06c\ub2c9\uc774\ub098 \ub0a8\uc740 \uc74c\uc2dd, \uc5ec\ud589\uc6a9 \uc6a9\uae30\ub85c\ub3c4 \ud65c\uc6a9\ud574\ubcf4\uc138\uc694. \uc5b4\ub514\uc11c\ub4e0 \ud130\ub728\ub9b4 \uc218 \uc788\uc73c\ub2c8\uae4c\uc694! \ubc30\ub0ad, \ub3c4\uc2dc\ub77d \uac00\ubc29!<\/p>","protected":false},"featured_media":2018,"comment_status":"closed","ping_status":"closed","template":"","meta":{"_acf_changed":false},"product_brand":[],"product_cat":[25,51],"product_tag":[],"class_list":{"0":"post-2016","1":"product","2":"type-product","3":"status-publish","4":"has-post-thumbnail","6":"product_cat-food-storage","7":"product_cat-dinnerware","9":"first","10":"instock","11":"shipping-taxable","12":"product-type-simple"},"acf":[],"_links":{"self":[{"href":"https:\/\/www.purecook.com\/ko\/wp-json\/wp\/v2\/product\/2016","targetHints":{"allow":["GET"]}}],"collection":[{"href":"https:\/\/www.purecook.com\/ko\/wp-json\/wp\/v2\/product"}],"about":[{"href":"https:\/\/www.purecook.com\/ko\/wp-json\/wp\/v2\/types\/product"}],"replies":[{"embeddable":true,"href":"https:\/\/www.purecook.com\/ko\/wp-json\/wp\/v2\/comments?post=2016"}],"wp:featuredmedia":[{"embeddable":true,"href":"https:\/\/www.purecook.com\/ko\/wp-json\/wp\/v2\/media\/2018"}],"wp:attachment":[{"href":"https:\/\/www.purecook.com\/ko\/wp-json\/wp\/v2\/media?parent=2016"}],"wp:term":[{"taxonomy":"product_brand","embeddable":true,"href":"https:\/\/www.purecook.com\/ko\/wp-json\/wp\/v2\/product_brand?post=2016"},{"taxonomy":"product_cat","embeddable":true,"href":"https:\/\/www.purecook.com\/ko\/wp-json\/wp\/v2\/product_cat?post=2016"},{"taxonomy":"product_tag","embeddable":true,"href":"https:\/\/www.purecook.com\/ko\/wp-json\/wp\/v2\/product_tag?post=2016"}],"curies":[{"name":"wp","href":"https:\/\/api.w.org\/{rel}","templated":true}]}}