{"id":2092,"date":"2024-05-17T12:34:32","date_gmt":"2024-05-17T04:34:32","guid":{"rendered":"https:\/\/purecook.com\/?post_type=product&#038;p=2092"},"modified":"2025-04-27T17:38:47","modified_gmt":"2025-04-27T09:38:47","slug":"wholesale-cookware-set-stainless-stee","status":"publish","type":"product","link":"https:\/\/www.purecook.com\/ko\/product\/wholesale-cookware-set-stainless-stee\/","title":{"rendered":"\uace0\ud488\uc9c8 \uc2a4\ud14c\uc778\ub9ac\uc2a4 \uc2a4\ud2f8 \uce5c\ud658\uacbd \ubc0f \ube44 \ucf54\ud305\uc73c\ub85c \ub9cc\ub4e0 \ub9de\ucda4\ud615 \uc870\ub9ac\uae30\uad6c \uc138\ud2b8 \ub3c4\ub9e4"},"content":{"rendered":"<div class=\"wp-block-columns is-layout-flex wp-container-core-columns-is-layout-9d6595d7 wp-block-columns-is-layout-flex\">\n<div class=\"wp-block-column is-layout-flow wp-block-column-is-layout-flow\">\n<h3 class=\"wp-block-heading\">\uc870\ub9ac\uae30\uad6c \uc138\ud2b8\uc758 \ub9e4\uac1c\ubcc0\uc218<\/h3>\n\n\n\n<p><strong>\ubaa8\ub378 \ubc88\ud638: HH-191126<\/strong><br><strong>\uc774\ub984:\ud280\uae40\uacfc \uc218\ud504 \ub0c4\ube44<\/strong><br>\uc720\ud615: \uc218\ud504 \uc2a4\ud1a1 \ub0c4\ube44<br>\uc6d0\uc0b0\uc9c0: \uad11\ub3d9, \uc911\uad6d<br>\uc801\uc6a9 \uac00\ub2a5\ud55c \uc2a4\ud1a0\ube0c: \uac00\uc2a4 \ubc0f \uc778\ub355\uc158 \ucfe1\ud0d1\uc6a9 \uc77c\ubc18 \uc0ac\uc6a9<br>\ub69c\uaed1:\uc2a4\ud14c\uc778\ub9ac\uc2a4 \uc2a4\ud2f8 \ub69c\uaed1<br>\ubb34\uac8c: 3kg\/\uac1c<br>MOQ: 500\uac1c<br>\ud578\ub4e4 \uc7ac\uc9c8: \uc2a4\ud14c\uc778\ub9ac\uc2a4 \uc2a4\ud2f8<br>\uc0ac\uc6a9\ubc95: \uc6a9\ub3c4: \uc74c\uc2dd \uc694\ub9ac<br>\ubc14\ub2e5: \uc0cc\ub4dc\uc704\uce58 \uc778\ub355\uc158 \ubc14\ub2e5<br>\uc2a4\ud14c\uc778\ub9ac\uc2a4 \uc2a4\ud2f8: 201\/304<br>\ub85c\uace0: \ub85c\uace0 \uc0ac\uc6a9\uc790 \uc9c0\uc815<\/p>\n<\/div>\n\n\n\n<div class=\"wp-block-column is-layout-flow wp-block-column-is-layout-flow\">\n<h3 class=\"wp-block-heading\">\uc870\ub9ac\uae30\uad6c \uc138\ud2b8\uc758 \ud06c\uae30<\/h3>\n\n\n\n<div class=\"wp-block-columns is-layout-flex wp-container-core-columns-is-layout-9d6595d7 wp-block-columns-is-layout-flex\">\n<div class=\"wp-block-column is-layout-flow wp-block-column-is-layout-flow\">\n<p><strong>\uc9c0\ub984\u00d7\ub192\uc774<\/strong>            <br>16\u00d79cm \ub0c4\ube44   <br>18\u00d710cm \uce90\uc11c\ub864<br>20\u00d711cm \uce90\uc11c\ub864<br>24\u00d78cm \ub85c\uc6b0 \uce90\uc11c\ub864<br>24\u00d713cm \uce90\uc11c\ub864<br>28\u00d715cm \uce90\uc11c\ub864<br>22\u00d712cm \uce90\uc11c\ub864<br>26\u00d714cm \uce90\uc11c\ub864<br>26\u00d78cm \ub85c\uc6b0 \uce90\uc11c\ub864<\/p>\n<\/div>\n\n\n\n<div class=\"wp-block-column is-layout-flow wp-block-column-is-layout-flow\">\n<p><strong>\uc678\ubd80 \ud06c\uae30<\/strong><br>18\u00d79cm<br>20\u00d710cm<br>22\u00d711cm<br>26\u00d78cm<br>26\u00d713cm<br>30\u00d715cm<br>24\u00d712cm<br>28\u00d714cm<br>28\u00d78cm<\/p>\n<\/div>\n<\/div>\n<\/div>\n<\/div>\n\n\n\n<h3 class=\"wp-block-heading\">\ub9de\ucda4\ud615 \uc870\ub9ac\uae30\uad6c \uc138\ud2b8<\/h3>\n\n\n\n<p>\uc7ac\uc9c8: 201\/304 \uc2a4\ud14c\uc778\ub9ac\uc2a4 \uc2a4\ud2f8<br>\ub85c\uace0: \ube0c\ub79c\ub4dc \ub85c\uace0 \uc0ac\uc6a9\uc790 \uc9c0\uc815<br>\ud328\ud0a4\uc9c0: \uceec\ub7ec \ubc15\uc2a4\/\ud310\uc9c0 \ub4f1<br>\ud328\ud134: \ud328\ud134 \uc0ac\uc6a9\uc790 \uc9c0\uc815<br>MOQ: 2000\uac1c<br><strong><a href=\"https:\/\/www.purecook.com\/ko\/custom-solution\/\" target=\"_blank\" rel=\"noreferrer noopener\">OEM \ubc0f ODM \ub9de\ucda4\ud615 \uc194\ub8e8\uc158<\/a><\/strong><\/p>\n\n\n\n<div class=\"wp-block-columns is-layout-flex wp-container-core-columns-is-layout-9d6595d7 wp-block-columns-is-layout-flex\">\n<div class=\"wp-block-column is-layout-flow wp-block-column-is-layout-flow\">\n<figure class=\"wp-block-image size-full\"><img decoding=\"async\" width=\"1000\" height=\"1000\" src=\"https:\/\/purecook.com\/wp-content\/uploads\/2024\/05\/custom-cookware-sets-2.webp\" alt=\"\ub9de\ucda4\ud615 \uc870\ub9ac\uae30\uad6c \uc138\ud2b8 \ub3c4\ub9e4\" class=\"wp-image-2094\" srcset=\"https:\/\/www.purecook.com\/wp-content\/uploads\/2024\/05\/custom-cookware-sets-2.webp 1000w, https:\/\/www.purecook.com\/wp-content\/uploads\/2024\/05\/custom-cookware-sets-2-300x300.webp 300w, https:\/\/www.purecook.com\/wp-content\/uploads\/2024\/05\/custom-cookware-sets-2-150x150.webp 150w, https:\/\/www.purecook.com\/wp-content\/uploads\/2024\/05\/custom-cookware-sets-2-768x768.webp 768w, https:\/\/www.purecook.com\/wp-content\/uploads\/2024\/05\/custom-cookware-sets-2-600x600.webp 600w, https:\/\/www.purecook.com\/wp-content\/uploads\/2024\/05\/custom-cookware-sets-2-100x100.webp 100w\" sizes=\"(max-width: 1000px) 100vw, 1000px\" \/><\/figure>\n<\/div>\n\n\n\n<div class=\"wp-block-column is-layout-flow wp-block-column-is-layout-flow\">\n<figure class=\"wp-block-image size-full\"><img decoding=\"async\" width=\"1000\" height=\"1000\" src=\"https:\/\/purecook.com\/wp-content\/uploads\/2024\/05\/custom-cookware-sets-5.webp\" alt=\"\ub9de\ucda4\ud615 \uc870\ub9ac\uae30\uad6c \uc138\ud2b8 \ub3c4\ub9e4\" class=\"wp-image-2097\" srcset=\"https:\/\/www.purecook.com\/wp-content\/uploads\/2024\/05\/custom-cookware-sets-5.webp 1000w, https:\/\/www.purecook.com\/wp-content\/uploads\/2024\/05\/custom-cookware-sets-5-300x300.webp 300w, https:\/\/www.purecook.com\/wp-content\/uploads\/2024\/05\/custom-cookware-sets-5-150x150.webp 150w, https:\/\/www.purecook.com\/wp-content\/uploads\/2024\/05\/custom-cookware-sets-5-768x768.webp 768w, https:\/\/www.purecook.com\/wp-content\/uploads\/2024\/05\/custom-cookware-sets-5-600x600.webp 600w, https:\/\/www.purecook.com\/wp-content\/uploads\/2024\/05\/custom-cookware-sets-5-100x100.webp 100w\" sizes=\"(max-width: 1000px) 100vw, 1000px\" \/><\/figure>\n<\/div>\n<\/div>","protected":false},"excerpt":{"rendered":"<p>\ub9de\ucda4\ud615 \uc870\ub9ac\uae30\uad6c \uc138\ud2b8 \ub3c4\ub9e4, \uace0\ud488\uc9c8 \uc2a4\ud14c\uc778\ub9ac\uc2a4 \uc2a4\ud2f8\ub85c \uc81c\uc791\ub418\uc5b4 \ub0b4\uad6c\uc131\uc774 \ub6f0\uc5b4\ub098\uace0 \uc138\ucc99\uc774 \uc6a9\uc774\ud558\uba70 \uc5ec\ub7ec \uc601\uc5ed\uc5d0 \uc778\uccb4 \uacf5\ud559\uc801 \ub514\uc790\uc778\uc73c\ub85c \uc870\ub9ac \uacfc\uc815\uc744 \ub354\uc6b1 \ud3b8\ub9ac\ud558\uac8c \ub9cc\ub4ed\ub2c8\ub2e4. 3 \uce35 \uac15\ucca0 \uc811\ucc29 \ubc14\ub2e5\uc73c\ub85c \uc74c\uc2dd\uc744 \uc870\ub9ac \ud560 \ub54c \ud6a8\uc728\uc801\uc774\uace0 \uade0\uc77c\ud558\uac8c \uac00\uc5f4\ub418\uc5b4 \uac00\uc815 \uc8fc\ubc29\uacfc \uc0c1\uc5c5\uc6a9 \ub808\uc2a4\ud1a0\ub791 \ubaa8\ub450\uc5d0 \uc801\ud569\ud569\ub2c8\ub2e4.<\/p>\n<h2>\uc870\ub9ac\uae30\uad6c \uc138\ud2b8\uc758 \ud2b9\uc9d5 \ubc0f \uc7a5\uc810<\/h2>\n<p>\ud4e8\uc5b4\ucfe1 \uc870\ub9ac\uae30\uad6c\ub294 \ub2e4\uc591\ud55c \uc5bc\ub8e9\ub35c\ub8e9\ud55c \uc0c9\uc0c1\uc73c\ub85c \ucd9c\uc2dc\ub418\uc5b4 \uc8fc\ubc29\uc5d0 \ub530\ub73b\ud568\uc744 \ub354\ud569\ub2c8\ub2e4.<\/p>\n<p><strong>\uc190\uc26c\uc6b4 \ucde8\uae09<\/strong>\ud3b8\uc548\ud558\uace0 \uacac\uace0\ud55c \uc0c9\uc0c1 \uc870\ud654\uc758 \uc190\uc7a1\uc774\uc640 \uc720\ub9ac \ub69c\uaed1\uc73c\ub85c \uc8fc\ubc29\uc5d0\uc11c \uc870\ub9ac\uae30\uad6c\ub97c \uc27d\uac8c \uc62e\uae38 \uc218 \uc788\uc2b5\ub2c8\ub2e4.<\/p>\n<p><strong>\ub0b4\uad6c\uc131\uc774 \ub6f0\uc5b4\ub09c \uc2a4\ud14c\uc778\ub9ac\uc2a4 \uc2a4\ud2f8<\/strong>\uc2a4\ud14c\uc778\ub9ac\uc2a4 \uc2a4\ud2f8 \uc870\ub9ac\uc6a9 \ub0c4\ube44\uc640 \ud504\ub77c\uc774\ud32c\uc740 \uc870\ub9ac \ud45c\uba74\uc744 \ubcc4 \ubaa8\uc591\uc73c\ub85c \uad11\ud0dd \ucc98\ub9ac\ud574 \ub20c\uc5b4\ubd99\uc9c0 \uc54a\uace0 \uad00\ub9ac\uac00 \uc26c\uc6b0\uba70 \uc74c\uc2dd\uacfc \ubc18\uc751\ud558\uc9c0 \uc54a\uc2b5\ub2c8\ub2e4.<\/p>\n<p><strong>3\uc911 \ucda9\uaca9 \ubc29\uc9c0 \ubcf8\ub529 \ubc14\ub2e5: <\/strong>\uc2a4\ud14c\uc778\ub9ac\uc2a4 \uc2a4\ud2f8 \uc870\ub9ac\uae30\uad6c\ub294 \ub450 \uacb9\uc758 \uc2a4\ud14c\uc778\ub9ac\uc2a4 \uc2a4\ud2f8 \uc0ac\uc774\uc5d0 \ucd08\uac15\ub825 \uc54c\ub8e8\ubbf8\ub284\uc744 \uc8fc\uc785\ud558\uc5ec \uade0\uc77c\ud558\uac8c \uc870\ub9ac\ud560 \uc218 \uc788\uc2b5\ub2c8\ub2e4.<\/p>","protected":false},"featured_media":2097,"comment_status":"closed","ping_status":"closed","template":"","meta":{"_acf_changed":false},"product_brand":[],"product_cat":[24,69],"product_tag":[98],"class_list":{"0":"post-2092","1":"product","2":"type-product","3":"status-publish","4":"has-post-thumbnail","6":"product_cat-cookware","7":"product_cat-cookware-sets","8":"product_tag-wholesale-home-cookware","10":"first","11":"instock","12":"shipping-taxable","13":"product-type-simple"},"acf":[],"_links":{"self":[{"href":"https:\/\/www.purecook.com\/ko\/wp-json\/wp\/v2\/product\/2092","targetHints":{"allow":["GET"]}}],"collection":[{"href":"https:\/\/www.purecook.com\/ko\/wp-json\/wp\/v2\/product"}],"about":[{"href":"https:\/\/www.purecook.com\/ko\/wp-json\/wp\/v2\/types\/product"}],"replies":[{"embeddable":true,"href":"https:\/\/www.purecook.com\/ko\/wp-json\/wp\/v2\/comments?post=2092"}],"wp:featuredmedia":[{"embeddable":true,"href":"https:\/\/www.purecook.com\/ko\/wp-json\/wp\/v2\/media\/2097"}],"wp:attachment":[{"href":"https:\/\/www.purecook.com\/ko\/wp-json\/wp\/v2\/media?parent=2092"}],"wp:term":[{"taxonomy":"product_brand","embeddable":true,"href":"https:\/\/www.purecook.com\/ko\/wp-json\/wp\/v2\/product_brand?post=2092"},{"taxonomy":"product_cat","embeddable":true,"href":"https:\/\/www.purecook.com\/ko\/wp-json\/wp\/v2\/product_cat?post=2092"},{"taxonomy":"product_tag","embeddable":true,"href":"https:\/\/www.purecook.com\/ko\/wp-json\/wp\/v2\/product_tag?post=2092"}],"curies":[{"name":"wp","href":"https:\/\/api.w.org\/{rel}","templated":true}]}}