{"id":2314,"date":"2024-05-24T14:54:56","date_gmt":"2024-05-24T06:54:56","guid":{"rendered":"https:\/\/purecook.com\/?post_type=product&#038;p=2314"},"modified":"2025-08-14T16:55:32","modified_gmt":"2025-08-14T08:55:32","slug":"leak-proof-bulk-food-storage-containers-wholesale","status":"publish","type":"product","link":"https:\/\/www.purecook.com\/ko\/product\/leak-proof-bulk-food-storage-containers-wholesale\/","title":{"rendered":"\ub204\ucd9c \ubc29\uc9c0 \ubc8c\ud06c \uc2dd\ud488 \ubcf4\uad00 \uc6a9\uae30 \ub3c4\ub9e4"},"content":{"rendered":"<div class=\"wp-block-columns is-layout-flex wp-container-core-columns-is-layout-9d6595d7 wp-block-columns-is-layout-flex\">\n<div class=\"wp-block-column is-layout-flow wp-block-column-is-layout-flow\">\n<h3 class=\"wp-block-heading\">\uc2dd\ud488 \ubcf4\uad00 \uc6a9\uae30\uc758 \ub9e4\uac1c\ubcc0\uc218<\/h3>\n\n\n\n<p><strong>\ubaa8\ub378 \ubc88\ud638: ch2<\/strong><br>\uc7ac\uc9c8: \uc7ac\uc9c8: \uc2a4\ud14c\uc778\ub9ac\uc2a4 \uc2a4\ud2f8(SUS#304)<br>\ucea1: \ud50c\ub77c\uc2a4\ud2f1 \ucea1 \ub610\ub294 \uc2e4\ub9ac\ucf58 \ub9b0\uc774 \uc788\ub294 \ud50c\ub77c\uc2a4\ud2f1 \ucea1<br>\uc0ac\uc591 350\/550\/850\/1800\/2800ml<br>\ub9c8\ubb34\ub9ac: \uc804\uae30 \ub3c4\uae08 \ubb34\uad11\ud0dd<br>\ud06c\uae30: 350ml-5\u00d711.5\u00d715cm;<br>        550ml-6\u00d713\u00d717cm;<br>        850ml-6.5\u00d714.5\u00d719.5cm; <br>        1800ml-8\u00d718\u00d723cm; <br>        2800ml-11.5\u00d718\u00d723cm;<br>MOQ 500\uac1c<\/p>\n<\/div>\n\n\n\n<div class=\"wp-block-column is-layout-flow wp-block-column-is-layout-flow\">\n<h3 class=\"wp-block-heading\">\ub9de\ucda4\ud615 \uc2dd\ud488 \ubcf4\uad00 \uc6a9\uae30<\/h3>\n\n\n\n<p>\ub85c\uace0: \ube0c\ub79c\ub4dc \ub85c\uace0 \uc0ac\uc6a9\uc790 \uc9c0\uc815<br>\uc8fc\ubb38 \uc218\ub7c9 500\uac1c<br><strong><a href=\"https:\/\/www.purecook.com\/ko\/custom-solution\/\" target=\"_blank\" rel=\"noreferrer noopener\">OEM \ubc0f ODM \ub9de\ucda4\ud615 \uc194\ub8e8\uc158<\/a><\/strong><\/p>\n<\/div>\n<\/div>\n\n\n\n<div class=\"wp-block-columns is-layout-flex wp-container-core-columns-is-layout-9d6595d7 wp-block-columns-is-layout-flex\">\n<div class=\"wp-block-column is-layout-flow wp-block-column-is-layout-flow\">\n<figure class=\"wp-block-image size-full\"><img decoding=\"async\" width=\"800\" height=\"800\" src=\"https:\/\/purecook.com\/wp-content\/uploads\/2024\/05\/bulk-food-storage-containers-wholesale-3.webp\" alt=\"\ubc8c\ud06c \uc2dd\ud488 \uc800\uc7a5 \uc6a9\uae30 \ub3c4\ub9e4\" class=\"wp-image-2320\" srcset=\"https:\/\/www.purecook.com\/wp-content\/uploads\/2024\/05\/bulk-food-storage-containers-wholesale-3.webp 800w, https:\/\/www.purecook.com\/wp-content\/uploads\/2024\/05\/bulk-food-storage-containers-wholesale-3-300x300.webp 300w, https:\/\/www.purecook.com\/wp-content\/uploads\/2024\/05\/bulk-food-storage-containers-wholesale-3-150x150.webp 150w, https:\/\/www.purecook.com\/wp-content\/uploads\/2024\/05\/bulk-food-storage-containers-wholesale-3-768x768.webp 768w, https:\/\/www.purecook.com\/wp-content\/uploads\/2024\/05\/bulk-food-storage-containers-wholesale-3-600x600.webp 600w, https:\/\/www.purecook.com\/wp-content\/uploads\/2024\/05\/bulk-food-storage-containers-wholesale-3-100x100.webp 100w\" sizes=\"(max-width: 800px) 100vw, 800px\" \/><\/figure>\n<\/div>\n\n\n\n<div class=\"wp-block-column is-layout-flow wp-block-column-is-layout-flow\">\n<figure class=\"wp-block-image size-full\"><img decoding=\"async\" width=\"800\" height=\"800\" src=\"https:\/\/purecook.com\/wp-content\/uploads\/2024\/05\/bulk-food-storage-containers-wholesale-2.webp\" alt=\"\ubc8c\ud06c \uc2dd\ud488 \uc800\uc7a5 \uc6a9\uae30 \ub3c4\ub9e4\" class=\"wp-image-2319\" srcset=\"https:\/\/www.purecook.com\/wp-content\/uploads\/2024\/05\/bulk-food-storage-containers-wholesale-2.webp 800w, https:\/\/www.purecook.com\/wp-content\/uploads\/2024\/05\/bulk-food-storage-containers-wholesale-2-300x300.webp 300w, https:\/\/www.purecook.com\/wp-content\/uploads\/2024\/05\/bulk-food-storage-containers-wholesale-2-150x150.webp 150w, https:\/\/www.purecook.com\/wp-content\/uploads\/2024\/05\/bulk-food-storage-containers-wholesale-2-768x768.webp 768w, https:\/\/www.purecook.com\/wp-content\/uploads\/2024\/05\/bulk-food-storage-containers-wholesale-2-600x600.webp 600w, https:\/\/www.purecook.com\/wp-content\/uploads\/2024\/05\/bulk-food-storage-containers-wholesale-2-100x100.webp 100w\" sizes=\"(max-width: 800px) 100vw, 800px\" \/><\/figure>\n<\/div>\n<\/div>","protected":false},"excerpt":{"rendered":"<p>\ub300\ub7c9 \uc2dd\ud488 \uc800\uc7a5 \uc6a9\uae30 \ub3c4\ub9e4.\uc2dd\ud488 \uc800\uc7a5 \uc6a9\uae30\ub294 \ub2e4\uc591\ud55c \uc2dd\ud488 \uc800\uc7a5 \uc694\uad6c \uc0ac\ud56d\uc744 \ucda9\uc871\ud558\uae30 \uc704\ud574 \ub2e4\uc591\ud55c \ud06c\uae30\ub85c \uc81c\uacf5\ub429\ub2c8\ub2e4. \uac15\ub825\ud55c \uc7a0\uae08 \uc7a5\uce58\uc640 \uc530\uc740 \uc6a9\uae30\uc758 \ub204\ucd9c\uc744 \ud6a8\uacfc\uc801\uc73c\ub85c \ubc29\uc9c0\ud569\ub2c8\ub2e4. \uc2dc\ub9ac\uc5bc, \uacac\uacfc\ub958, \uc2a4\ub0b5 \ub610\ub294 \uc561\uccb4 \uc2dd\ud488\uc744 \uc800\uc7a5\ud560 \uc218 \uc788\uc2b5\ub2c8\ub2e4. \uc6b0\ub9ac\ub294 \ub9de\ucda4\ud615 \uc11c\ube44\uc2a4\ub97c \uc81c\uacf5\ud558\uace0 \ub300\ub7c9 \uc2dd\ud488 \uc800\uc7a5 \uc6a9\uae30\ub97c \ub3c4\ub9e4\ub85c \uc81c\uacf5\ud558\ub294 \uc2dd\ud488 \uc800\uc7a5 \uc6a9\uae30 \uc81c\uc870\uc5c5\uccb4\uc785\ub2c8\ub2e4.<strong>\uc0c9\uc0c1<\/strong>, <strong>\ud06c\uae30<\/strong> \uadf8\ub9ac\uace0 <strong>\uc778\uc1c4 \ud328\ud134<\/strong> \ub97c \ud544\uc694\uc5d0 \ub9de\uac8c \uc870\uc815\ud560 \uc218 \uc788\uc2b5\ub2c8\ub2e4.<\/p>\n<h2>\uc2dd\ud488 \ubcf4\uad00 \uc6a9\uae30\uc758 \ud2b9\uc9d5 \ubc0f \uc7a5\uc810<\/h2>\n<p>\ubc00\ud3d0\uc131-\ud654\ud559\ubb3c\uc9c8 \ubb34\ucca8\uac00-BPA \ubb34\ucca8\uac00-\uc8fc\ubc29 \uccad\uc18c \uc2dc\uac04\uc744 \uc904\uc774\uace0 \uac74\uac15\ud55c \uc2dd\uc0ac\ub97c \ubbf8\ub9ac \uc900\ube44\ud558\uc5ec \ucf00\ud1a0\uc81c\ub2c9 \ub77c\uc774\ud504\uc2a4\ud0c0\uc77c\uc744 \uc720\uc9c0\ud558\uc138\uc694!<\/p>\n<p>\uc313\uc744 \uc218 \uc788\uace0 \uc2a4\ub9c8\ud2b8\ud55c \ub3c4\uc2dc\ub77d: \ube44\uc6a9 \uc808\uc57d-\uacf5\uac04 \uc808\uc57d-\uac74\uac15 \ubcf4\ud638 - \uc2a4\ud14c\uc778\ub9ac\uc2a4 \uc2a4\ud2f8 \ub3c4\uc2dc\ub77d \uc6a9\uae30\ub294 \uc544\uc774\ub4e4\uc774 \uc774\ub3d9 \uc911\uc5d0\ub3c4 \uac04\uc2dd, \uc810\uc2ec, \uc2dd\uc0ac\ub97c \uc27d\uac8c \uba39\uc744 \uc218 \uc788\ub3c4\ub85d \ub3c4\uc640\uc8fc\uba74\uc11c \ube44\uc6a9\uacfc \uacf5\uac04\uc744 \uc808\uc57d\ud574\uc90d\ub2c8\ub2e4. \uc791\uc740 \ub3c4\uc2dc\ub77d \uc6a9\uae30\ub294 \ub3c4\uc2dc\ub77d \uc6a9\uae30\ub85c\ub3c4 \uc88b\uace0 \uc544\uc774\uc2a4\ubc15\uc2a4\ub098 \ud53c\ud06c\ub2c9 \ud30c\ud2f0\uc5d0 \uac00\uc838\uac00\ub3c4 \uc88b\uc2b5\ub2c8\ub2e4!<\/p>\n<p>\ub179\uc2ac\uc9c0 \uc54a\ub294 \uc2a4\ud14c\uc778\ub9ac\uc2a4 \uc2a4\ud2f8\ub85c \uc81c\uc791\ub418\uc5b4 \uc138\ucc99\uc774 \uac04\ud3b8\ud558\uace0 \uc2dd\uae30\uc138\ucc99\uae30 \uc0ac\uc6a9\uc774 \uac00\ub2a5\ud558\uba70 \ub9db\uacfc \ub0c4\uc0c8\ub97c \ubc29\uc9c0\ud558\ub294 \uc6a9\uae30\ub85c \uc2dd\uae30\uc138\ucc99\uae30 \uc0c1\ub2e8 \uc120\ubc18\uc5d0 \uc27d\uac8c \ub123\uc744 \uc218 \uc788\uc2b5\ub2c8\ub2e4. \ub0c4\uc0c8 \ubc0f \ub9db \uc81c\uac70 \uae30\uc220\ub85c \uc2dd\ud488 \ubcf4\uad00 \uc6a9\uae30\uac00 \uac1c\ubd09\ud55c \ub0a0\ucc98\ub7fc \uc2e0\uc120\ud558\uace0 \uae68\ub057\ud55c \ub0c4\uc0c8\ub97c \uc720\uc9c0\ud569\ub2c8\ub2e4.<\/p>\n<p>\uac00\uc871 \ubc0f \uce5c\uad6c \ubaa8\uc784\uc5d0 \uc801\ud569\ud569\ub2c8\ub2e4. \ud53c\ud06c\ub2c9\uc774\ub098 \ub0a8\uc740 \uc74c\uc2dd, \uc5ec\ud589\uc6a9 \uc6a9\uae30\ub85c\ub3c4 \ud65c\uc6a9\ud574\ubcf4\uc138\uc694. \uc5b4\ub514\uc11c\ub4e0 \ud130\ub728\ub9b4 \uc218 \uc788\uc73c\ub2c8\uae4c\uc694! \ubc30\ub0ad, \ub3c4\uc2dc\ub77d \uac00\ubc29!<\/p>\n<p>\ub300\ub7c9 \uc2dd\ud488 \ubcf4\uad00 \uc6a9\uae30\ub97c \ub3c4\ub9e4\ub85c \uc81c\uacf5\ud558\uc138\uc694.<\/p>\n<p>&nbsp;<\/p>","protected":false},"featured_media":2319,"comment_status":"closed","ping_status":"closed","template":"","meta":{"_acf_changed":false},"product_brand":[],"product_cat":[25,51],"product_tag":[],"class_list":{"0":"post-2314","1":"product","2":"type-product","3":"status-publish","4":"has-post-thumbnail","6":"product_cat-food-storage","7":"product_cat-dinnerware","9":"first","10":"instock","11":"shipping-taxable","12":"product-type-simple"},"acf":[],"_links":{"self":[{"href":"https:\/\/www.purecook.com\/ko\/wp-json\/wp\/v2\/product\/2314","targetHints":{"allow":["GET"]}}],"collection":[{"href":"https:\/\/www.purecook.com\/ko\/wp-json\/wp\/v2\/product"}],"about":[{"href":"https:\/\/www.purecook.com\/ko\/wp-json\/wp\/v2\/types\/product"}],"replies":[{"embeddable":true,"href":"https:\/\/www.purecook.com\/ko\/wp-json\/wp\/v2\/comments?post=2314"}],"wp:featuredmedia":[{"embeddable":true,"href":"https:\/\/www.purecook.com\/ko\/wp-json\/wp\/v2\/media\/2319"}],"wp:attachment":[{"href":"https:\/\/www.purecook.com\/ko\/wp-json\/wp\/v2\/media?parent=2314"}],"wp:term":[{"taxonomy":"product_brand","embeddable":true,"href":"https:\/\/www.purecook.com\/ko\/wp-json\/wp\/v2\/product_brand?post=2314"},{"taxonomy":"product_cat","embeddable":true,"href":"https:\/\/www.purecook.com\/ko\/wp-json\/wp\/v2\/product_cat?post=2314"},{"taxonomy":"product_tag","embeddable":true,"href":"https:\/\/www.purecook.com\/ko\/wp-json\/wp\/v2\/product_tag?post=2314"}],"curies":[{"name":"wp","href":"https:\/\/api.w.org\/{rel}","templated":true}]}}