{"id":4429,"date":"2025-08-09T10:58:53","date_gmt":"2025-08-09T02:58:53","guid":{"rendered":"https:\/\/www.purecook.com\/?post_type=product&#038;p=4429"},"modified":"2025-08-09T11:33:19","modified_gmt":"2025-08-09T03:33:19","slug":"wholesale-4-piece-cookware-sets","status":"publish","type":"product","link":"https:\/\/www.purecook.com\/ko\/product\/wholesale-4-piece-cookware-sets\/","title":{"rendered":"\ub3c4\ub9e4 4\ud53c\uc2a4 \uc870\ub9ac\uae30\uad6c \uc138\ud2b8 - \ub2e4\uc591\ud55c \uc2a4\ud1a0\ube0c\uc640 \ud638\ud658 \uac00\ub2a5"},"content":{"rendered":"<div class=\"wp-block-columns is-layout-flex wp-container-core-columns-is-layout-9d6595d7 wp-block-columns-is-layout-flex\">\n<div class=\"wp-block-column is-layout-flow wp-block-column-is-layout-flow\">\n<h3 class=\"wp-block-heading\">4\ud53c\uc2a4 \ucfe1\uc6e8\uc5b4 \uc138\ud2b8\uc758 \ub9e4\uac1c\ubcc0\uc218<\/h3>\n\n\n\n<p><strong>Material:<\/strong> SS201<br><strong>\uc0c9\uc0c1:<\/strong> \uc2e4\ubc84<br><strong>\ud558\ub2e8:<\/strong> \ucea1\uc290\ud654\ub41c \ubca0\uc774\uc2a4 \ubc14\ub2e5(SUS+1.2mm Alu+SUS)<br><strong>\ub69c\uaed1:<\/strong> \uc720\ub9ac \ub69c\uaed1<br><strong>\ud06c\uae30:<\/strong>16\u00d79.5cm, 20\u00d711cm, 24\u00d713cm, 24\u00d78cm<\/p>\n<\/div>\n\n\n\n<div class=\"wp-block-column is-layout-flow wp-block-column-is-layout-flow\">\n<h3 class=\"wp-block-heading\">\ub9de\ucda4\ud615 \uc870\ub9ac\uae30\uad6c \uc635\uc158<\/h3>\n\n\n\n<p><strong>\ub85c\uace0:<\/strong> \ube0c\ub79c\ub4dc \ub85c\uace0\ub85c \uc0ac\uc6a9\uc790 \uc9c0\uc815 \uac00\ub2a5<br><strong>\ud578\ub4e4:<\/strong> \ub0b4 \uc2a4\ud0c0\uc77c\uc5d0 \ub9de\ub294 \ud578\ub4e4<br><strong>\ud3ec\uc7a5:<\/strong>\u00a0\uceec\ub7ec \ubc15\uc2a4\/\uc0c1\uc790 \ub4f1<\/p>\n<\/div>\n<\/div>\n\n\n\n<div class=\"wp-block-columns is-layout-flex wp-container-core-columns-is-layout-9d6595d7 wp-block-columns-is-layout-flex\">\n<div class=\"wp-block-column is-layout-flow wp-block-column-is-layout-flow\">\n<figure class=\"wp-block-image size-full\"><img decoding=\"async\" width=\"800\" height=\"800\" src=\"https:\/\/www.purecook.com\/wp-content\/uploads\/2025\/08\/wholesale-4-piece-cookware-set-1.webp\" alt=\"\ub3c4\ub9e4 4\ud53c\uc2a4 \ucfe1\uc6e8\uc5b4 \uc138\ud2b8 (1)\" class=\"wp-image-4430\" srcset=\"https:\/\/www.purecook.com\/wp-content\/uploads\/2025\/08\/wholesale-4-piece-cookware-set-1.webp 800w, https:\/\/www.purecook.com\/wp-content\/uploads\/2025\/08\/wholesale-4-piece-cookware-set-1-300x300.webp 300w, https:\/\/www.purecook.com\/wp-content\/uploads\/2025\/08\/wholesale-4-piece-cookware-set-1-150x150.webp 150w, https:\/\/www.purecook.com\/wp-content\/uploads\/2025\/08\/wholesale-4-piece-cookware-set-1-768x768.webp 768w, https:\/\/www.purecook.com\/wp-content\/uploads\/2025\/08\/wholesale-4-piece-cookware-set-1-12x12.webp 12w, https:\/\/www.purecook.com\/wp-content\/uploads\/2025\/08\/wholesale-4-piece-cookware-set-1-600x600.webp 600w, https:\/\/www.purecook.com\/wp-content\/uploads\/2025\/08\/wholesale-4-piece-cookware-set-1-100x100.webp 100w\" sizes=\"(max-width: 800px) 100vw, 800px\" \/><\/figure>\n<\/div>\n\n\n\n<div class=\"wp-block-column is-layout-flow wp-block-column-is-layout-flow\">\n<figure class=\"wp-block-image size-full\"><img decoding=\"async\" width=\"1328\" height=\"1328\" src=\"https:\/\/www.purecook.com\/wp-content\/uploads\/2025\/08\/wholesale-4-piece-cookware-set-6.webp\" alt=\"\ub3c4\ub9e4 4\ud53c\uc2a4 \ucfe1\uc6e8\uc5b4 \uc138\ud2b8 (6)\" class=\"wp-image-4435\" srcset=\"https:\/\/www.purecook.com\/wp-content\/uploads\/2025\/08\/wholesale-4-piece-cookware-set-6.webp 1328w, https:\/\/www.purecook.com\/wp-content\/uploads\/2025\/08\/wholesale-4-piece-cookware-set-6-300x300.webp 300w, https:\/\/www.purecook.com\/wp-content\/uploads\/2025\/08\/wholesale-4-piece-cookware-set-6-150x150.webp 150w, https:\/\/www.purecook.com\/wp-content\/uploads\/2025\/08\/wholesale-4-piece-cookware-set-6-768x768.webp 768w, https:\/\/www.purecook.com\/wp-content\/uploads\/2025\/08\/wholesale-4-piece-cookware-set-6-12x12.webp 12w, https:\/\/www.purecook.com\/wp-content\/uploads\/2025\/08\/wholesale-4-piece-cookware-set-6-600x600.webp 600w, https:\/\/www.purecook.com\/wp-content\/uploads\/2025\/08\/wholesale-4-piece-cookware-set-6-100x100.webp 100w\" sizes=\"(max-width: 1328px) 100vw, 1328px\" \/><\/figure>\n<\/div>\n<\/div>","protected":false},"excerpt":{"rendered":"<p>\ub3c4\ub9e4\uc6a9 4\ud53c\uc2a4 \ucfe1\uc6e8\uc5b4 \uc138\ud2b8. \uc774 \uc138\ud2b8\uc5d0\ub294 \uc0b6\uae30, \ub053\uc774\uae30, \ucc0c\uae30 \ub4f1 \ub2e4\uc591\ud55c \uc694\ub9ac\uc5d0 \ud544\uc694\ud55c \ubc00\ud06c \ub0c4\ube44, \uc218\ud504 \ub0c4\ube44, \uc804\uace8 \ub0c4\ube44\uac00 \ud3ec\ud568\ub418\uc5b4 \uc788\uc2b5\ub2c8\ub2e4. \ubc14\ub2e5\uc774 3\uc911\uc73c\ub85c \ub418\uc5b4 \uc788\uc5b4 \uc5f4\uc774 \ube60\ub974\uac8c \uc804\ub3c4\ub429\ub2c8\ub2e4. \ub0b4\uad6c\uc131\uc774 \ub6f0\uc5b4\ub09c \uc2a4\ud14c\uc778\ub9ac\uc2a4 \uc2a4\ud2f8\ub85c \uc81c\uc791\ub418\uc5b4 \uc2dd\uae30\uc138\ucc99\uae30 \uc0ac\uc6a9\uc774 \uac00\ub2a5\ud558\uba70 \uc0c1\uc5c5\uc6a9 \ubc0f \uac00\uc815\uc6a9 \ubaa8\ub450\uc5d0 \uc801\ud569\ud569\ub2c8\ub2e4. \uc81c\ud488 \uce74\ud0c8\ub85c\uadf8\uc640 \uacac\uc801\uc740 \ubb38\uc758\ud574 \uc8fc\uc138\uc694.<\/p>\n<p>\ud4e8\uc5b4\ucfe1 <a href=\"https:\/\/www.purecook.com\/ko\/%ec%a0%9c%ed%92%88-%ec%b9%b4%ed%85%8c%ea%b3%a0%eb%a6%ac\/cookware\/\" target=\"_blank\" rel=\"noopener\"><strong>\uc870\ub9ac\uae30\uad6c \uc81c\uc870\uc5c5\uccb4,<\/strong> <\/a>\ub294 \uacf5\uc7a5 \uac00\uaca9 \ubc0f OEM \ub9de\ucda4\ud654 \uc11c\ube44\uc2a4\ub97c \uc81c\uacf5\ud569\ub2c8\ub2e4. \uc2e0\ub8b0\ud560 \uc218 \uc788\ub294 \uc870\ub9ac\uae30\uad6c \uc81c\uc870\uc5c5\uccb4\ub85c\ubd80\ud130 \ucd5c\uace0\uc758 \uacac\uc801\uc744 \ubc1b\uc73c\ub824\uba74 \ub2f9\uc0ac\uc5d0 \ubb38\uc758\ud558\uc138\uc694.<\/p>\n<h2>4\ud53c\uc2a4 \ucfe1\uc6e8\uc5b4 \uc138\ud2b8\uc758 \ud2b9\uc9d5<\/h2>\n<p><strong>\uc804\ubb38\uc801\uc778 \uc694\ub9ac \ud37c\ud3ec\uba3c\uc2a4:<\/strong> \ub0c4\ube44 \ubc14\ub2e5\uc740 \uc5f4\uc744 \uace0\ub974\uac8c \ubd84\uc0b0\uc2dc\ud0a4\uace0 \uacfc\uc5f4\uc744 \ud6a8\uacfc\uc801\uc73c\ub85c \ubc29\uc9c0\ud558\ub294 3\uc911 \uc18c\uc7ac\ub85c \ub9cc\ub4e4\uc5b4\uc838 \ub6f0\uc5b4\ub09c \uc870\ub9ac \uacb0\uacfc\ub97c \ubcf4\uc7a5\ud569\ub2c8\ub2e4.<\/p>\n<p><strong>\ub2e4\uc6a9\ub3c4 \uc138\ud2b8:<\/strong> \uc774 \uc644\ubcbd\ud55c \uc870\ub9ac\uae30\uad6c \uc138\ud2b8\uc5d0\ub294 \ub0c4\ube44, \uc2a4\ud29c \ub0c4\ube44, \uc804\uace8 \ub0c4\ube44\uac00 \ud3ec\ud568\ub418\uc5b4 \uc788\uc5b4 \ub053\uc774\uae30, \uc870\ub9bc, \ucc1c \ub4f1 \ub2e4\uc591\ud55c \uc694\ub9ac \uc694\uad6c\ub97c \ucda9\uc871\uc2dc\ucf1c \uac00\uc815 \uc694\ub9ac\uc0ac\ub098 \ub808\uc2a4\ud1a0\ub791\uc5d0\uc11c \uc0ac\uc6a9\ud558\uae30\uc5d0 \uc801\ud569\ud569\ub2c8\ub2e4.<\/p>\n<p><strong>\uc190\uc26c\uc6b4 \uccad\uc18c \ubc0f \uc720\uc9c0 \uad00\ub9ac:<\/strong> \ucf54\ud305\ub418\uc9c0 \uc54a\uc740 \uc2a4\ud14c\uc778\ub9ac\uc2a4 \uc2a4\ud2f8 \ud45c\uba74\uc740 \uae01\ud798\uacfc \uc5bc\ub8e9\uc5d0 \uac15\ud558\uba70, \uc774 \uc138\ud2b8\uc758 \uc870\ub9ac\uae30\uad6c\ub294 \uc2dd\uae30\uc138\ucc99\uae30 \uc0ac\uc6a9\uc774 \uac00\ub2a5\ud558\uc5ec \ud6a8\uc728\uc801\uc774\uace0 \ud3b8\ub9ac\ud55c \uc138\ucc99\uc774 \uc694\uad6c\ub418\ub294 \uc0c1\uc5c5\uc6a9 \uc8fc\ubc29\uc5d0 \uc801\ud569\ud569\ub2c8\ub2e4.<\/p>\n<p><strong>\ub6f0\uc5b4\ub09c \ub514\ud14c\uc77c \ub514\uc790\uc778:<\/strong> \uc815\ubc00\ud558\uac8c \ubc00\ucc29\ub41c \ub69c\uaed1\uc740 \uc548\uc804\ud55c \ubc00\ud3d0\uc640 \ud5a5\uc0c1\ub41c \ubcf4\uc628\uc131\uc744 \uc81c\uacf5\ud569\ub2c8\ub2e4. \ub9ac\ubcb3\uc774 \ubd80\ucc29\ub41c \uc190\uc7a1\uc774\ub294 \uac15\ub3c4\uc640 \ub0b4\uad6c\uc131\uc744 \ub192\uc5ec \uc7a5\uae30\uac04 \uc0ac\uc6a9\ud560 \uc218 \uc788\uc2b5\ub2c8\ub2e4.<\/p>\n<p><strong>\ub3c4\ub9e4 \uc870\ub9ac\uae30\uad6c \uc11c\ube44\uc2a4:<\/strong> \uc911\uad6d\uc758 \uc2e0\ub8b0\ud560 \uc218 \uc788\ub294 \uc870\ub9ac\uae30\uad6c \uc81c\uc870\uc5c5\uccb4\uc778 \ub2f9\uc0ac\ub294 \uae00\ub85c\ubc8c B2B \uad6c\ub9e4\uc790\uc5d0\uac8c \ub2e4\uc591\ud55c \uc2a4\ud0c0\uc77c\uc758 \uc870\ub9ac\uae30\uad6c\ub97c \uacf5\uc7a5\ub3c4 \uac00\uaca9\uc5d0 \ub3c4\ub9e4\ub85c \uc81c\uacf5\ud569\ub2c8\ub2e4. \ub610\ud55c \ube0c\ub79c\ub4dc OEM \uc11c\ube44\uc2a4\ub3c4 \uc9c0\uc6d0\ud569\ub2c8\ub2e4.<\/p>","protected":false},"featured_media":4430,"comment_status":"closed","ping_status":"closed","template":"","meta":{"_acf_changed":false},"product_brand":[],"product_cat":[24,69],"product_tag":[],"class_list":{"0":"post-4429","1":"product","2":"type-product","3":"status-publish","4":"has-post-thumbnail","6":"product_cat-cookware","7":"product_cat-cookware-sets","9":"first","10":"instock","11":"shipping-taxable","12":"product-type-simple"},"acf":[],"_links":{"self":[{"href":"https:\/\/www.purecook.com\/ko\/wp-json\/wp\/v2\/product\/4429","targetHints":{"allow":["GET"]}}],"collection":[{"href":"https:\/\/www.purecook.com\/ko\/wp-json\/wp\/v2\/product"}],"about":[{"href":"https:\/\/www.purecook.com\/ko\/wp-json\/wp\/v2\/types\/product"}],"replies":[{"embeddable":true,"href":"https:\/\/www.purecook.com\/ko\/wp-json\/wp\/v2\/comments?post=4429"}],"wp:featuredmedia":[{"embeddable":true,"href":"https:\/\/www.purecook.com\/ko\/wp-json\/wp\/v2\/media\/4430"}],"wp:attachment":[{"href":"https:\/\/www.purecook.com\/ko\/wp-json\/wp\/v2\/media?parent=4429"}],"wp:term":[{"taxonomy":"product_brand","embeddable":true,"href":"https:\/\/www.purecook.com\/ko\/wp-json\/wp\/v2\/product_brand?post=4429"},{"taxonomy":"product_cat","embeddable":true,"href":"https:\/\/www.purecook.com\/ko\/wp-json\/wp\/v2\/product_cat?post=4429"},{"taxonomy":"product_tag","embeddable":true,"href":"https:\/\/www.purecook.com\/ko\/wp-json\/wp\/v2\/product_tag?post=4429"}],"curies":[{"name":"wp","href":"https:\/\/api.w.org\/{rel}","templated":true}]}}