{"id":4591,"date":"2025-08-24T09:30:00","date_gmt":"2025-08-24T01:30:00","guid":{"rendered":"https:\/\/www.purecook.com\/?post_type=product&#038;p=4591"},"modified":"2025-08-24T10:02:18","modified_gmt":"2025-08-24T02:02:18","slug":"wholesale-3-piece-stainless-steel-cookware-set","status":"publish","type":"product","link":"https:\/\/www.purecook.com\/ko\/product\/wholesale-3-piece-stainless-steel-cookware-set\/","title":{"rendered":"\ub3c4\ub9e4 3 \uc870\uac01 \uc2a4\ud14c\uc778\ub808\uc2a4 \uc2a4\ud2f8 \uc870\ub9ac\uae30\uad6c \uc138\ud2b8"},"content":{"rendered":"<div class=\"wp-block-columns is-layout-flex wp-container-core-columns-is-layout-9d6595d7 wp-block-columns-is-layout-flex\">\n<div class=\"wp-block-column is-layout-flow wp-block-column-is-layout-flow\">\n<h3 class=\"wp-block-heading\">3\ud53c\uc2a4 \uc2a4\ud14c\uc778\ub9ac\uc2a4 \uc2a4\ud2f8 \uc870\ub9ac\uae30\uad6c \uc138\ud2b8\uc758 \ub9e4\uac1c\ubcc0\uc218<\/h3>\n\n\n\n<p><strong>Material: <\/strong>201 \uc2a4\ud14c\uc778\ub9ac\uc2a4 \uc2a4\ud2f8<br><strong>\uc77c\ubc18 \ub450\uaed8:<\/strong> 0.5mm<br><strong>\ub69c\uaed1: <\/strong>\uc720\ub9ac \ub69c\uaed1 \ub610\ub294 \uc2a4\ud14c\uc778\ub9ac\uc2a4 \uc2a4\ud2f8 \ub69c\uaed1<br><strong>\ud558\ub2e8:<\/strong> \uc778\ub355\uc158 \uc0cc\ub4dc\uc704\uce58 \ubc14\ub2e5(SUS+0.8mm Alu+SUS)<br><strong>\ub85c\uace0: <\/strong>\uc2a4\ud06c\ub9b0 \uc778\uc1c4 \/ \ub808\uc774\uc800 \uac01\uc778 \/ \uc5e0\ubcf4\uc2f1<br><strong>\uc190\uc7a1\uc774 \ubc0f \ub69c\uaed1 \uc190\uc7a1\uc774:<\/strong> \uc2a4\ud14c\uc778\ub9ac\uc2a4 \uc2a4\ud2f8<br><strong>\ud06c\uae30: <\/strong>16 \u00d7 9cm \/ 18 \u00d7 10cm \/ 20 \u00d7 11cm<br><strong>\ucd1d \uc911\ub7c9: <\/strong>\uac1c\ub2f9 1kg \ubbf8\ub9cc<\/p>\n<\/div>\n\n\n\n<div class=\"wp-block-column is-layout-flow wp-block-column-is-layout-flow\">\n<h3 class=\"wp-block-heading\">\uc0ac\uc6a9\uc790 \uc9c0\uc815 \uc2a4\ud1a1 \ud31f \uc635\uc158<\/h3>\n\n\n\n<p><strong>\ub85c\uace0:<\/strong> \ube0c\ub79c\ub4dc \ub85c\uace0\ub85c \uc0ac\uc6a9\uc790 \uc9c0\uc815 \uac00\ub2a5<br><strong>\ud578\ub4e4:<\/strong> \ub0b4 \uc2a4\ud0c0\uc77c\uc5d0 \ub9de\ub294 \ud578\ub4e4<br><strong>\ud3ec\uc7a5:<\/strong>\u00a0\uceec\ub7ec \ubc15\uc2a4\/\uc0c1\uc790 \ub4f1<\/p>\n<\/div>\n<\/div>\n\n\n\n<div class=\"wp-block-columns is-layout-flex wp-container-core-columns-is-layout-9d6595d7 wp-block-columns-is-layout-flex\">\n<div class=\"wp-block-column is-layout-flow wp-block-column-is-layout-flow\">\n<figure class=\"wp-block-image size-full\"><img decoding=\"async\" width=\"800\" height=\"800\" src=\"https:\/\/www.purecook.com\/wp-content\/uploads\/2025\/08\/wholesale-3-piece-stainless-steel-cookware-set\u200b-2.webp\" alt=\"\ub3c4\ub9e4 3\ud53c\uc2a4 \uc2a4\ud14c\uc778\ub9ac\uc2a4 \uc2a4\ud2f8 \uc870\ub9ac\uae30\uad6c \uc138\ud2b8 (2)\" class=\"wp-image-4593\" srcset=\"https:\/\/www.purecook.com\/wp-content\/uploads\/2025\/08\/wholesale-3-piece-stainless-steel-cookware-set\u200b-2.webp 800w, https:\/\/www.purecook.com\/wp-content\/uploads\/2025\/08\/wholesale-3-piece-stainless-steel-cookware-set\u200b-2-300x300.webp 300w, https:\/\/www.purecook.com\/wp-content\/uploads\/2025\/08\/wholesale-3-piece-stainless-steel-cookware-set\u200b-2-150x150.webp 150w, https:\/\/www.purecook.com\/wp-content\/uploads\/2025\/08\/wholesale-3-piece-stainless-steel-cookware-set\u200b-2-768x768.webp 768w, https:\/\/www.purecook.com\/wp-content\/uploads\/2025\/08\/wholesale-3-piece-stainless-steel-cookware-set\u200b-2-12x12.webp 12w, https:\/\/www.purecook.com\/wp-content\/uploads\/2025\/08\/wholesale-3-piece-stainless-steel-cookware-set\u200b-2-600x600.webp 600w, https:\/\/www.purecook.com\/wp-content\/uploads\/2025\/08\/wholesale-3-piece-stainless-steel-cookware-set\u200b-2-100x100.webp 100w\" sizes=\"(max-width: 800px) 100vw, 800px\" \/><\/figure>\n<\/div>\n\n\n\n<div class=\"wp-block-column is-layout-flow wp-block-column-is-layout-flow\">\n<figure class=\"wp-block-image size-full\"><img decoding=\"async\" width=\"800\" height=\"800\" src=\"https:\/\/www.purecook.com\/wp-content\/uploads\/2025\/08\/wholesale-3-piece-stainless-steel-cookware-set\u200b-3.webp\" alt=\"\ub3c4\ub9e4 3\ud53c\uc2a4 \uc2a4\ud14c\uc778\ub9ac\uc2a4 \uc2a4\ud2f8 \uc870\ub9ac\uae30\uad6c \uc138\ud2b8 (3)\" class=\"wp-image-4594\" srcset=\"https:\/\/www.purecook.com\/wp-content\/uploads\/2025\/08\/wholesale-3-piece-stainless-steel-cookware-set\u200b-3.webp 800w, https:\/\/www.purecook.com\/wp-content\/uploads\/2025\/08\/wholesale-3-piece-stainless-steel-cookware-set\u200b-3-300x300.webp 300w, https:\/\/www.purecook.com\/wp-content\/uploads\/2025\/08\/wholesale-3-piece-stainless-steel-cookware-set\u200b-3-150x150.webp 150w, https:\/\/www.purecook.com\/wp-content\/uploads\/2025\/08\/wholesale-3-piece-stainless-steel-cookware-set\u200b-3-768x768.webp 768w, https:\/\/www.purecook.com\/wp-content\/uploads\/2025\/08\/wholesale-3-piece-stainless-steel-cookware-set\u200b-3-12x12.webp 12w, https:\/\/www.purecook.com\/wp-content\/uploads\/2025\/08\/wholesale-3-piece-stainless-steel-cookware-set\u200b-3-600x600.webp 600w, https:\/\/www.purecook.com\/wp-content\/uploads\/2025\/08\/wholesale-3-piece-stainless-steel-cookware-set\u200b-3-100x100.webp 100w\" sizes=\"(max-width: 800px) 100vw, 800px\" \/><\/figure>\n<\/div>\n<\/div>\n\n\n\n<div class=\"wp-block-columns is-layout-flex wp-container-core-columns-is-layout-9d6595d7 wp-block-columns-is-layout-flex\">\n<div class=\"wp-block-column is-layout-flow wp-block-column-is-layout-flow\"><\/div>\n\n\n\n<div class=\"wp-block-column is-layout-flow wp-block-column-is-layout-flow\"><\/div>\n<\/div>","protected":false},"excerpt":{"rendered":"<p>\ub3c4\ub9e4 3 \uc870\uac01 \uc2a4\ud14c\uc778\ub9ac\uc2a4 \uc2a4\ud2f8 \uc870\ub9ac\uae30\uad6c \uc138\ud2b8. \uc774 \uc870\ub9ac\uae30\uad6c \uc138\ud2b8\ub294 \ub0b4\uad6c\uc131\uc774 \ub6f0\uc5b4\ub098\uace0 \uc624\ub798 \uc9c0\uc18d\ub418\uba70 \uc778\ub355\uc158 \ucfe0\ucee4\uc640 \uac19\uc740 \ub2e4\uc591\ud55c \uc720\ud615\uc758 \uc2a4\ud1a0\ube0c\uc5d0 \uc801\ud569\ud569\ub2c8\ub2e4. \uc774 \uc138\ud2b8\uc5d0\ub294 \uac00\uc815 \ubc0f \uc0c1\uc5c5\uc6a9 \uc8fc\ubc29 \uc694\ub9ac\uc5d0 \uc801\ud569\ud55c 3 \uac00\uc9c0 \ud06c\uae30\uac00 \ud3ec\ud568\ub418\uc5b4 \uc788\uc2b5\ub2c8\ub2e4. \ub9de\ucda4\ud615 \uc870\ub9ac\uae30\uad6c \uc190\uc7a1\uc774, \uc870\ub9ac\uae30\uad6c \ucee4\ubc84, \ud3ec\uc7a5, \ub85c\uace0 \ub4f1\uc744 \uc9c0\uc6d0\ud569\ub2c8\ub2e4. \ubb38\uc758\ub97c \ud658\uc601\ud569\ub2c8\ub2e4.<\/p>\n<h2>3\ud53c\uc2a4 \uc2a4\ud14c\uc778\ub9ac\uc2a4 \uc2a4\ud2f8 \uc870\ub9ac\uae30\uad6c \uc138\ud2b8\uc758 \ud2b9\uc9d5<\/h2>\n<p><strong>\ud22c\uba85\ud55c \uc720\ub9ac \ub69c\uaed1\uc774 \uc7a5\ucc29\ub418\uc5b4 \uc788\uc2b5\ub2c8\ub2e4:<\/strong> \uc774 \uc2a4\ud14c\uc778\ub9ac\uc2a4 \uc2a4\ud2f8 3\ud53c\uc2a4 \ucfe1\uc6e8\uc5b4 \uc138\ud2b8\ub294 \ud22c\uba85\ud55c \uac15\ud654 \uc720\ub9ac \ub69c\uaed1\uc774 \uc788\uc5b4 \uc694\ub9ac\ud558\ub294 \ub3d9\uc548 \uc74c\uc2dd\uc744 \uc27d\uac8c \ud655\uc778\ud560 \uc218 \uc788\uc2b5\ub2c8\ub2e4.<\/p>\n<p><strong>\ub2e4\uc591\ud55c \ud06c\uae30 \uc870\ud569:<\/strong> \uc774 \uc2a4\ud14c\uc778\ub9ac\uc2a4 \uc2a4\ud2f8 \uc870\ub9ac\uae30\uad6c 3\uc885 \uc138\ud2b8\uc5d0\ub294 16\u00d79cm, 18\u00d710cm, 20\u00d711cm \ub4f1 \ub2e4\uc591\ud55c \ud06c\uae30\uc758 \ub0c4\ube44\uac00 \ud3ec\ud568\ub418\uc5b4 \uc788\uc5b4 \ub2e4\uc591\ud55c \uc694\ub9ac \uc694\uad6c\ub97c \ucda9\uc871\ud560 \uc218 \uc788\uc2b5\ub2c8\ub2e4.<\/p>\n<p><strong>\ub6f0\uc5b4\ub09c \uc5f4 \uc804\ub2ec:<\/strong> 3\ud53c\uc2a4 \uc2a4\ud14c\uc778\ub9ac\uc2a4 \uc2a4\ud2f8 \ucfe1\uc6e8\uc5b4 \uc138\ud2b8\ub294 \ubcf5\ud569 \ubc14\ub2e5 \ub514\uc790\uc778\uc73c\ub85c \uc5f4\uc804\ub3c4\uac00 \uc6b0\uc218\ud558\uace0 \uade0\uc77c\ud55c \uac00\uc5f4\uc774 \uac00\ub2a5\ud569\ub2c8\ub2e4.<\/p>\n<p><strong>\uc5ec\ub7ec \ud638\ube0c\uc640 \ud638\ud658\ub429\ub2c8\ub2e4:<\/strong> 3\uc911 \uc2a4\ud14c\uc778\ub9ac\uc2a4 \uc2a4\ud2f8 \ubc14\ub2e5\uc774 \ud2b9\uc9d5\uc778 \uc774 \ucfe1\uc6e8\uc5b4 \uc138\ud2b8\ub294 \uc778\ub355\uc158 \ubc0f \uc138\ub77c\ubbf9 \ud638\ube0c\ub97c \ud3ec\ud568\ud55c \ub2e4\uc591\ud55c \ud638\ube0c\uc640 \ud638\ud658\ub429\ub2c8\ub2e4.<\/p>\n<p><strong>\uacf5\uc7a5\ub3c4 \uac00\uaca9:<\/strong> \ub85c\uc11c <a href=\"https:\/\/www.purecook.com\/ko\/%ec%a0%9c%ed%92%88-%ec%b9%b4%ed%85%8c%ea%b3%a0%eb%a6%ac\/cookware\/\" target=\"_blank\" rel=\"noopener\"><strong>\uc870\ub9ac\uae30\uad6c \uc81c\uc870\uc5c5\uccb4<\/strong><\/a> \ud4e8\uc5b4\ucfe1\uc740 \uc911\uad6d\uc5d0\uc11c \uacf5\uc7a5\ub3c4 \uac00\uaca9\uc744 \ucc45\uc815\ud558\uc5ec \uae00\ub85c\ubc8c B2B \ubc14\uc774\uc5b4, \ucfe1\uc6e8\uc5b4 \ube0c\ub79c\ub4dc \ubc0f \uc18c\ub9e4\uc5c5\uccb4\uc5d0 \uacbd\uc7c1\ub825 \uc788\ub294 \ucfe1\uc6e8\uc5b4 \uc81c\ud488\uc744 \uacf5\uae09\ud569\ub2c8\ub2e4.<\/p>","protected":false},"featured_media":4592,"comment_status":"closed","ping_status":"closed","template":"","meta":{"_acf_changed":false},"product_brand":[],"product_cat":[24,69,70],"product_tag":[],"class_list":{"0":"post-4591","1":"product","2":"type-product","3":"status-publish","4":"has-post-thumbnail","6":"product_cat-cookware","7":"product_cat-cookware-sets","8":"product_cat-soup-and-stock-pots","10":"first","11":"instock","12":"shipping-taxable","13":"product-type-simple"},"acf":[],"_links":{"self":[{"href":"https:\/\/www.purecook.com\/ko\/wp-json\/wp\/v2\/product\/4591","targetHints":{"allow":["GET"]}}],"collection":[{"href":"https:\/\/www.purecook.com\/ko\/wp-json\/wp\/v2\/product"}],"about":[{"href":"https:\/\/www.purecook.com\/ko\/wp-json\/wp\/v2\/types\/product"}],"replies":[{"embeddable":true,"href":"https:\/\/www.purecook.com\/ko\/wp-json\/wp\/v2\/comments?post=4591"}],"wp:featuredmedia":[{"embeddable":true,"href":"https:\/\/www.purecook.com\/ko\/wp-json\/wp\/v2\/media\/4592"}],"wp:attachment":[{"href":"https:\/\/www.purecook.com\/ko\/wp-json\/wp\/v2\/media?parent=4591"}],"wp:term":[{"taxonomy":"product_brand","embeddable":true,"href":"https:\/\/www.purecook.com\/ko\/wp-json\/wp\/v2\/product_brand?post=4591"},{"taxonomy":"product_cat","embeddable":true,"href":"https:\/\/www.purecook.com\/ko\/wp-json\/wp\/v2\/product_cat?post=4591"},{"taxonomy":"product_tag","embeddable":true,"href":"https:\/\/www.purecook.com\/ko\/wp-json\/wp\/v2\/product_tag?post=4591"}],"curies":[{"name":"wp","href":"https:\/\/api.w.org\/{rel}","templated":true}]}}