{"id":4740,"date":"2025-09-07T16:10:43","date_gmt":"2025-09-07T08:10:43","guid":{"rendered":"https:\/\/www.purecook.com\/?post_type=product&#038;p=4740"},"modified":"2025-09-07T16:55:28","modified_gmt":"2025-09-07T08:55:28","slug":"wholesale-5-piece-cookware-set","status":"publish","type":"product","link":"https:\/\/www.purecook.com\/ko\/product\/wholesale-5-piece-cookware-set\/","title":{"rendered":"\ub3c4\ub9e4 5 \ud53c\uc2a4 \uc870\ub9ac\uae30\uad6c \uc138\ud2b8-\ub2e4\uc591\ud55c \uc694\ub9ac \uc694\uad6c \uc0ac\ud56d \ucda9\uc871"},"content":{"rendered":"<div class=\"wp-block-columns is-layout-flex wp-container-core-columns-is-layout-9d6595d7 wp-block-columns-is-layout-flex\">\n<div class=\"wp-block-column is-layout-flow wp-block-column-is-layout-flow\">\n<h3 class=\"wp-block-heading\">5\ud53c\uc2a4 \ucfe1\uc6e8\uc5b4 \uc138\ud2b8\uc758 \ub9e4\uac1c\ubcc0\uc218<\/h3>\n\n\n\n<p><strong>Material:<\/strong> 304 \uc2a4\ud14c\uc778\ub9ac\uc2a4 \uc2a4\ud2f8<br><strong>\uc77c\ubc18 \ub450\uaed8:<\/strong> 0.4mm<br><strong>\ub69c\uaed1: <\/strong>\uc2a4\ud14c\uc778\ub9ac\uc2a4 \uc2a4\ud2f8 \ub69c\uaed1<br>\ub85c\uace0: \uc2a4\ud06c\ub9b0 \uc778\uc1c4\/\ub808\uc774\uc800 \uac01\uc778\/\uc591\uac01 \uc2a4\ud0ec\ud504<br><strong>\uc190\uc7a1\uc774 \ubc0f \ub69c\uaed1 \uc190\uc7a1\uc774: <\/strong>\uc2a4\ud14c\uc778\ub9ac\uc2a4 \uc2a4\ud2f8<br><strong>\ud06c\uae30: <\/strong>16\u00d79cm, 18\u00d710cm, 20\u00d711cm, 24\u00d78cm, 24\u00d713.5cm<\/p>\n<\/div>\n\n\n\n<div class=\"wp-block-column is-layout-flow wp-block-column-is-layout-flow\">\n<h3 class=\"wp-block-heading\">\uc0ac\uc6a9\uc790 \uc9c0\uc815 \uc2a4\ud1a1 \ud31f \uc635\uc158<\/h3>\n\n\n\n<p><strong>\ub85c\uace0:<\/strong> \ube0c\ub79c\ub4dc \ub85c\uace0\ub85c \uc0ac\uc6a9\uc790 \uc9c0\uc815 \uac00\ub2a5<br><strong>\uc0c9\uc0c1:<\/strong> \uc0ac\uc6a9\uc790 \uc9c0\uc815 \uac00\ub2a5<br><strong>\ud3ec\uc7a5:<\/strong>\u00a0\uceec\ub7ec \ubc15\uc2a4\/\uc0c1\uc790 \ub4f1<\/p>\n<\/div>\n<\/div>\n\n\n\n<div class=\"wp-block-columns is-layout-flex wp-container-core-columns-is-layout-9d6595d7 wp-block-columns-is-layout-flex\">\n<div class=\"wp-block-column is-layout-flow wp-block-column-is-layout-flow\">\n<figure class=\"wp-block-image size-full\"><img decoding=\"async\" width=\"800\" height=\"800\" src=\"https:\/\/www.purecook.com\/wp-content\/uploads\/2025\/09\/specifications-of-5-piece-cookware-set-1.webp\" alt=\"5\ud53c\uc2a4 \ucfe1\uc6e8\uc5b4 \uc138\ud2b8 (1) \uc0ac\uc591\" class=\"wp-image-4747\" srcset=\"https:\/\/www.purecook.com\/wp-content\/uploads\/2025\/09\/specifications-of-5-piece-cookware-set-1.webp 800w, https:\/\/www.purecook.com\/wp-content\/uploads\/2025\/09\/specifications-of-5-piece-cookware-set-1-300x300.webp 300w, https:\/\/www.purecook.com\/wp-content\/uploads\/2025\/09\/specifications-of-5-piece-cookware-set-1-150x150.webp 150w, https:\/\/www.purecook.com\/wp-content\/uploads\/2025\/09\/specifications-of-5-piece-cookware-set-1-768x768.webp 768w, https:\/\/www.purecook.com\/wp-content\/uploads\/2025\/09\/specifications-of-5-piece-cookware-set-1-12x12.webp 12w, https:\/\/www.purecook.com\/wp-content\/uploads\/2025\/09\/specifications-of-5-piece-cookware-set-1-600x600.webp 600w, https:\/\/www.purecook.com\/wp-content\/uploads\/2025\/09\/specifications-of-5-piece-cookware-set-1-100x100.webp 100w\" sizes=\"(max-width: 800px) 100vw, 800px\" \/><\/figure>\n<\/div>\n\n\n\n<div class=\"wp-block-column is-layout-flow wp-block-column-is-layout-flow\">\n<figure class=\"wp-block-image size-full\"><img decoding=\"async\" width=\"800\" height=\"800\" src=\"https:\/\/www.purecook.com\/wp-content\/uploads\/2025\/09\/specifications-of-5-piece-cookware-set-2.webp\" alt=\"5\ud53c\uc2a4 \ucfe1\uc6e8\uc5b4 \uc138\ud2b8 (2) \uc0ac\uc591\" class=\"wp-image-4748\" srcset=\"https:\/\/www.purecook.com\/wp-content\/uploads\/2025\/09\/specifications-of-5-piece-cookware-set-2.webp 800w, https:\/\/www.purecook.com\/wp-content\/uploads\/2025\/09\/specifications-of-5-piece-cookware-set-2-300x300.webp 300w, https:\/\/www.purecook.com\/wp-content\/uploads\/2025\/09\/specifications-of-5-piece-cookware-set-2-150x150.webp 150w, https:\/\/www.purecook.com\/wp-content\/uploads\/2025\/09\/specifications-of-5-piece-cookware-set-2-768x768.webp 768w, https:\/\/www.purecook.com\/wp-content\/uploads\/2025\/09\/specifications-of-5-piece-cookware-set-2-12x12.webp 12w, https:\/\/www.purecook.com\/wp-content\/uploads\/2025\/09\/specifications-of-5-piece-cookware-set-2-600x600.webp 600w, https:\/\/www.purecook.com\/wp-content\/uploads\/2025\/09\/specifications-of-5-piece-cookware-set-2-100x100.webp 100w\" sizes=\"(max-width: 800px) 100vw, 800px\" \/><\/figure>\n<\/div>\n<\/div>\n\n\n\n<div class=\"wp-block-columns is-layout-flex wp-container-core-columns-is-layout-9d6595d7 wp-block-columns-is-layout-flex\">\n<div class=\"wp-block-column is-layout-flow wp-block-column-is-layout-flow\">\n<figure class=\"wp-block-image size-full\"><img decoding=\"async\" width=\"800\" height=\"800\" src=\"https:\/\/www.purecook.com\/wp-content\/uploads\/2025\/09\/specifications-of-5-piece-cookware-set-3.webp\" alt=\"5\ud53c\uc2a4 \ucfe1\uc6e8\uc5b4 \uc138\ud2b8 (3) \uc0ac\uc591\" class=\"wp-image-4749\" srcset=\"https:\/\/www.purecook.com\/wp-content\/uploads\/2025\/09\/specifications-of-5-piece-cookware-set-3.webp 800w, https:\/\/www.purecook.com\/wp-content\/uploads\/2025\/09\/specifications-of-5-piece-cookware-set-3-300x300.webp 300w, https:\/\/www.purecook.com\/wp-content\/uploads\/2025\/09\/specifications-of-5-piece-cookware-set-3-150x150.webp 150w, https:\/\/www.purecook.com\/wp-content\/uploads\/2025\/09\/specifications-of-5-piece-cookware-set-3-768x768.webp 768w, https:\/\/www.purecook.com\/wp-content\/uploads\/2025\/09\/specifications-of-5-piece-cookware-set-3-12x12.webp 12w, https:\/\/www.purecook.com\/wp-content\/uploads\/2025\/09\/specifications-of-5-piece-cookware-set-3-600x600.webp 600w, https:\/\/www.purecook.com\/wp-content\/uploads\/2025\/09\/specifications-of-5-piece-cookware-set-3-100x100.webp 100w\" sizes=\"(max-width: 800px) 100vw, 800px\" \/><\/figure>\n<\/div>\n\n\n\n<div class=\"wp-block-column is-layout-flow wp-block-column-is-layout-flow\">\n<figure class=\"wp-block-image size-full\"><img decoding=\"async\" width=\"800\" height=\"800\" src=\"https:\/\/www.purecook.com\/wp-content\/uploads\/2025\/09\/specifications-of-5-piece-cookware-set-4.webp\" alt=\"5\ud53c\uc2a4 \ucfe1\uc6e8\uc5b4 \uc138\ud2b8(4) \uc0ac\uc591\" class=\"wp-image-4750\" srcset=\"https:\/\/www.purecook.com\/wp-content\/uploads\/2025\/09\/specifications-of-5-piece-cookware-set-4.webp 800w, https:\/\/www.purecook.com\/wp-content\/uploads\/2025\/09\/specifications-of-5-piece-cookware-set-4-300x300.webp 300w, https:\/\/www.purecook.com\/wp-content\/uploads\/2025\/09\/specifications-of-5-piece-cookware-set-4-150x150.webp 150w, https:\/\/www.purecook.com\/wp-content\/uploads\/2025\/09\/specifications-of-5-piece-cookware-set-4-768x768.webp 768w, https:\/\/www.purecook.com\/wp-content\/uploads\/2025\/09\/specifications-of-5-piece-cookware-set-4-12x12.webp 12w, https:\/\/www.purecook.com\/wp-content\/uploads\/2025\/09\/specifications-of-5-piece-cookware-set-4-600x600.webp 600w, https:\/\/www.purecook.com\/wp-content\/uploads\/2025\/09\/specifications-of-5-piece-cookware-set-4-100x100.webp 100w\" sizes=\"(max-width: 800px) 100vw, 800px\" \/><\/figure>\n<\/div>\n<\/div>\n\n\n\n<div class=\"wp-block-columns is-layout-flex wp-container-core-columns-is-layout-9d6595d7 wp-block-columns-is-layout-flex\">\n<div class=\"wp-block-column is-layout-flow wp-block-column-is-layout-flow\">\n<figure class=\"wp-block-image size-full\"><img decoding=\"async\" width=\"800\" height=\"800\" src=\"https:\/\/www.purecook.com\/wp-content\/uploads\/2025\/09\/specifications-of-5-piece-cookware-set-5.webp\" alt=\"5\ud53c\uc2a4 \ucfe1\uc6e8\uc5b4 \uc138\ud2b8(5\uac1c) \uc0ac\uc591\" class=\"wp-image-4751\" srcset=\"https:\/\/www.purecook.com\/wp-content\/uploads\/2025\/09\/specifications-of-5-piece-cookware-set-5.webp 800w, https:\/\/www.purecook.com\/wp-content\/uploads\/2025\/09\/specifications-of-5-piece-cookware-set-5-300x300.webp 300w, https:\/\/www.purecook.com\/wp-content\/uploads\/2025\/09\/specifications-of-5-piece-cookware-set-5-150x150.webp 150w, https:\/\/www.purecook.com\/wp-content\/uploads\/2025\/09\/specifications-of-5-piece-cookware-set-5-768x768.webp 768w, https:\/\/www.purecook.com\/wp-content\/uploads\/2025\/09\/specifications-of-5-piece-cookware-set-5-12x12.webp 12w, https:\/\/www.purecook.com\/wp-content\/uploads\/2025\/09\/specifications-of-5-piece-cookware-set-5-600x600.webp 600w, https:\/\/www.purecook.com\/wp-content\/uploads\/2025\/09\/specifications-of-5-piece-cookware-set-5-100x100.webp 100w\" sizes=\"(max-width: 800px) 100vw, 800px\" \/><\/figure>\n<\/div>\n\n\n\n<div class=\"wp-block-column is-layout-flow wp-block-column-is-layout-flow\"><\/div>\n<\/div>","protected":false},"excerpt":{"rendered":"<p>\ub0b4\uad6c\uc131\uc774 \ub6f0\uc5b4\ub09c \uc2a4\ud14c\uc778\ub9ac\uc2a4 \uc2a4\ud2f8 5\ud53c\uc2a4 \ucfe1\uc6e8\uc5b4 \uc138\ud2b8\ub294 \uac00\uc815\uacfc \uc0c1\uc5c5\uc6a9 \uc8fc\ubc29 \ubaa8\ub450\uc5d0 \uc801\ud569\ud569\ub2c8\ub2e4. \ud45c\uba74\uc740 \uc804\uae30 \uc5f0\ub9c8 \ucc98\ub9ac\ub418\uc5b4 \uc804\ubb38\uc801\uc774\uace0 \uba54\ud0c8\ub9ad\ud55c \ub9c8\uac10\uc744 \uc120\uc0ac\ud569\ub2c8\ub2e4. \uc138\ucc99\uc774 \uac04\ud3b8\ud558\uace0 \uc2dd\uae30 \uc138\ucc99\uae30 \uc0ac\uc6a9\uc774 \uac00\ub2a5\ud569\ub2c8\ub2e4. \ube0c\ub79c\ub4dc \ub9de\ucda4\ud654\ub97c \uc9c0\uc6d0\ud558\uba70 \ub300\ub7c9 \uc8fc\ubb38\ub3c4 \uac00\ub2a5\ud569\ub2c8\ub2e4. \uae00\ub85c\ubc8c \ud2b8\ub808\uc774\ub354, \ub3c4\ub9e4\uc5c5\uccb4, \uc870\ub9ac\uae30\uad6c \ube0c\ub79c\ub4dc\ub294 \uc5b8\uc81c\ub4e0\uc9c0 \ubb38\uc758\ud574 \uc8fc\uc138\uc694.<\/p>\n<p>\ud4e8\uc5b4\ucfe1 <a href=\"https:\/\/www.purecook.com\/ko\/%ec%a0%9c%ed%92%88-%ec%b9%b4%ed%85%8c%ea%b3%a0%eb%a6%ac\/cookware\/\" target=\"_blank\" rel=\"noopener\"><strong>\uc870\ub9ac\uae30\uad6c \uc81c\uc870\uc5c5\uccb4<\/strong> <\/a>\ub294 \uacf5\uc7a5\ub3c4 \uac00\uaca9 \ubc0f OEM \ub9de\ucda4 \uc11c\ube44\uc2a4\ub97c \uc81c\uacf5\ud569\ub2c8\ub2e4. \ucd5c\uc801\uc758 \uacac\uc801\uc744 \uc6d0\ud558\uc2dc\uba74 \ubb38\uc758\ud558\uc138\uc694.<\/p>\n<h2>5\ud53c\uc2a4 \ucfe1\uc6e8\uc5b4 \uc138\ud2b8\uc758 \ud2b9\uc9d5 \ubc0f \uc7a5\uc810<\/h2>\n<p><strong>\ub0b4\uad6c\uc131:<\/strong> \uc2a4\ud14c\uc778\ub9ac\uc2a4 \uc2a4\ud2f8 \uc870\ub9ac\uae30\uad6c\ub294 \ub0b4\uc2dd\uc131\uacfc \ub0b4\uad6c\uc131\uc774 \ub6f0\uc5b4\ub0a9\ub2c8\ub2e4. \uc54c\ub8e8\ubbf8\ub284 \ubc0f \uae30\ud0c0 \uae08\uc18d\uacfc \ub2ec\ub9ac \uc2a4\ud14c\uc778\ub9ac\uc2a4 \uc2a4\ud2f8 \uc870\ub9ac\uae30\uad6c\ub294 \uace0\uc628\uc774\ub098 \uc7a6\uc740 \uc0ac\uc6a9\uc5d0\ub3c4 \ucc0c\uadf8\ub7ec\uc9c0\uac70\ub098 \ub4a4\ud2c0\ub9ac\uac70\ub098 \uae68\uc9c0\uc9c0 \uc54a\uc544 \uc218\uba85\uc774 \uae38\uc5b4\uc694.<\/p>\n<p><strong>\ube44\ubc18\uc751\uc131 \ud45c\uba74:<\/strong> \uc2a4\ud14c\uc778\ub9ac\uc2a4 \uc2a4\ud2f8 \uc870\ub9ac\uae30\uad6c\ub294 \uc0b0\uc131 \ub610\ub294 \uc54c\uce7c\ub9ac\uc131 \uc2dd\ud488\uacfc \ubc18\uc751\ud558\uc9c0 \uc54a\uc2b5\ub2c8\ub2e4. \uae08\uc18d \ub9db \uc5c6\uc774 \uc7ac\ub8cc \ubcf8\uc5f0\uc758 \ud48d\ubbf8\uac00 \ubcf4\uc874\ub429\ub2c8\ub2e4.<\/p>\n<p><strong>\uc644\ubcbd\ud55c \uc694\ub9ac \uc194\ub8e8\uc158:<\/strong> 5\ud53c\uc2a4 \ucfe1\uc6e8\uc5b4 \uc138\ud2b8\uc5d0\ub294 \ub2e4\uc591\ud55c \uc694\ub9ac\ub97c \ud560 \uc218 \uc788\ub294 \ub2e4\uc591\ud55c \ud06c\uae30\uc758 \uc2a4\ud1a1 \ub0c4\ube44\uc640 \uc218\ud504 \ub0c4\ube44\uac00 \ud3ec\ud568\ub418\uc5b4 \uc788\uc2b5\ub2c8\ub2e4.<\/p>\n<p><strong>\uc720\uc9c0 \uad00\ub9ac\uac00 \uac04\ud3b8\ud569\ub2c8\ub2e4:<\/strong> 5\ud53c\uc2a4 \ucfe1\uc6e8\uc5b4 \uc138\ud2b8\ub294 \uc2dd\uae30\uc138\ucc99\uae30 \uc0ac\uc6a9\uc774 \uac00\ub2a5\ud558\uba70, \uc798 \uc9c0\uc6cc\uc9c0\uc9c0 \uc54a\ub294 \uc794\uc5ec\ubb3c\uc740 \ub2f4\uac00\ub450\uac70\ub098 \uac00\ubccd\uac8c \ubb38\uc9c8\ub7ec\uc11c \uc81c\uac70\ud560 \uc218 \uc788\uc2b5\ub2c8\ub2e4. \uc790\uc8fc \uc0ac\uc6a9\ud574\ub3c4 \uc724\uae30 \uc788\uace0 \uc804\ubb38\uc801\uc778 \uc678\uad00\uc744 \uc720\uc9c0\ud560 \uc218 \uc788\uc2b5\ub2c8\ub2e4.<\/p>\n<p><strong>\ucca8\ub2e8 \uae30\uc220 \ubc0f \uc0dd\uc0b0 \ud504\ub85c\uc138\uc2a4:<\/strong> \uc120\ub3c4\uc801\uc778 \uc870\ub9ac\uae30\uad6c \uc81c\uc870\uc5c5\uccb4\uc778 \ub2f9\uc0ac\ub294 \uace0\uae09 \uc5f0\ub9c8 \uae30\uc220\uc744 \ud1b5\ud569\ud55c \ud6a8\uc728\uc801\uc774\uace0 \uc804\ubb38\uc801\uc778 \uc0dd\uc0b0 \ub77c\uc778\uc744 \ud65c\uc6a9\ud558\uc5ec \uc544\ub984\ub2f5\uace0 \uc0ac\uc6a9\ud558\uae30 \uc26c\uc6b4 \uc81c\ud488\uc744 \uc0dd\uc0b0\ud569\ub2c8\ub2e4. \ub300\ub7c9 \uc81c\ud488 \uacf5\uae09\uc774 \uac00\ub2a5\ud569\ub2c8\ub2e4.<\/p>","protected":false},"featured_media":4741,"comment_status":"closed","ping_status":"closed","template":"","meta":{"_acf_changed":false},"product_brand":[],"product_cat":[24,69,70],"product_tag":[],"class_list":{"0":"post-4740","1":"product","2":"type-product","3":"status-publish","4":"has-post-thumbnail","6":"product_cat-cookware","7":"product_cat-cookware-sets","8":"product_cat-soup-and-stock-pots","10":"first","11":"instock","12":"shipping-taxable","13":"product-type-simple"},"acf":[],"_links":{"self":[{"href":"https:\/\/www.purecook.com\/ko\/wp-json\/wp\/v2\/product\/4740","targetHints":{"allow":["GET"]}}],"collection":[{"href":"https:\/\/www.purecook.com\/ko\/wp-json\/wp\/v2\/product"}],"about":[{"href":"https:\/\/www.purecook.com\/ko\/wp-json\/wp\/v2\/types\/product"}],"replies":[{"embeddable":true,"href":"https:\/\/www.purecook.com\/ko\/wp-json\/wp\/v2\/comments?post=4740"}],"wp:featuredmedia":[{"embeddable":true,"href":"https:\/\/www.purecook.com\/ko\/wp-json\/wp\/v2\/media\/4741"}],"wp:attachment":[{"href":"https:\/\/www.purecook.com\/ko\/wp-json\/wp\/v2\/media?parent=4740"}],"wp:term":[{"taxonomy":"product_brand","embeddable":true,"href":"https:\/\/www.purecook.com\/ko\/wp-json\/wp\/v2\/product_brand?post=4740"},{"taxonomy":"product_cat","embeddable":true,"href":"https:\/\/www.purecook.com\/ko\/wp-json\/wp\/v2\/product_cat?post=4740"},{"taxonomy":"product_tag","embeddable":true,"href":"https:\/\/www.purecook.com\/ko\/wp-json\/wp\/v2\/product_tag?post=4740"}],"curies":[{"name":"wp","href":"https:\/\/api.w.org\/{rel}","templated":true}]}}