{"id":4891,"date":"2025-11-01T11:14:16","date_gmt":"2025-11-01T03:14:16","guid":{"rendered":"https:\/\/www.purecook.com\/?post_type=product&#038;p=4891"},"modified":"2025-11-01T11:39:10","modified_gmt":"2025-11-01T03:39:10","slug":"wholesale-3-piece-stainless-steel-mixing-bowl-set","status":"publish","type":"product","link":"https:\/\/www.purecook.com\/ko\/product\/wholesale-3-piece-stainless-steel-mixing-bowl-set\/","title":{"rendered":"\ub3c4\ub9e4 \uc2a4\ud14c\uc778\ub808\uc2a4 \uc2a4\ud2f8 \ubbf9\uc2f1\ubcfc, 3\ud53c\uc2a4 \uc2a4\ud0dd\ud615 \uc138\ud2b8"},"content":{"rendered":"<div class=\"wp-block-columns is-layout-flex wp-container-core-columns-is-layout-9d6595d7 wp-block-columns-is-layout-flex\">\n<div class=\"wp-block-column is-layout-flow wp-block-column-is-layout-flow\">\n<h3 class=\"wp-block-heading\">\ubbf9\uc2f1 \ubcfc \uc138\ud2b8\uc758 \ub9e4\uac1c\ubcc0\uc218<\/h3>\n\n\n\n<p><strong>Material:<\/strong> SUS#201<br><strong>\uc77c\ubc18 \ub450\uaed8:<\/strong> 0.5mm<br><strong>\uc0c9\uc0c1: <\/strong>\ubca0\uc774\uc9c0<br><strong>\ud504\ub85c\uc138\uc2a4:<\/strong> \uc678\ubd80 \uc138\ub77c\ubbf9 \ub3c4\uc7a5 \ubc0f \ub0b4\ubd80 \uc0cc\ub529<br><strong>\uc0ac\uc591: <\/strong>20\u00d79.7cm; 24\u00d710.8cm; 28\u00d712cm;<br><strong>\uc9c0\ub984 1:<\/strong>  20.4cm; 24.9cm; 28.9cm(\uc678\uacbd)<br><strong>\uc9c0\ub984 2: <\/strong>21.2; 25.2cm; 29.4cm(\uc804\ud658 \uc678\uacbd \ud3ec\ud568)<br><strong>\ub192\uc774:<\/strong> 9.7cm; 10.8cm; 12cm<br>\ubb34\uac8c: 235g; 330g; 405g<br><strong>\uc0c9\uc0c1 \uc0c1\uc790 \ud06c\uae30: <\/strong>29.6 \u00d7 12.5 \u00d7 29.4cm<br><strong>\uc678\ubd80 \uc0c1\uc790 \ud06c\uae30: <\/strong>64.5 \u00d7 31.5 \u00d7 62cm<br><strong>\uc21c\uc911\ub7c9\/\ucd1d\uc911\ub7c9:<\/strong> 12.2kg\/14.2kg<br><strong>\ud3ec\uc7a5 \uc218\ub7c9: <\/strong>10\uc138\ud2b8\/\ubc15\uc2a4<\/p>\n<\/div>\n\n\n\n<div class=\"wp-block-column is-layout-flow wp-block-column-is-layout-flow\">\n<h3 class=\"wp-block-heading\">\ub9de\ucda4\ud615 \ubbf9\uc2f1 \ubcfc \uc635\uc158<\/h3>\n\n\n\n<p><strong>\ub85c\uace0:<\/strong> \ube0c\ub79c\ub4dc \ub85c\uace0\ub85c \uc0ac\uc6a9\uc790 \uc9c0\uc815 \uac00\ub2a5<br><strong>\ud3ec\uc7a5:<\/strong>\u00a0\uceec\ub7ec \ubc15\uc2a4\/\uc0c1\uc790 \ub4f1<\/p>\n<\/div>\n<\/div>\n\n\n\n<div class=\"wp-block-columns is-layout-flex wp-container-core-columns-is-layout-9d6595d7 wp-block-columns-is-layout-flex\">\n<div class=\"wp-block-column is-layout-flow wp-block-column-is-layout-flow\">\n<figure class=\"wp-block-image size-full\"><img decoding=\"async\" width=\"800\" height=\"800\" src=\"https:\/\/www.purecook.com\/wp-content\/uploads\/2025\/11\/wholesale-stainless-steel-mixing-bowl-5.webp\" alt=\"\ub3c4\ub9e4 \uc2a4\ud14c\uc778\ub9ac\uc2a4 \uc2a4\ud2f8 \ubbf9\uc2f1\ubcfc (5)\" class=\"wp-image-4896\" srcset=\"https:\/\/www.purecook.com\/wp-content\/uploads\/2025\/11\/wholesale-stainless-steel-mixing-bowl-5.webp 800w, https:\/\/www.purecook.com\/wp-content\/uploads\/2025\/11\/wholesale-stainless-steel-mixing-bowl-5-300x300.webp 300w, https:\/\/www.purecook.com\/wp-content\/uploads\/2025\/11\/wholesale-stainless-steel-mixing-bowl-5-150x150.webp 150w, https:\/\/www.purecook.com\/wp-content\/uploads\/2025\/11\/wholesale-stainless-steel-mixing-bowl-5-768x768.webp 768w, https:\/\/www.purecook.com\/wp-content\/uploads\/2025\/11\/wholesale-stainless-steel-mixing-bowl-5-12x12.webp 12w, https:\/\/www.purecook.com\/wp-content\/uploads\/2025\/11\/wholesale-stainless-steel-mixing-bowl-5-600x600.webp 600w, https:\/\/www.purecook.com\/wp-content\/uploads\/2025\/11\/wholesale-stainless-steel-mixing-bowl-5-100x100.webp 100w\" sizes=\"(max-width: 800px) 100vw, 800px\" \/><\/figure>\n<\/div>\n\n\n\n<div class=\"wp-block-column is-layout-flow wp-block-column-is-layout-flow\">\n<figure class=\"wp-block-image size-full\"><img decoding=\"async\" width=\"800\" height=\"800\" src=\"https:\/\/www.purecook.com\/wp-content\/uploads\/2025\/11\/wholesale-stainless-steel-mixing-bowl-6.webp\" alt=\"\ub3c4\ub9e4 \uc2a4\ud14c\uc778\ub9ac\uc2a4 \uc2a4\ud2f8 \ubbf9\uc2f1\ubcfc (6)\" class=\"wp-image-4897\" srcset=\"https:\/\/www.purecook.com\/wp-content\/uploads\/2025\/11\/wholesale-stainless-steel-mixing-bowl-6.webp 800w, https:\/\/www.purecook.com\/wp-content\/uploads\/2025\/11\/wholesale-stainless-steel-mixing-bowl-6-300x300.webp 300w, https:\/\/www.purecook.com\/wp-content\/uploads\/2025\/11\/wholesale-stainless-steel-mixing-bowl-6-150x150.webp 150w, https:\/\/www.purecook.com\/wp-content\/uploads\/2025\/11\/wholesale-stainless-steel-mixing-bowl-6-768x768.webp 768w, https:\/\/www.purecook.com\/wp-content\/uploads\/2025\/11\/wholesale-stainless-steel-mixing-bowl-6-12x12.webp 12w, https:\/\/www.purecook.com\/wp-content\/uploads\/2025\/11\/wholesale-stainless-steel-mixing-bowl-6-600x600.webp 600w, https:\/\/www.purecook.com\/wp-content\/uploads\/2025\/11\/wholesale-stainless-steel-mixing-bowl-6-100x100.webp 100w\" sizes=\"(max-width: 800px) 100vw, 800px\" \/><\/figure>\n<\/div>\n<\/div>\n\n\n\n<div class=\"wp-block-columns is-layout-flex wp-container-core-columns-is-layout-9d6595d7 wp-block-columns-is-layout-flex\">\n<div class=\"wp-block-column is-layout-flow wp-block-column-is-layout-flow\"><\/div>\n\n\n\n<div class=\"wp-block-column is-layout-flow wp-block-column-is-layout-flow\"><\/div>\n<\/div>","protected":false},"excerpt":{"rendered":"<p>\ub3c4\ub9e4 \ubbf9\uc2f1\ubcfc \uad6c\ub9e4\ub97c \ud658\uc601\ud569\ub2c8\ub2e4. \uc8fc\uc694 \ud2b9\uc9d5\uc73c\ub85c\ub294 \uc815\ud655\ud55c \uc7ac\ub8cc \uce21\uc815\uc744 \uc704\ud55c \ub0b4\ubd80 \ub208\uae08\uacfc \uc561\uccb4\uc640 \ubc18\uc8fd\uc744 \uc27d\uac8c \ub530\ub97c \uc218 \uc788\ub294 \ud3b8\ub9ac\ud55c \ub530\ub974\ub294 \uc8fc\ub465\uc774\uac00 \uc788\uc2b5\ub2c8\ub2e4. \uc774 \uc2dc\ub9ac\uc988\ub294 \uc644\ubcbd\ud55c \uc801\uc7ac\uc640 \uacf5\uac04 \uc808\uc57d\ud615 \ub514\uc790\uc778\uc744 \uc704\ud574 \uc138 \uac00\uc9c0 \ud06c\uae30\ub85c \uc81c\uacf5\ub429\ub2c8\ub2e4. \ub3c4\ub9e4 \uac00\uaca9\uc740 \ubb38\uc758\ud558\uc138\uc694.<\/p>\n<h2>\uc2a4\ud14c\uc778\ub9ac\uc2a4 \uc2a4\ud2f8 \ubbf9\uc2f1\ubcfc\uc758 \ud2b9\uc9d5<\/h2>\n<p><strong>\uc138\ub828\ub418\uace0 \uc2e4\uc6a9\uc801\uc778 \ub514\uc790\uc778:<\/strong> \uc138\ub77c\ubbf9 \uceec\ub7ec \ucf54\ud305\uc774 \uc801\uc6a9\ub41c \uc138\ub828\ub418\uace0 \ubaa8\ub358\ud55c \ub514\uc790\uc778\uc758 \ub3c4\ub9e4 \ubbf9\uc2f1\ubcfc\uc740 \uc74c\uc2dd \uc900\ube44\uc640 \uc11c\ube59 \ubaa8\ub450\uc5d0 \ub9e4\ub825\uc801\uc778 \uc81c\ud488\uc785\ub2c8\ub2e4.<\/p>\n<p><strong>\ub0b4\uad6c\uc131\uc774 \ub6f0\uc5b4\ub098\uace0 \uc2dd\ud488\uc5d0 \uc548\uc804\ud55c \uc18c\uc7ac:<\/strong> \ub3c4\ub9e4 \ubbf9\uc2f1\ubcfc\uc758 \ub0b4\ubd80 \uc548\uac10\uc740 \ub179\uc774 \uc2ac\uc9c0 \uc54a\uace0 \ubc18\uc751\uc131\uc774 \uc5c6\ub294 \uc2a4\ud14c\uc778\ub9ac\uc2a4 \uc2a4\ud2f8\ub85c \ub9cc\ub4e4\uc5b4\uc838 \ub2e4\uc591\ud55c \uc74c\uc2dd\uc744 \uc11e\uc744 \ub54c \uc548\uc804\ud569\ub2c8\ub2e4.<\/p>\n<p><strong>\uac04\ud3b8\ud55c \ub530\ub974\uae30 \uc2a4\ud30c\uc6b0\ud2b8:<\/strong> \uac01 \uadf8\ub987\uc5d0\ub294 \ud14c\ub450\ub9ac\uc5d0 \ub530\ub974\ub294 \uc8fc\ub465\uc774\uac00 \uc788\uc5b4 \ubc18\uc8fd, \uc18c\uc2a4 \ub610\ub294 \uc561\uccb4\ub97c \uc5c9\ub9dd\uc73c\ub85c \ub9cc\ub4e4\uc9c0 \uc54a\uace0 \uc870\uc808\ud574\uc11c \ub530\ub97c \uc218 \uc788\uc2b5\ub2c8\ub2e4.<\/p>\n<p><strong>\ud3b8\ub9ac\ud55c \ub0b4\uc7a5\ud615 \uc878\uc5c5\uc2dd:<\/strong> \uadf8\ub987 \uc548\ucabd\uc5d0\ub294 \ub208\uae08\uc774 \ud45c\uc2dc\ub418\uc5b4 \uc788\uc5b4 \uc561\uccb4\ub97c \ub123\uc744 \ub54c \ubcc4\ub3c4\uc758 \uacc4\ub7c9\ucef5\uc774 \ud544\uc694 \uc5c6\uc5b4 \uc2dc\uac04\uc744 \uc808\uc57d\ud558\uace0 \uc694\ub9ac\uc640 \ubca0\uc774\ud0b9\uc744 \uac04\ud3b8\ud558\uac8c \ud560 \uc218 \uc788\uc2b5\ub2c8\ub2e4.<\/p>\n<p><strong>\uacf5\uac04 \uc808\uc57d\ud615 \ub124\uc2a4\ud305 \ub514\uc790\uc778:<\/strong> \uc774 \uc138\ud2b8\uc5d0\ub294 \ub2e4\uc591\ud55c \uc0ac\uc774\uc988\uac00 \ud3ec\ud568\ub418\uc5b4 \uc788\uc73c\uba70 \uc644\ubcbd\ud558\uac8c \uc911\ucca9 \uac00\ub2a5\ud55c \ub514\uc790\uc778\uc73c\ub85c \uc18c\uc911\ud55c \uce90\ube44\ub2db \uacf5\uac04\uc744 \uc808\uc57d\ud560 \uc218 \uc788\uc2b5\ub2c8\ub2e4.<\/p>\n<p><strong>\ub2e4\uc6a9\ub3c4\uc131:<\/strong> \uc774 \uadf8\ub987\uc740 \ubca0\uc774\ud0b9 \ubc18\uc8fd\uc744 \uc11e\uac70\ub098 \ub2ec\uac40\uc744 \uce58\uac70\ub098 \uc0d0\ub7ec\ub4dc\ub97c \uc11e\uac70\ub098 \uace0\uae30\ub97c \uc7ac\uc6b0\uac70\ub098 \ub2e8\uc21c\ud788 \uc74c\uc2dd\uc744 \ub2f4\ub294 \ub4f1 \ub2e4\uc591\ud55c \uc8fc\ubc29 \uc791\uc5c5\uc5d0 \uc801\ud569\ud569\ub2c8\ub2e4.<\/p>","protected":false},"featured_media":4892,"comment_status":"closed","ping_status":"closed","template":"","meta":{"_acf_changed":false},"product_brand":[],"product_cat":[52,90],"product_tag":[],"class_list":{"0":"post-4891","1":"product","2":"type-product","3":"status-publish","4":"has-post-thumbnail","6":"product_cat-kitchen-utensils","7":"product_cat-mixing-bowl","9":"first","10":"instock","11":"shipping-taxable","12":"product-type-simple"},"acf":[],"_links":{"self":[{"href":"https:\/\/www.purecook.com\/ko\/wp-json\/wp\/v2\/product\/4891","targetHints":{"allow":["GET"]}}],"collection":[{"href":"https:\/\/www.purecook.com\/ko\/wp-json\/wp\/v2\/product"}],"about":[{"href":"https:\/\/www.purecook.com\/ko\/wp-json\/wp\/v2\/types\/product"}],"replies":[{"embeddable":true,"href":"https:\/\/www.purecook.com\/ko\/wp-json\/wp\/v2\/comments?post=4891"}],"wp:featuredmedia":[{"embeddable":true,"href":"https:\/\/www.purecook.com\/ko\/wp-json\/wp\/v2\/media\/4892"}],"wp:attachment":[{"href":"https:\/\/www.purecook.com\/ko\/wp-json\/wp\/v2\/media?parent=4891"}],"wp:term":[{"taxonomy":"product_brand","embeddable":true,"href":"https:\/\/www.purecook.com\/ko\/wp-json\/wp\/v2\/product_brand?post=4891"},{"taxonomy":"product_cat","embeddable":true,"href":"https:\/\/www.purecook.com\/ko\/wp-json\/wp\/v2\/product_cat?post=4891"},{"taxonomy":"product_tag","embeddable":true,"href":"https:\/\/www.purecook.com\/ko\/wp-json\/wp\/v2\/product_tag?post=4891"}],"curies":[{"name":"wp","href":"https:\/\/api.w.org\/{rel}","templated":true}]}}