{"id":5785,"date":"2026-04-14T17:18:47","date_gmt":"2026-04-14T09:18:47","guid":{"rendered":"https:\/\/www.purecook.com\/?post_type=product&#038;p=5785"},"modified":"2026-04-14T18:10:41","modified_gmt":"2026-04-14T10:10:41","slug":"wholesale-high-quality-retro-stainless-steel-serving-plate","status":"publish","type":"product","link":"https:\/\/www.purecook.com\/ko\/product\/wholesale-high-quality-retro-stainless-steel-serving-plate\/","title":{"rendered":"Wholesale High-quality Retro-style Stainless Steel Serving Plate"},"content":{"rendered":"<div class=\"wp-block-columns is-layout-flex wp-container-core-columns-is-layout-9d6595d7 wp-block-columns-is-layout-flex\">\n<div class=\"wp-block-column is-layout-flow wp-block-column-is-layout-flow\">\n<h3 class=\"wp-block-heading\">\ub808\ud2b8\ub85c \uc2a4\ud0c0\uc77c \uc2a4\ud14c\uc778\ub9ac\uc2a4 \uac15\ud310 \ub9e4\uac1c\ubcc0\uc218<\/h3>\n\n\n\n<p><strong>Material:<\/strong> 304 \uc2a4\ud14c\uc778\ub9ac\uc2a4 \uc2a4\ud2f8<br><strong>\uc77c\ubc18 \ub450\uaed8<\/strong>: 0.8 \/ 1 \/ 1.1mm<br><strong>\ub85c\uace0: <\/strong>\uc2a4\ud06c\ub9b0 \uc778\uc1c4 \/ \ub808\uc774\uc800 \uac01\uc778 \/ \uc5e0\ubcf4\uc2f1 \uc2a4\ud0ec\ud504<br><strong>\ud06c\uae30: <\/strong><br>23 \u00d7 13.5 \u00d7 1.5 cm<br>27 \u00d7 15 \u00d7 1.5 cm<br>33 \u00d7 16.5 \u00d7 1.5 cm<br>37 \u00d7 20 \u00d7 1.5 cm<br>41 \u00d7 23 \u00d7 1.5 cm<br>45 \u00d7 25.5 \u00d7 1.7 cm<br>49 \u00d7 28.5 \u00d7 1.9 cm<br><strong>\ucd1d \uc911\ub7c9: <\/strong>1.2kg \ubbf8\ub9cc<\/p>\n<\/div>\n\n\n\n<div class=\"wp-block-column is-layout-flow wp-block-column-is-layout-flow\">\n<h3 class=\"wp-block-heading\">\ub9de\ucda4 \uc8fc\ubc29\uc6a9\ud488 \uc635\uc158<\/h3>\n\n\n\n<p><strong>\ub85c\uace0:<\/strong> \ube0c\ub79c\ub4dc \ub85c\uace0\ub85c \uc0ac\uc6a9\uc790 \uc9c0\uc815 \uac00\ub2a5<br><strong>\ud3ec\uc7a5:<\/strong>&nbsp;\uceec\ub7ec \ubc15\uc2a4\/\uc0c1\uc790 \ub4f1<\/p>\n<\/div>\n<\/div>\n\n\n\n<div class=\"wp-block-columns is-layout-flex wp-container-core-columns-is-layout-9d6595d7 wp-block-columns-is-layout-flex\">\n<div class=\"wp-block-column is-layout-flow wp-block-column-is-layout-flow\"><\/div>\n\n\n\n<div class=\"wp-block-column is-layout-flow wp-block-column-is-layout-flow\"><\/div>\n<\/div>","protected":false},"excerpt":{"rendered":"<p>These wholesale stainless steel serving plates feature an aged finish with a matte, non-reflective surface that hides fingerprints and scratches better than traditional mirror-polished steel. Their unique look and durability make them ideal for high-traffic environments such as cafes, bars, and pubs, as well as rugged outdoor settings like campsites or campground resorts.<\/p>\n<h2>\ub808\ud2b8\ub85c \uc2a4\ud0c0\uc77c\uc758 \uc2a4\ud14c\uc778\ub9ac\uc2a4 \uc2a4\ud2f8 \ud50c\ub808\uc774\ud2b8 \ud2b9\uc9d5<\/h2>\n<p><strong>Unique Aesthetic Finish:<\/strong> The matte, distressed finish gives these serving plates a sophisticated industrial look, perfectly complementing modern interior design and outdoor aesthetics.<\/p>\n<p><strong>Optimized Space-Saving Design:<\/strong> These trays feature a tapered, stackable geometry designed for maximum efficiency in storage and transport.<\/p>\n<p><strong>Versatile Applications:<\/strong> These stackable serving plates are ideal for restaurant settings, serving appetizers, fries, chicken nuggets, and more. Their robust design also makes them perfect for the outdoor and camping markets.<\/p>\n<p><strong>Two Classic Colors:<\/strong> Available in matte silver and elegant gold, this collection is designed for modern dining tables, combining minimalist aesthetics with practicality to enhance the overall dining experience and visual appeal.<\/p>\n<p>&nbsp;<\/p>\n<p>\n<script src=\"chrome-extension:\/\/fpelahbljekknahkcaegamhcndkfpfnc\/iFrame.js\" type=\"text\/javascript\"><\/script><\/p>","protected":false},"featured_media":5786,"comment_status":"closed","ping_status":"closed","template":"","meta":{"_acf_changed":false},"product_brand":[],"product_cat":[51,55],"product_tag":[],"class_list":{"0":"post-5785","1":"product","2":"type-product","3":"status-publish","4":"has-post-thumbnail","6":"product_cat-dinnerware","7":"product_cat-dish-and-plate","9":"first","10":"instock","11":"shipping-taxable","12":"product-type-simple"},"acf":[],"_links":{"self":[{"href":"https:\/\/www.purecook.com\/ko\/wp-json\/wp\/v2\/product\/5785","targetHints":{"allow":["GET"]}}],"collection":[{"href":"https:\/\/www.purecook.com\/ko\/wp-json\/wp\/v2\/product"}],"about":[{"href":"https:\/\/www.purecook.com\/ko\/wp-json\/wp\/v2\/types\/product"}],"replies":[{"embeddable":true,"href":"https:\/\/www.purecook.com\/ko\/wp-json\/wp\/v2\/comments?post=5785"}],"wp:featuredmedia":[{"embeddable":true,"href":"https:\/\/www.purecook.com\/ko\/wp-json\/wp\/v2\/media\/5786"}],"wp:attachment":[{"href":"https:\/\/www.purecook.com\/ko\/wp-json\/wp\/v2\/media?parent=5785"}],"wp:term":[{"taxonomy":"product_brand","embeddable":true,"href":"https:\/\/www.purecook.com\/ko\/wp-json\/wp\/v2\/product_brand?post=5785"},{"taxonomy":"product_cat","embeddable":true,"href":"https:\/\/www.purecook.com\/ko\/wp-json\/wp\/v2\/product_cat?post=5785"},{"taxonomy":"product_tag","embeddable":true,"href":"https:\/\/www.purecook.com\/ko\/wp-json\/wp\/v2\/product_tag?post=5785"}],"curies":[{"name":"wp","href":"https:\/\/api.w.org\/{rel}","templated":true}]}}