{"id":843,"date":"2025-07-26T17:11:17","date_gmt":"2024-04-12T09:11:06","guid":{"rendered":"https:\/\/purecook.com\/?post_type=product&#038;p=843"},"modified":"2025-11-24T15:03:56","modified_gmt":"2025-11-24T07:03:56","slug":"wholesale-custom-mini-alcohol-stove","status":"publish","type":"product","link":"https:\/\/www.purecook.com\/ko\/product\/wholesale-custom-mini-alcohol-stove\/","title":{"rendered":"\uc54c\ucf54\uc62c \uc5f0\ub8cc\ub97c \uc0ac\uc6a9\ud558\ub294 \ubb3c\ub9ac\uc801 \ub17c\uc2a4\ud2f1 \ud45c\uba74\uc744 \ud2b9\uc9d5\uc73c\ub85c\ud558\ub294 \ub3c4\ub9e4 \ubbf8\ub2c8 \ubc14\ubca0\ud050 \uadf8\ub9b4"},"content":{"rendered":"<div class=\"wp-block-columns is-layout-flex wp-container-core-columns-is-layout-9d6595d7 wp-block-columns-is-layout-flex\">\n<div class=\"wp-block-column is-layout-flow wp-block-column-is-layout-flow\">\n<h3 class=\"wp-block-heading\">\ubbf8\ub2c8 \ubc14\ubca0\ud050 \uadf8\ub9b4\uc758 \ub9e4\uac1c \ubcc0\uc218<\/h3>\n\n\n\n<p><strong>\ubaa8\ub378 \ubc88\ud638: Marina<\/strong><br><strong>Material:<\/strong> \uc2a4\ud14c\uc778\ub9ac\uc2a4 \uc2a4\ud2f8<br><strong>\ubca0\uc774\ud0b9 \ud32c:<\/strong> 2mm 3\uc911 \uc2a4\ud14c\uc778\ub9ac\uc2a4 \uc2a4\ud2f8<br>(SS304+ALU+SS430) <br>\ud718\ud2b8\ud3ec\ub4dc \uc790\uc77c\ub780 \ud50c\ub7ec\uc2a4 \uc218\uc131 \ucf54\ud305 \uc0ac\uc6a9<br><strong>\uc2a4\ud1a0\ube0c: <\/strong>0.5mm SUS 201<br><strong>Base:<\/strong> 15mm \ub108\ub3c4\ubc24\ub098\ubb34<br><strong>\uc720\ud615:<\/strong> 8\/9cm \ub192\uc774<\/p>\n\n\n\n<ul class=\"wp-block-list\">\n<li><strong>\uc720\ud6151<\/strong><br>\ubb34\uac8c:<strong> <\/strong>600g<br>\ubca0\uc774\ud0b9 \ud32c: 19.6\u00d717.4\u00d72.4cm<br>\uc2a4\ud1a0\ube0c \ubca0\uc774\uc2a4:<strong> <\/strong>13.2\u00d713.2\u00d78.2cm<br><strong>Base: <\/strong>13\u00d713\u00d71.5cm<\/li>\n\n\n\n<li><strong>\uc720\ud6152<\/strong><br>\ubb34\uac8c:<strong> <\/strong>675g<br>\ubca0\uc774\ud0b9 \ud32c: 19.6\u00d717.4\u00d72.4cm<br>\uc2a4\ud1a0\ube0c \ubca0\uc774\uc2a4: 13.2\u00d713.2\u00d79.5cm<br>Base: 13\u00d713\u00d71.5cm<\/li>\n<\/ul>\n<\/div>\n\n\n\n<div class=\"wp-block-column is-layout-flow wp-block-column-is-layout-flow\">\n<h3 class=\"wp-block-heading\">\ub9de\ucda4\ud615 \ubbf8\ub2c8 \ubc14\ubca0\ud050 \uadf8\ub9b4<\/h3>\n\n\n\n<p>\ubb34\uc81c\ud55c \ub9de\ucda4 \uc124\uc815 \uc635\uc158\uacfc \ud601\uc2e0\uc801\uc778 \uae30\ub2a5\uc744 \ud1b5\ud574 \ucf00\uc774\ud130\ub9c1 \ube44\uc988\ub2c8\uc2a4\uc758 \uc218\uc900\uc744 \ub192\uc5ec\ubcf4\uc138\uc694. <br>\uc720\ud615: \uc720\ud6151 \/ \uc720\ud6152<br>\ud328\ud0a4\uc9c0: \uceec\ub7ec \ubc15\uc2a4\/\ud310\uc9c0 \ub4f1<br><strong><a href=\"https:\/\/www.purecook.com\/ko\/custom-solution\/\" target=\"_blank\" rel=\"noreferrer noopener\">OEM &amp; ODM \ub9de\ucda4\ud615 \ubc14\ubca0\ud050 \uadf8\ub9b4 \uc194\ub8e8\uc158 <\/a><\/strong><\/p>\n<\/div>\n<\/div>\n\n\n\n<div class=\"wp-block-columns is-layout-flex wp-container-core-columns-is-layout-9d6595d7 wp-block-columns-is-layout-flex\">\n<div class=\"wp-block-column is-layout-flow wp-block-column-is-layout-flow\">\n<figure class=\"wp-block-image size-full\"><img decoding=\"async\" width=\"800\" height=\"800\" src=\"https:\/\/www.purecook.com\/wp-content\/uploads\/2024\/04\/wholesale-mini-bbq-grills-1.webp\" alt=\"\ub3c4\ub9e4 \ubbf8\ub2c8 \ubc14\ubca0\ud050 \uadf8\ub9b4 (1)\" class=\"wp-image-4201\" srcset=\"https:\/\/www.purecook.com\/wp-content\/uploads\/2024\/04\/wholesale-mini-bbq-grills-1.webp 800w, https:\/\/www.purecook.com\/wp-content\/uploads\/2024\/04\/wholesale-mini-bbq-grills-1-300x300.webp 300w, https:\/\/www.purecook.com\/wp-content\/uploads\/2024\/04\/wholesale-mini-bbq-grills-1-150x150.webp 150w, https:\/\/www.purecook.com\/wp-content\/uploads\/2024\/04\/wholesale-mini-bbq-grills-1-768x768.webp 768w, https:\/\/www.purecook.com\/wp-content\/uploads\/2024\/04\/wholesale-mini-bbq-grills-1-12x12.webp 12w, https:\/\/www.purecook.com\/wp-content\/uploads\/2024\/04\/wholesale-mini-bbq-grills-1-600x600.webp 600w, https:\/\/www.purecook.com\/wp-content\/uploads\/2024\/04\/wholesale-mini-bbq-grills-1-100x100.webp 100w\" sizes=\"(max-width: 800px) 100vw, 800px\" \/><\/figure>\n<\/div>\n\n\n\n<div class=\"wp-block-column is-layout-flow wp-block-column-is-layout-flow\">\n<figure class=\"wp-block-image size-full\"><img decoding=\"async\" width=\"800\" height=\"800\" src=\"https:\/\/www.purecook.com\/wp-content\/uploads\/2024\/04\/wholesale-mini-bbq-grills-3.webp\" alt=\"\ub3c4\ub9e4 \ubbf8\ub2c8 \ubc14\ubca0\ud050 \uadf8\ub9b4 (3)\" class=\"wp-image-4203\" srcset=\"https:\/\/www.purecook.com\/wp-content\/uploads\/2024\/04\/wholesale-mini-bbq-grills-3.webp 800w, https:\/\/www.purecook.com\/wp-content\/uploads\/2024\/04\/wholesale-mini-bbq-grills-3-300x300.webp 300w, https:\/\/www.purecook.com\/wp-content\/uploads\/2024\/04\/wholesale-mini-bbq-grills-3-150x150.webp 150w, https:\/\/www.purecook.com\/wp-content\/uploads\/2024\/04\/wholesale-mini-bbq-grills-3-768x768.webp 768w, https:\/\/www.purecook.com\/wp-content\/uploads\/2024\/04\/wholesale-mini-bbq-grills-3-12x12.webp 12w, https:\/\/www.purecook.com\/wp-content\/uploads\/2024\/04\/wholesale-mini-bbq-grills-3-600x600.webp 600w, https:\/\/www.purecook.com\/wp-content\/uploads\/2024\/04\/wholesale-mini-bbq-grills-3-100x100.webp 100w\" sizes=\"(max-width: 800px) 100vw, 800px\" \/><\/figure>\n<\/div>\n<\/div>","protected":false},"excerpt":{"rendered":"<p>\ub3c4\ub9e4 \ubbf8\ub2c8 \ubc14\ubca0\ud050 \uadf8\ub9b4. \ubbf8\ub2c8 \ubc14\ubca0\ud050 \uadf8\ub9b4\uc740 \uc2a4\ud14c\uc778\ub9ac\uc2a4 \uc2a4\ud2f8 \ubca0\uc774\uc2a4, \ub108\ub3c4\ubc24\ub098\ubb34 \ud2b8\ub808\uc774 \ubc0f \ubb3c\ub9ac\uc801 \ub17c\uc2a4\ud2f1 \ud45c\uba74\uc744 \uc0ac\uc6a9\ud569\ub2c8\ub2e4. 1\uc778 \uc2dd\uc0ac, \uc0ac\uad50 \ubaa8\uc784 \ubc0f \uc57c\uc678 \ud65c\ub3d9\uc5d0 \uc801\ud569\ud569\ub2c8\ub2e4. \ucd5c\uc18c\ud55c\uc758 \uae30\ub984\uacfc \ub0ae\uc740 \uc5f0\uae30\ub85c \uc0ac\uc6a9\uc790\uc5d0\uac8c \uace0\ud488\uc9c8\uc758 \uc694\ub9ac \uacbd\ud5d8\uc744 \uc81c\uacf5\ud569\ub2c8\ub2e4. \uacf5\uc7a5 \uc9c1\uc811 \ud310\ub9e4, \ub3c4\ub9e4 \uac00\uaca9 \uacf5\uae09, \uc800\ud76c\uc5d0\uac8c \uc5f0\ub77d\uc744 \ud658\uc601\ud569\ub2c8\ub2e4.<\/p>\n<h3>\ubbf8\ub2c8 \ubc14\ubca0\ud050 \uadf8\ub9b4\uc758 \ud2b9\uc9d5 \ubc0f \uc7a5\uc810<\/h3>\n<p><strong>\uce94\uc5d0 \ub2f4\uae34 \uc54c\ucf54\uc62c \uc5f0\ub8cc:<\/strong> \ubbf8\ub2c8 \ubc14\ube44\ud050 \uadf8\ub9b4\uc740 \uc54c\ucf54\uc62c \uc5f0\ub8cc\ub97c \uc0ac\uc6a9\ud558\uc5ec \uc9d1\uc911\uc801\uc774\uace0 \uc548\uc815\uc801\uc778 \uc5f4\uc744 \uc81c\uacf5\ud558\uace0 \uc5f0\uae30\uac00 \uac70\uc758 \ub098\uc9c0 \uc54a\uc544 \uace0\uae30\ub97c \uad7d\uae30\uc5d0 \uc801\ud569\ud569\ub2c8\ub2e4.<\/p>\n<p><strong>\ubb3c\ub9ac\uc801 \ub17c\uc2a4\ud2f1:<\/strong> \ubbf8\ub2c8 \ubc14\ube44\ud050 \uadf8\ub9b4\uc740 \ub3c5\ud2b9\ud55c \uc0dd\uc120 \ube44\ub298 \uc9c8\uac10\uc758 \ub17c\uc2a4\ud2f1 \ud45c\uba74\uc73c\ub85c \uc870\ub9ac \uc2dc \uc18c\ub7c9\uc758 \uae30\ub984\ub9cc \uc788\uc73c\uba74 \uc74c\uc2dd\uc774 \uadf8\ub9b4 \ud45c\uba74\uc5d0 \ub2ec\ub77c\ubd99\uc744 \uac71\uc815 \uc5c6\uc774 \uc804\ubb38\uc801\uc778 \uad6c\uc774 \uacbd\ud5d8\uc744 \uc990\uae38 \uc218 \uc788\uc2b5\ub2c8\ub2e4.<\/p>\n<p><strong>\ud734\ub300\uc131\uacfc \ub2e4\uc6a9\ub3c4\uc131:<\/strong> \uc774 \ubbf8\ub2c8 \ubc14\ubca0\ud050 \uadf8\ub9b4\uc740 \uc791\uace0 \ud734\ub300\uac00 \uac04\ud3b8\ud558\uba70 \uac00\uc815 \ubc0f \uc0c1\uc5c5\uc6a9\uc73c\ub85c \uc801\ud569\ud55c 1\uc778\uc6a9 \uc694\ub9ac\uc5d0 \uac00\uc7a5 \uc801\ud569\ud55c \uc81c\ud488\uc785\ub2c8\ub2e4.<\/p>\n<p><strong>\uc190\uc26c\uc6b4 \uccad\uc18c:<\/strong> \uc774 \ubbf8\ub2c8 \ubc14\ubca0\ud050 \uadf8\ub9b4\uc740 \ubd84\ub9ac\ud615 \uadf8\ub9b4 \ud50c\ub808\uc774\ud2b8, \uc5f0\ub8cc \ud0f1\ud06c \ubc0f \ubc1b\uce68\ub300\uac00 \uc788\ub294 \ubd84\ub9ac\ud615 \ub514\uc790\uc778\uc744 \ucc44\ud0dd\ud558\uc5ec \uc0ac\uc6a9 \ud6c4 \uccad\uc18c \ubc0f \ubcf4\uad00\uc774 \ub9e4\uc6b0 \ud3b8\ub9ac\ud569\ub2c8\ub2e4.<\/p>\n<p><strong>\uc591\uba74 \ud578\ub4e4:<\/strong> \uc774 \ubbf8\ub2c8 \ubc14\ube44\ud050 \uadf8\ub9b4\uc740 \uc591\uba74 \uc190\uc7a1\uc774\uac00 \uc7a5\ucc29\ub418\uc5b4 \uc788\uc5b4 \ud734\ub300\uc640 \uc870\uc791\uc774 \uac04\ud3b8\ud558\uace0 \uace0\uc628 \uc601\uc5ed\uc5d0 \uc9c1\uc811 \ub2ff\uc9c0 \uc54a\uc73c\uba70 \uc0ac\uc6a9 \uc911 \ubcf4\ub2e4 \uc548\uc804\ud55c \uc791\ub3d9 \ubc29\ubc95\uc744 \uc81c\uacf5\ud569\ub2c8\ub2e4.<\/p>\n<p><strong>\ub300\ub7c9 \ubc14\ubca0\ud050 \uadf8\ub9b4 \uacf5\uae09:<\/strong> \ud4e8\uc5b4\ucfe1\uc740 \ub300\uaddc\ubaa8 \ud589\uc0ac, \uc18c\ub9e4 \uc720\ud1b5 \ubc0f \ub3c4\ub9e4 \uc2dc\uc7a5\uc758 \uc694\uad6c\ub97c \ucda9\uc871\ud558\uae30 \uc704\ud574 \uacbd\uc7c1\ub825 \uc788\ub294 \uacf5\uc7a5 \uacac\uc801\uc73c\ub85c \ub300\ub7c9 \uc0dd\uc0b0\ub41c \ubc14\ubca0\ud050 \uadf8\ub9b4\uc744 \uc81c\uacf5\ud569\ub2c8\ub2e4.<\/p>","protected":false},"featured_media":4209,"comment_status":"open","ping_status":"closed","template":"","meta":{"_acf_changed":false},"product_brand":[],"product_cat":[27,109],"product_tag":[97,98,96],"class_list":{"0":"post-843","1":"product","2":"type-product","3":"status-publish","4":"has-post-thumbnail","6":"product_cat-bakeware","7":"product_cat-mini-bbq-grill","8":"product_tag-wholesale-commercial-cookware","9":"product_tag-wholesale-home-cookware","10":"product_tag-wholesale-outdoor-cookware","12":"first","13":"instock","14":"shipping-taxable","15":"product-type-simple"},"acf":[],"_links":{"self":[{"href":"https:\/\/www.purecook.com\/ko\/wp-json\/wp\/v2\/product\/843","targetHints":{"allow":["GET"]}}],"collection":[{"href":"https:\/\/www.purecook.com\/ko\/wp-json\/wp\/v2\/product"}],"about":[{"href":"https:\/\/www.purecook.com\/ko\/wp-json\/wp\/v2\/types\/product"}],"replies":[{"embeddable":true,"href":"https:\/\/www.purecook.com\/ko\/wp-json\/wp\/v2\/comments?post=843"}],"wp:featuredmedia":[{"embeddable":true,"href":"https:\/\/www.purecook.com\/ko\/wp-json\/wp\/v2\/media\/4209"}],"wp:attachment":[{"href":"https:\/\/www.purecook.com\/ko\/wp-json\/wp\/v2\/media?parent=843"}],"wp:term":[{"taxonomy":"product_brand","embeddable":true,"href":"https:\/\/www.purecook.com\/ko\/wp-json\/wp\/v2\/product_brand?post=843"},{"taxonomy":"product_cat","embeddable":true,"href":"https:\/\/www.purecook.com\/ko\/wp-json\/wp\/v2\/product_cat?post=843"},{"taxonomy":"product_tag","embeddable":true,"href":"https:\/\/www.purecook.com\/ko\/wp-json\/wp\/v2\/product_tag?post=843"}],"curies":[{"name":"wp","href":"https:\/\/api.w.org\/{rel}","templated":true}]}}