{"id":1980,"date":"2024-05-16T09:06:58","date_gmt":"2024-05-16T01:06:58","guid":{"rendered":"https:\/\/purecook.com\/?post_type=product&#038;p=1980"},"modified":"2025-08-14T16:56:15","modified_gmt":"2025-08-14T08:56:15","slug":"wholesale-food-storage-containers-with-lid","status":"publish","type":"product","link":"https:\/\/www.purecook.com\/pt\/product\/wholesale-food-storage-containers-with-lid\/","title":{"rendered":"Recipientes para armazenagem de alimentos por atacado com tampa Aspeto elegante e design pr\u00e1tico"},"content":{"rendered":"<div class=\"wp-block-columns is-layout-flex wp-container-core-columns-is-layout-9d6595d7 wp-block-columns-is-layout-flex\">\n<div class=\"wp-block-column is-layout-flow wp-block-column-is-layout-flow\">\n<h3 class=\"wp-block-heading\">Par\u00e2metros dos recipientes de armazenagem de alimentos<\/h3>\n\n\n\n<p><strong>Modelo: ch2<\/strong><br>Material do produto: A\u00e7o inoxid\u00e1vel 304 + material PP + silicone<br>Cor: prateado, bege, castanho<br>Especifica\u00e7\u00e3o: 2200 \/ 3800 \/ 6000ml <br>Tratamento de superf\u00edcie: polido<br>MOQ:120 conjuntos<br>Peso bruto: 20kg\/pcs<br>Tamanho\uff1a<br>2200ml\uff1a34.5\u00d718.5\u00d75.5cm<br>3800ml\uff1a34,5\u00d718,5\u00d79cm<br>6000ml\uff1a34.5\u00d718.5\u00d714cm<\/p>\n<\/div>\n\n\n\n<div class=\"wp-block-column is-layout-flow wp-block-column-is-layout-flow\">\n<h3 class=\"wp-block-heading\">Recipientes de armazenamento de alimentos personalizados<\/h3>\n\n\n\n<p>Log\u00f3tipo: personalizar o log\u00f3tipo da sua marca.<br>Embalagem: caixa de cor\/caixa de cart\u00e3o, etc.<br><strong><a href=\"https:\/\/www.purecook.com\/pt\/custom-solution\/\" target=\"_blank\" rel=\"noreferrer noopener\">Solu\u00e7\u00f5es personalizadas OEM e ODM<\/a><\/strong><\/p>\n<\/div>\n<\/div>\n\n\n\n<div class=\"wp-block-columns is-layout-flex wp-container-core-columns-is-layout-9d6595d7 wp-block-columns-is-layout-flex\">\n<div class=\"wp-block-column is-layout-flow wp-block-column-is-layout-flow\">\n<figure class=\"wp-block-image size-full\"><img decoding=\"async\" width=\"800\" height=\"800\" src=\"https:\/\/purecook.com\/wp-content\/uploads\/2024\/05\/wholesale-food-storage-container-with-Lid-set-4.webp\" alt=\"Conjunto de recipientes para armazenagem de alimentos com tampa (4)\" class=\"wp-image-1988\" srcset=\"https:\/\/www.purecook.com\/wp-content\/uploads\/2024\/05\/wholesale-food-storage-container-with-Lid-set-4.webp 800w, https:\/\/www.purecook.com\/wp-content\/uploads\/2024\/05\/wholesale-food-storage-container-with-Lid-set-4-300x300.webp 300w, https:\/\/www.purecook.com\/wp-content\/uploads\/2024\/05\/wholesale-food-storage-container-with-Lid-set-4-150x150.webp 150w, https:\/\/www.purecook.com\/wp-content\/uploads\/2024\/05\/wholesale-food-storage-container-with-Lid-set-4-768x768.webp 768w, https:\/\/www.purecook.com\/wp-content\/uploads\/2024\/05\/wholesale-food-storage-container-with-Lid-set-4-600x600.webp 600w, https:\/\/www.purecook.com\/wp-content\/uploads\/2024\/05\/wholesale-food-storage-container-with-Lid-set-4-100x100.webp 100w\" sizes=\"(max-width: 800px) 100vw, 800px\" \/><\/figure>\n<\/div>\n\n\n\n<div class=\"wp-block-column is-layout-flow wp-block-column-is-layout-flow\">\n<figure class=\"wp-block-image size-full\"><img decoding=\"async\" width=\"800\" height=\"800\" src=\"https:\/\/purecook.com\/wp-content\/uploads\/2024\/05\/wholesale-food-storage-container-with-Lid-set-2.webp\" alt=\"conjunto de recipientes de armazenamento de alimentos com tampa (2)\" class=\"wp-image-1986\" srcset=\"https:\/\/www.purecook.com\/wp-content\/uploads\/2024\/05\/wholesale-food-storage-container-with-Lid-set-2.webp 800w, https:\/\/www.purecook.com\/wp-content\/uploads\/2024\/05\/wholesale-food-storage-container-with-Lid-set-2-300x300.webp 300w, https:\/\/www.purecook.com\/wp-content\/uploads\/2024\/05\/wholesale-food-storage-container-with-Lid-set-2-150x150.webp 150w, https:\/\/www.purecook.com\/wp-content\/uploads\/2024\/05\/wholesale-food-storage-container-with-Lid-set-2-768x768.webp 768w, https:\/\/www.purecook.com\/wp-content\/uploads\/2024\/05\/wholesale-food-storage-container-with-Lid-set-2-600x600.webp 600w, https:\/\/www.purecook.com\/wp-content\/uploads\/2024\/05\/wholesale-food-storage-container-with-Lid-set-2-100x100.webp 100w\" sizes=\"(max-width: 800px) 100vw, 800px\" \/><\/figure>\n<\/div>\n<\/div>","protected":false},"excerpt":{"rendered":"<p>Recipientes de armazenamento de alimentos por atacado com tampa. apar\u00eancia requintada combinada com design pr\u00e1tico. firmemente preso ao redor, sem medo de vazamento. equipado com m\u00f3dulo de grava\u00e7\u00e3o de tempo para lembrar os usu\u00e1rios quando o alimento foi armazenado. fornecer v\u00e1rias op\u00e7\u00f5es de capacidade e cor. melhor atender \u00e0s necessidades do usu\u00e1rio.<\/p>\n<h2>Carater\u00edsticas e vantagens dos recipientes de armazenagem de alimentos<\/h2>\n<p>Duplamente selado, n\u00e3o t\u00f3xico, sem bpa - reduz o tempo de limpeza da cozinha, prepara refei\u00e7\u00f5es saud\u00e1veis com anteced\u00eancia e mant\u00e9m um estilo de vida saud\u00e1vel!<\/p>\n<p>V\u00e1rios cen\u00e1rios: perfeito para lancheiras, frigor\u00edficos ou piqueniques!<\/p>\n<p>Design de registo das horas: o m\u00f3dulo de registo das horas, concebido de forma inovadora, regista claramente a data de armazenamento, em conformidade com os conceitos de vida saud\u00e1vel.<\/p>\n<p>F\u00e1cil de limpar - lav\u00e1vel na m\u00e1quina de lavar lou\u00e7a - resistente a odores gra\u00e7as ao seu a\u00e7o inoxid\u00e1vel \u00e0 prova de ferrugem, cabe facilmente na parte superior da m\u00e1quina de lavar lou\u00e7a. a tecnologia anti-odor e anti-cheiro significa que, quando abrir o caddy de armazenamento de alimentos, este ter\u00e1 um cheiro t\u00e3o fresco como quando o abriu.<\/p>\n<p>Perfeitas para reuni\u00f5es de fam\u00edlia e de amigos. Tamb\u00e9m podem ser utilizadas para piqueniques, restos de comida e em viagens, porque podem ser colocadas em qualquer lado!<\/p>","protected":false},"featured_media":1985,"comment_status":"closed","ping_status":"closed","template":"","meta":{"_acf_changed":false},"product_brand":[],"product_cat":[25,51],"product_tag":[],"class_list":{"0":"post-1980","1":"product","2":"type-product","3":"status-publish","4":"has-post-thumbnail","6":"product_cat-food-storage","7":"product_cat-dinnerware","9":"first","10":"instock","11":"shipping-taxable","12":"product-type-simple"},"acf":[],"_links":{"self":[{"href":"https:\/\/www.purecook.com\/pt\/wp-json\/wp\/v2\/product\/1980","targetHints":{"allow":["GET"]}}],"collection":[{"href":"https:\/\/www.purecook.com\/pt\/wp-json\/wp\/v2\/product"}],"about":[{"href":"https:\/\/www.purecook.com\/pt\/wp-json\/wp\/v2\/types\/product"}],"replies":[{"embeddable":true,"href":"https:\/\/www.purecook.com\/pt\/wp-json\/wp\/v2\/comments?post=1980"}],"wp:featuredmedia":[{"embeddable":true,"href":"https:\/\/www.purecook.com\/pt\/wp-json\/wp\/v2\/media\/1985"}],"wp:attachment":[{"href":"https:\/\/www.purecook.com\/pt\/wp-json\/wp\/v2\/media?parent=1980"}],"wp:term":[{"taxonomy":"product_brand","embeddable":true,"href":"https:\/\/www.purecook.com\/pt\/wp-json\/wp\/v2\/product_brand?post=1980"},{"taxonomy":"product_cat","embeddable":true,"href":"https:\/\/www.purecook.com\/pt\/wp-json\/wp\/v2\/product_cat?post=1980"},{"taxonomy":"product_tag","embeddable":true,"href":"https:\/\/www.purecook.com\/pt\/wp-json\/wp\/v2\/product_tag?post=1980"}],"curies":[{"name":"wp","href":"https:\/\/api.w.org\/{rel}","templated":true}]}}