{"id":1994,"date":"2024-05-16T11:40:31","date_gmt":"2024-05-16T03:40:31","guid":{"rendered":"https:\/\/purecook.com\/?post_type=product&#038;p=1994"},"modified":"2025-04-27T17:41:35","modified_gmt":"2025-04-27T09:41:35","slug":"wholesale-non-stick-honeycomb-frying-pan-non-toxic-and-easy-to-clean","status":"publish","type":"product","link":"https:\/\/www.purecook.com\/pt\/product\/wholesale-non-stick-honeycomb-frying-pan-non-toxic-and-easy-to-clean\/","title":{"rendered":"Frigideira antiaderente em forma de favo de mel por atacado N\u00e3o t\u00f3xica e f\u00e1cil de limpar"},"content":{"rendered":"<div class=\"wp-block-columns is-layout-flex wp-container-core-columns-is-layout-9d6595d7 wp-block-columns-is-layout-flex\">\n<div class=\"wp-block-column is-layout-flow wp-block-column-is-layout-flow\">\n<h3 class=\"wp-block-heading\">Par\u00e2metros da frigideira em favo de mel<\/h3>\n\n\n\n<p><strong>N\u00famero do modelo:tcjg1<\/strong><br>Material:A\u00e7o de camada tripla (SUS304+ ALU+SUS430)<br>Capa: sem capa<br>Espessura normal: 2,3 mm<br>Especifica\u00e7\u00e3o: 22cm\/24cm\/26cm\/28cm\/30cm<br>Log\u00f3tipo: serigrafia\/grava\u00e7\u00e3o a laser\/estampagem em relevo<br>MOQ:120sets<\/p>\n<\/div>\n\n\n\n<div class=\"wp-block-column is-layout-flow wp-block-column-is-layout-flow\">\n<h3 class=\"wp-block-heading\">Frigideira em favo de mel personalizada<\/h3>\n\n\n\n<p>Log\u00f3tipo: personalizar o log\u00f3tipo da sua marca<br>embalagem:caixa de cor\/caixa de cart\u00e3o, etc<br>As frigideiras s\u00e3o frequentemente vendidas sem tampa. Se precisar de acrescentar uma tampa, pode personaliz\u00e1-la. <br>As caixas de cores personalizadas devem ser superiores a 1000 por modelo.<br><strong><a href=\"https:\/\/www.purecook.com\/pt\/custom-solution\/\" target=\"_blank\" rel=\"noreferrer noopener\">Solu\u00e7\u00f5es personalizadas OEM e ODM<\/a><\/strong><\/p>\n<\/div>\n<\/div>\n\n\n\n<div class=\"wp-block-columns is-layout-flex wp-container-core-columns-is-layout-9d6595d7 wp-block-columns-is-layout-flex\">\n<div class=\"wp-block-column is-layout-flow wp-block-column-is-layout-flow\">\n<figure class=\"wp-block-image size-full\"><img decoding=\"async\" width=\"800\" height=\"800\" src=\"https:\/\/purecook.com\/wp-content\/uploads\/2024\/05\/honeycomb-frying-Pan-7.webp\" alt=\"frigideira em forma de favo de mel (7)\" class=\"wp-image-2000\" srcset=\"https:\/\/www.purecook.com\/wp-content\/uploads\/2024\/05\/honeycomb-frying-Pan-7.webp 800w, https:\/\/www.purecook.com\/wp-content\/uploads\/2024\/05\/honeycomb-frying-Pan-7-300x300.webp 300w, https:\/\/www.purecook.com\/wp-content\/uploads\/2024\/05\/honeycomb-frying-Pan-7-150x150.webp 150w, https:\/\/www.purecook.com\/wp-content\/uploads\/2024\/05\/honeycomb-frying-Pan-7-768x768.webp 768w, https:\/\/www.purecook.com\/wp-content\/uploads\/2024\/05\/honeycomb-frying-Pan-7-600x600.webp 600w, https:\/\/www.purecook.com\/wp-content\/uploads\/2024\/05\/honeycomb-frying-Pan-7-100x100.webp 100w\" sizes=\"(max-width: 800px) 100vw, 800px\" \/><\/figure>\n<\/div>\n\n\n\n<div class=\"wp-block-column is-layout-flow wp-block-column-is-layout-flow\">\n<figure class=\"wp-block-image size-full\"><img decoding=\"async\" width=\"800\" height=\"800\" src=\"https:\/\/purecook.com\/wp-content\/uploads\/2024\/05\/honeycomb-frying-Pan-2.webp\" alt=\"frigideira em forma de favo de mel (2)\" class=\"wp-image-1996\" srcset=\"https:\/\/www.purecook.com\/wp-content\/uploads\/2024\/05\/honeycomb-frying-Pan-2.webp 800w, https:\/\/www.purecook.com\/wp-content\/uploads\/2024\/05\/honeycomb-frying-Pan-2-300x300.webp 300w, https:\/\/www.purecook.com\/wp-content\/uploads\/2024\/05\/honeycomb-frying-Pan-2-150x150.webp 150w, https:\/\/www.purecook.com\/wp-content\/uploads\/2024\/05\/honeycomb-frying-Pan-2-768x768.webp 768w, https:\/\/www.purecook.com\/wp-content\/uploads\/2024\/05\/honeycomb-frying-Pan-2-600x600.webp 600w, https:\/\/www.purecook.com\/wp-content\/uploads\/2024\/05\/honeycomb-frying-Pan-2-100x100.webp 100w\" sizes=\"(max-width: 800px) 100vw, 800px\" \/><\/figure>\n<\/div>\n<\/div>","protected":false},"excerpt":{"rendered":"<p>Frigideira antiaderente em forma de favo de mel, fabricada em tr\u00eas camadas de a\u00e7o inoxid\u00e1vel, tem boa condutividade t\u00e9rmica e aquecimento uniforme, permitindo-lhe cozinhar refei\u00e7\u00f5es deliciosas. N\u00e3o adere aos alimentos, \u00e9 f\u00e1cil de limpar e pode ser utilizada em casa, em restaurantes e noutros locais.<\/p>\n<h2>Carater\u00edsticas da frigideira em favo de mel<\/h2>\n<p>a\u00e7o inoxid\u00e1vel de primeira qualidade: a frigideira \u00e9 feita de material multicamada (sus304+ alu+sus430) para garantir durabilidade, resist\u00eancia \u00e0 corros\u00e3o e excelente transfer\u00eancia de calor para um aquecimento r\u00e1pido e resultados de cozedura consistentes.<\/p>\n<p>conveni\u00eancia antiaderente: fabricado com um revestimento antiaderente de alta qualidade, amigo do ambiente e n\u00e3o t\u00f3xico, \u00e9 f\u00e1cil de cozinhar e limpar, evita que os alimentos se colem e garante uma superf\u00edcie de cozedura impec\u00e1vel sempre que cozinhar.<\/p>\n<p>Pega refor\u00e7ada: a pega \u00e9 fixada com rebites, confort\u00e1vel e segura, resistente e dur\u00e1vel, n\u00e3o \u00e9 f\u00e1cil de soltar.<\/p>\n<p>adequada para v\u00e1rios cen\u00e1rios: com uma variedade de tamanhos \u00e0 escolha, esta frigideira \u00e9 perfeita tanto para uso em restaurantes como em casa, ideal para cozinhar refei\u00e7\u00f5es gourmet, quer esteja a desfrutar de uma refei\u00e7\u00e3o acolhedora em casa ou a cozinhar numa cozinha comercial, ir\u00e1 satisfazer as suas necessidades.<\/p>\n<p>multifuncional e f\u00e1cil de transportar: este fog\u00e3o \u00e9 leve e port\u00e1til, adequado para uma variedade de ambientes, desde cozinhas interiores a parques de campismo exteriores, permitindo-lhe cozinhar comida gourmet a qualquer hora, em qualquer lugar e de qualquer forma.<\/p>","protected":false},"featured_media":1998,"comment_status":"closed","ping_status":"closed","template":"","meta":{"_acf_changed":false},"product_brand":[],"product_cat":[24,71],"product_tag":[98],"class_list":{"0":"post-1994","1":"product","2":"type-product","3":"status-publish","4":"has-post-thumbnail","6":"product_cat-cookware","7":"product_cat-frying-pan","8":"product_tag-wholesale-home-cookware","10":"first","11":"instock","12":"shipping-taxable","13":"product-type-simple"},"acf":[],"_links":{"self":[{"href":"https:\/\/www.purecook.com\/pt\/wp-json\/wp\/v2\/product\/1994","targetHints":{"allow":["GET"]}}],"collection":[{"href":"https:\/\/www.purecook.com\/pt\/wp-json\/wp\/v2\/product"}],"about":[{"href":"https:\/\/www.purecook.com\/pt\/wp-json\/wp\/v2\/types\/product"}],"replies":[{"embeddable":true,"href":"https:\/\/www.purecook.com\/pt\/wp-json\/wp\/v2\/comments?post=1994"}],"wp:featuredmedia":[{"embeddable":true,"href":"https:\/\/www.purecook.com\/pt\/wp-json\/wp\/v2\/media\/1998"}],"wp:attachment":[{"href":"https:\/\/www.purecook.com\/pt\/wp-json\/wp\/v2\/media?parent=1994"}],"wp:term":[{"taxonomy":"product_brand","embeddable":true,"href":"https:\/\/www.purecook.com\/pt\/wp-json\/wp\/v2\/product_brand?post=1994"},{"taxonomy":"product_cat","embeddable":true,"href":"https:\/\/www.purecook.com\/pt\/wp-json\/wp\/v2\/product_cat?post=1994"},{"taxonomy":"product_tag","embeddable":true,"href":"https:\/\/www.purecook.com\/pt\/wp-json\/wp\/v2\/product_tag?post=1994"}],"curies":[{"name":"wp","href":"https:\/\/api.w.org\/{rel}","templated":true}]}}