{"id":2016,"date":"2024-05-16T14:18:54","date_gmt":"2024-05-16T06:18:54","guid":{"rendered":"https:\/\/purecook.com\/?post_type=product&#038;p=2016"},"modified":"2025-08-14T16:56:05","modified_gmt":"2025-08-14T08:56:05","slug":"wholesale-food-containers","status":"publish","type":"product","link":"https:\/\/www.purecook.com\/pt\/product\/wholesale-food-containers\/","title":{"rendered":"Recipientes para alimentos por atacado feitos de a\u00e7o inoxid\u00e1vel de alta qualidade"},"content":{"rendered":"<div class=\"wp-block-columns is-layout-flex wp-container-core-columns-is-layout-9d6595d7 wp-block-columns-is-layout-flex\">\n<div class=\"wp-block-column is-layout-flow wp-block-column-is-layout-flow\">\n<h3 class=\"wp-block-heading\">Par\u00e2metros do recipiente para alimentos<\/h3>\n\n\n\n<p><strong>N\u00famero do modelo: ch1<\/strong><br>Material: a\u00e7o inoxid\u00e1vel\uff08SUS#304\uff09<br>Tampa: tampa de pl\u00e1stico ou tampa de pl\u00e1stico com anel de silicone<br>Especifica\u00e7\u00f5es: 450-10800 ml<br>Acabamento: mate<br>Cor: cor de a\u00e7o<\/p>\n<\/div>\n\n\n\n<div class=\"wp-block-column is-layout-flow wp-block-column-is-layout-flow\">\n<h3 class=\"wp-block-heading\">Tipo de recipiente para alimentos<\/h3>\n\n\n\n<p>N.\u00ba 1:14\u00d710,5\u00d75cm 450ml GW:140g<br>N.\u00ba 2:18\u00d712,2\u00d717cm 1000ml GW:225g<br>N.\u00ba 3:21\u00d714,6\u00d78cm 1500ml GW:310g<br>N.\u00ba 4:25\u00d717,5\u00d710,5cm 2500ml GW:450g<br>N.\u00ba 5:28,5\u00d720\u00d729cm 3800mI GW:570g<br>N.\u00ba 6:32\u00d723\u00d710cm 5500ml GW:780g<br>N.\u00ba 7:35,5\u00d725\u00d711cm 7800ml GW:920g<br>N.\u00ba 8:40\u00d729\u00d712cm 10800ml GW:1200g<\/p>\n<\/div>\n<\/div>\n\n\n\n<div class=\"wp-block-columns is-layout-flex wp-container-core-columns-is-layout-9d6595d7 wp-block-columns-is-layout-flex\">\n<div class=\"wp-block-column is-layout-flow wp-block-column-is-layout-flow\">\n<h3 class=\"wp-block-heading\">Recipientes para alimentos personalizados<\/h3>\n\n\n\n<p>Log\u00f3tipo: personalizar o log\u00f3tipo da sua marca.<br>Embalagem: caixa de cor\/caixa de cart\u00e3o, etc.<br><strong><a href=\"https:\/\/www.purecook.com\/pt\/custom-solution\/\" target=\"_blank\" rel=\"noreferrer noopener\">Solu\u00e7\u00f5es personalizadas OEM e ODM<\/a><\/strong><\/p>\n<\/div>\n\n\n\n<div class=\"wp-block-column is-layout-flow wp-block-column-is-layout-flow\"><\/div>\n<\/div>\n\n\n\n<div class=\"wp-block-columns is-layout-flex wp-container-core-columns-is-layout-9d6595d7 wp-block-columns-is-layout-flex\">\n<div class=\"wp-block-column is-layout-flow wp-block-column-is-layout-flow\">\n<figure class=\"wp-block-image size-full\"><img decoding=\"async\" width=\"800\" height=\"800\" src=\"https:\/\/purecook.com\/wp-content\/uploads\/2024\/05\/wholesale-food-containers-2.webp\" alt=\"recipientes para alimentos por atacado\" class=\"wp-image-2019\" srcset=\"https:\/\/www.purecook.com\/wp-content\/uploads\/2024\/05\/wholesale-food-containers-2.webp 800w, https:\/\/www.purecook.com\/wp-content\/uploads\/2024\/05\/wholesale-food-containers-2-300x300.webp 300w, https:\/\/www.purecook.com\/wp-content\/uploads\/2024\/05\/wholesale-food-containers-2-150x150.webp 150w, https:\/\/www.purecook.com\/wp-content\/uploads\/2024\/05\/wholesale-food-containers-2-768x768.webp 768w, https:\/\/www.purecook.com\/wp-content\/uploads\/2024\/05\/wholesale-food-containers-2-600x600.webp 600w, https:\/\/www.purecook.com\/wp-content\/uploads\/2024\/05\/wholesale-food-containers-2-100x100.webp 100w\" sizes=\"(max-width: 800px) 100vw, 800px\" \/><\/figure>\n<\/div>\n\n\n\n<div class=\"wp-block-column is-layout-flow wp-block-column-is-layout-flow\">\n<figure class=\"wp-block-image size-full\"><img decoding=\"async\" width=\"800\" height=\"800\" src=\"https:\/\/purecook.com\/wp-content\/uploads\/2024\/05\/wholesale-food-containers-4.webp\" alt=\"recipientes para alimentos por atacado\" class=\"wp-image-2021\" srcset=\"https:\/\/www.purecook.com\/wp-content\/uploads\/2024\/05\/wholesale-food-containers-4.webp 800w, https:\/\/www.purecook.com\/wp-content\/uploads\/2024\/05\/wholesale-food-containers-4-300x300.webp 300w, https:\/\/www.purecook.com\/wp-content\/uploads\/2024\/05\/wholesale-food-containers-4-150x150.webp 150w, https:\/\/www.purecook.com\/wp-content\/uploads\/2024\/05\/wholesale-food-containers-4-768x768.webp 768w, https:\/\/www.purecook.com\/wp-content\/uploads\/2024\/05\/wholesale-food-containers-4-600x600.webp 600w, https:\/\/www.purecook.com\/wp-content\/uploads\/2024\/05\/wholesale-food-containers-4-100x100.webp 100w\" sizes=\"(max-width: 800px) 100vw, 800px\" \/><\/figure>\n<\/div>\n<\/div>","protected":false},"excerpt":{"rendered":"<p>O a\u00e7o inoxid\u00e1vel \u00e9 dur\u00e1vel e resistente \u00e0 corros\u00e3o, e \u00e9 adequado para utiliza\u00e7\u00e3o em restaurantes comerciais, cozinhas dom\u00e9sticas, hot\u00e9is e outros locais. M\u00faltiplas op\u00e7\u00f5es de capacidade para satisfazer as suas v\u00e1rias necessidades de armazenamento de alimentos.<\/p>\n<h2>Carater\u00edsticas e vantagens do recipiente para alimentos<\/h2>\n<p><strong>Estanque:<\/strong> Os alimentos n\u00e3o derramam e est\u00e3o isolados do ambiente externo.<\/p>\n<p><strong>Limpeza f\u00e1cil:<\/strong> Fabricado em a\u00e7o inoxid\u00e1vel de alta qualidade, com uma superf\u00edcie lisa e muito f\u00e1cil de limpar.<\/p>\n<p><strong>Pode ser lavado na m\u00e1quina de lavar lou\u00e7a:<\/strong> N\u00e3o \u00e9 necess\u00e1rio efetuar uma limpeza manual, a limpeza com m\u00e1quina \u00e9 mais eficiente.<\/p>\n<p><strong>Empilh\u00e1vel e inteligente:<\/strong> As lancheiras empilh\u00e1veis em a\u00e7o inoxid\u00e1vel poupam-lhe dinheiro e espa\u00e7o, facilitando o acesso das crian\u00e7as a lanches, almo\u00e7os e refei\u00e7\u00f5es em viagem. As caixas bento mais pequenas s\u00e3o \u00f3ptimas como recipientes para lancheiras ou numa geleira ou num piquenique!<\/p>\n<p><strong>Nenhum cheiro peculiar:<\/strong> Fabricado em a\u00e7o inoxid\u00e1vel de qualidade alimentar, o a\u00e7o inoxid\u00e1vel \u00e9 resistente ao sal e aos \u00e1cidos e n\u00e3o reage com os alimentos.<\/p>\n<p><strong>Sem BPA<\/strong><\/p>\n<p>Perfeito para reuni\u00f5es de fam\u00edlia e de amigos. Para um piquenique, restos de comida e tamb\u00e9m como recipientes de viagem. Porque podem ser colocados em qualquer lado! Mochila, saco de almo\u00e7o!<\/p>","protected":false},"featured_media":2018,"comment_status":"closed","ping_status":"closed","template":"","meta":{"_acf_changed":false},"product_brand":[],"product_cat":[25,51],"product_tag":[],"class_list":{"0":"post-2016","1":"product","2":"type-product","3":"status-publish","4":"has-post-thumbnail","6":"product_cat-food-storage","7":"product_cat-dinnerware","9":"first","10":"instock","11":"shipping-taxable","12":"product-type-simple"},"acf":[],"_links":{"self":[{"href":"https:\/\/www.purecook.com\/pt\/wp-json\/wp\/v2\/product\/2016","targetHints":{"allow":["GET"]}}],"collection":[{"href":"https:\/\/www.purecook.com\/pt\/wp-json\/wp\/v2\/product"}],"about":[{"href":"https:\/\/www.purecook.com\/pt\/wp-json\/wp\/v2\/types\/product"}],"replies":[{"embeddable":true,"href":"https:\/\/www.purecook.com\/pt\/wp-json\/wp\/v2\/comments?post=2016"}],"wp:featuredmedia":[{"embeddable":true,"href":"https:\/\/www.purecook.com\/pt\/wp-json\/wp\/v2\/media\/2018"}],"wp:attachment":[{"href":"https:\/\/www.purecook.com\/pt\/wp-json\/wp\/v2\/media?parent=2016"}],"wp:term":[{"taxonomy":"product_brand","embeddable":true,"href":"https:\/\/www.purecook.com\/pt\/wp-json\/wp\/v2\/product_brand?post=2016"},{"taxonomy":"product_cat","embeddable":true,"href":"https:\/\/www.purecook.com\/pt\/wp-json\/wp\/v2\/product_cat?post=2016"},{"taxonomy":"product_tag","embeddable":true,"href":"https:\/\/www.purecook.com\/pt\/wp-json\/wp\/v2\/product_tag?post=2016"}],"curies":[{"name":"wp","href":"https:\/\/api.w.org\/{rel}","templated":true}]}}