{"id":2024,"date":"2024-05-16T15:38:15","date_gmt":"2024-05-16T07:38:15","guid":{"rendered":"https:\/\/purecook.com\/?post_type=product&#038;p=2024"},"modified":"2025-11-24T15:38:04","modified_gmt":"2025-11-24T07:38:04","slug":"wholesale-griddle-pan","status":"publish","type":"product","link":"https:\/\/www.purecook.com\/pt\/product\/wholesale-griddle-pan\/","title":{"rendered":"Panela de grelhar quadrada antiaderente por atacado"},"content":{"rendered":"<div class=\"wp-block-columns is-layout-flex wp-container-core-columns-is-layout-9d6595d7 wp-block-columns-is-layout-flex\">\n<div class=\"wp-block-column is-layout-flow wp-block-column-is-layout-flow\">\n<h3 class=\"wp-block-heading\">Par\u00e2metros da placa de grelhar <\/h3>\n\n\n\n<p><strong>N\u00famero do modelo: GR-1036<\/strong><br>Material: A\u00e7o inoxid\u00e1vel de tr\u00eas camadas<br>Revestimento: WhitFord xylan plus<br>Cor: Espelho polaco<br>Utiliza\u00e7\u00e3o e cuidados: Pode ser lavado na m\u00e1quina de lavar loi\u00e7a ou na m\u00e1quina de lavar roupa<br>Limite de temperatura do forno: 430\u00b0F\/220\u00b0C<br>Espessura: 2 mm<br>N.W:985g<br>Tamanho:29\u00d746,5\u00d79cm<\/p>\n<\/div>\n\n\n\n<div class=\"wp-block-column is-layout-flow wp-block-column-is-layout-flow\">\n<h3 class=\"wp-block-heading\">Placa de grelhar personalizada <\/h3>\n\n\n\n<p>Log\u00f3tipo: personalizar o log\u00f3tipo da sua marca.<br>Embalagem: caixa de cor\/caixa de cart\u00e3o, etc.<br><strong><a href=\"https:\/\/www.purecook.com\/pt\/custom-solution\/\" target=\"_blank\" rel=\"noreferrer noopener\">Solu\u00e7\u00f5es personalizadas OEM e ODM<\/a><\/strong><\/p>\n<\/div>\n<\/div>\n\n\n\n<div class=\"wp-block-columns is-layout-flex wp-container-core-columns-is-layout-9d6595d7 wp-block-columns-is-layout-flex\">\n<div class=\"wp-block-column is-layout-flow wp-block-column-is-layout-flow\">\n<figure class=\"wp-block-image size-full\"><img decoding=\"async\" width=\"649\" height=\"671\" src=\"https:\/\/purecook.com\/wp-content\/uploads\/2024\/05\/wholesale-griddle-Pan-1.webp\" alt=\"Panela para grelhar por atacado\" class=\"wp-image-2025\" srcset=\"https:\/\/www.purecook.com\/wp-content\/uploads\/2024\/05\/wholesale-griddle-Pan-1.webp 649w, https:\/\/www.purecook.com\/wp-content\/uploads\/2024\/05\/wholesale-griddle-Pan-1-290x300.webp 290w, https:\/\/www.purecook.com\/wp-content\/uploads\/2024\/05\/wholesale-griddle-Pan-1-600x620.webp 600w\" sizes=\"(max-width: 649px) 100vw, 649px\" \/><\/figure>\n<\/div>\n\n\n\n<div class=\"wp-block-column is-layout-flow wp-block-column-is-layout-flow\">\n<figure class=\"wp-block-image size-full\"><img decoding=\"async\" width=\"661\" height=\"649\" src=\"https:\/\/purecook.com\/wp-content\/uploads\/2024\/05\/wholesale-griddle-Pan-4.webp\" alt=\"Panela para grelhar por atacado\" class=\"wp-image-2028\" srcset=\"https:\/\/www.purecook.com\/wp-content\/uploads\/2024\/05\/wholesale-griddle-Pan-4.webp 661w, https:\/\/www.purecook.com\/wp-content\/uploads\/2024\/05\/wholesale-griddle-Pan-4-300x295.webp 300w, https:\/\/www.purecook.com\/wp-content\/uploads\/2024\/05\/wholesale-griddle-Pan-4-600x589.webp 600w\" sizes=\"(max-width: 661px) 100vw, 661px\" \/><\/figure>\n<\/div>\n<\/div>","protected":false},"excerpt":{"rendered":"<p>A frigideira \u00e9 feita de materiais de alta qualidade que podem suportar altas temperaturas e manter o desempenho durante muito tempo. \u00c9 compat\u00edvel com a maioria dos fog\u00f5es, tornando-a uma excelente escolha para cozinhas dom\u00e9sticas e comerciais.<\/p>\n<h2>Carater\u00edsticas e vantagens da chapa de grelhar<\/h2>\n<p>Revestimento antiaderente de tr\u00eas camadas, sem PFOA, de fabrico alem\u00e3o, para anos de desempenho utilizando menos \u00f3leo.<\/p>\n<p>Pegas confort\u00e1veis em a\u00e7o inoxid\u00e1vel.<br \/>As paredes baixas aumentam o espa\u00e7o de cozedura e facilitam a viragem dos alimentos.<\/p>\n<p>Pode ir ao forno at\u00e9 430\u00b0F\/220\u00b0C.<\/p>\n<p>Pode ser lavado na m\u00e1quina de lavar lou\u00e7a.<\/p>\n<p>Bordos enrolados para verter sem pingar.<\/p>\n<p>Compat\u00edvel com a maioria dos fog\u00f5es, exceto os de indu\u00e7\u00e3o.<\/p>","protected":false},"featured_media":2029,"comment_status":"closed","ping_status":"closed","template":"","meta":{"_acf_changed":false},"product_brand":[],"product_cat":[27,93],"product_tag":[],"class_list":{"0":"post-2024","1":"product","2":"type-product","3":"status-publish","4":"has-post-thumbnail","6":"product_cat-bakeware","7":"product_cat-griddle-pan","9":"first","10":"instock","11":"shipping-taxable","12":"product-type-simple"},"acf":[],"_links":{"self":[{"href":"https:\/\/www.purecook.com\/pt\/wp-json\/wp\/v2\/product\/2024","targetHints":{"allow":["GET"]}}],"collection":[{"href":"https:\/\/www.purecook.com\/pt\/wp-json\/wp\/v2\/product"}],"about":[{"href":"https:\/\/www.purecook.com\/pt\/wp-json\/wp\/v2\/types\/product"}],"replies":[{"embeddable":true,"href":"https:\/\/www.purecook.com\/pt\/wp-json\/wp\/v2\/comments?post=2024"}],"wp:featuredmedia":[{"embeddable":true,"href":"https:\/\/www.purecook.com\/pt\/wp-json\/wp\/v2\/media\/2029"}],"wp:attachment":[{"href":"https:\/\/www.purecook.com\/pt\/wp-json\/wp\/v2\/media?parent=2024"}],"wp:term":[{"taxonomy":"product_brand","embeddable":true,"href":"https:\/\/www.purecook.com\/pt\/wp-json\/wp\/v2\/product_brand?post=2024"},{"taxonomy":"product_cat","embeddable":true,"href":"https:\/\/www.purecook.com\/pt\/wp-json\/wp\/v2\/product_cat?post=2024"},{"taxonomy":"product_tag","embeddable":true,"href":"https:\/\/www.purecook.com\/pt\/wp-json\/wp\/v2\/product_tag?post=2024"}],"curies":[{"name":"wp","href":"https:\/\/api.w.org\/{rel}","templated":true}]}}