{"id":2030,"date":"2024-05-16T16:40:56","date_gmt":"2024-05-16T08:40:56","guid":{"rendered":"https:\/\/purecook.com\/?post_type=product&#038;p=2030"},"modified":"2025-04-27T17:40:00","modified_gmt":"2025-04-27T09:40:00","slug":"wholesale-milk-pot-petal-shaped","status":"publish","type":"product","link":"https:\/\/www.purecook.com\/pt\/product\/wholesale-milk-pot-petal-shaped\/","title":{"rendered":"Frasco de leite em a\u00e7o inoxid\u00e1vel personaliz\u00e1vel por atacado em forma de p\u00e9tala com pega impressa"},"content":{"rendered":"<div class=\"wp-block-columns is-layout-flex wp-container-core-columns-is-layout-9d6595d7 wp-block-columns-is-layout-flex\">\n<div class=\"wp-block-column is-layout-flow wp-block-column-is-layout-flow\">\n<h3 class=\"wp-block-heading\">Par\u00e2metros do recipiente para leite<\/h3>\n\n\n\n<p><strong>N\u00famero do modelo:HH-191018<\/strong><br>Material:A\u00e7o inoxid\u00e1vel<br>Corpo:SS304<br>Tampa de vidro temperado: SUS201 + vidro de 3,8 mm<br>Acess\u00f3rios da pega e da tampa: Baquelite (impress\u00e3o por transfer\u00eancia de \u00e1gua)<br>Espessura do corpo: 0,5 mm<br>Superf\u00edcie: polimento mate ou polimento espelhado (ao seu crit\u00e9rio)<br>Medida: interior do corpo<br>tamanho: 17,5\u00d716\u00d78,5<br>Peso bruto: 2kg\/pcs<br>OEM&amp;ODM:Dispon\u00edvel<\/p>\n<\/div>\n\n\n\n<div class=\"wp-block-column is-layout-flow wp-block-column-is-layout-flow\">\n<h3 class=\"wp-block-heading\">Boi\u00e3o de leite personalizado<\/h3>\n\n\n\n<p>Log\u00f3tipo: personalizar o log\u00f3tipo da sua marca<br>embalagem:caixa de cor\/caixa de cart\u00e3o, etc<br>Pega: o padr\u00e3o da pega pode ser personalizado<br>Acabamento: Mate\/Espelho<br>MOQ:120sets<br><strong><a href=\"https:\/\/www.purecook.com\/pt\/custom-solution\/\" target=\"_blank\" rel=\"noreferrer noopener\">Solu\u00e7\u00f5es personalizadas OEM e ODM<\/a><\/strong><\/p>\n<\/div>\n<\/div>\n\n\n\n<div class=\"wp-block-columns is-layout-flex wp-container-core-columns-is-layout-9d6595d7 wp-block-columns-is-layout-flex\">\n<div class=\"wp-block-column is-layout-flow wp-block-column-is-layout-flow\">\n<figure class=\"wp-block-image size-full\"><img decoding=\"async\" width=\"800\" height=\"800\" src=\"https:\/\/purecook.com\/wp-content\/uploads\/2024\/05\/custom-milk-pot-wholesale-6.webp\" alt=\"pote de leite personalizado por atacado\" class=\"wp-image-2037\" srcset=\"https:\/\/www.purecook.com\/wp-content\/uploads\/2024\/05\/custom-milk-pot-wholesale-6.webp 800w, https:\/\/www.purecook.com\/wp-content\/uploads\/2024\/05\/custom-milk-pot-wholesale-6-300x300.webp 300w, https:\/\/www.purecook.com\/wp-content\/uploads\/2024\/05\/custom-milk-pot-wholesale-6-150x150.webp 150w, https:\/\/www.purecook.com\/wp-content\/uploads\/2024\/05\/custom-milk-pot-wholesale-6-768x768.webp 768w, https:\/\/www.purecook.com\/wp-content\/uploads\/2024\/05\/custom-milk-pot-wholesale-6-600x600.webp 600w, https:\/\/www.purecook.com\/wp-content\/uploads\/2024\/05\/custom-milk-pot-wholesale-6-100x100.webp 100w\" sizes=\"(max-width: 800px) 100vw, 800px\" \/><\/figure>\n<\/div>\n\n\n\n<div class=\"wp-block-column is-layout-flow wp-block-column-is-layout-flow\">\n<figure class=\"wp-block-image size-full\"><img decoding=\"async\" width=\"800\" height=\"800\" src=\"https:\/\/purecook.com\/wp-content\/uploads\/2024\/05\/custom-milk-pot-wholesale-3.webp\" alt=\"pote de leite personalizado por atacado\" class=\"wp-image-2034\" srcset=\"https:\/\/www.purecook.com\/wp-content\/uploads\/2024\/05\/custom-milk-pot-wholesale-3.webp 800w, https:\/\/www.purecook.com\/wp-content\/uploads\/2024\/05\/custom-milk-pot-wholesale-3-300x300.webp 300w, https:\/\/www.purecook.com\/wp-content\/uploads\/2024\/05\/custom-milk-pot-wholesale-3-150x150.webp 150w, https:\/\/www.purecook.com\/wp-content\/uploads\/2024\/05\/custom-milk-pot-wholesale-3-768x768.webp 768w, https:\/\/www.purecook.com\/wp-content\/uploads\/2024\/05\/custom-milk-pot-wholesale-3-600x600.webp 600w, https:\/\/www.purecook.com\/wp-content\/uploads\/2024\/05\/custom-milk-pot-wholesale-3-100x100.webp 100w\" sizes=\"(max-width: 800px) 100vw, 800px\" \/><\/figure>\n<\/div>\n<\/div>","protected":false},"excerpt":{"rendered":"<p>Este pote de leite personalizado utiliza um fundo composto de tr\u00eas camadas, que aquece mais rapidamente e de forma mais uniforme. O design exclusivo do aro em forma de p\u00e9tala torna o derramamento de leite mais conveniente.<\/p>\n<h2>Carater\u00edsticas e benef\u00edcios do Milk Pot<\/h2>\n<p><strong>Material saud\u00e1vel<\/strong>: A\u00e7o inoxid\u00e1vel 304 n\u00e3o revestido, seguro de utiliza\u00e7\u00e3o.<\/p>\n<p><strong>Tampa de vidro vis\u00edvel<\/strong>: aten\u00e7\u00e3o em tempo real ao progresso da cozedura.<\/p>\n<p><strong>Excelente condu\u00e7\u00e3o de calor<\/strong>Fundo da panela composto por tr\u00eas camadas, condu\u00e7\u00e3o uniforme do calor, poupan\u00e7a de energia.<\/p>\n<p><strong>Aspeto pr\u00e1tico<\/strong>: Bordos do tabuleiro em forma de p\u00e9tala, vazamento suave da abertura do tabuleiro polyflow.<\/p>\n<p><strong>Pega anti-escald\u00f5es<\/strong>: Pega em baquelite, n\u00e3o queima as m\u00e3os, torna a cozedura mais descontra\u00edda.<\/p>","protected":false},"featured_media":2032,"comment_status":"closed","ping_status":"closed","template":"","meta":{"_acf_changed":false},"product_brand":[],"product_cat":[24,80],"product_tag":[98],"class_list":{"0":"post-2030","1":"product","2":"type-product","3":"status-publish","4":"has-post-thumbnail","6":"product_cat-cookware","7":"product_cat-milk-pot","8":"product_tag-wholesale-home-cookware","10":"first","11":"instock","12":"shipping-taxable","13":"product-type-simple"},"acf":[],"_links":{"self":[{"href":"https:\/\/www.purecook.com\/pt\/wp-json\/wp\/v2\/product\/2030","targetHints":{"allow":["GET"]}}],"collection":[{"href":"https:\/\/www.purecook.com\/pt\/wp-json\/wp\/v2\/product"}],"about":[{"href":"https:\/\/www.purecook.com\/pt\/wp-json\/wp\/v2\/types\/product"}],"replies":[{"embeddable":true,"href":"https:\/\/www.purecook.com\/pt\/wp-json\/wp\/v2\/comments?post=2030"}],"wp:featuredmedia":[{"embeddable":true,"href":"https:\/\/www.purecook.com\/pt\/wp-json\/wp\/v2\/media\/2032"}],"wp:attachment":[{"href":"https:\/\/www.purecook.com\/pt\/wp-json\/wp\/v2\/media?parent=2030"}],"wp:term":[{"taxonomy":"product_brand","embeddable":true,"href":"https:\/\/www.purecook.com\/pt\/wp-json\/wp\/v2\/product_brand?post=2030"},{"taxonomy":"product_cat","embeddable":true,"href":"https:\/\/www.purecook.com\/pt\/wp-json\/wp\/v2\/product_cat?post=2030"},{"taxonomy":"product_tag","embeddable":true,"href":"https:\/\/www.purecook.com\/pt\/wp-json\/wp\/v2\/product_tag?post=2030"}],"curies":[{"name":"wp","href":"https:\/\/api.w.org\/{rel}","templated":true}]}}